{"id":15579,"date":"2026-02-23T16:47:37","date_gmt":"2026-02-23T16:47:37","guid":{"rendered":"https:\/\/es.robot-tonde-aspir.ch\/?page_id=15579"},"modified":"2026-03-10T13:29:53","modified_gmt":"2026-03-10T13:29:53","slug":"contact","status":"publish","type":"page","link":"https:\/\/kic-gmbh-containers.ch\/de\/contact\/","title":{"rendered":"Kontakt"},"content":{"rendered":"<p>CONTACT<\/p>\n\n\n\n<p>Nous contacter<\/p>\n\n\n\n<p>Pour toute demande d&rsquo;information, de devis ou de renseignements techniques concernant nos containers maritimes, notre \u00e9quipe est \u00e0 votre disposition.<\/p>\n\n\n\n<hr class=\"wp-block-separator has-alpha-channel-opacity\"\/>\n\n\n\n<p>Coordonn\u00e9es<\/p>\n\n\n\n<p><strong>KIC GmbH CONTAINERS<\/strong><\/p>\n\n\n\n<p>\ud83d\udccd Route des Paccots 20<br>1618 Ch\u00e2tel-St-Denis \u2014 Suisse<\/p>\n\n\n\n<p>\ud83d\udcde\u00a0+41 78 461 36 79<\/p>\n\n\n\n<p>\u2709&nbsp;<a href=\"mailto:contact@kic-gmbh-containers.ch\">contact@kic-gmbh-containers.ch<\/a><\/p>\n\n\n\n<p>\ud83c\udf10&nbsp;<a href=\"https:\/\/kic-gmbh-containers.ch\/de\/\">www.kic-gmbh-containers.ch<\/a><\/p>\n\n\n\n<hr class=\"wp-block-separator has-alpha-channel-opacity\"\/>\n\n\n\n<p>Demande d&rsquo;information<\/p>\n\n\n\n<p>Vous pouvez nous contacter :<\/p>\n\n\n\n<ul class=\"wp-block-list\">\n<li>Par t\u00e9l\u00e9phone pour une r\u00e9ponse imm\u00e9diate<\/li>\n\n\n\n<li>Par email pour toute demande d\u00e9taill\u00e9e<\/li>\n\n\n\n<li>Via le formulaire de contact disponible ci-dessous<\/li>\n<\/ul>\n\n\n\n<p>Nous nous engageons \u00e0 r\u00e9pondre sous 24 heures ouvr\u00e9es.<\/p>\n\n\n\n<hr class=\"wp-block-separator has-alpha-channel-opacity\"\/>\n\n\n\n<p>Informations importantes<\/p>\n\n\n\n<p>Pour un traitement rapide de votre demande, merci de pr\u00e9ciser :<\/p>\n\n\n\n<ul class=\"wp-block-list\">\n<li>Type de container souhait\u00e9<\/li>\n\n\n\n<li>Dimensions<\/li>\n\n\n\n<li>Destination (code postal)<\/li>\n\n\n\n<li>Usage pr\u00e9vu<\/li>\n\n\n\n<li>D\u00e9lai souhait\u00e9<\/li>\n<\/ul>\n\n\n\n<hr class=\"wp-block-separator has-alpha-channel-opacity\"\/>\n\n\n\n<p>Horaires d\u2019ouverture<\/p>\n\n\n\n<p>Lundi au Vendredi<br>09h00 \u2013 18h00<\/p>\n\n\n\n<p><\/p>","protected":false},"excerpt":{"rendered":"<p>CONTACT Nous contacter Pour toute demande d&rsquo;information, de devis ou de renseignements techniques concernant nos containers maritimes, notre \u00e9quipe est<\/p>","protected":false},"author":1,"featured_media":0,"parent":0,"menu_order":0,"comment_status":"closed","ping_status":"closed","template":"","meta":{"footnotes":""},"class_list":["post-15579","page","type-page","status-publish","hentry"],"_links":{"self":[{"href":"https:\/\/kic-gmbh-containers.ch\/de\/wp-json\/wp\/v2\/pages\/15579","targetHints":{"allow":["GET"]}}],"collection":[{"href":"https:\/\/kic-gmbh-containers.ch\/de\/wp-json\/wp\/v2\/pages"}],"about":[{"href":"https:\/\/kic-gmbh-containers.ch\/de\/wp-json\/wp\/v2\/types\/page"}],"author":[{"embeddable":true,"href":"https:\/\/kic-gmbh-containers.ch\/de\/wp-json\/wp\/v2\/users\/1"}],"replies":[{"embeddable":true,"href":"https:\/\/kic-gmbh-containers.ch\/de\/wp-json\/wp\/v2\/comments?post=15579"}],"version-history":[{"count":2,"href":"https:\/\/kic-gmbh-containers.ch\/de\/wp-json\/wp\/v2\/pages\/15579\/revisions"}],"predecessor-version":[{"id":28358,"href":"https:\/\/kic-gmbh-containers.ch\/de\/wp-json\/wp\/v2\/pages\/15579\/revisions\/28358"}],"wp:attachment":[{"href":"https:\/\/kic-gmbh-containers.ch\/de\/wp-json\/wp\/v2\/media?parent=15579"}],"curies":[{"name":"wp","href":"https:\/\/api.w.org\/{rel}","templated":true}]}}