{"id":15581,"date":"2026-02-23T16:48:20","date_gmt":"2026-02-23T16:48:20","guid":{"rendered":"https:\/\/es.robot-tonde-aspir.ch\/?page_id=15581"},"modified":"2026-03-08T19:36:02","modified_gmt":"2026-03-08T19:36:02","slug":"demande-de-devis","status":"publish","type":"page","link":"https:\/\/kic-gmbh-containers.ch\/de\/demande-de-devis\/","title":{"rendered":"Angebot anfordern"},"content":{"rendered":"\t\t<div data-elementor-type=\"wp-page\" data-elementor-id=\"15581\" class=\"elementor elementor-15581\">\n\t\t\t\t<div class=\"wd-negative-gap elementor-element elementor-element-3bfccdb e-flex e-con-boxed e-con e-parent\" data-id=\"3bfccdb\" data-element_type=\"container\" data-e-type=\"container\">\n\t\t\t\t\t<div class=\"e-con-inner\">\n\t\t<div class=\"elementor-element elementor-element-b7c3139 e-con-full e-flex e-con e-child\" data-id=\"b7c3139\" data-element_type=\"container\" data-e-type=\"container\">\n\t\t\t\t<div class=\"elementor-element elementor-element-66eeb72 elementor-widget elementor-widget-heading\" data-id=\"66eeb72\" data-element_type=\"widget\" data-e-type=\"widget\" data-widget_type=\"heading.default\">\n\t\t\t\t\t<h2 class=\"elementor-heading-title elementor-size-default\">Obtenez votre devis container sous 24h<\/h2>\t\t\t\t<\/div>\n\t\t\t\t<div class=\"elementor-element elementor-element-f254e82 elementor-widget elementor-widget-wd_text_block\" data-id=\"f254e82\" data-element_type=\"widget\" data-e-type=\"widget\" data-widget_type=\"wd_text_block.default\">\n\t\t\t\t<div class=\"elementor-widget-container\">\n\t\t\t\t\t\t\t<div class=\"wd-text-block reset-last-child text-left\">\n\t\t\t\n\t\t\t<p>Remplissez le formulaire et recevez une offre adapt\u00e9e \u00e0 votre projet. <br \/>Notre \u00e9quipe vous r\u00e9pond sous 24h avec une proposition personnalis\u00e9e.<\/p>\n\t\t\t\t\t<\/div>\n\t\t\t\t\t\t<\/div>\n\t\t\t\t<\/div>\n\t\t\t\t<div class=\"elementor-element elementor-element-75f7a6f elementor-icon-list--layout-traditional elementor-list-item-link-full_width elementor-widget elementor-widget-icon-list\" data-id=\"75f7a6f\" data-element_type=\"widget\" data-e-type=\"widget\" data-widget_type=\"icon-list.default\">\n\t\t\t\t\t\t\t<ul class=\"elementor-icon-list-items\">\n\t\t\t\t\t\t\t<li class=\"elementor-icon-list-item\">\n\t\t\t\t\t\t\t\t\t\t\t<span class=\"elementor-icon-list-icon\">\n\t\t\t\t\t\t\t<svg aria-hidden=\"true\" class=\"e-font-icon-svg e-fas-times\" viewBox=\"0 0 352 512\" xmlns=\"http:\/\/www.w3.org\/2000\/svg\"><path d=\"M242.72 256l100.07-100.07c12.28-12.28 12.28-32.19 0-44.48l-22.24-22.24c-12.28-12.28-32.19-12.28-44.48 0L176 189.28 75.93 89.21c-12.28-12.28-32.19-12.28-44.48 0L9.21 111.45c-12.28 12.28-12.28 32.19 0 44.48L109.28 256 9.21 356.07c-12.28 12.28-12.28 32.19 0 44.48l22.24 22.24c12.28 12.28 32.2 12.28 44.48 0L176 322.72l100.07 100.07c12.28 12.28 32.2 12.28 44.48 0l22.24-22.24c12.28-12.28 12.28-32.19 0-44.48L242.72 256z\"><\/path><\/svg>\t\t\t\t\t\t<\/span>\n\t\t\t\t\t\t\t\t\t\t<span class=\"elementor-icon-list-text\">Containers certifi\u00e9s<\/span>\n\t\t\t\t\t\t\t\t\t<\/li>\n\t\t\t\t\t\t\t\t<li class=\"elementor-icon-list-item\">\n\t\t\t\t\t\t\t\t\t\t\t<span class=\"elementor-icon-list-icon\">\n\t\t\t\t\t\t\t<svg aria-hidden=\"true\" class=\"e-font-icon-svg e-fas-times\" viewBox=\"0 0 352 512\" xmlns=\"http:\/\/www.w3.org\/2000\/svg\"><path d=\"M242.72 256l100.07-100.07c12.28-12.28 12.28-32.19 0-44.48l-22.24-22.24c-12.28-12.28-32.19-12.28-44.48 0L176 189.28 75.93 89.21c-12.28-12.28-32.19-12.28-44.48 0L9.21 111.45c-12.28 12.28-12.28 32.19 0 44.48L109.28 256 9.21 356.07c-12.28 12.28-12.28 32.19 0 44.48l22.24 22.24c12.28 12.28 32.2 12.28 44.48 0L176 322.72l100.07 100.07c12.28 12.28 32.2 12.28 44.48 0l22.24-22.24c12.28-12.28 12.28-32.19 0-44.48L242.72 256z\"><\/path><\/svg>\t\t\t\t\t\t<\/span>\n\t\t\t\t\t\t\t\t\t\t<span class=\"elementor-icon-list-text\">Livraison gratuite partout en France<\/span>\n\t\t\t\t\t\t\t\t\t<\/li>\n\t\t\t\t\t\t\t\t<li class=\"elementor-icon-list-item\">\n\t\t\t\t\t\t\t\t\t\t\t<span class=\"elementor-icon-list-icon\">\n\t\t\t\t\t\t\t<svg aria-hidden=\"true\" class=\"e-font-icon-svg e-fas-dot-circle\" viewBox=\"0 0 512 512\" xmlns=\"http:\/\/www.w3.org\/2000\/svg\"><path d=\"M256 8C119.033 8 8 119.033 8 256s111.033 248 248 248 248-111.033 248-248S392.967 8 256 8zm80 248c0 44.112-35.888 80-80 80s-80-35.888-80-80 35.888-80 80-80 80 35.888 80 80z\"><\/path><\/svg>\t\t\t\t\t\t<\/span>\n\t\t\t\t\t\t\t\t\t\t<span class=\"elementor-icon-list-text\">Prix comp\u00e9titifs<\/span>\n\t\t\t\t\t\t\t\t\t<\/li>\n\t\t\t\t\t\t\t\t<li class=\"elementor-icon-list-item\">\n\t\t\t\t\t\t\t\t\t\t\t<span class=\"elementor-icon-list-icon\">\n\t\t\t\t\t\t\t<svg aria-hidden=\"true\" class=\"e-font-icon-svg e-fas-check\" viewBox=\"0 0 512 512\" xmlns=\"http:\/\/www.w3.org\/2000\/svg\"><path d=\"M173.898 439.404l-166.4-166.4c-9.997-9.997-9.997-26.206 0-36.204l36.203-36.204c9.997-9.998 26.207-9.998 36.204 0L192 312.69 432.095 72.596c9.997-9.997 26.207-9.997 36.204 0l36.203 36.204c9.997 9.997 9.997 26.206 0 36.204l-294.4 294.401c-9.998 9.997-26.207 9.997-36.204-.001z\"><\/path><\/svg>\t\t\t\t\t\t<\/span>\n\t\t\t\t\t\t\t\t\t\t<span class=\"elementor-icon-list-text\">R\u00e9ponse rapide sous 24h<\/span>\n\t\t\t\t\t\t\t\t\t<\/li>\n\t\t\t\t\t\t<\/ul>\n\t\t\t\t\t\t<\/div>\n\t\t\t\t<div class=\"elementor-element elementor-element-f2f02d0 elementor-widget elementor-widget-wd_text_block\" data-id=\"f2f02d0\" data-element_type=\"widget\" data-e-type=\"widget\" data-widget_type=\"wd_text_block.default\">\n\t\t\t\t<div class=\"elementor-widget-container\">\n\t\t\t\t\t\t\t<div class=\"wd-text-block reset-last-child text-left\">\n\t\t\t\n\t\t\t<div><strong>KIC GmbH CONTAINERS<\/strong><\/div><div>\ud83d\udccd Route des Paccots 20<br \/>1618 Ch\u00e2tel-St-Denis \u2014 Suisse<\/div><div>\ud83d\udcde\u00a0<a href=\"tel:+41757752607\">075 775 26 07<\/a><\/div><div>\u2709\u00a0<a href=\"mailto:contact@kic-gmbh-containers.ch\">contact@kic-gmbh-containers.ch<\/a><\/div><div>\ud83c\udf10\u00a0<a href=\"https:\/\/kic-gmbh-containers.ch\/\">www.kic-gmbh-containers.ch<\/a><\/div><p>\u00a0<\/p><div>Num\u00e9ro du registre du commerce : CH-270.4.006.339-2<\/div><div>Num\u00e9ro IDE \/ TVA : CHE-459.955.033<\/div>\n\t\t\t\t\t<\/div>\n\t\t\t\t\t\t<\/div>\n\t\t\t\t<\/div>\n\t\t\t\t<\/div>\n\t\t<div class=\"elementor-element elementor-element-4728136 e-con-full e-flex e-con e-child\" data-id=\"4728136\" data-element_type=\"container\" data-e-type=\"container\">\n\t\t\t\t<div class=\"elementor-element elementor-element-64d7264 elementor-widget elementor-widget-shortcode\" data-id=\"64d7264\" data-element_type=\"widget\" data-e-type=\"widget\" data-widget_type=\"shortcode.default\">\n\t\t\t\t\t\t\t<div class=\"elementor-shortcode\">\n<div class=\"wpcf7 no-js\" id=\"wpcf7-f27928-o1\" lang=\"fr-FR\" dir=\"ltr\" data-wpcf7-id=\"27928\">\n<div class=\"screen-reader-response\"><p role=\"status\" aria-live=\"polite\" aria-atomic=\"true\"><\/p> <ul><\/ul><\/div>\n<form action=\"\/de\/wp-json\/wp\/v2\/pages\/15581#wpcf7-f27928-o1\" method=\"post\" class=\"wpcf7-form init\" aria-label=\"Formulaire de contact\" novalidate=\"novalidate\" data-status=\"init\">\n<fieldset class=\"hidden-fields-container\"><input type=\"hidden\" name=\"_wpcf7\" value=\"27928\" \/><input type=\"hidden\" name=\"_wpcf7_version\" value=\"6.1.5\" \/><input type=\"hidden\" name=\"_wpcf7_locale\" value=\"fr_FR\" \/><input type=\"hidden\" name=\"_wpcf7_unit_tag\" value=\"wpcf7-f27928-o1\" \/><input type=\"hidden\" name=\"_wpcf7_container_post\" value=\"0\" \/><input type=\"hidden\" name=\"_wpcf7_posted_data_hash\" value=\"\" \/>\n<\/fieldset>\n<p><label> Nom \/ Pr\u00e9nom *<br \/>\n<span class=\"wpcf7-form-control-wrap\" data-name=\"nom_prenom\"><input size=\"40\" maxlength=\"400\" class=\"wpcf7-form-control wpcf7-text wpcf7-validates-as-required\" aria-required=\"true\" aria-invalid=\"false\" value=\"\" type=\"text\" name=\"nom_prenom\" \/><\/span> <\/label>\n<\/p>\n<p><label> Soci\u00e9t\u00e9<br \/>\n<span class=\"wpcf7-form-control-wrap\" data-name=\"societe\"><input size=\"40\" maxlength=\"400\" class=\"wpcf7-form-control wpcf7-text\" aria-invalid=\"false\" value=\"\" type=\"text\" name=\"societe\" \/><\/span> <\/label>\n<\/p>\n<p><label> Email *<br \/>\n<span class=\"wpcf7-form-control-wrap\" data-name=\"email\"><input size=\"40\" maxlength=\"400\" class=\"wpcf7-form-control wpcf7-email wpcf7-validates-as-required wpcf7-text wpcf7-validates-as-email\" aria-required=\"true\" aria-invalid=\"false\" value=\"\" type=\"email\" name=\"email\" \/><\/span> <\/label>\n<\/p>\n<p><label> T\u00e9l\u00e9phone *<br \/>\n<span class=\"wpcf7-form-control-wrap\" data-name=\"telephone\"><input size=\"40\" maxlength=\"400\" class=\"wpcf7-form-control wpcf7-tel wpcf7-validates-as-required wpcf7-text wpcf7-validates-as-tel\" aria-required=\"true\" aria-invalid=\"false\" value=\"\" type=\"tel\" name=\"telephone\" \/><\/span> <\/label>\n<\/p>\n<p><label> Adresse de livraison *<br \/>\n<span class=\"wpcf7-form-control-wrap\" data-name=\"adresse_livraison\"><input size=\"40\" maxlength=\"400\" class=\"wpcf7-form-control wpcf7-text wpcf7-validates-as-required\" aria-required=\"true\" aria-invalid=\"false\" value=\"\" type=\"text\" name=\"adresse_livraison\" \/><\/span> <\/label>\n<\/p>\n<p><label> Ville de livraison *<br \/>\n<span class=\"wpcf7-form-control-wrap\" data-name=\"ville_livraison\"><input size=\"40\" maxlength=\"400\" class=\"wpcf7-form-control wpcf7-text wpcf7-validates-as-required\" aria-required=\"true\" aria-invalid=\"false\" value=\"\" type=\"text\" name=\"ville_livraison\" \/><\/span> <\/label>\n<\/p>\n<p><label> Code postal *<br \/>\n<span class=\"wpcf7-form-control-wrap\" data-name=\"code_postal\"><input size=\"40\" maxlength=\"400\" class=\"wpcf7-form-control wpcf7-text wpcf7-validates-as-required\" aria-required=\"true\" aria-invalid=\"false\" value=\"\" type=\"text\" name=\"code_postal\" \/><\/span> <\/label>\n<\/p>\n<p><strong>Type de container *<\/strong>\n<\/p>\n<p><span class=\"wpcf7-form-control-wrap\" data-name=\"type_container\"><select class=\"wpcf7-form-control wpcf7-select wpcf7-validates-as-required\" aria-required=\"true\" aria-invalid=\"false\" name=\"type_container\"><option value=\"\">&#8212;Veuillez choisir une option&#8212;<\/option><option value=\"10 pieds\">10 pieds<\/option><option value=\"20 pieds\">20 pieds<\/option><option value=\"40 pieds\">40 pieds<\/option><option value=\"40 pieds High Cube\">40 pieds High Cube<\/option><option value=\"Container am\u00e9nag\u00e9\">Container am\u00e9nag\u00e9<\/option><option value=\"Container bureau\">Container bureau<\/option><option value=\"Container stockage\">Container stockage<\/option><option value=\"Autre\">Autre<\/option><\/select><\/span>\n<\/p>\n<p><strong>\u00c9tat souhait\u00e9 *<\/strong>\n<\/p>\n<p><span class=\"wpcf7-form-control-wrap\" data-name=\"etat\"><select class=\"wpcf7-form-control wpcf7-select wpcf7-validates-as-required\" aria-required=\"true\" aria-invalid=\"false\" name=\"etat\"><option value=\"\">&#8212;Veuillez choisir une option&#8212;<\/option><option value=\"Neuf (1er voyage)\">Neuf (1er voyage)<\/option><option value=\"Occasion\">Occasion<\/option><option value=\"Peu importe\">Peu importe<\/option><\/select><\/span>\n<\/p>\n<p><strong>Utilisation pr\u00e9vue *<\/strong>\n<\/p>\n<p><span class=\"wpcf7-form-control-wrap\" data-name=\"utilisation\"><select class=\"wpcf7-form-control wpcf7-select wpcf7-validates-as-required\" aria-required=\"true\" aria-invalid=\"false\" name=\"utilisation\"><option value=\"\">&#8212;Veuillez choisir une option&#8212;<\/option><option value=\"Stockage\">Stockage<\/option><option value=\"Chantier\">Chantier<\/option><option value=\"Bureau\">Bureau<\/option><option value=\"Habitation\">Habitation<\/option><option value=\"Commerce\">Commerce<\/option><option value=\"Transport\">Transport<\/option><option value=\"Autre\">Autre<\/option><\/select><\/span>\n<\/p>\n<p><strong>Livraison n\u00e9cessaire ? *<\/strong>\n<\/p>\n<p>[radio* livraison use_label_element \"Oui\" \"Non\"]\n<\/p>\n<p><strong>Acc\u00e8s facile pour camion ?<\/strong>\n<\/p>\n<p><span class=\"wpcf7-form-control-wrap\" data-name=\"acces\"><span class=\"wpcf7-form-control wpcf7-radio\"><span class=\"wpcf7-list-item first\"><label><input type=\"radio\" name=\"acces\" value=\"Oui\" \/><span class=\"wpcf7-list-item-label\">Oui<\/span><\/label><\/span><span class=\"wpcf7-list-item\"><label><input type=\"radio\" name=\"acces\" value=\"Non\" \/><span class=\"wpcf7-list-item-label\">Non<\/span><\/label><\/span><span class=\"wpcf7-list-item last\"><label><input type=\"radio\" name=\"acces\" value=\"Je ne sais pas\" \/><span class=\"wpcf7-list-item-label\">Je ne sais pas<\/span><\/label><\/span><\/span><\/span>\n<\/p>\n<p><strong>Budget estimatif *<\/strong>\n<\/p>\n<p><span class=\"wpcf7-form-control-wrap\" data-name=\"budget\"><select class=\"wpcf7-form-control wpcf7-select wpcf7-validates-as-required\" aria-required=\"true\" aria-invalid=\"false\" name=\"budget\"><option value=\"\">&#8212;Veuillez choisir une option&#8212;<\/option><option value=\"&lt; 2 000 \u20ac\">&lt; 2 000 \u20ac<\/option><option value=\"2 000 \u2013 5 000 \u20ac\">2 000 \u2013 5 000 \u20ac<\/option><option value=\"5 000 \u2013 10 000 \u20ac\">5 000 \u2013 10 000 \u20ac<\/option><option value=\"+ 10 000 \u20ac\">+ 10 000 \u20ac<\/option><\/select><\/span>\n<\/p>\n<p><label> Message compl\u00e9mentaire<br \/>\n<span class=\"wpcf7-form-control-wrap\" data-name=\"message\"><textarea cols=\"40\" rows=\"10\" maxlength=\"2000\" class=\"wpcf7-form-control wpcf7-textarea\" aria-invalid=\"false\" name=\"message\"><\/textarea><\/span> <\/label>\n<\/p>\n<p><input class=\"wpcf7-form-control wpcf7-submit has-spinner\" type=\"submit\" value=\"Recevoir mon devis gratuit sous 24h\" \/>\n<\/p><div class=\"wpcf7-response-output\" aria-hidden=\"true\"><\/div>\n<\/form>\n<\/div>\n<\/div>\n\t\t\t\t\t\t<\/div>\n\t\t\t\t<div class=\"elementor-element elementor-element-dc33635 elementor-widget elementor-widget-wd_text_block\" data-id=\"dc33635\" data-element_type=\"widget\" data-e-type=\"widget\" data-widget_type=\"wd_text_block.default\">\n\t\t\t\t<div class=\"elementor-widget-container\">\n\t\t\t\t\t\t\t<div class=\"wd-text-block reset-last-child text-center\">\n\t\t\t\n\t\t\t<p>\ud83d\udd12 Vos informations restent strictement confidentielles.<\/p>\n\t\t\t\t\t<\/div>\n\t\t\t\t\t\t<\/div>\n\t\t\t\t<\/div>\n\t\t\t\t<\/div>\n\t\t\t\t\t<\/div>\n\t\t\t\t<\/div>\n\t\t\t\t<\/div>\n\t\t","protected":false},"excerpt":{"rendered":"<p>Obtenez votre devis container sous 24h Remplissez le formulaire et recevez une offre adapt\u00e9e \u00e0 votre projet. Notre \u00e9quipe vous<\/p>","protected":false},"author":1,"featured_media":0,"parent":0,"menu_order":0,"comment_status":"closed","ping_status":"closed","template":"","meta":{"footnotes":""},"class_list":["post-15581","page","type-page","status-publish","hentry"],"_links":{"self":[{"href":"https:\/\/kic-gmbh-containers.ch\/de\/wp-json\/wp\/v2\/pages\/15581","targetHints":{"allow":["GET"]}}],"collection":[{"href":"https:\/\/kic-gmbh-containers.ch\/de\/wp-json\/wp\/v2\/pages"}],"about":[{"href":"https:\/\/kic-gmbh-containers.ch\/de\/wp-json\/wp\/v2\/types\/page"}],"author":[{"embeddable":true,"href":"https:\/\/kic-gmbh-containers.ch\/de\/wp-json\/wp\/v2\/users\/1"}],"replies":[{"embeddable":true,"href":"https:\/\/kic-gmbh-containers.ch\/de\/wp-json\/wp\/v2\/comments?post=15581"}],"version-history":[{"count":3,"href":"https:\/\/kic-gmbh-containers.ch\/de\/wp-json\/wp\/v2\/pages\/15581\/revisions"}],"predecessor-version":[{"id":28349,"href":"https:\/\/kic-gmbh-containers.ch\/de\/wp-json\/wp\/v2\/pages\/15581\/revisions\/28349"}],"wp:attachment":[{"href":"https:\/\/kic-gmbh-containers.ch\/de\/wp-json\/wp\/v2\/media?parent=15581"}],"curies":[{"name":"wp","href":"https:\/\/api.w.org\/{rel}","templated":true}]}}