{"id":15585,"date":"2026-02-23T16:52:29","date_gmt":"2026-02-23T16:52:29","guid":{"rendered":"https:\/\/es.robot-tonde-aspir.ch\/?page_id=15585"},"modified":"2026-03-08T18:45:51","modified_gmt":"2026-03-08T18:45:51","slug":"mentions-legales","status":"publish","type":"page","link":"https:\/\/kic-gmbh-containers.ch\/de\/mentions-legales\/","title":{"rendered":"Rechtliche Hinweise"},"content":{"rendered":"<p>MENTIONS L\u00c9GALES<\/p>\n\n\n\n<p>\u00c9diteur du site<\/p>\n\n\n\n<p>Le site internet<a href=\"mailto:contact@kic-gmbh-containers.ch\"> kic-gmbh-containers.ch<\/a> est exploit\u00e9 par :<\/p>\n\n\n\n<p><strong>KIC GmbH CONTAINERS<\/strong><\/p>\n\n\n\n<p>\ud83d\udccd Route des Paccots 20<br>1618 Ch\u00e2tel-St-Denis \u2014 Suisse<\/p>\n\n\n\n<p>\ud83d\udcde&nbsp;<a href=\"tel:+41757752607\">075 775 26 07<\/a><\/p>\n\n\n\n<p>\u2709&nbsp;<a href=\"mailto:contact@kic-gmbh-containers.ch\">contact@kic-gmbh-containers.ch<\/a><\/p>\n\n\n\n<p>\ud83c\udf10&nbsp;<a href=\"https:\/\/kic-gmbh-containers.ch\/de\/\">www.kic-gmbh-containers.ch<\/a><\/p>\n\n\n\n<p>Handelsregisternummer: CH-270.4.006.339-2<\/p>\n\n\n\n<p>IDE-\/Mehrwertsteuernummer: CHE-459.955.033<\/p>\n\n\n\n<hr class=\"wp-block-separator has-alpha-channel-opacity\"\/>\n\n\n\n<p>H\u00e9bergement<\/p>\n\n\n\n<p>Le site est h\u00e9berg\u00e9 par :<\/p>\n\n\n\n<p>Infomaniak Network SA<br>Rue Eug\u00e8ne-Marziano 25<br>1227 Les Acacias (GE) \u2014 Suisse<br>www.infomaniak.com<\/p>\n\n\n\n<hr class=\"wp-block-separator has-alpha-channel-opacity\"\/>\n\n\n\n<p>Propri\u00e9t\u00e9 intellectuelle<\/p>\n\n\n\n<p>L\u2019ensemble du contenu pr\u00e9sent sur le site <a href=\"https:\/\/kic-gmbh-containers.ch\/de\/\">https:\/\/kic-gmbh-containers.ch\/<\/a> (textes, images, logos, graphismes, ic\u00f4nes, vid\u00e9os, structure du site) est la propri\u00e9t\u00e9 exclusive de KIC GmbH CONTAINERS, sauf mention contraire.<\/p>\n\n\n\n<p>Toute reproduction, distribution, modification ou utilisation, totale ou partielle, sans autorisation \u00e9crite pr\u00e9alable est strictement interdite.<\/p>\n\n\n\n<hr class=\"wp-block-separator has-alpha-channel-opacity\"\/>\n\n\n\n<p>Responsabilit\u00e9<\/p>\n\n\n\n<p>KIC GmbH CONTAINERS s\u2019efforce de fournir sur le site des informations aussi pr\u00e9cises que possible.<br>Toutefois, la soci\u00e9t\u00e9 ne pourra \u00eatre tenue responsable des omissions, inexactitudes ou carences dans la mise \u00e0 jour.<\/p>\n\n\n\n<p>L\u2019utilisateur reconna\u00eet utiliser les informations disponibles sous sa responsabilit\u00e9 exclusive.<\/p>\n\n\n\n<hr class=\"wp-block-separator has-alpha-channel-opacity\"\/>\n\n\n\n<p>Protection des donn\u00e9es<\/p>\n\n\n\n<p>Les donn\u00e9es personnelles collect\u00e9es sur le site sont utilis\u00e9es uniquement dans le cadre de la relation commerciale (commande, livraison, service client).<\/p>\n\n\n\n<p>Aucune donn\u00e9e n\u2019est vendue ni c\u00e9d\u00e9e \u00e0 des tiers.<\/p>\n\n\n\n<p>L\u2019utilisateur peut demander la modification ou la suppression de ses donn\u00e9es en envoyant un email \u00e0 :<br><a href=\"https:\/\/kic-gmbh-containers.ch\/de\/\">\u2709\u00a0<a href=\"mailto:contact@kic-gmbh-containers.ch\">contact@kic-gmbh-containers.ch<\/a><\/a><\/p>\n\n\n\n<hr class=\"wp-block-separator has-alpha-channel-opacity\"\/>\n\n\n\n<p>Droit applicable<\/p>\n\n\n\n<p>Le pr\u00e9sent site est soumis au droit suisse.<br>En cas de litige, les tribunaux comp\u00e9tents sont ceux du si\u00e8ge de la soci\u00e9t\u00e9.<\/p>","protected":false},"excerpt":{"rendered":"<p>MENTIONS L\u00c9GALES \u00c9diteur du site Le site internet kic-gmbh-containers.ch est exploit\u00e9 par : KIC GmbH CONTAINERS \ud83d\udccd Route des Paccots<\/p>","protected":false},"author":1,"featured_media":0,"parent":0,"menu_order":0,"comment_status":"closed","ping_status":"closed","template":"","meta":{"footnotes":""},"class_list":["post-15585","page","type-page","status-publish","hentry"],"_links":{"self":[{"href":"https:\/\/kic-gmbh-containers.ch\/de\/wp-json\/wp\/v2\/pages\/15585","targetHints":{"allow":["GET"]}}],"collection":[{"href":"https:\/\/kic-gmbh-containers.ch\/de\/wp-json\/wp\/v2\/pages"}],"about":[{"href":"https:\/\/kic-gmbh-containers.ch\/de\/wp-json\/wp\/v2\/types\/page"}],"author":[{"embeddable":true,"href":"https:\/\/kic-gmbh-containers.ch\/de\/wp-json\/wp\/v2\/users\/1"}],"replies":[{"embeddable":true,"href":"https:\/\/kic-gmbh-containers.ch\/de\/wp-json\/wp\/v2\/comments?post=15585"}],"version-history":[{"count":2,"href":"https:\/\/kic-gmbh-containers.ch\/de\/wp-json\/wp\/v2\/pages\/15585\/revisions"}],"predecessor-version":[{"id":28328,"href":"https:\/\/kic-gmbh-containers.ch\/de\/wp-json\/wp\/v2\/pages\/15585\/revisions\/28328"}],"wp:attachment":[{"href":"https:\/\/kic-gmbh-containers.ch\/de\/wp-json\/wp\/v2\/media?parent=15585"}],"curies":[{"name":"wp","href":"https:\/\/api.w.org\/{rel}","templated":true}]}}