{"id":15591,"date":"2026-02-23T16:56:00","date_gmt":"2026-02-23T16:56:00","guid":{"rendered":"https:\/\/es.robot-tonde-aspir.ch\/?page_id=15591"},"modified":"2026-03-08T19:22:56","modified_gmt":"2026-03-08T19:22:56","slug":"retour-remboursement","status":"publish","type":"page","link":"https:\/\/kic-gmbh-containers.ch\/de\/retour-remboursement\/","title":{"rendered":"Retour et remboursement"},"content":{"rendered":"<p>RETOUR &amp; REMBOURSEMENT<\/p>\n\n\n\n<p>1) D\u00e9lai de r\u00e9tractation<\/p>\n\n\n\n<p>Conform\u00e9ment \u00e0 la r\u00e9glementation, vous disposez d\u2019un d\u00e9lai de 14 jours \u00e0 compter de la r\u00e9ception de votre commande pour nous informer de votre volont\u00e9 de vous r\u00e9tracter, sans avoir \u00e0 justifier de motif.<\/p>\n\n\n\n<p><br>2) Conditions de retour<br>Pour \u00eatre accept\u00e9, le produit doit \u00eatre :<br>neuf, non utilis\u00e9, complet et en parfait \u00e9tat,<br>retourn\u00e9 dans son emballage d\u2019origine, avec tous les accessoires, notices et \u00e9ventuels cadeaux,<br>accompagn\u00e9 de la preuve d\u2019achat (num\u00e9ro de commande).<br>\u26a0\ufe0f Certains produits ne peuvent pas \u00eatre repris (exemples : produits personnalis\u00e9s, produits d\u2019hygi\u00e8ne descell\u00e9s, articles endommag\u00e9s par une mauvaise utilisation, etc.).<\/p>\n\n\n\n<p><br>3) Proc\u00e9dure de retour<br>Avant tout retour, merci de nous contacter afin d\u2019obtenir les instructions de renvoi :<br>\u2709\u00a0<a href=\"mailto:contact@kic-gmbh-containers.ch\">contact@kic-gmbh-containers.ch<\/a><br>Dans ton message, indique :<br>Num\u00e9ro de commande<br>Nom \/ pr\u00e9nom<br>Produit(s) concern\u00e9(s)<br>Motif du retour (facultatif)<br>Photos si le produit est arriv\u00e9 endommag\u00e9<br>Nous te r\u00e9pondrons avec l\u2019adresse de retour et la marche \u00e0 suivre.<\/p>\n\n\n\n<p><br>4) Frais de retour<br>Retour pour r\u00e9tractation (changement d\u2019avis) : les frais de retour sont g\u00e9n\u00e9ralement \u00e0 la charge du client, sauf indication contraire.<br>Erreur \/ produit d\u00e9fectueux \/ produit endommag\u00e9 \u00e0 la r\u00e9ception : les frais de retour peuvent \u00eatre pris en charge apr\u00e8s validation de notre service.<\/p>\n\n\n\n<p><br>5) Remboursement<br>Apr\u00e8s r\u00e9ception et contr\u00f4le du produit, le remboursement est effectu\u00e9 :<br>via le m\u00eame moyen de paiement que celui utilis\u00e9 lors de l\u2019achat,<br>dans un d\u00e9lai maximal de 14 jours apr\u00e8s validation du retour (ou r\u00e9ception du colis).<br>\u26a0\ufe0f Si le produit est incomplet, utilis\u00e9, ou endommag\u00e9, une d\u00e9cote peut \u00eatre appliqu\u00e9e.<\/p>\n\n\n\n<p><br>6) \u00c9changes<br>Si vous souhaitez un \u00e9change, contactez-nous par e-mail :<br>\u2709\u00a0<a href=\"mailto:contact@kic-gmbh-containers.ch\">contact@kic-gmbh-containers.ch<\/a><br>Nous vous indiquerons la disponibilit\u00e9 et la proc\u00e9dure.<\/p>\n\n\n\n<p><br>7) Coordonn\u00e9es de l\u2019entreprise<br><strong>KIC GmbH CONTAINERS<\/strong><br>\ud83d\udccd Route des Paccots 20 1618 Ch\u00e2tel-St-Denis -Suisse<\/p>\n\n\n\n<p>Registre du commerce : CH-270.4.006.339-2<br>IDE \/ TVA : CHE-459.955.033<\/p>\n\n\n\n<p><\/p>","protected":false},"excerpt":{"rendered":"<p>RETOUR &amp; REMBOURSEMENT 1) D\u00e9lai de r\u00e9tractation Conform\u00e9ment \u00e0 la r\u00e9glementation, vous disposez d\u2019un d\u00e9lai de 14 jours \u00e0 compter<\/p>","protected":false},"author":1,"featured_media":0,"parent":0,"menu_order":0,"comment_status":"closed","ping_status":"closed","template":"","meta":{"footnotes":""},"class_list":["post-15591","page","type-page","status-publish","hentry"],"_links":{"self":[{"href":"https:\/\/kic-gmbh-containers.ch\/de\/wp-json\/wp\/v2\/pages\/15591","targetHints":{"allow":["GET"]}}],"collection":[{"href":"https:\/\/kic-gmbh-containers.ch\/de\/wp-json\/wp\/v2\/pages"}],"about":[{"href":"https:\/\/kic-gmbh-containers.ch\/de\/wp-json\/wp\/v2\/types\/page"}],"author":[{"embeddable":true,"href":"https:\/\/kic-gmbh-containers.ch\/de\/wp-json\/wp\/v2\/users\/1"}],"replies":[{"embeddable":true,"href":"https:\/\/kic-gmbh-containers.ch\/de\/wp-json\/wp\/v2\/comments?post=15591"}],"version-history":[{"count":1,"href":"https:\/\/kic-gmbh-containers.ch\/de\/wp-json\/wp\/v2\/pages\/15591\/revisions"}],"predecessor-version":[{"id":28344,"href":"https:\/\/kic-gmbh-containers.ch\/de\/wp-json\/wp\/v2\/pages\/15591\/revisions\/28344"}],"wp:attachment":[{"href":"https:\/\/kic-gmbh-containers.ch\/de\/wp-json\/wp\/v2\/media?parent=15591"}],"curies":[{"name":"wp","href":"https:\/\/api.w.org\/{rel}","templated":true}]}}