{"id":15603,"date":"2026-02-23T17:03:12","date_gmt":"2026-02-23T17:03:12","guid":{"rendered":"https:\/\/es.robot-tonde-aspir.ch\/?page_id=15603"},"modified":"2026-03-08T18:48:12","modified_gmt":"2026-03-08T18:48:12","slug":"suivi-de-commande","status":"publish","type":"page","link":"https:\/\/kic-gmbh-containers.ch\/de\/suivi-de-commande\/","title":{"rendered":"Suivi de  commande"},"content":{"rendered":"<p>SUIVRE MA COMMANDE<\/p>\n\n\n\n<p>Apr\u00e8s validation de votre commande sur \ud83c\udf10\u00a0<a href=\"https:\/\/kic-gmbh-containers.ch\/de\/\">www.kic-gmbh-containers.ch<\/a> :<\/p>\n\n\n\n<ul class=\"wp-block-list\">\n<li>Un email de confirmation est envoy\u00e9 automatiquement<\/li>\n\n\n\n<li>Les coordonn\u00e9es bancaires sont transmises pour le r\u00e8glement de l\u2019acompte<\/li>\n\n\n\n<li>Une confirmation de r\u00e9ception de paiement est envoy\u00e9e<\/li>\n<\/ul>\n\n\n\n<p>La livraison est planifi\u00e9e uniquement apr\u00e8s r\u00e8glement int\u00e9gral.<\/p>\n\n\n\n<p>Pour toute question concernant votre commande :<\/p>\n\n\n\n<p><strong>KIC GmbH CONTAINERS<\/strong><\/p>\n\n\n\n<p>\ud83d\udccd Route des Paccots 20<br>1618 Ch\u00e2tel-St-Denis \u2014 Suisse<\/p>\n\n\n\n<p>\ud83d\udcde&nbsp;<a href=\"tel:+41757752607\">075 775 26 07<\/a><\/p>\n\n\n\n<p>\u2709&nbsp;<a href=\"mailto:contact@kic-gmbh-containers.ch\">contact@kic-gmbh-containers.ch<\/a><\/p>\n\n\n\n<p>\ud83c\udf10&nbsp;<a href=\"https:\/\/kic-gmbh-containers.ch\/de\/\">www.kic-gmbh-containers.ch<\/a><\/p>\n\n\n\n<p>Handelsregisternummer: CH-270.4.006.339-2<\/p>\n\n\n\n<p>IDE-\/Mehrwertsteuernummer: CHE-459.955.033<\/p>\n\n\n\n<p><\/p>","protected":false},"excerpt":{"rendered":"<p>SUIVRE MA COMMANDE Apr\u00e8s validation de votre commande sur \ud83c\udf10\u00a0www.kic-gmbh-containers.ch : La livraison est planifi\u00e9e uniquement apr\u00e8s r\u00e8glement int\u00e9gral. Pour<\/p>","protected":false},"author":1,"featured_media":0,"parent":0,"menu_order":0,"comment_status":"closed","ping_status":"closed","template":"","meta":{"footnotes":""},"class_list":["post-15603","page","type-page","status-publish","hentry"],"_links":{"self":[{"href":"https:\/\/kic-gmbh-containers.ch\/de\/wp-json\/wp\/v2\/pages\/15603","targetHints":{"allow":["GET"]}}],"collection":[{"href":"https:\/\/kic-gmbh-containers.ch\/de\/wp-json\/wp\/v2\/pages"}],"about":[{"href":"https:\/\/kic-gmbh-containers.ch\/de\/wp-json\/wp\/v2\/types\/page"}],"author":[{"embeddable":true,"href":"https:\/\/kic-gmbh-containers.ch\/de\/wp-json\/wp\/v2\/users\/1"}],"replies":[{"embeddable":true,"href":"https:\/\/kic-gmbh-containers.ch\/de\/wp-json\/wp\/v2\/comments?post=15603"}],"version-history":[{"count":1,"href":"https:\/\/kic-gmbh-containers.ch\/de\/wp-json\/wp\/v2\/pages\/15603\/revisions"}],"predecessor-version":[{"id":28330,"href":"https:\/\/kic-gmbh-containers.ch\/de\/wp-json\/wp\/v2\/pages\/15603\/revisions\/28330"}],"wp:attachment":[{"href":"https:\/\/kic-gmbh-containers.ch\/de\/wp-json\/wp\/v2\/media?parent=15603"}],"curies":[{"name":"wp","href":"https:\/\/api.w.org\/{rel}","templated":true}]}}