{"id":27904,"date":"2026-02-25T13:22:52","date_gmt":"2026-02-25T13:22:52","guid":{"rendered":"https:\/\/es.robot-tonde-aspir.ch\/?page_id=27904"},"modified":"2026-03-08T18:54:36","modified_gmt":"2026-03-08T18:54:36","slug":"a-propos","status":"publish","type":"page","link":"https:\/\/kic-gmbh-containers.ch\/de\/a-propos\/","title":{"rendered":"\u00c0 PROPOS"},"content":{"rendered":"<p>\u00c0 PROPOS DE <strong>KIC GmbH CONTAINERS<\/strong><\/p>\n\n\n\n<p><strong>KIC GmbH CONTAINERS<\/strong> est une soci\u00e9t\u00e9 suisse sp\u00e9cialis\u00e9e dans la vente de containers maritimes neufs et d\u2019occasion, ainsi que dans les solutions de containers am\u00e9nag\u00e9s pour professionnels et particuliers.<\/p>\n\n\n\n<p>Implant\u00e9e \u00e0 \ud83d\udccd Route des Paccots 20<br>1618 Ch\u00e2tel-St-Denis \u2014 Suisse, notre soci\u00e9t\u00e9 accompagne ses clients sur l\u2019ensemble du territoire suisse avec des solutions adapt\u00e9es aux besoins industriels, logistiques et professionnels.<\/p>\n\n\n\n<p>Nous proposons :<\/p>\n\n\n\n<ul class=\"wp-block-list\">\n<li>Containers maritimes standards<\/li>\n\n\n\n<li>Lagerbeh\u00e4lter<\/li>\n\n\n\n<li>K\u00fchlbeh\u00e4lter<\/li>\n\n\n\n<li>Containers am\u00e9nag\u00e9s<\/li>\n\n\n\n<li>Solutions sp\u00e9cifiques sur mesure<\/li>\n<\/ul>\n\n\n\n<p>Notre engagement repose sur :<\/p>\n\n\n\n<ul class=\"wp-block-list\">\n<li>Transparence commerciale<\/li>\n\n\n\n<li>Qualit\u00e9 des \u00e9quipements<\/li>\n\n\n\n<li>Logistique ma\u00eetris\u00e9e<\/li>\n\n\n\n<li>Accompagnement technique personnalis\u00e9<\/li>\n<\/ul>\n\n\n\n<p>Contact :<br>\ud83d\udcde&nbsp;<a href=\"tel:+41757752607\">075 775 26 07<\/a><\/p>\n\n\n\n<p>\u2709&nbsp;<a href=\"mailto:contact@kic-gmbh-containers.ch\">contact@kic-gmbh-containers.ch<\/a><\/p>\n\n\n\n<p>\ud83c\udf10&nbsp;<a href=\"https:\/\/kic-gmbh-containers.ch\/de\/\">www.kic-gmbh-containers.ch<\/a><\/p>\n\n\n\n<p><\/p>","protected":false},"excerpt":{"rendered":"<p>\u00c0 PROPOS DE KIC GmbH CONTAINERS KIC GmbH CONTAINERS est une soci\u00e9t\u00e9 suisse sp\u00e9cialis\u00e9e dans la vente de containers maritimes<\/p>","protected":false},"author":1,"featured_media":0,"parent":0,"menu_order":0,"comment_status":"closed","ping_status":"closed","template":"","meta":{"footnotes":""},"class_list":["post-27904","page","type-page","status-publish","hentry"],"_links":{"self":[{"href":"https:\/\/kic-gmbh-containers.ch\/de\/wp-json\/wp\/v2\/pages\/27904","targetHints":{"allow":["GET"]}}],"collection":[{"href":"https:\/\/kic-gmbh-containers.ch\/de\/wp-json\/wp\/v2\/pages"}],"about":[{"href":"https:\/\/kic-gmbh-containers.ch\/de\/wp-json\/wp\/v2\/types\/page"}],"author":[{"embeddable":true,"href":"https:\/\/kic-gmbh-containers.ch\/de\/wp-json\/wp\/v2\/users\/1"}],"replies":[{"embeddable":true,"href":"https:\/\/kic-gmbh-containers.ch\/de\/wp-json\/wp\/v2\/comments?post=27904"}],"version-history":[{"count":2,"href":"https:\/\/kic-gmbh-containers.ch\/de\/wp-json\/wp\/v2\/pages\/27904\/revisions"}],"predecessor-version":[{"id":28333,"href":"https:\/\/kic-gmbh-containers.ch\/de\/wp-json\/wp\/v2\/pages\/27904\/revisions\/28333"}],"wp:attachment":[{"href":"https:\/\/kic-gmbh-containers.ch\/de\/wp-json\/wp\/v2\/media?parent=27904"}],"curies":[{"name":"wp","href":"https:\/\/api.w.org\/{rel}","templated":true}]}}