{"id":27912,"date":"2026-02-25T18:17:33","date_gmt":"2026-02-25T18:17:33","guid":{"rendered":"https:\/\/es.robot-tonde-aspir.ch\/?page_id=27912"},"modified":"2026-03-05T22:38:31","modified_gmt":"2026-03-05T22:38:31","slug":"panier","status":"publish","type":"page","link":"https:\/\/kic-gmbh-containers.ch\/de\/panier\/","title":{"rendered":"Panier"},"content":{"rendered":"<style>\n.kic-trust{\nbackground:#f8fafc;\nborder:1px solid #e5e7eb;\npadding:18px;\nborder-radius:10px;\nmargin-top:20px;\nfont-size:14px;\nline-height:1.6;\n}\n\n.kic-trust strong{\ncolor:#111827;\n}\n\n.kic-trust ul{\nlist-style:none;\npadding:0;\nmargin:10px 0 0 0;\n}\n\n.kic-trust li{\nmargin-bottom:6px;\n}\n\n.kic-warning{\nmargin-top:10px;\nfont-size:13px;\ncolor:#374151;\n}\n<\/style>\n\n<div class=\"kic-trust\">\n\n<strong>Informations livraison<\/strong>\n\n<ul>\n<li>\u2705 Livraison par camion-grue professionnel<\/li>\n<li>\u2705 Soci\u00e9t\u00e9 enregistr\u00e9e en Suisse<\/li>\n<li>\u2705 Paiement s\u00e9curis\u00e9<\/li>\n<li>\ud83d\udcde Assistance : <a href=\"tel:0757752607\">075 775 26 07<\/a><\/li>\n<li>\u2709 Email : <a href=\"mailto:contact@kic-gmbh-containers.ch\">contact@kic-gmbh-containers.ch<\/a><\/li>\n<\/ul>\n\n<div class=\"kic-warning\">\n\u26a0 La livraison d\u00e9pend de l\u2019acc\u00e8s au terrain pour le camion-grue.  \nEn cas d\u2019acc\u00e8s difficile, un ajustement du transport peut \u00eatre n\u00e9cessaire.\n<\/div>\n\n<\/div>","protected":false},"excerpt":{"rendered":"<p>Informations livraison \u2705 Livraison par camion-grue professionnel \u2705 Soci\u00e9t\u00e9 enregistr\u00e9e en Suisse \u2705 Paiement s\u00e9curis\u00e9 \ud83d\udcde Assistance : 075 775<\/p>","protected":false},"author":1,"featured_media":0,"parent":0,"menu_order":0,"comment_status":"closed","ping_status":"closed","template":"","meta":{"footnotes":""},"class_list":["post-27912","page","type-page","status-publish","hentry"],"_links":{"self":[{"href":"https:\/\/kic-gmbh-containers.ch\/de\/wp-json\/wp\/v2\/pages\/27912","targetHints":{"allow":["GET"]}}],"collection":[{"href":"https:\/\/kic-gmbh-containers.ch\/de\/wp-json\/wp\/v2\/pages"}],"about":[{"href":"https:\/\/kic-gmbh-containers.ch\/de\/wp-json\/wp\/v2\/types\/page"}],"author":[{"embeddable":true,"href":"https:\/\/kic-gmbh-containers.ch\/de\/wp-json\/wp\/v2\/users\/1"}],"replies":[{"embeddable":true,"href":"https:\/\/kic-gmbh-containers.ch\/de\/wp-json\/wp\/v2\/comments?post=27912"}],"version-history":[{"count":2,"href":"https:\/\/kic-gmbh-containers.ch\/de\/wp-json\/wp\/v2\/pages\/27912\/revisions"}],"predecessor-version":[{"id":28311,"href":"https:\/\/kic-gmbh-containers.ch\/de\/wp-json\/wp\/v2\/pages\/27912\/revisions\/28311"}],"wp:attachment":[{"href":"https:\/\/kic-gmbh-containers.ch\/de\/wp-json\/wp\/v2\/media?parent=27912"}],"curies":[{"name":"wp","href":"https:\/\/api.w.org\/{rel}","templated":true}]}}