{"id":28443,"date":"2026-04-16T06:38:41","date_gmt":"2026-04-16T06:38:41","guid":{"rendered":"https:\/\/kic-gmbh-containers.ch\/?page_id=28443"},"modified":"2026-04-16T19:28:54","modified_gmt":"2026-04-16T19:28:54","slug":"container-20-pieds-a-vendre","status":"publish","type":"page","link":"https:\/\/kic-gmbh-containers.ch\/de\/container-20-pieds-a-vendre\/","title":{"rendered":"Container 20 pieds \u00e0 vendre \u2013 Prix et devis rapide"},"content":{"rendered":"<div data-elementor-type=\"wp-page\" data-elementor-id=\"28443\" class=\"elementor elementor-28443\">\n\t\t\t\t<div class=\"wd-negative-gap elementor-element elementor-element-1e260adc e-flex e-con-boxed e-con e-parent\" data-id=\"1e260adc\" data-element_type=\"container\" data-e-type=\"container\">\n\t\t\t\t\t<div class=\"e-con-inner\">\n\t\t\t\t<div class=\"elementor-element elementor-element-b44f56c elementor-widget elementor-widget-button\" data-id=\"b44f56c\" data-element_type=\"widget\" data-e-type=\"widget\" data-widget_type=\"button.default\">\n\t\t\t\t\t\t\t\t\t\t<a class=\"elementor-button elementor-button-link elementor-size-sm\" href=\"https:\/\/kic-gmbh-containers.ch\/de\/demande-de-devis\/\">\n\t\t\t\t\t\t<span class=\"elementor-button-content-wrapper\">\n\t\t\t\t\t\t\t\t\t<span class=\"elementor-button-text\">DEMANDER UN DEVIS<\/span>\n\t\t\t\t\t<\/span>\n\t\t\t\t\t<\/a>\n\t\t\t\t\t\t\t\t<\/div>\n\t\t\t\t<div class=\"elementor-element elementor-element-5de27120 color-scheme-inherit text-left elementor-widget elementor-widget-text-editor\" data-id=\"5de27120\" data-element_type=\"widget\" data-e-type=\"widget\" data-widget_type=\"text-editor.default\">\n\t\t\t\t\t\t\t\t\t<h1>&nbsp;<\/h1>\n<h1>Container 20 pieds \u00e0 vendre<\/h1>\n<p>Le container 20 pieds est l\u2019un des mod\u00e8les les plus demand\u00e9s pour le stockage et les projets professionnels.<\/p>\n<p>Compact, solide et facile \u00e0 transporter, il convient parfaitement aux chantiers, aux entreprises et aux particuliers.<\/p>\n<p><a style=\"font-size: 14px;\" href=\"https:\/\/kic-gmbh-containers.ch\/de\/produkt\/container-40-pieds-neuf-open-side\/\" target=\"_blank\" rel=\"noopener\">Nous proposons \u00e9galement des containers 40 pieds pour les besoins de stockage plus importants.<\/a><\/p>\n<p><a style=\"font-size: 14px;\" href=\"https:\/\/kic-gmbh-containers.ch\/de\/tous-les-containers\/\" target=\"_blank\" rel=\"noopener\">Voir tous nos containers disponibles<\/a><\/p>\n<p><span style=\"color: #242424; font-family: Roboto, sans-serif; font-size: 24px; font-style: normal; font-weight: 600;\">Prix d\u2019un container 20 pieds<\/span><\/p>\n<p>Le prix d\u2019un container 20 pieds d\u00e9pend de son \u00e9tat (neuf ou occasion), de sa disponibilit\u00e9 et de la livraison.<\/p>\n<p>Nous proposons des tarifs comp\u00e9titifs avec un excellent rapport qualit\u00e9\/prix.<\/p>\n<h2>Utilisations du container 20 pieds<\/h2>\n<div><a href=\"https:\/\/kic-gmbh-containers.ch\/de\/tous-les-containers\/\" target=\"_blank\" rel=\"noopener\">D\u00e9couvrez toute notre gamme de containers:<\/a><\/div>\n<div><a href=\"https:\/\/kic-gmbh-containers.ch\/de\/tous-les-containers\/\" target=\"_blank\" rel=\"noopener\">&nbsp;<\/a><\/div>\n<ul>\n<li>Stockage s\u00e9curis\u00e9<\/li>\n<li>Chantier<\/li>\n<li>Transport de marchandises<\/li>\n<li>Am\u00e9nagement (bureau, atelier)<\/li>\n<\/ul>\n<h2>Livraison rapide<\/h2>\n<p>Nous assurons la livraison rapide de votre container 20 pieds directement sur votre site.<\/p>\n<p><strong>Demandez votre devis d\u00e8s maintenant pour conna\u00eetre le prix exact.<\/strong><\/p>\n<p><b>Nous accompagnons nos clients dans le choix du container adapt\u00e9 \u00e0 leurs besoins, avec une livraison rapide et un devis personnalis\u00e9.<\/b><\/p>\n<h2>FAQ sur les containers maritimes<\/h2>\n<p>Quel est le prix d\u2019un container maritime ?<\/p>\n<p>Le prix d\u00e9pend de la taille (20 pieds ou 40 pieds), de l\u2019\u00e9tat (neuf ou occasion) et des frais de livraison.<\/p>\n<p>Quelle est la dur\u00e9e de livraison ?<\/p>\n<p>La livraison est g\u00e9n\u00e9ralement rapide en Suisse et en France selon la disponibilit\u00e9.<\/p>\n<p>Quel container choisir ?<\/p>\n<p>Le container 20 pieds est id\u00e9al pour les besoins compacts, tandis que le 40 pieds offre une plus grande capacit\u00e9 de stockage.<\/p>\n<p>Voir \u00e9galement :<\/p>\n<p><a style=\"font-size: 14px;\" href=\"https:\/\/kic-gmbh-containers.ch\/de\/container-occasion\/\" target=\"_blank\" rel=\"noopener\">\ud83d\udc49 Voir nos containers d\u2019occasion disponibles<\/a><\/p>\n<p><a href=\"https:\/\/kic-gmbh-containers.ch\/de\/containers-stockage\/\" target=\"_blank\" rel=\"noopener\">\ud83d\udc49 D\u00e9couvrir nos containers de stockage<\/a><\/p>\n<p>Pourquoi choisir un container 20 pieds ?<\/p>\n<p>Le container 20 pieds est une solution id\u00e9ale pour les besoins de stockage compacts et s\u00e9curis\u00e9s. Gr\u00e2ce \u00e0 sa taille pratique, il s\u2019adapte facilement aux chantiers, aux entreprises et aux particuliers.<\/p>\n<p>Ce type de container est particuli\u00e8rement utilis\u00e9 pour le stockage de mat\u00e9riel, d\u2019\u00e9quipements ou de marchandises n\u00e9cessitant une protection contre les intemp\u00e9ries et les vols. Sa structure en acier garantit une excellente durabilit\u00e9 dans le temps.<\/p>\n<p>Nos containers 20 pieds sont disponibles en version neuve ou d\u2019occasion, selon vos besoins et votre budget. Chaque unit\u00e9 est soigneusement s\u00e9lectionn\u00e9e afin d\u2019assurer une qualit\u00e9 optimale et une utilisation imm\u00e9diate.<\/p>\n<p>Nous proposons \u00e9galement un service de livraison rapide en Suisse et en France, avec des tarifs transparents. Nos \u00e9quipes vous accompagnent dans le choix du container le plus adapt\u00e9 \u00e0 votre projet.<\/p>\n<p>Contactez-nous d\u00e8s maintenant pour obtenir un devis personnalis\u00e9 et d\u00e9couvrir nos meilleures offres.<\/p>\n<p>Nos containers 20 pieds sont une solution id\u00e9ale pour de nombreux usages professionnels et particuliers. Gr\u00e2ce \u00e0 leur format compact, ils permettent de stocker du mat\u00e9riel, des outils ou des marchandises en toute s\u00e9curit\u00e9.<\/p>\n<p>Nous proposons des containers robustes, r\u00e9sistants aux intemp\u00e9ries et adapt\u00e9s aux conditions ext\u00e9rieures les plus exigeantes. Que ce soit pour un chantier, un projet de stockage ou une utilisation logistique, le container 20 pieds reste un choix fiable et \u00e9conomique.<\/p>\n<p>Nos \u00e9quipes vous accompagnent dans le choix du container adapt\u00e9 \u00e0 vos besoins. Nous proposons \u00e9galement un service de livraison rapide en Suisse et dans toute l\u2019Europe, avec des solutions sur mesure selon votre localisation.<\/p>\n<p>En choisissant nos containers, vous b\u00e9n\u00e9ficiez d\u2019un excellent rapport qualit\u00e9-prix, d\u2019un service professionnel et d\u2019une disponibilit\u00e9 rapide des produits.<\/p>\n<p>N\u2019h\u00e9sitez pas \u00e0 nous contacter pour toute demande d\u2019information ou pour obtenir un devis personnalis\u00e9. Nous sommes \u00e0 votre disposition pour vous conseiller et vous accompagner dans votre projet.<\/p>\n<p>Voir \u00e9galement :<\/p>\n<p>\ud83d\udc49<a href=\"https:\/\/kic-gmbh-containers.ch\/de\/produkt\/container-40-pieds-occasion-high-cube\/\" target=\"_blank\"> Container 40 pieds<\/a><br>\ud83d\udc49&nbsp;<a href=\"\/de\/container-occasion\/\" target=\"_blank\">Gebrauchte Beh\u00e4lter<\/a><br>\ud83d\udc49<a href=\"https:\/\/kic-gmbh-containers.ch\/de\/produkt-kategorie\/containers-de-stockage\/\" target=\"_blank\"> Solutions de stockage<\/a><br>\ud83d\udc49&nbsp;<a href=\"\/de\/tous-les-containers\/\" target=\"_blank\" style=\"font-size: 14px;\">Tous nos containers<\/a><\/p>\n<p>Le container 20 pieds est une solution polyvalente, durable et parfaitement adapt\u00e9e \u00e0 tous vos besoins de stockage ou de transport.<\/p>\n<p><!-- \/wp:html --><\/p>\t\t\t\t\t\t\t\t<\/div>\n\t\t\t\t<div class=\"elementor-element elementor-element-b059772 elementor-widget elementor-widget-button\" data-id=\"b059772\" data-element_type=\"widget\" data-e-type=\"widget\" data-widget_type=\"button.default\">\n\t\t\t\t\t\t\t\t\t\t<a class=\"elementor-button elementor-button-link elementor-size-sm\" href=\"https:\/\/kic-gmbh-containers.ch\/de\/demande-de-devis\/\">\n\t\t\t\t\t\t<span class=\"elementor-button-content-wrapper\">\n\t\t\t\t\t\t\t\t\t<span class=\"elementor-button-text\">DEMANDEZ UN DEVIS <\/span>\n\t\t\t\t\t<\/span>\n\t\t\t\t\t<\/a>\n\t\t\t\t\t\t\t\t<\/div>\n\t\t\t\t\t<\/div>\n\t\t\t\t<\/div>\n\t\t\t\t<\/div>","protected":false},"excerpt":{"rendered":"<p>DEMANDER UN DEVIS &nbsp; Container 20 pieds \u00e0 vendre Le container 20 pieds est l\u2019un des mod\u00e8les les plus demand\u00e9s<\/p>","protected":false},"author":1,"featured_media":0,"parent":0,"menu_order":0,"comment_status":"closed","ping_status":"closed","template":"","meta":{"footnotes":""},"class_list":["post-28443","page","type-page","status-publish","hentry"],"_links":{"self":[{"href":"https:\/\/kic-gmbh-containers.ch\/de\/wp-json\/wp\/v2\/pages\/28443","targetHints":{"allow":["GET"]}}],"collection":[{"href":"https:\/\/kic-gmbh-containers.ch\/de\/wp-json\/wp\/v2\/pages"}],"about":[{"href":"https:\/\/kic-gmbh-containers.ch\/de\/wp-json\/wp\/v2\/types\/page"}],"author":[{"embeddable":true,"href":"https:\/\/kic-gmbh-containers.ch\/de\/wp-json\/wp\/v2\/users\/1"}],"replies":[{"embeddable":true,"href":"https:\/\/kic-gmbh-containers.ch\/de\/wp-json\/wp\/v2\/comments?post=28443"}],"version-history":[{"count":22,"href":"https:\/\/kic-gmbh-containers.ch\/de\/wp-json\/wp\/v2\/pages\/28443\/revisions"}],"predecessor-version":[{"id":28586,"href":"https:\/\/kic-gmbh-containers.ch\/de\/wp-json\/wp\/v2\/pages\/28443\/revisions\/28586"}],"wp:attachment":[{"href":"https:\/\/kic-gmbh-containers.ch\/de\/wp-json\/wp\/v2\/media?parent=28443"}],"curies":[{"name":"wp","href":"https:\/\/api.w.org\/{rel}","templated":true}]}}