{"id":28447,"date":"2026-04-16T06:41:06","date_gmt":"2026-04-16T06:41:06","guid":{"rendered":"https:\/\/kic-gmbh-containers.ch\/?page_id=28447"},"modified":"2026-04-16T13:05:14","modified_gmt":"2026-04-16T13:05:14","slug":"prix-dun-container-maritime-tarifs-et-devis","status":"publish","type":"page","link":"https:\/\/kic-gmbh-containers.ch\/de\/prix-dun-container-maritime-tarifs-et-devis\/","title":{"rendered":"Prix d\u2019un container maritime \u2013 Tarifs et devis"},"content":{"rendered":"<div data-elementor-type=\"wp-page\" data-elementor-id=\"28447\" class=\"elementor elementor-28447\">\n\t\t\t\t<div class=\"wd-negative-gap elementor-element elementor-element-1192181e e-flex e-con-boxed e-con e-parent\" data-id=\"1192181e\" data-element_type=\"container\" data-e-type=\"container\">\n\t\t\t\t\t<div class=\"e-con-inner\">\n\t\t\t\t<div class=\"elementor-element elementor-element-e67a90e elementor-widget elementor-widget-button\" data-id=\"e67a90e\" data-element_type=\"widget\" data-e-type=\"widget\" data-widget_type=\"button.default\">\n\t\t\t\t\t\t\t\t\t\t<a class=\"elementor-button elementor-button-link elementor-size-sm\" href=\"https:\/\/kic-gmbh-containers.ch\/de\/demande-de-devis\/\">\n\t\t\t\t\t\t<span class=\"elementor-button-content-wrapper\">\n\t\t\t\t\t\t\t\t\t<span class=\"elementor-button-text\">Demander un devis <\/span>\n\t\t\t\t\t<\/span>\n\t\t\t\t\t<\/a>\n\t\t\t\t\t\t\t\t<\/div>\n\t\t\t\t<div class=\"elementor-element elementor-element-45f24d1d color-scheme-inherit text-left elementor-widget elementor-widget-text-editor\" data-id=\"45f24d1d\" data-element_type=\"widget\" data-e-type=\"widget\" data-widget_type=\"text-editor.default\">\n\t\t\t\t\t\t\t\t\t<h1>Prix d\u2019un container maritime<\/h1><div><a href=\"https:\/\/kic-gmbh-containers.ch\/de\/tous-les-containers\/\" target=\"_blank\" rel=\"noopener\">D\u00e9couvrez nos diff\u00e9rents mod\u00e8les de containers selon vos besoins et votre budget.<\/a><\/div><div><a href=\"https:\/\/kic-gmbh-containers.ch\/de\/tous-les-containers\/\" target=\"_blank\" rel=\"noopener\">\u00a0<\/a><\/div><p>Le prix d\u2019un container maritime d\u00e9pend de plusieurs facteurs : taille, \u00e9tat (neuf ou occasion), et co\u00fbt de livraison.<\/p><h2>Prix selon le type de container<\/h2><ul><li><span style=\"font-size: 14px;\"><a href=\"https:\/\/kic-gmbh-containers.ch\/de\/produkt\/container-20-pieds-open-side-double-portes-neuf\/\" target=\"_blank\" rel=\"noopener\">Container 20 pieds : prix variable selon \u00e9tat\u00a0<\/a><\/span><\/li><li><span style=\"font-size: 14px;\"><a href=\"https:\/\/kic-gmbh-containers.ch\/de\/produkt\/container-neuf-40-pieds-dry\/\" target=\"_blank\" rel=\"noopener\">Container 40 pieds : prix plus \u00e9lev\u00e9 en raison de la capacit\u00e9\u00a0<\/a><\/span><\/li><li><span style=\"color: #242424; font-family: Roboto, sans-serif; font-size: 24px; font-style: normal;\"><a href=\"https:\/\/kic-gmbh-containers.ch\/de\/produkt-kategorie\/bungalows-et-containers-amenages\/\" target=\"_blank\" rel=\"noopener\">Container am\u00e9nag\u00e9 : prix selon transformation\u00a0 \u00a0<\/a><\/span><\/li><li><span style=\"font-size: 14px;\"><a href=\"https:\/\/kic-gmbh-containers.ch\/de\/produkt-kategorie\/containers-maritimes\/\" target=\"_blank\" rel=\"noopener\"><b>Container neuf ou occasion\u00a0<\/b><\/a><\/span><\/li><li><span style=\"font-size: 14px;\">Les containers d\u2019occasion sont plus \u00e9conomiques et parfaitement adapt\u00e9s au stockage.<\/span><\/li><\/ul><p>Les containers neufs offrent une dur\u00e9e de vie plus longue et un \u00e9tat impeccable.<\/p><h2>Frais de livraison<\/h2><div><a href=\"https:\/\/kic-gmbh-containers.ch\/de\/tous-les-containers\/\" target=\"_blank\" rel=\"noopener\">Voir tous nos containers disponibles<\/a><\/div><div><a href=\"https:\/\/kic-gmbh-containers.ch\/de\/tous-les-containers\/\" target=\"_blank\" rel=\"noopener\">\u00a0<\/a><\/div><p>La livraison d\u00e9pend de votre localisation et de l\u2019accessibilit\u00e9 du site.<\/p><p>Nous proposons des solutions de livraison rapides et fiables.<\/p><h2>Obtenir un devis<\/h2><p>Pour conna\u00eetre le prix exact, nous vous invitons \u00e0 faire une demande de devis.<\/p><p><strong>R\u00e9ponse rapide garantie avec une offre adapt\u00e9e \u00e0 vos besoins.<\/strong><\/p><p><b>Nous accompagnons nos clients dans le choix du container adapt\u00e9 \u00e0 leurs besoins, avec une livraison rapide et un devis personnalis\u00e9.<\/b><\/p><p>Voir \u00e9galement :<\/p><p><a style=\"font-size: 14px;\" href=\"https:\/\/kic-gmbh-containers.ch\/de\/container-occasion\/\" target=\"_blank\" rel=\"noopener\">\ud83d\udc49 Voir nos containers d\u2019occasion disponibles<\/a><\/p><p><a href=\"https:\/\/kic-gmbh-containers.ch\/de\/containers-stockage\/\" target=\"_blank\" rel=\"noopener\">\ud83d\udc49 D\u00e9couvrir nos containers de stockage<\/a><\/p><p><!-- \/wp:html --><\/p>\t\t\t\t\t\t\t\t<\/div>\n\t\t\t\t<div class=\"elementor-element elementor-element-e5d5d0e elementor-widget elementor-widget-button\" data-id=\"e5d5d0e\" data-element_type=\"widget\" data-e-type=\"widget\" data-widget_type=\"button.default\">\n\t\t\t\t\t\t\t\t\t\t<a class=\"elementor-button elementor-button-link elementor-size-sm\" href=\"https:\/\/kic-gmbh-containers.ch\/de\/demande-de-devis\/\">\n\t\t\t\t\t\t<span class=\"elementor-button-content-wrapper\">\n\t\t\t\t\t\t\t\t\t<span class=\"elementor-button-text\">Demander un devis<\/span>\n\t\t\t\t\t<\/span>\n\t\t\t\t\t<\/a>\n\t\t\t\t\t\t\t\t<\/div>\n\t\t\t\t\t<\/div>\n\t\t\t\t<\/div>\n\t\t\t\t<\/div>","protected":false},"excerpt":{"rendered":"<p>Demander un devis Prix d\u2019un container maritime D\u00e9couvrez nos diff\u00e9rents mod\u00e8les de containers selon vos besoins et votre budget.\u00a0 Le<\/p>","protected":false},"author":1,"featured_media":0,"parent":0,"menu_order":0,"comment_status":"closed","ping_status":"closed","template":"","meta":{"footnotes":""},"class_list":["post-28447","page","type-page","status-publish","hentry"],"_links":{"self":[{"href":"https:\/\/kic-gmbh-containers.ch\/de\/wp-json\/wp\/v2\/pages\/28447","targetHints":{"allow":["GET"]}}],"collection":[{"href":"https:\/\/kic-gmbh-containers.ch\/de\/wp-json\/wp\/v2\/pages"}],"about":[{"href":"https:\/\/kic-gmbh-containers.ch\/de\/wp-json\/wp\/v2\/types\/page"}],"author":[{"embeddable":true,"href":"https:\/\/kic-gmbh-containers.ch\/de\/wp-json\/wp\/v2\/users\/1"}],"replies":[{"embeddable":true,"href":"https:\/\/kic-gmbh-containers.ch\/de\/wp-json\/wp\/v2\/comments?post=28447"}],"version-history":[{"count":16,"href":"https:\/\/kic-gmbh-containers.ch\/de\/wp-json\/wp\/v2\/pages\/28447\/revisions"}],"predecessor-version":[{"id":28550,"href":"https:\/\/kic-gmbh-containers.ch\/de\/wp-json\/wp\/v2\/pages\/28447\/revisions\/28550"}],"wp:attachment":[{"href":"https:\/\/kic-gmbh-containers.ch\/de\/wp-json\/wp\/v2\/media?parent=28447"}],"curies":[{"name":"wp","href":"https:\/\/api.w.org\/{rel}","templated":true}]}}