{"id":15743,"date":"2026-02-24T13:29:06","date_gmt":"2026-02-24T13:29:06","guid":{"rendered":"https:\/\/es.robot-tonde-aspir.ch\/?post_type=product&amp;p=15743"},"modified":"2026-02-24T13:29:06","modified_gmt":"2026-02-24T13:29:06","slug":"container-20-pieds-open-side-double-portes-neuf","status":"publish","type":"product","link":"https:\/\/kic-gmbh-containers.ch\/de\/produkt\/container-20-pieds-open-side-double-portes-neuf\/","title":{"rendered":"Neuer 20-Fu\u00df-Container mit offener Seite und Doppelt\u00fcr"},"content":{"rendered":"<p>Le conteneur 20 pieds open side neuf. Le container 20 pieds ouverture lat\u00e9rale est tr\u00e8s robuste avec sa structure en acier corten et son cache cadenas, il vous garantit la s\u00e9curit\u00e9 des produits stock\u00e9. Details du produit Caract\u00e9ristiques techniques. Dimensions int\u00e9rieures: \u2013 Longueur : 5858 mm \u2013 Largeur : 2308 mm \u2013 Hauteur : 2591 mm Dimensions ext\u00e9rieures: \u2013 Longueur :6058 mm \u2013 Largeur : 2438 mm \u2013 Hauteur : 2591 mm Dimensions des portes: \u2013 Largeur : 2340 mm \u2013 Hauteur : 2280 mm Structure : CORTEN enti\u00e8rement soud\u00e9e Plancher : OSB 22 mm \/ Contre plaqu\u00e9 Marine 21 mm \/ Sol acier 3+1 mm Ouverture des portes \u00e0 270\u00b0. Informations compl\u00e9mentaires: -Poids : 1 310 kg -Passage fourche : 2 050 mm Le conteneur 20 pieds open side 1er voyage ou appel\u00e9 \u00e9galement container 20\u2019 open side neuf. Le container 20 pieds ouverture lat\u00e9rale est tr\u00e8s robuste avec sa structure en acier corten et son cache cadenas, il vous garantit la s\u00e9curit\u00e9 des produits stock\u00e9. C\u00f4t\u00e9s et avant en t\u00f4le d\u2019acier avec a\u00e9ration lat\u00e9rale, porte \u00e0 doubles battants avec barres de fermeture. Coins ISO et passages de fourches, \u00e9tanche \u00e0 l\u2019eau et \u00e0 l\u2019air, planch\u00e9 en bois pos\u00e9 sur traverses en acier<\/p>","protected":false},"excerpt":{"rendered":"<p>Le conteneur 20 pieds open side neuf. Le container 20 pieds ouverture lat\u00e9rale est tr\u00e8s robuste avec sa structure en<\/p>","protected":false},"featured_media":15746,"comment_status":"open","ping_status":"closed","template":"","meta":[],"product_brand":[],"product_cat":[31],"product_tag":[],"class_list":{"0":"post-15743","1":"product","2":"type-product","3":"status-publish","4":"has-post-thumbnail","6":"product_cat-containers-maritimes","8":"first","9":"instock","10":"taxable","11":"shipping-taxable","12":"purchasable","13":"product-type-simple"},"_links":{"self":[{"href":"https:\/\/kic-gmbh-containers.ch\/de\/wp-json\/wp\/v2\/product\/15743","targetHints":{"allow":["GET"]}}],"collection":[{"href":"https:\/\/kic-gmbh-containers.ch\/de\/wp-json\/wp\/v2\/product"}],"about":[{"href":"https:\/\/kic-gmbh-containers.ch\/de\/wp-json\/wp\/v2\/types\/product"}],"replies":[{"embeddable":true,"href":"https:\/\/kic-gmbh-containers.ch\/de\/wp-json\/wp\/v2\/comments?post=15743"}],"wp:featuredmedia":[{"embeddable":true,"href":"https:\/\/kic-gmbh-containers.ch\/de\/wp-json\/wp\/v2\/media\/15746"}],"wp:attachment":[{"href":"https:\/\/kic-gmbh-containers.ch\/de\/wp-json\/wp\/v2\/media?parent=15743"}],"wp:term":[{"taxonomy":"product_brand","embeddable":true,"href":"https:\/\/kic-gmbh-containers.ch\/de\/wp-json\/wp\/v2\/product_brand?post=15743"},{"taxonomy":"product_cat","embeddable":true,"href":"https:\/\/kic-gmbh-containers.ch\/de\/wp-json\/wp\/v2\/product_cat?post=15743"},{"taxonomy":"product_tag","embeddable":true,"href":"https:\/\/kic-gmbh-containers.ch\/de\/wp-json\/wp\/v2\/product_tag?post=15743"}],"curies":[{"name":"wp","href":"https:\/\/api.w.org\/{rel}","templated":true}]}}