{"id":15750,"date":"2026-02-24T13:32:05","date_gmt":"2026-02-24T13:32:05","guid":{"rendered":"https:\/\/es.robot-tonde-aspir.ch\/?post_type=product&amp;p=15750"},"modified":"2026-02-24T13:32:05","modified_gmt":"2026-02-24T13:32:05","slug":"container-amenage-complexe-29m%c2%b2-duo","status":"publish","type":"product","link":"https:\/\/kic-gmbh-containers.ch\/de\/produkt\/container-amenage-complexe-29m%c2%b2-duo\/","title":{"rendered":"Umgebauter Containerkomplex 29 m\u00b2 Duo"},"content":{"rendered":"<p>D\u00e9couvrez le Container Am\u00e9nag\u00e9 Complexe 29m\u00b2 Duo<br \/>\nLe Container Am\u00e9nag\u00e9 Complexe 29m\u00b2 Duo est la solution id\u00e9ale pour ceux qui recherchent un espace de travail ou de vie optimis\u00e9 et modulable. Compos\u00e9 de deux containers, cet espace offre un confort in\u00e9gal\u00e9 tout en \u00e9tant con\u00e7u pour s\u2019adapter \u00e0 de nombreux besoins, que ce soit pour des bureaux, des salles de r\u00e9union ou m\u00eame des espaces de d\u00e9tente.<\/p>\n<p>Caract\u00e9ristiques cl\u00e9s du Container Am\u00e9nag\u00e9 Complexe 29m\u00b2 Duo<br \/>\nSurface totale : 29m\u00b2, id\u00e9ale pour les petites \u00e9quipes ou groupes.<br \/>\nIsolation renforc\u00e9e pour un confort thermique optimal, \u00e9t\u00e9 comme hiver.<br \/>\n\u00c9lectricit\u00e9 et plomberie enti\u00e8rement int\u00e9gr\u00e9es, pr\u00eates \u00e0 l\u2019emploi.<br \/>\nDesign moderne et esth\u00e9tique, offrant un environnement professionnel ou personnel agr\u00e9able.<br \/>\nModulable selon vos besoins : possibilit\u00e9 d\u2019ajouter des cloisons ou des am\u00e9nagements personnalis\u00e9s.<br \/>\nPourquoi choisir le Conteneur Am\u00e9nag\u00e9 Complexe 29m\u00b2 Duo ?<br \/>\nAvec son excellent rapport qualit\u00e9\/prix, le Conteneur Am\u00e9nag\u00e9 Complexe 29m\u00b2 Duo est la solution parfaite pour ceux qui veulent allier modularit\u00e9, mobilit\u00e9 et efficacit\u00e9. Sa conception durable garantit une utilisation sur le long terme, avec des options d\u2019am\u00e9nagement qui s\u2019adaptent \u00e0 vos exigences. Que vous soyez un professionnel \u00e0 la recherche d\u2019un espace fonctionnel ou un particulier souhaitant un espace atypique, ce container est fait pour vous.<\/p>\n<p>Contactez-nous d\u00e8s aujourd\u2019hui pour plus d\u2019informations<br \/>\nN\u2019attendez plus pour transformer votre espace ! Contactez-nous d\u00e8s maintenant pour obtenir un devis personnalis\u00e9 et d\u00e9couvrir comment le Conteneur Am\u00e9nag\u00e9 Complexe 29m\u00b2 Duo peut r\u00e9pondre \u00e0 vos besoins sp\u00e9cifiques.<\/p>","protected":false},"excerpt":{"rendered":"<p>D\u00e9couvrez le Container Am\u00e9nag\u00e9 Complexe 29m\u00b2 Duo Le Container Am\u00e9nag\u00e9 Complexe 29m\u00b2 Duo est la solution id\u00e9ale pour ceux qui<\/p>","protected":false},"featured_media":15752,"comment_status":"open","ping_status":"closed","template":"","meta":[],"product_brand":[],"product_cat":[28],"product_tag":[],"class_list":{"0":"post-15750","1":"product","2":"type-product","3":"status-publish","4":"has-post-thumbnail","6":"product_cat-containers-doccasion","8":"first","9":"instock","10":"taxable","11":"shipping-taxable","12":"purchasable","13":"product-type-simple"},"_links":{"self":[{"href":"https:\/\/kic-gmbh-containers.ch\/de\/wp-json\/wp\/v2\/product\/15750","targetHints":{"allow":["GET"]}}],"collection":[{"href":"https:\/\/kic-gmbh-containers.ch\/de\/wp-json\/wp\/v2\/product"}],"about":[{"href":"https:\/\/kic-gmbh-containers.ch\/de\/wp-json\/wp\/v2\/types\/product"}],"replies":[{"embeddable":true,"href":"https:\/\/kic-gmbh-containers.ch\/de\/wp-json\/wp\/v2\/comments?post=15750"}],"wp:featuredmedia":[{"embeddable":true,"href":"https:\/\/kic-gmbh-containers.ch\/de\/wp-json\/wp\/v2\/media\/15752"}],"wp:attachment":[{"href":"https:\/\/kic-gmbh-containers.ch\/de\/wp-json\/wp\/v2\/media?parent=15750"}],"wp:term":[{"taxonomy":"product_brand","embeddable":true,"href":"https:\/\/kic-gmbh-containers.ch\/de\/wp-json\/wp\/v2\/product_brand?post=15750"},{"taxonomy":"product_cat","embeddable":true,"href":"https:\/\/kic-gmbh-containers.ch\/de\/wp-json\/wp\/v2\/product_cat?post=15750"},{"taxonomy":"product_tag","embeddable":true,"href":"https:\/\/kic-gmbh-containers.ch\/de\/wp-json\/wp\/v2\/product_tag?post=15750"}],"curies":[{"name":"wp","href":"https:\/\/api.w.org\/{rel}","templated":true}]}}