{"id":28046,"date":"2026-02-26T22:59:24","date_gmt":"2026-02-26T22:59:24","guid":{"rendered":"https:\/\/es.robot-tonde-aspir.ch\/?post_type=product&amp;p=28046"},"modified":"2026-02-26T22:59:24","modified_gmt":"2026-02-26T22:59:24","slug":"container-standard-20-pieds-neuf","status":"publish","type":"product","link":"https:\/\/kic-gmbh-containers.ch\/de\/produkt\/container-standard-20-pieds-neuf\/","title":{"rendered":"Neuer 20-Fu\u00df-Standardcontainer"},"content":{"rendered":"<h1 class=\"\" data-start=\"91\" data-end=\"188\"><strong data-start=\"93\" data-end=\"188\">Container Standard 20 Pieds Neuf \u2013 Id\u00e9al pour le Transport et l\u2019Entreposage de Marchandises<\/strong><\/h1>\n<h2 class=\"\" data-start=\"190\" data-end=\"280\"><strong data-start=\"193\" data-end=\"280\">\u2013 La Solution Polyvalente pour le Transport de Marchandises<\/strong><\/h2>\n<p class=\"\" data-start=\"282\" data-end=\"694\">Le\u00a0<strong data-start=\"285\" data-end=\"321\">Container Standard 20 Pieds Neuf<\/strong>\u00a0est l\u2019un des mod\u00e8les les plus populaires pour le\u00a0<strong data-start=\"371\" data-end=\"393\">transport maritime<\/strong>\u00a0et\u00a0<strong data-start=\"397\" data-end=\"410\">terrestre<\/strong>\u00a0ainsi que pour l\u2019<strong data-start=\"428\" data-end=\"443\">entreposage<\/strong>\u00a0de marchandises. \u00c9tanche \u00e0 l\u2019air et \u00e0 la lumi\u00e8re, il est conforme aux\u00a0<strong data-start=\"514\" data-end=\"562\">normes internationales de transport maritime<\/strong>\u00a0et est con\u00e7u pour contenir des produits secs, quel que soit leur conditionnement (bo\u00eetes, cartons, sacs, palettes, big bags, etc.).<\/p>\n<h3 class=\"\" data-start=\"696\" data-end=\"767\"><strong data-start=\"700\" data-end=\"767\">Caract\u00e9ristiques Techniques du Container Standard 20 Pieds Neuf<\/strong><\/h3>\n<ul data-start=\"769\" data-end=\"1387\">\n<li class=\"\" data-start=\"769\" data-end=\"881\">\n<p class=\"\" data-start=\"771\" data-end=\"799\"><strong data-start=\"771\" data-end=\"797\">Dimensions Int\u00e9rieures<\/strong>\u00a0:<\/p>\n<ul data-start=\"802\" data-end=\"881\">\n<li class=\"\" data-start=\"802\" data-end=\"827\">\n<p class=\"\" data-start=\"804\" data-end=\"827\"><strong data-start=\"804\" data-end=\"816\">Longueur<\/strong>\u00a0: 5 895 mm<\/p>\n<\/li>\n<li class=\"\" data-start=\"830\" data-end=\"854\">\n<p class=\"\" data-start=\"832\" data-end=\"854\"><strong data-start=\"832\" data-end=\"843\">Largeur<\/strong>\u00a0: 2 350 mm<\/p>\n<\/li>\n<li class=\"\" data-start=\"857\" data-end=\"881\">\n<p class=\"\" data-start=\"859\" data-end=\"881\"><strong data-start=\"859\" data-end=\"870\">Hauteur<\/strong>\u00a0: 2 392 mm<\/p>\n<\/li>\n<\/ul>\n<\/li>\n<li class=\"\" data-start=\"883\" data-end=\"995\">\n<p class=\"\" data-start=\"885\" data-end=\"913\"><strong data-start=\"885\" data-end=\"911\">Dimensions Ext\u00e9rieures<\/strong>\u00a0:<\/p>\n<ul data-start=\"916\" data-end=\"995\">\n<li class=\"\" data-start=\"916\" data-end=\"941\">\n<p class=\"\" data-start=\"918\" data-end=\"941\"><strong data-start=\"918\" data-end=\"930\">Longueur<\/strong>\u00a0: 6 058 mm<\/p>\n<\/li>\n<li class=\"\" data-start=\"944\" data-end=\"968\">\n<p class=\"\" data-start=\"946\" data-end=\"968\"><strong data-start=\"946\" data-end=\"957\">Largeur<\/strong>\u00a0: 2 438 mm<\/p>\n<\/li>\n<li class=\"\" data-start=\"971\" data-end=\"995\">\n<p class=\"\" data-start=\"973\" data-end=\"995\"><strong data-start=\"973\" data-end=\"984\">Hauteur<\/strong>\u00a0: 2 591 mm<\/p>\n<\/li>\n<\/ul>\n<\/li>\n<li class=\"\" data-start=\"997\" data-end=\"1080\">\n<p class=\"\" data-start=\"999\" data-end=\"1026\"><strong data-start=\"999\" data-end=\"1024\">Dimensions des Portes<\/strong>\u00a0:<\/p>\n<ul data-start=\"1029\" data-end=\"1080\">\n<li class=\"\" data-start=\"1029\" data-end=\"1053\">\n<p class=\"\" data-start=\"1031\" data-end=\"1053\"><strong data-start=\"1031\" data-end=\"1042\">Largeur<\/strong>\u00a0: 2 340 mm<\/p>\n<\/li>\n<li class=\"\" data-start=\"1056\" data-end=\"1080\">\n<p class=\"\" data-start=\"1058\" data-end=\"1080\"><strong data-start=\"1058\" data-end=\"1069\">Hauteur<\/strong>\u00a0: 2 280 mm<\/p>\n<\/li>\n<\/ul>\n<\/li>\n<li class=\"\" data-start=\"1082\" data-end=\"1163\">\n<p class=\"\" data-start=\"1084\" data-end=\"1163\"><strong data-start=\"1084\" data-end=\"1097\">Structure<\/strong>\u00a0:\u00a0<strong data-start=\"1100\" data-end=\"1116\">Acier Corten<\/strong>\u00a0enti\u00e8rement soud\u00e9 pour une robustesse maximale<\/p>\n<\/li>\n<li class=\"\" data-start=\"1164\" data-end=\"1242\">\n<p class=\"\" data-start=\"1166\" data-end=\"1242\"><strong data-start=\"1166\" data-end=\"1178\">Plancher<\/strong>\u00a0:\u00a0<strong data-start=\"1181\" data-end=\"1210\">Contreplaqu\u00e9 Marine 28 mm<\/strong>, id\u00e9al pour les charges lourdes<\/p>\n<\/li>\n<li class=\"\" data-start=\"1244\" data-end=\"1326\">\n<p class=\"\" data-start=\"1246\" data-end=\"1326\"><strong data-start=\"1246\" data-end=\"1270\">Fermeture des Portes<\/strong>\u00a0:\u00a0<strong data-start=\"1273\" data-end=\"1298\">4 cr\u00e9mones verticales<\/strong>\u00a0pour une s\u00e9curit\u00e9 renforc\u00e9e<\/p>\n<\/li>\n<li class=\"\" data-start=\"1327\" data-end=\"1387\">\n<p class=\"\" data-start=\"1329\" data-end=\"1387\"><strong data-start=\"1329\" data-end=\"1353\">Ouverture des Portes<\/strong>\u00a0:\u00a0<strong data-start=\"1356\" data-end=\"1364\">270\u00b0<\/strong>\u00a0pour un acc\u00e8s facilit\u00e9<\/p>\n<\/li>\n<\/ul>\n<h3 class=\"\" data-start=\"1389\" data-end=\"1425\"><strong data-start=\"1393\" data-end=\"1425\">Informations Compl\u00e9mentaires<\/strong><\/h3>\n<ul data-start=\"1427\" data-end=\"1559\">\n<li class=\"\" data-start=\"1427\" data-end=\"1455\">\n<p class=\"\" data-start=\"1429\" data-end=\"1455\"><strong data-start=\"1429\" data-end=\"1443\">Charge Max<\/strong>\u00a0: 28 230 kg<\/p>\n<\/li>\n<li class=\"\" data-start=\"1456\" data-end=\"1485\">\n<p class=\"\" data-start=\"1458\" data-end=\"1485\"><strong data-start=\"1458\" data-end=\"1474\">Poids \u00e0 Vide<\/strong>\u00a0: 2 250 kg<\/p>\n<\/li>\n<li class=\"\" data-start=\"1486\" data-end=\"1513\">\n<p class=\"\" data-start=\"1488\" data-end=\"1513\"><strong data-start=\"1488\" data-end=\"1501\">Poids Max<\/strong>\u00a0: 30 480 kg<\/p>\n<\/li>\n<li class=\"\" data-start=\"1514\" data-end=\"1559\">\n<p class=\"\" data-start=\"1516\" data-end=\"1559\"><strong data-start=\"1516\" data-end=\"1535\">Passage Fourche<\/strong>\u00a0: 950 mm et\/ou 2 050 mm<\/p>\n<\/li>\n<\/ul>\n<h3 class=\"\" data-start=\"1561\" data-end=\"1614\"><strong data-start=\"1565\" data-end=\"1614\">Avantages du Container Standard 20 Pieds Neuf<\/strong><\/h3>\n<ol data-start=\"1616\" data-end=\"2942\">\n<li class=\"\" data-start=\"1616\" data-end=\"1891\">\n<p class=\"\" data-start=\"1619\" data-end=\"1891\"><strong data-start=\"1619\" data-end=\"1652\">Mod\u00e8le Standard et Polyvalent<\/strong>\u00a0: Ce\u00a0<strong data-start=\"1658\" data-end=\"1680\">container 20 pieds<\/strong>\u00a0est l\u2019un des plus utilis\u00e9s pour le\u00a0<strong data-start=\"1716\" data-end=\"1745\">transport de marchandises<\/strong>. Sa\u00a0<strong data-start=\"1750\" data-end=\"1769\">taille compacte<\/strong>\u00a0permet de l\u2019utiliser dans une large gamme d\u2019applications, de l\u2019<strong data-start=\"1833\" data-end=\"1848\">entreposage<\/strong>\u00a0au\u00a0<strong data-start=\"1852\" data-end=\"1865\">transport<\/strong>\u00a0sur\u00a0<strong data-start=\"1870\" data-end=\"1890\">toutes distances<\/strong>.<\/p>\n<\/li>\n<li class=\"\" data-start=\"1893\" data-end=\"2162\">\n<p class=\"\" data-start=\"1896\" data-end=\"2162\"><strong data-start=\"1896\" data-end=\"1935\">Conforme aux Normes Internationales<\/strong>\u00a0: Conforme aux\u00a0<strong data-start=\"1951\" data-end=\"1996\">normes CSC (Container Safety Certificate)<\/strong>, il garantit un contr\u00f4le de l\u2019\u00e9tanch\u00e9it\u00e9 et une\u00a0<strong data-start=\"2045\" data-end=\"2079\">qualit\u00e9 conforme aux standards<\/strong>\u00a0internationaux, ce qui le rend id\u00e9al pour les exp\u00e9ditions maritimes et terrestres.<\/p>\n<\/li>\n<li class=\"\" data-start=\"2164\" data-end=\"2410\">\n<p class=\"\" data-start=\"2167\" data-end=\"2410\"><strong data-start=\"2167\" data-end=\"2188\">\u00c9tanch\u00e9it\u00e9 Totale<\/strong>\u00a0: Gr\u00e2ce \u00e0 sa structure rigide en\u00a0<strong data-start=\"2222\" data-end=\"2238\">acier Corten<\/strong>\u00a0et son plancher en\u00a0<strong data-start=\"2258\" data-end=\"2281\">contreplaqu\u00e9 marine<\/strong>, le container est totalement \u00e9tanche, prot\u00e9geant ainsi vos marchandises contre les intemp\u00e9ries et les variations de temp\u00e9rature.<\/p>\n<\/li>\n<li class=\"\" data-start=\"2412\" data-end=\"2728\">\n<p class=\"\" data-start=\"2415\" data-end=\"2728\"><strong data-start=\"2415\" data-end=\"2446\">Flexible et Personnalisable<\/strong>\u00a0: Si n\u00e9cessaire, il peut \u00eatre facilement adapt\u00e9 pour\u00a0<strong data-start=\"2500\" data-end=\"2532\">des am\u00e9nagements sp\u00e9cifiques<\/strong>\u00a0tels que des\u00a0<strong data-start=\"2546\" data-end=\"2562\">bases de vie<\/strong>, des\u00a0<strong data-start=\"2568\" data-end=\"2580\">ateliers<\/strong>\u00a0ou des\u00a0<strong data-start=\"2588\" data-end=\"2599\">bureaux<\/strong>\u00a0temporaires. Vous pouvez \u00e9galement l\u2019\u00e9quiper de\u00a0<strong data-start=\"2648\" data-end=\"2674\">rev\u00eatements int\u00e9rieurs<\/strong>,\u00a0<strong data-start=\"2676\" data-end=\"2691\">flexi tanks<\/strong>\u00a0ou\u00a0<strong data-start=\"2695\" data-end=\"2709\">isolations<\/strong>\u00a0selon vos besoins.<\/p>\n<\/li>\n<li class=\"\" data-start=\"2730\" data-end=\"2942\">\n<p class=\"\" data-start=\"2733\" data-end=\"2942\"><strong data-start=\"2733\" data-end=\"2758\">Facilit\u00e9 de Transport<\/strong>\u00a0: Sa\u00a0<strong data-start=\"2764\" data-end=\"2782\">taille r\u00e9duite<\/strong>\u00a0et son\u00a0<strong data-start=\"2790\" data-end=\"2813\">faible encombrement<\/strong>\u00a0permettent une\u00a0<strong data-start=\"2829\" data-end=\"2849\">livraison facile<\/strong>\u00a0sur des espaces restreints, tout en offrant une grande capacit\u00e9 de stockage et de transport.<\/p>\n<\/li>\n<\/ol>\n<h3 class=\"\" data-start=\"2944\" data-end=\"3000\"><strong data-start=\"2948\" data-end=\"3000\">Applications du Container Standard 20 Pieds Neuf<\/strong><\/h3>\n<ul data-start=\"3002\" data-end=\"3591\">\n<li class=\"\" data-start=\"3002\" data-end=\"3221\">\n<p class=\"\" data-start=\"3004\" data-end=\"3221\"><strong data-start=\"3004\" data-end=\"3044\">Transport de Marchandises S\u00e9curis\u00e9es<\/strong>\u00a0: Parfait pour le\u00a0<strong data-start=\"3063\" data-end=\"3085\">transport maritime<\/strong>\u00a0et\u00a0<strong data-start=\"3089\" data-end=\"3102\">terrestre<\/strong>\u00a0de marchandises diverses comme des\u00a0<strong data-start=\"3138\" data-end=\"3155\">produits secs<\/strong>,\u00a0<strong data-start=\"3157\" data-end=\"3186\">mat\u00e9riaux de construction<\/strong>,\u00a0<strong data-start=\"3188\" data-end=\"3215\">\u00e9quipements industriels<\/strong>, etc.<\/p>\n<\/li>\n<li class=\"\" data-start=\"3223\" data-end=\"3427\">\n<p class=\"\" data-start=\"3225\" data-end=\"3427\"><strong data-start=\"3225\" data-end=\"3240\">Entreposage<\/strong>\u00a0: Id\u00e9al pour des besoins de\u00a0<strong data-start=\"3269\" data-end=\"3305\">stockage temporaire ou permanent<\/strong>, le container 20 pieds est utilis\u00e9 par de nombreuses entreprises pour s\u00e9curiser et stocker leurs biens de mani\u00e8re fiable.<\/p>\n<\/li>\n<li class=\"\" data-start=\"3429\" data-end=\"3591\">\n<p class=\"\" data-start=\"3431\" data-end=\"3591\"><strong data-start=\"3431\" data-end=\"3459\">Am\u00e9nagements Temporaires<\/strong>\u00a0: Ce mod\u00e8le peut \u00e9galement \u00eatre transform\u00e9 en\u00a0<strong data-start=\"3506\" data-end=\"3516\">bureau<\/strong>,\u00a0<strong data-start=\"3518\" data-end=\"3529\">atelier<\/strong>,\u00a0<strong data-start=\"3531\" data-end=\"3551\">abri de chantier<\/strong>\u00a0ou tout autre type d\u2019espace de travail.<\/p>\n<\/li>\n<\/ul>","protected":false},"excerpt":{"rendered":"<p>Container Standard 20 Pieds Neuf \u2013 Id\u00e9al pour le Transport et l\u2019Entreposage de Marchandises \u2013 La Solution Polyvalente pour le<\/p>","protected":false},"featured_media":28049,"comment_status":"open","ping_status":"closed","template":"","meta":[],"product_brand":[],"product_cat":[31],"product_tag":[],"class_list":{"0":"post-28046","1":"product","2":"type-product","3":"status-publish","4":"has-post-thumbnail","6":"product_cat-containers-maritimes","8":"first","9":"instock","10":"taxable","11":"shipping-taxable","12":"purchasable","13":"product-type-simple"},"_links":{"self":[{"href":"https:\/\/kic-gmbh-containers.ch\/de\/wp-json\/wp\/v2\/product\/28046","targetHints":{"allow":["GET"]}}],"collection":[{"href":"https:\/\/kic-gmbh-containers.ch\/de\/wp-json\/wp\/v2\/product"}],"about":[{"href":"https:\/\/kic-gmbh-containers.ch\/de\/wp-json\/wp\/v2\/types\/product"}],"replies":[{"embeddable":true,"href":"https:\/\/kic-gmbh-containers.ch\/de\/wp-json\/wp\/v2\/comments?post=28046"}],"wp:featuredmedia":[{"embeddable":true,"href":"https:\/\/kic-gmbh-containers.ch\/de\/wp-json\/wp\/v2\/media\/28049"}],"wp:attachment":[{"href":"https:\/\/kic-gmbh-containers.ch\/de\/wp-json\/wp\/v2\/media?parent=28046"}],"wp:term":[{"taxonomy":"product_brand","embeddable":true,"href":"https:\/\/kic-gmbh-containers.ch\/de\/wp-json\/wp\/v2\/product_brand?post=28046"},{"taxonomy":"product_cat","embeddable":true,"href":"https:\/\/kic-gmbh-containers.ch\/de\/wp-json\/wp\/v2\/product_cat?post=28046"},{"taxonomy":"product_tag","embeddable":true,"href":"https:\/\/kic-gmbh-containers.ch\/de\/wp-json\/wp\/v2\/product_tag?post=28046"}],"curies":[{"name":"wp","href":"https:\/\/api.w.org\/{rel}","templated":true}]}}