{"id":28082,"date":"2026-02-27T00:04:06","date_gmt":"2026-02-27T00:04:06","guid":{"rendered":"https:\/\/es.robot-tonde-aspir.ch\/?post_type=product&#038;p=28082"},"modified":"2026-03-05T23:07:25","modified_gmt":"2026-03-05T23:07:25","slug":"container-8-pieds-neuf","status":"publish","type":"product","link":"https:\/\/kic-gmbh-containers.ch\/de\/produkt\/container-8-pieds-neuf\/","title":{"rendered":"neuer 8-Fu\u00df-Container"},"content":{"rendered":"<h3 class=\"\" data-start=\"164\" data-end=\"233\"><strong data-start=\"168\" data-end=\"231\">Container 8 Pieds neuf Stockage \u2013 Robuste, Compact et Polyvalent<\/strong><\/h3>\n<p class=\"\" data-start=\"235\" data-end=\"564\">Le\u00a0<strong data-start=\"238\" data-end=\"268\">container 8 pieds stockage<\/strong>\u00a0est la solution id\u00e9ale pour le stockage en toute s\u00e9curit\u00e9 sur les chantiers, dans les entreprises ou pour une activit\u00e9 de self-stockage. Gr\u00e2ce \u00e0 son faible encombrement et \u00e0 sa conception robuste en acier CORTEN enti\u00e8rement soud\u00e9, il offre une r\u00e9sistance optimale aux intemp\u00e9ries et aux chocs.<\/p>\n<h3 class=\"\" data-start=\"566\" data-end=\"618\"><strong data-start=\"570\" data-end=\"616\">Un Espace de Stockage S\u00e9curis\u00e9 et Pratique<\/strong><\/h3>\n<p class=\"\" data-start=\"619\" data-end=\"934\">Avec ses dimensions ext\u00e9rieures de\u00a0<strong data-start=\"654\" data-end=\"679\">2438 x 2200 x 2250 mm<\/strong>, ce container compact s\u2019int\u00e8gre facilement sur tous types de terrains tout en maximisant l\u2019espace de stockage disponible. Son int\u00e9rieur spacieux (<strong data-start=\"826\" data-end=\"851\">2270 x 2090 x 2065 mm<\/strong>) permet de stocker divers \u00e9quipements, outils et marchandises en toute s\u00e9curit\u00e9.<\/p>\n<h3 class=\"\" data-start=\"936\" data-end=\"973\"><strong data-start=\"940\" data-end=\"971\">Caract\u00e9ristiques Techniques<\/strong><\/h3>\n<ul data-start=\"974\" data-end=\"1366\">\n<li class=\"\" data-start=\"974\" data-end=\"1051\">\n<p class=\"\" data-start=\"976\" data-end=\"1051\"><strong data-start=\"976\" data-end=\"989\">Structure<\/strong>\u00a0: Acier CORTEN enti\u00e8rement soud\u00e9, r\u00e9sistant \u00e0 la corrosion.<\/p>\n<\/li>\n<li class=\"\" data-start=\"1052\" data-end=\"1128\">\n<p class=\"\" data-start=\"1054\" data-end=\"1128\"><strong data-start=\"1054\" data-end=\"1066\">Plancher<\/strong>\u00a0: OSB 22 mm, contreplaqu\u00e9 marine 21 mm ou sol acier 3+1 mm.<\/p>\n<\/li>\n<li class=\"\" data-start=\"1129\" data-end=\"1215\">\n<p class=\"\" data-start=\"1131\" data-end=\"1215\"><strong data-start=\"1131\" data-end=\"1141\">Portes<\/strong>\u00a0: Ouverture \u00e0 270\u00b0 pour un acc\u00e8s facile, dimensions\u00a0<strong data-start=\"1194\" data-end=\"1212\">2340 x 2280 mm<\/strong>.<\/p>\n<\/li>\n<li class=\"\" data-start=\"1216\" data-end=\"1301\">\n<p class=\"\" data-start=\"1218\" data-end=\"1301\"><strong data-start=\"1218\" data-end=\"1232\">Charge max<\/strong>\u00a0:\u00a0<strong data-start=\"1235\" data-end=\"1247\">2 785 kg<\/strong>\u00a0\u2013 Poids \u00e0 vide\u00a0<strong data-start=\"1263\" data-end=\"1273\">630 kg<\/strong>\u00a0\u2013 Poids max\u00a0<strong data-start=\"1286\" data-end=\"1298\">3 500 kg<\/strong>.<\/p>\n<\/li>\n<li class=\"\" data-start=\"1302\" data-end=\"1366\">\n<p class=\"\" data-start=\"1304\" data-end=\"1366\"><strong data-start=\"1304\" data-end=\"1323\">Passage fourche<\/strong>\u00a0:\u00a0<strong data-start=\"1326\" data-end=\"1336\">950 mm<\/strong>, facilitant la manutention.<\/p>\n<\/li>\n<\/ul>\n<p class=\"\" data-start=\"1418\" data-end=\"1712\">","protected":false},"excerpt":{"rendered":"<p>Container 8 Pieds neuf Stockage \u2013 Robuste, Compact et Polyvalent Le\u00a0container 8 pieds stockage\u00a0est la solution id\u00e9ale pour le stockage<\/p>","protected":false},"featured_media":28083,"comment_status":"open","ping_status":"closed","template":"","meta":[],"product_brand":[],"product_cat":[31],"product_tag":[],"class_list":{"0":"post-28082","1":"product","2":"type-product","3":"status-publish","4":"has-post-thumbnail","6":"product_cat-containers-maritimes","8":"first","9":"instock","10":"taxable","11":"shipping-taxable","12":"purchasable","13":"product-type-simple"},"_links":{"self":[{"href":"https:\/\/kic-gmbh-containers.ch\/de\/wp-json\/wp\/v2\/product\/28082","targetHints":{"allow":["GET"]}}],"collection":[{"href":"https:\/\/kic-gmbh-containers.ch\/de\/wp-json\/wp\/v2\/product"}],"about":[{"href":"https:\/\/kic-gmbh-containers.ch\/de\/wp-json\/wp\/v2\/types\/product"}],"replies":[{"embeddable":true,"href":"https:\/\/kic-gmbh-containers.ch\/de\/wp-json\/wp\/v2\/comments?post=28082"}],"wp:featuredmedia":[{"embeddable":true,"href":"https:\/\/kic-gmbh-containers.ch\/de\/wp-json\/wp\/v2\/media\/28083"}],"wp:attachment":[{"href":"https:\/\/kic-gmbh-containers.ch\/de\/wp-json\/wp\/v2\/media?parent=28082"}],"wp:term":[{"taxonomy":"product_brand","embeddable":true,"href":"https:\/\/kic-gmbh-containers.ch\/de\/wp-json\/wp\/v2\/product_brand?post=28082"},{"taxonomy":"product_cat","embeddable":true,"href":"https:\/\/kic-gmbh-containers.ch\/de\/wp-json\/wp\/v2\/product_cat?post=28082"},{"taxonomy":"product_tag","embeddable":true,"href":"https:\/\/kic-gmbh-containers.ch\/de\/wp-json\/wp\/v2\/product_tag?post=28082"}],"curies":[{"name":"wp","href":"https:\/\/api.w.org\/{rel}","templated":true}]}}