{"id":28095,"date":"2026-02-27T01:24:11","date_gmt":"2026-02-27T01:24:11","guid":{"rendered":"https:\/\/es.robot-tonde-aspir.ch\/?post_type=product&amp;p=28095"},"modified":"2026-02-27T01:24:11","modified_gmt":"2026-02-27T01:24:11","slug":"container-pallet-wide-high-cube-45-pieds","status":"publish","type":"product","link":"https:\/\/kic-gmbh-containers.ch\/de\/produkt\/container-pallet-wide-high-cube-45-pieds\/","title":{"rendered":"45 Fu\u00df breiter High-Cube-Palettencontainer"},"content":{"rendered":"<h1 class=\"\" data-start=\"99\" data-end=\"200\"><strong data-start=\"101\" data-end=\"200\">Container Pallet Wide High Cube 45 Pieds \u2013 Id\u00e9al pour le Transport de Marchandises Volumineuses<\/strong><\/h1>\n<h1 class=\"\" data-start=\"99\" data-end=\"200\"><strong data-start=\"205\" data-end=\"299\">\u2013 La Solution de Transport avec Capacit\u00e9 Maximale<\/strong><\/h1>\n<p class=\"\" data-start=\"301\" data-end=\"744\">Le\u00a0<strong data-start=\"304\" data-end=\"348\">Container Pallet Wide High Cube 45 pieds<\/strong>\u00a0est une\u00a0<strong data-start=\"357\" data-end=\"397\">solution de stockage et de transport<\/strong>\u00a0de grande capacit\u00e9, sp\u00e9cialement con\u00e7u pour les utilisateurs europ\u00e9ens. Avec sa largeur optimis\u00e9e pour charger\u00a0<strong data-start=\"509\" data-end=\"538\">3 rang\u00e9es d\u2019euro palettes<\/strong>, il offre le volume de chargement le plus important parmi les containers standards. Ce conteneur est une excellente option pour\u00a0<strong data-start=\"667\" data-end=\"712\">le transport de marchandises volumineuses<\/strong>\u00a0et\u00a0<strong data-start=\"716\" data-end=\"743\">d\u2019articles sur palettes<\/strong>.<\/p>\n<h3 class=\"\" data-start=\"746\" data-end=\"825\"><strong data-start=\"750\" data-end=\"825\">Caract\u00e9ristiques Techniques du Container 45 Pieds High Cube Pallet Wide<\/strong><\/h3>\n<ul data-start=\"827\" data-end=\"1501\">\n<li class=\"\" data-start=\"827\" data-end=\"940\">\n<p class=\"\" data-start=\"829\" data-end=\"857\"><strong data-start=\"829\" data-end=\"855\">Dimensions Int\u00e9rieures<\/strong>\u00a0:<\/p>\n<ul data-start=\"860\" data-end=\"940\">\n<li class=\"\" data-start=\"860\" data-end=\"886\">\n<p class=\"\" data-start=\"862\" data-end=\"886\"><strong data-start=\"862\" data-end=\"874\">Longueur<\/strong>\u00a0: 12 550 mm<\/p>\n<\/li>\n<li class=\"\" data-start=\"889\" data-end=\"913\">\n<p class=\"\" data-start=\"891\" data-end=\"913\"><strong data-start=\"891\" data-end=\"902\">Largeur<\/strong>\u00a0: 2 410 mm<\/p>\n<\/li>\n<li class=\"\" data-start=\"916\" data-end=\"940\">\n<p class=\"\" data-start=\"918\" data-end=\"940\"><strong data-start=\"918\" data-end=\"929\">Hauteur<\/strong>\u00a0: 2 698 mm<\/p>\n<\/li>\n<\/ul>\n<\/li>\n<li class=\"\" data-start=\"942\" data-end=\"1055\">\n<p class=\"\" data-start=\"944\" data-end=\"972\"><strong data-start=\"944\" data-end=\"970\">Dimensions Ext\u00e9rieures<\/strong>\u00a0:<\/p>\n<ul data-start=\"975\" data-end=\"1055\">\n<li class=\"\" data-start=\"975\" data-end=\"1001\">\n<p class=\"\" data-start=\"977\" data-end=\"1001\"><strong data-start=\"977\" data-end=\"989\">Longueur<\/strong>\u00a0: 13 716 mm<\/p>\n<\/li>\n<li class=\"\" data-start=\"1004\" data-end=\"1028\">\n<p class=\"\" data-start=\"1006\" data-end=\"1028\"><strong data-start=\"1006\" data-end=\"1017\">Largeur<\/strong>\u00a0: 2 460 mm<\/p>\n<\/li>\n<li class=\"\" data-start=\"1031\" data-end=\"1055\">\n<p class=\"\" data-start=\"1033\" data-end=\"1055\"><strong data-start=\"1033\" data-end=\"1044\">Hauteur<\/strong>\u00a0: 2 896 mm<\/p>\n<\/li>\n<\/ul>\n<\/li>\n<li class=\"\" data-start=\"1057\" data-end=\"1140\">\n<p class=\"\" data-start=\"1059\" data-end=\"1086\"><strong data-start=\"1059\" data-end=\"1084\">Dimensions des Portes<\/strong>\u00a0:<\/p>\n<ul data-start=\"1089\" data-end=\"1140\">\n<li class=\"\" data-start=\"1089\" data-end=\"1113\">\n<p class=\"\" data-start=\"1091\" data-end=\"1113\"><strong data-start=\"1091\" data-end=\"1102\">Largeur<\/strong>\u00a0: 2 359 mm<\/p>\n<\/li>\n<li class=\"\" data-start=\"1116\" data-end=\"1140\">\n<p class=\"\" data-start=\"1118\" data-end=\"1140\"><strong data-start=\"1118\" data-end=\"1129\">Hauteur<\/strong>\u00a0: 2 585 mm<\/p>\n<\/li>\n<\/ul>\n<\/li>\n<li class=\"\" data-start=\"1142\" data-end=\"1232\">\n<p class=\"\" data-start=\"1144\" data-end=\"1232\"><strong data-start=\"1144\" data-end=\"1157\">Structure<\/strong>\u00a0:\u00a0<strong data-start=\"1160\" data-end=\"1176\">Acier Corten<\/strong>\u00a0soud\u00e9, offrant robustesse et r\u00e9sistance aux intemp\u00e9ries<\/p>\n<\/li>\n<li class=\"\" data-start=\"1233\" data-end=\"1322\">\n<p class=\"\" data-start=\"1235\" data-end=\"1322\"><strong data-start=\"1235\" data-end=\"1247\">Plancher<\/strong>\u00a0:\u00a0<strong data-start=\"1250\" data-end=\"1279\">Contreplaqu\u00e9 Marine 28 mm<\/strong>, adapt\u00e9 pour supporter des charges lourdes<\/p>\n<\/li>\n<li class=\"\" data-start=\"1323\" data-end=\"1408\">\n<p class=\"\" data-start=\"1325\" data-end=\"1408\"><strong data-start=\"1325\" data-end=\"1349\">Fermeture des Portes<\/strong>\u00a0:\u00a0<strong data-start=\"1352\" data-end=\"1377\">2 cr\u00e9mones verticales<\/strong>, offrant une s\u00e9curit\u00e9 optimale<\/p>\n<\/li>\n<li class=\"\" data-start=\"1410\" data-end=\"1501\">\n<p class=\"\" data-start=\"1412\" data-end=\"1501\"><strong data-start=\"1412\" data-end=\"1436\">Ouverture des Portes<\/strong>\u00a0:\u00a0<strong data-start=\"1439\" data-end=\"1447\">270\u00b0<\/strong>, pour faciliter l\u2019acc\u00e8s et le chargement\/d\u00e9chargement<\/p>\n<\/li>\n<\/ul>\n<h3 class=\"\" data-start=\"1503\" data-end=\"1539\"><strong data-start=\"1507\" data-end=\"1539\">Informations Compl\u00e9mentaires<\/strong><\/h3>\n<ul data-start=\"1541\" data-end=\"1627\">\n<li class=\"\" data-start=\"1541\" data-end=\"1569\">\n<p class=\"\" data-start=\"1543\" data-end=\"1569\"><strong data-start=\"1543\" data-end=\"1557\">Charge Max<\/strong>\u00a0: 34 000 kg<\/p>\n<\/li>\n<li class=\"\" data-start=\"1570\" data-end=\"1599\">\n<p class=\"\" data-start=\"1572\" data-end=\"1599\"><strong data-start=\"1572\" data-end=\"1588\">Poids \u00e0 Vide<\/strong>\u00a0: 4 250 kg<\/p>\n<\/li>\n<li class=\"\" data-start=\"1600\" data-end=\"1627\">\n<p class=\"\" data-start=\"1602\" data-end=\"1627\"><strong data-start=\"1602\" data-end=\"1615\">Poids Max<\/strong>\u00a0: 29 000 kg<\/p>\n<\/li>\n<\/ul>\n<h3 class=\"\" data-start=\"1629\" data-end=\"1690\"><strong data-start=\"1633\" data-end=\"1690\">Avantages du Container 45 Pieds High Cube Pallet Wide<\/strong><\/h3>\n<ol data-start=\"1692\" data-end=\"2833\">\n<li class=\"\" data-start=\"1692\" data-end=\"1927\">\n<p class=\"\" data-start=\"1695\" data-end=\"1927\"><strong data-start=\"1695\" data-end=\"1716\">Capacit\u00e9 Maximale<\/strong>\u00a0: Ce\u00a0<strong data-start=\"1722\" data-end=\"1735\">container<\/strong>\u00a0peut charger jusqu\u2019\u00e0\u00a0<strong data-start=\"1757\" data-end=\"1777\">33 euro palettes<\/strong>\u00a0(3 rang\u00e9es sur la largeur), ce qui en fait l\u2019une des solutions les plus\u00a0<strong data-start=\"1850\" data-end=\"1877\">spacieuses et efficaces<\/strong>\u00a0pour le stockage et le transport de marchandises.<\/p>\n<\/li>\n<li class=\"\" data-start=\"1929\" data-end=\"2158\">\n<p class=\"\" data-start=\"1932\" data-end=\"2158\"><strong data-start=\"1932\" data-end=\"1964\">Haute Capacit\u00e9 de Chargement<\/strong>\u00a0: Avec un volume int\u00e9rieur optimal, il est parfait pour les entreprises ayant besoin de\u00a0<strong data-start=\"2053\" data-end=\"2087\">transport de grandes quantit\u00e9s<\/strong>\u00a0de marchandises tout en respectant les\u00a0<strong data-start=\"2127\" data-end=\"2157\">normes internationales ISO<\/strong>.<\/p>\n<\/li>\n<li class=\"\" data-start=\"2160\" data-end=\"2440\">\n<p class=\"\" data-start=\"2163\" data-end=\"2440\"><strong data-start=\"2163\" data-end=\"2187\">Solution Intermodale<\/strong>\u00a0: Ce\u00a0<strong data-start=\"2193\" data-end=\"2215\">container 45 pieds<\/strong>\u00a0est con\u00e7u pour \u00eatre facilement transf\u00e9r\u00e9 entre diff\u00e9rents modes de transport :\u00a0<strong data-start=\"2295\" data-end=\"2306\">routier<\/strong>,\u00a0<strong data-start=\"2308\" data-end=\"2323\">ferroviaire<\/strong>\u00a0et\u00a0<strong data-start=\"2327\" data-end=\"2339\">maritime<\/strong>, sans devoir d\u00e9placer son contenu. Cela le rend extr\u00eamement pratique pour\u00a0<strong data-start=\"2414\" data-end=\"2439\">les longues distances<\/strong>.<\/p>\n<\/li>\n<li class=\"\" data-start=\"2442\" data-end=\"2621\">\n<p class=\"\" data-start=\"2445\" data-end=\"2621\"><strong data-start=\"2445\" data-end=\"2459\">Robustesse<\/strong>\u00a0: Gr\u00e2ce \u00e0 sa\u00a0<strong data-start=\"2473\" data-end=\"2502\">structure en acier Corten<\/strong>, il r\u00e9siste aux conditions difficiles, et son\u00a0<strong data-start=\"2549\" data-end=\"2584\">plancher en contreplaqu\u00e9 marine<\/strong>\u00a0assure une durabilit\u00e9 dans le temps.<\/p>\n<\/li>\n<li class=\"\" data-start=\"2623\" data-end=\"2833\">\n<p class=\"\" data-start=\"2626\" data-end=\"2833\"><strong data-start=\"2626\" data-end=\"2665\">Optimis\u00e9 pour le Transport Europ\u00e9en<\/strong>\u00a0: Le\u00a0<strong data-start=\"2671\" data-end=\"2686\">pallet wide<\/strong>\u00a0offre une largeur permettant d\u2019optimiser le stockage des\u00a0<strong data-start=\"2744\" data-end=\"2761\">palettes euro<\/strong>, ce qui est crucial pour les\u00a0<strong data-start=\"2791\" data-end=\"2822\">exportations et le stockage<\/strong>\u00a0en Europe.<\/p>\n<\/li>\n<\/ol>\n<h3 class=\"\" data-start=\"2835\" data-end=\"2899\"><strong data-start=\"2839\" data-end=\"2899\">Applications du Container 45 Pieds High Cube Pallet Wide<\/strong><\/h3>\n<ul data-start=\"2901\" data-end=\"3583\">\n<li class=\"\" data-start=\"2901\" data-end=\"3133\">\n<p class=\"\" data-start=\"2903\" data-end=\"3133\"><strong data-start=\"2903\" data-end=\"2945\">Transport de Marchandises Volumineuses<\/strong>\u00a0: Id\u00e9al pour les\u00a0<strong data-start=\"2963\" data-end=\"2988\">produits sur palettes<\/strong>, ce container est largement utilis\u00e9 dans\u00a0<strong data-start=\"3030\" data-end=\"3056\">l\u2019industrie logistique<\/strong>\u00a0pour le transport de grandes quantit\u00e9s de marchandises en Europe et au-del\u00e0.<\/p>\n<\/li>\n<li class=\"\" data-start=\"3135\" data-end=\"3398\">\n<p class=\"\" data-start=\"3137\" data-end=\"3398\"><strong data-start=\"3137\" data-end=\"3177\">Solution pour Exportateurs Europ\u00e9ens<\/strong>\u00a0: La largeur optimis\u00e9e pour les\u00a0<strong data-start=\"3210\" data-end=\"3227\">euro palettes<\/strong>\u00a0en fait la solution parfaite pour les\u00a0<strong data-start=\"3266\" data-end=\"3298\">exportations internationales<\/strong>, notamment pour les\u00a0<strong data-start=\"3319\" data-end=\"3343\">marchandises en vrac<\/strong>,\u00a0<strong data-start=\"3345\" data-end=\"3369\">produits industriels<\/strong>\u00a0ou\u00a0<strong data-start=\"3373\" data-end=\"3397\">denr\u00e9es alimentaires<\/strong>.<\/p>\n<\/li>\n<li class=\"\" data-start=\"3400\" data-end=\"3583\">\n<p class=\"\" data-start=\"3402\" data-end=\"3583\"><strong data-start=\"3402\" data-end=\"3431\">Entreprises de Logistique<\/strong>\u00a0: Gr\u00e2ce \u00e0 sa capacit\u00e9 de charge maximale et son\u00a0<strong data-start=\"3480\" data-end=\"3498\">acc\u00e8s facilit\u00e9<\/strong>, il est parfait pour les\u00a0<strong data-start=\"3524\" data-end=\"3550\">op\u00e9rations logistiques<\/strong>\u00a0et le stockage \u00e0 grande \u00e9chelle.<\/p>\n<\/li>\n<\/ul>","protected":false},"excerpt":{"rendered":"<p>Container Pallet Wide High Cube 45 Pieds \u2013 Id\u00e9al pour le Transport de Marchandises Volumineuses \u2013 La Solution de Transport<\/p>","protected":false},"featured_media":28100,"comment_status":"open","ping_status":"closed","template":"","meta":[],"product_brand":[],"product_cat":[32],"product_tag":[],"class_list":{"0":"post-28095","1":"product","2":"type-product","3":"status-publish","4":"has-post-thumbnail","6":"product_cat-containers-specifiques","8":"first","9":"instock","10":"taxable","11":"shipping-taxable","12":"purchasable","13":"product-type-simple"},"_links":{"self":[{"href":"https:\/\/kic-gmbh-containers.ch\/de\/wp-json\/wp\/v2\/product\/28095","targetHints":{"allow":["GET"]}}],"collection":[{"href":"https:\/\/kic-gmbh-containers.ch\/de\/wp-json\/wp\/v2\/product"}],"about":[{"href":"https:\/\/kic-gmbh-containers.ch\/de\/wp-json\/wp\/v2\/types\/product"}],"replies":[{"embeddable":true,"href":"https:\/\/kic-gmbh-containers.ch\/de\/wp-json\/wp\/v2\/comments?post=28095"}],"wp:featuredmedia":[{"embeddable":true,"href":"https:\/\/kic-gmbh-containers.ch\/de\/wp-json\/wp\/v2\/media\/28100"}],"wp:attachment":[{"href":"https:\/\/kic-gmbh-containers.ch\/de\/wp-json\/wp\/v2\/media?parent=28095"}],"wp:term":[{"taxonomy":"product_brand","embeddable":true,"href":"https:\/\/kic-gmbh-containers.ch\/de\/wp-json\/wp\/v2\/product_brand?post=28095"},{"taxonomy":"product_cat","embeddable":true,"href":"https:\/\/kic-gmbh-containers.ch\/de\/wp-json\/wp\/v2\/product_cat?post=28095"},{"taxonomy":"product_tag","embeddable":true,"href":"https:\/\/kic-gmbh-containers.ch\/de\/wp-json\/wp\/v2\/product_tag?post=28095"}],"curies":[{"name":"wp","href":"https:\/\/api.w.org\/{rel}","templated":true}]}}