{"id":28101,"date":"2026-02-27T01:30:11","date_gmt":"2026-02-27T01:30:11","guid":{"rendered":"https:\/\/es.robot-tonde-aspir.ch\/?post_type=product&amp;p=28101"},"modified":"2026-02-27T01:30:11","modified_gmt":"2026-02-27T01:30:11","slug":"conteneur-40-pieds-double-portes-neuf","status":"publish","type":"product","link":"https:\/\/kic-gmbh-containers.ch\/de\/produkt\/conteneur-40-pieds-double-portes-neuf\/","title":{"rendered":"Neuer 40-Fu\u00df-Doppelt\u00fcrcontainer"},"content":{"rendered":"<h1 class=\"\" data-start=\"95\" data-end=\"172\"><strong data-start=\"97\" data-end=\"172\">Conteneur 40 Pieds Double Portes Neuf \u2013 Stockage et Transport Efficaces<\/strong><\/h1>\n<h2 class=\"\" data-start=\"174\" data-end=\"277\"><strong data-start=\"177\" data-end=\"277\">\u2013 Pratique et Fiable pour le Chargement et le D\u00e9chargement<\/strong><\/h2>\n<p class=\"\" data-start=\"279\" data-end=\"725\">Le\u00a0<strong data-start=\"282\" data-end=\"323\">Conteneur 40 Pieds Double Portes Neuf<\/strong>\u00a0est sp\u00e9cialement con\u00e7u pour faciliter le\u00a0<strong data-start=\"365\" data-end=\"398\">chargement et le d\u00e9chargement<\/strong>\u00a0des marchandises, notamment en suivant le principe FIFO (<strong data-start=\"456\" data-end=\"479\">First In, First Out<\/strong>). Avec des portes \u00e0 double battant sur les deux extr\u00e9mit\u00e9s, ce conteneur permet un\u00a0<strong data-start=\"563\" data-end=\"581\">acc\u00e8s optimis\u00e9<\/strong>\u00a0\u00e0 son int\u00e9rieur et est parfait pour les\u00a0<strong data-start=\"622\" data-end=\"651\">op\u00e9rations de manutention<\/strong>\u00a0et les\u00a0<strong data-start=\"659\" data-end=\"672\">chantiers<\/strong>\u00a0n\u00e9cessitant un stockage et une accessibilit\u00e9 rapide.<\/p>\n<h3 class=\"\" data-start=\"727\" data-end=\"803\"><strong data-start=\"731\" data-end=\"803\">Caract\u00e9ristiques Techniques du Conteneur 40 Pieds Double Portes Neuf<\/strong><\/h3>\n<ul data-start=\"805\" data-end=\"1563\">\n<li class=\"\" data-start=\"805\" data-end=\"906\">\n<p class=\"\" data-start=\"807\" data-end=\"835\"><strong data-start=\"807\" data-end=\"833\">Dimensions Int\u00e9rieures<\/strong>\u00a0:<\/p>\n<ul data-start=\"838\" data-end=\"906\">\n<li class=\"\" data-start=\"838\" data-end=\"860\">\n<p class=\"\" data-start=\"840\" data-end=\"860\">Longueur : 11 578 mm<\/p>\n<\/li>\n<li class=\"\" data-start=\"863\" data-end=\"883\">\n<p class=\"\" data-start=\"865\" data-end=\"883\">Largeur : 2 350 mm<\/p>\n<\/li>\n<li class=\"\" data-start=\"886\" data-end=\"906\">\n<p class=\"\" data-start=\"888\" data-end=\"906\">Hauteur : 2 398 mm<\/p>\n<\/li>\n<\/ul>\n<\/li>\n<li class=\"\" data-start=\"908\" data-end=\"1009\">\n<p class=\"\" data-start=\"910\" data-end=\"938\"><strong data-start=\"910\" data-end=\"936\">Dimensions Ext\u00e9rieures<\/strong>\u00a0:<\/p>\n<ul data-start=\"941\" data-end=\"1009\">\n<li class=\"\" data-start=\"941\" data-end=\"963\">\n<p class=\"\" data-start=\"943\" data-end=\"963\">Longueur : 12 192 mm<\/p>\n<\/li>\n<li class=\"\" data-start=\"966\" data-end=\"986\">\n<p class=\"\" data-start=\"968\" data-end=\"986\">Largeur : 2 438 mm<\/p>\n<\/li>\n<li class=\"\" data-start=\"989\" data-end=\"1009\">\n<p class=\"\" data-start=\"991\" data-end=\"1009\">Hauteur : 2 591 mm<\/p>\n<\/li>\n<\/ul>\n<\/li>\n<li class=\"\" data-start=\"1011\" data-end=\"1086\">\n<p class=\"\" data-start=\"1013\" data-end=\"1040\"><strong data-start=\"1013\" data-end=\"1038\">Dimensions des Portes<\/strong>\u00a0:<\/p>\n<ul data-start=\"1043\" data-end=\"1086\">\n<li class=\"\" data-start=\"1043\" data-end=\"1063\">\n<p class=\"\" data-start=\"1045\" data-end=\"1063\">Largeur : 2 340 mm<\/p>\n<\/li>\n<li class=\"\" data-start=\"1066\" data-end=\"1086\">\n<p class=\"\" data-start=\"1068\" data-end=\"1086\">Hauteur : 2 280 mm<\/p>\n<\/li>\n<\/ul>\n<\/li>\n<li class=\"\" data-start=\"1088\" data-end=\"1220\">\n<p class=\"\" data-start=\"1090\" data-end=\"1220\"><strong data-start=\"1090\" data-end=\"1103\">Structure<\/strong>\u00a0:\u00a0<strong data-start=\"1106\" data-end=\"1135\">Corten enti\u00e8rement soud\u00e9e<\/strong>, offrant une\u00a0<strong data-start=\"1149\" data-end=\"1174\">r\u00e9sistance sup\u00e9rieure<\/strong>\u00a0aux intemp\u00e9ries et aux conditions difficiles.<\/p>\n<\/li>\n<li class=\"\" data-start=\"1222\" data-end=\"1350\">\n<p class=\"\" data-start=\"1224\" data-end=\"1350\"><strong data-start=\"1224\" data-end=\"1236\">Plancher<\/strong>\u00a0:\u00a0<strong data-start=\"1239\" data-end=\"1268\">Contreplaqu\u00e9 Marine 28 mm<\/strong>, con\u00e7u pour une\u00a0<strong data-start=\"1285\" data-end=\"1306\">r\u00e9sistance \u00e9lev\u00e9e<\/strong>\u00a0et pour garantir la durabilit\u00e9 du stockage.<\/p>\n<\/li>\n<li class=\"\" data-start=\"1352\" data-end=\"1470\">\n<p class=\"\" data-start=\"1354\" data-end=\"1470\"><strong data-start=\"1354\" data-end=\"1378\">Ouverture des Portes<\/strong>\u00a0: 270\u00b0, permettant une\u00a0<strong data-start=\"1402\" data-end=\"1426\">accessibilit\u00e9 totale<\/strong>\u00a0et facile aux deux extr\u00e9mit\u00e9s du conteneur.<\/p>\n<\/li>\n<li class=\"\" data-start=\"1472\" data-end=\"1563\">\n<p class=\"\" data-start=\"1474\" data-end=\"1563\"><strong data-start=\"1474\" data-end=\"1487\">Fermeture<\/strong>\u00a0:\u00a0<strong data-start=\"1490\" data-end=\"1513\">Cr\u00e9mines verticales<\/strong>\u00a0sur chaque porte pour une\u00a0<strong data-start=\"1540\" data-end=\"1562\">s\u00e9curit\u00e9 renforc\u00e9e<\/strong>.<\/p>\n<\/li>\n<\/ul>\n<h3 class=\"\" data-start=\"1565\" data-end=\"1623\"><strong data-start=\"1569\" data-end=\"1623\">Avantages du Conteneur 40 Pieds Double Portes Neuf<\/strong><\/h3>\n<ul data-start=\"1625\" data-end=\"2383\">\n<li class=\"\" data-start=\"1625\" data-end=\"1836\">\n<p class=\"\" data-start=\"1627\" data-end=\"1836\"><strong data-start=\"1627\" data-end=\"1654\">Acc\u00e8s Multidirectionnel<\/strong>\u00a0: Avec des portes \u00e0\u00a0<strong data-start=\"1675\" data-end=\"1693\">double battant<\/strong>\u00a0sur chaque extr\u00e9mit\u00e9, ce conteneur permet un acc\u00e8s facilit\u00e9 aux marchandises, optimisant ainsi le\u00a0<strong data-start=\"1792\" data-end=\"1835\">processus de chargement et d\u00e9chargement<\/strong>.<\/p>\n<\/li>\n<li class=\"\" data-start=\"1838\" data-end=\"2023\">\n<p class=\"\" data-start=\"1840\" data-end=\"2023\"><strong data-start=\"1840\" data-end=\"1862\">Id\u00e9al pour le FIFO<\/strong>\u00a0: Parfait pour les processus logistiques qui n\u00e9cessitent un acc\u00e8s rapide aux premi\u00e8res marchandises stock\u00e9es, garantissant une\u00a0<strong data-start=\"1990\" data-end=\"2022\">rotation des stocks efficace<\/strong>.<\/p>\n<\/li>\n<li class=\"\" data-start=\"2025\" data-end=\"2221\">\n<p class=\"\" data-start=\"2027\" data-end=\"2221\"><strong data-start=\"2027\" data-end=\"2054\">Polyvalent et Adaptable<\/strong>\u00a0: Utilisable dans de nombreuses situations : stockage sur\u00a0<strong data-start=\"2113\" data-end=\"2126\">chantiers<\/strong>, pour des\u00a0<strong data-start=\"2137\" data-end=\"2166\">op\u00e9rations de manutention<\/strong>\u00a0complexes, ou comme\u00a0<strong data-start=\"2187\" data-end=\"2201\">passerelle<\/strong>\u00a0entre deux espaces.<\/p>\n<\/li>\n<li class=\"\" data-start=\"2223\" data-end=\"2383\">\n<p class=\"\" data-start=\"2225\" data-end=\"2383\"><strong data-start=\"2225\" data-end=\"2244\">Solution Tunnel<\/strong>\u00a0: Il peut \u00eatre utilis\u00e9 comme un\u00a0<strong data-start=\"2277\" data-end=\"2287\">tunnel<\/strong>\u00a0pour relier diff\u00e9rentes zones, ou comme un\u00a0<strong data-start=\"2331\" data-end=\"2350\">acc\u00e8s ext\u00e9rieur<\/strong>\u00a0\u00e0 un b\u00e2timent ou \u00e0 une base-vie.<\/p>\n<\/li>\n<\/ul>\n<h3 class=\"\" data-start=\"2385\" data-end=\"2446\"><strong data-start=\"2389\" data-end=\"2446\">Applications\u00a0<\/strong><\/h3>\n<ul data-start=\"2448\" data-end=\"3109\">\n<li class=\"\" data-start=\"2448\" data-end=\"2622\">\n<p class=\"\" data-start=\"2450\" data-end=\"2622\"><strong data-start=\"2450\" data-end=\"2479\">Chantiers de Construction<\/strong>\u00a0: Id\u00e9al pour\u00a0<strong data-start=\"2493\" data-end=\"2530\">stocker et d\u00e9placer des mat\u00e9riaux<\/strong>, tout en facilitant le\u00a0<strong data-start=\"2554\" data-end=\"2587\">chargement et le d\u00e9chargement<\/strong>\u00a0rapide gr\u00e2ce \u00e0 ses portes doubles.<\/p>\n<\/li>\n<li class=\"\" data-start=\"2624\" data-end=\"2806\">\n<p class=\"\" data-start=\"2626\" data-end=\"2806\"><strong data-start=\"2626\" data-end=\"2662\">Stockage de Marchandises en FIFO<\/strong>\u00a0: Parfait pour les\u00a0<strong data-start=\"2682\" data-end=\"2697\">entreprises<\/strong>\u00a0qui ont besoin d\u2019optimiser leurs processus de stockage et de gestion des stocks en suivant le principe FIFO.<\/p>\n<\/li>\n<li class=\"\" data-start=\"2808\" data-end=\"2980\">\n<p class=\"\" data-start=\"2810\" data-end=\"2980\"><strong data-start=\"2810\" data-end=\"2836\">Transports Multimodaux<\/strong>\u00a0: Utilis\u00e9 dans les\u00a0<strong data-start=\"2856\" data-end=\"2882\">transports multimodaux<\/strong>\u00a0(route, rail, maritime), il permet une\u00a0<strong data-start=\"2922\" data-end=\"2946\">flexibilit\u00e9 maximale<\/strong>\u00a0pour le stockage et le transport.<\/p>\n<\/li>\n<li class=\"\" data-start=\"2982\" data-end=\"3109\">\n<p class=\"\" data-start=\"2984\" data-end=\"3109\"><strong data-start=\"2984\" data-end=\"3006\">Solution de Tunnel<\/strong>\u00a0: Parfait pour la\u00a0<strong data-start=\"3025\" data-end=\"3048\">cr\u00e9ation de tunnels<\/strong>\u00a0temporaires sur les chantiers ou entre diff\u00e9rents b\u00e2timents.<\/p>\n<\/li>\n<\/ul>","protected":false},"excerpt":{"rendered":"<p>Conteneur 40 Pieds Double Portes Neuf \u2013 Stockage et Transport Efficaces \u2013 Pratique et Fiable pour le Chargement et le<\/p>","protected":false},"featured_media":28103,"comment_status":"open","ping_status":"closed","template":"","meta":[],"product_brand":[],"product_cat":[32],"product_tag":[],"class_list":{"0":"post-28101","1":"product","2":"type-product","3":"status-publish","4":"has-post-thumbnail","6":"product_cat-containers-specifiques","8":"first","9":"instock","10":"taxable","11":"shipping-taxable","12":"purchasable","13":"product-type-simple"},"_links":{"self":[{"href":"https:\/\/kic-gmbh-containers.ch\/de\/wp-json\/wp\/v2\/product\/28101","targetHints":{"allow":["GET"]}}],"collection":[{"href":"https:\/\/kic-gmbh-containers.ch\/de\/wp-json\/wp\/v2\/product"}],"about":[{"href":"https:\/\/kic-gmbh-containers.ch\/de\/wp-json\/wp\/v2\/types\/product"}],"replies":[{"embeddable":true,"href":"https:\/\/kic-gmbh-containers.ch\/de\/wp-json\/wp\/v2\/comments?post=28101"}],"wp:featuredmedia":[{"embeddable":true,"href":"https:\/\/kic-gmbh-containers.ch\/de\/wp-json\/wp\/v2\/media\/28103"}],"wp:attachment":[{"href":"https:\/\/kic-gmbh-containers.ch\/de\/wp-json\/wp\/v2\/media?parent=28101"}],"wp:term":[{"taxonomy":"product_brand","embeddable":true,"href":"https:\/\/kic-gmbh-containers.ch\/de\/wp-json\/wp\/v2\/product_brand?post=28101"},{"taxonomy":"product_cat","embeddable":true,"href":"https:\/\/kic-gmbh-containers.ch\/de\/wp-json\/wp\/v2\/product_cat?post=28101"},{"taxonomy":"product_tag","embeddable":true,"href":"https:\/\/kic-gmbh-containers.ch\/de\/wp-json\/wp\/v2\/product_tag?post=28101"}],"curies":[{"name":"wp","href":"https:\/\/api.w.org\/{rel}","templated":true}]}}