{"id":28106,"date":"2026-02-27T01:35:59","date_gmt":"2026-02-27T01:35:59","guid":{"rendered":"https:\/\/es.robot-tonde-aspir.ch\/?post_type=product&amp;p=28106"},"modified":"2026-02-27T01:35:59","modified_gmt":"2026-02-27T01:35:59","slug":"container-flat-40-pieds-neuf","status":"publish","type":"product","link":"https:\/\/kic-gmbh-containers.ch\/de\/produkt\/container-flat-40-pieds-neuf\/","title":{"rendered":"Neuer 40-Fu\u00df-Flachcontainer"},"content":{"rendered":"<h1 class=\"\" data-start=\"81\" data-end=\"180\"><strong data-start=\"83\" data-end=\"180\">Container Flat 40 Pieds Neuf \u2013 Transport Multimodal pour Marchandises Lourdes et Encombrantes<\/strong><\/h1>\n<h2 class=\"\" data-start=\"182\" data-end=\"277\"><strong data-start=\"185\" data-end=\"277\">\u2013 La Solution de Transport pour Vos Cargaisons Volumineuses<\/strong><\/h2>\n<p class=\"\" data-start=\"279\" data-end=\"655\">Le\u00a0<strong data-start=\"282\" data-end=\"309\">Container Flat 40 pieds<\/strong>\u00a0est con\u00e7u pour le\u00a0<strong data-start=\"328\" data-end=\"381\">transport de marchandises lourdes et encombrantes<\/strong>\u00a0qui ne peuvent pas \u00eatre stock\u00e9es dans des conteneurs classiques. Id\u00e9al pour le transport de\u00a0<strong data-start=\"474\" data-end=\"487\">v\u00e9hicules<\/strong>,\u00a0<strong data-start=\"489\" data-end=\"511\">engins de chantier<\/strong>,\u00a0<strong data-start=\"513\" data-end=\"536\">machineries lourdes<\/strong>, et autres\u00a0<strong data-start=\"548\" data-end=\"576\">produits surdimensionn\u00e9s<\/strong>, ce container offre une flexibilit\u00e9 optimale pour un\u00a0<strong data-start=\"630\" data-end=\"654\">transport multimodal<\/strong>.<\/p>\n<h3 class=\"\" data-start=\"657\" data-end=\"719\"><strong data-start=\"661\" data-end=\"719\">Caract\u00e9ristiques Techniques du Container Flat 40 Pieds<\/strong><\/h3>\n<ul data-start=\"721\" data-end=\"991\">\n<li class=\"\" data-start=\"721\" data-end=\"834\">\n<p class=\"\" data-start=\"723\" data-end=\"751\"><strong data-start=\"723\" data-end=\"749\">Dimensions Int\u00e9rieures<\/strong>\u00a0:<\/p>\n<ul data-start=\"754\" data-end=\"834\">\n<li class=\"\" data-start=\"754\" data-end=\"780\">\n<p class=\"\" data-start=\"756\" data-end=\"780\"><strong data-start=\"756\" data-end=\"768\">Longueur<\/strong>\u00a0: 11 650 mm<\/p>\n<\/li>\n<li class=\"\" data-start=\"783\" data-end=\"807\">\n<p class=\"\" data-start=\"785\" data-end=\"807\"><strong data-start=\"785\" data-end=\"796\">Largeur<\/strong>\u00a0: 2 350 mm<\/p>\n<\/li>\n<li class=\"\" data-start=\"810\" data-end=\"834\">\n<p class=\"\" data-start=\"812\" data-end=\"834\"><strong data-start=\"812\" data-end=\"823\">Hauteur<\/strong>\u00a0: 1 960 mm<\/p>\n<\/li>\n<\/ul>\n<\/li>\n<li class=\"\" data-start=\"836\" data-end=\"949\">\n<p class=\"\" data-start=\"838\" data-end=\"866\"><strong data-start=\"838\" data-end=\"864\">Dimensions Ext\u00e9rieures<\/strong>\u00a0:<\/p>\n<ul data-start=\"869\" data-end=\"949\">\n<li class=\"\" data-start=\"869\" data-end=\"895\">\n<p class=\"\" data-start=\"871\" data-end=\"895\"><strong data-start=\"871\" data-end=\"883\">Longueur<\/strong>\u00a0: 12 192 mm<\/p>\n<\/li>\n<li class=\"\" data-start=\"898\" data-end=\"922\">\n<p class=\"\" data-start=\"900\" data-end=\"922\"><strong data-start=\"900\" data-end=\"911\">Largeur<\/strong>\u00a0: 2 438 mm<\/p>\n<\/li>\n<li class=\"\" data-start=\"925\" data-end=\"949\">\n<p class=\"\" data-start=\"927\" data-end=\"949\"><strong data-start=\"927\" data-end=\"938\">Hauteur<\/strong>\u00a0: 2 591 mm<\/p>\n<\/li>\n<\/ul>\n<\/li>\n<li class=\"\" data-start=\"951\" data-end=\"991\">\n<p class=\"\" data-start=\"953\" data-end=\"991\"><strong data-start=\"953\" data-end=\"979\">Capacit\u00e9 de Chargement<\/strong>\u00a0: 44 650 kg<\/p>\n<\/li>\n<\/ul>\n<h3 class=\"\" data-start=\"993\" data-end=\"1048\"><strong data-start=\"997\" data-end=\"1048\">Les Diff\u00e9rents Types de Container Flat\u00a0<\/strong><\/h3>\n<ol data-start=\"1050\" data-end=\"1721\">\n<li class=\"\" data-start=\"1050\" data-end=\"1251\">\n<p class=\"\" data-start=\"1053\" data-end=\"1251\"><strong data-start=\"1053\" data-end=\"1080\">Container Flat Platform<\/strong>\u00a0: Plateforme simple, sans parois lat\u00e9rales, adapt\u00e9e pour les cargaisons qui n\u00e9cessitent un espace d\u00e9gag\u00e9.\u00a0<strong data-start=\"1187\" data-end=\"1211\">Passages de fourches<\/strong>\u00a0pour une manipulation facile et rapide.<\/p>\n<\/li>\n<li class=\"\" data-start=\"1253\" data-end=\"1502\">\n<p class=\"\" data-start=\"1256\" data-end=\"1502\"><strong data-start=\"1256\" data-end=\"1284\">Container Flat Fix Hands<\/strong>\u00a0: Plateforme avec\u00a0<strong data-start=\"1303\" data-end=\"1327\">quatre poteaux fixes<\/strong>\u00a0ou\u00a0<strong data-start=\"1331\" data-end=\"1352\">deux parois fixes<\/strong>\u00a0pour assurer la stabilit\u00e9 de la cargaison, tout en \u00e9tant compatible avec les \u00e9quipements de levage tels que les\u00a0<strong data-start=\"1465\" data-end=\"1474\">grues<\/strong>\u00a0et\u00a0<strong data-start=\"1478\" data-end=\"1501\">chariots \u00e9l\u00e9vateurs<\/strong>.<\/p>\n<\/li>\n<li class=\"\" data-start=\"1504\" data-end=\"1721\">\n<p class=\"\" data-start=\"1507\" data-end=\"1721\"><strong data-start=\"1507\" data-end=\"1542\">Container Flat Rack Collapsible<\/strong>\u00a0: Plateforme avec\u00a0<strong data-start=\"1561\" data-end=\"1586\">deux parois amovibles<\/strong>, permettant un\u00a0<strong data-start=\"1602\" data-end=\"1619\">gain d\u2019espace<\/strong>\u00a0lors du stockage. Cette option est id\u00e9ale pour\u00a0<strong data-start=\"1667\" data-end=\"1693\">r\u00e9duire l\u2019encombrement<\/strong>\u00a0dans les zones de stockage.<\/p>\n<\/li>\n<\/ol>\n<h3 class=\"\" data-start=\"1723\" data-end=\"1767\"><strong data-start=\"1727\" data-end=\"1767\">Avantages du Container Flat 40 Pieds<\/strong><\/h3>\n<ol data-start=\"1769\" data-end=\"2736\">\n<li class=\"\" data-start=\"1769\" data-end=\"2023\">\n<p class=\"\" data-start=\"1772\" data-end=\"2023\"><strong data-start=\"1772\" data-end=\"1804\">Construction en Acier Corten<\/strong>\u00a0: Ce container est extr\u00eamement\u00a0<strong data-start=\"1836\" data-end=\"1865\">r\u00e9sistant aux intemp\u00e9ries<\/strong>\u00a0et aux conditions de transport difficiles. Sa structure en\u00a0<strong data-start=\"1925\" data-end=\"1941\">acier Corten<\/strong>\u00a0garantit une\u00a0<strong data-start=\"1955\" data-end=\"1978\">durabilit\u00e9 maximale<\/strong>\u00a0m\u00eame dans les environnements les plus rudes.<\/p>\n<\/li>\n<li class=\"\" data-start=\"2025\" data-end=\"2218\">\n<p class=\"\" data-start=\"2028\" data-end=\"2218\"><strong data-start=\"2028\" data-end=\"2055\">Flexibilit\u00e9 Multimodale<\/strong>\u00a0: Il peut \u00eatre utilis\u00e9 pour un\u00a0<strong data-start=\"2087\" data-end=\"2111\">transport multimodal<\/strong>\u00a0(route, rail, barge, maritime), offrant une\u00a0<strong data-start=\"2156\" data-end=\"2180\">polyvalence maximale<\/strong>\u00a0dans le choix des modes de transport.<\/p>\n<\/li>\n<li class=\"\" data-start=\"2220\" data-end=\"2517\">\n<p class=\"\" data-start=\"2223\" data-end=\"2517\"><strong data-start=\"2223\" data-end=\"2274\">Transport de Cargaisons Lourdes et Encombrantes<\/strong>\u00a0: Le\u00a0<strong data-start=\"2280\" data-end=\"2307\">Container Flat 40 Pieds<\/strong>\u00a0est con\u00e7u pour accueillir des marchandises volumineuses, telles que des\u00a0<strong data-start=\"2380\" data-end=\"2393\">v\u00e9hicules<\/strong>,\u00a0<strong data-start=\"2395\" data-end=\"2413\">grumes de bois<\/strong>,\u00a0<strong data-start=\"2415\" data-end=\"2435\">engins agricoles<\/strong>,\u00a0<strong data-start=\"2437\" data-end=\"2458\">tourets de c\u00e2bles<\/strong>,\u00a0<strong data-start=\"2460\" data-end=\"2479\">bobines d\u2019acier<\/strong>, ou encore des\u00a0<strong data-start=\"2495\" data-end=\"2516\">cuves de stockage<\/strong>.<\/p>\n<\/li>\n<li class=\"\" data-start=\"2519\" data-end=\"2736\">\n<p class=\"\" data-start=\"2522\" data-end=\"2736\"><strong data-start=\"2522\" data-end=\"2545\">Manipulation Facile<\/strong>\u00a0: Compatible avec des \u00e9quipements de levage comme les\u00a0<strong data-start=\"2600\" data-end=\"2623\">chariots \u00e9l\u00e9vateurs<\/strong>, les\u00a0<strong data-start=\"2629\" data-end=\"2638\">grues<\/strong>, et d\u2019autres moyens de transport, ce conteneur est\u00a0<strong data-start=\"2690\" data-end=\"2712\">facile \u00e0 manipuler<\/strong>\u00a0et \u00e0 charger\/d\u00e9charger.<\/p>\n<\/li>\n<\/ol>\n<h3 class=\"\" data-start=\"2738\" data-end=\"2785\"><strong data-start=\"2742\" data-end=\"2785\">Applications\u00a0\u00a0<\/strong><\/h3>\n<ul data-start=\"2787\" data-end=\"3229\">\n<li class=\"\" data-start=\"2787\" data-end=\"2925\">\n<p class=\"\" data-start=\"2789\" data-end=\"2925\"><strong data-start=\"2789\" data-end=\"2825\">Transport de Machineries Lourdes<\/strong>\u00a0: Id\u00e9al pour les\u00a0<strong data-start=\"2843\" data-end=\"2865\">engins de chantier<\/strong>, les\u00a0<strong data-start=\"2871\" data-end=\"2889\">engins miniers<\/strong>, ou les\u00a0<strong data-start=\"2898\" data-end=\"2924\">machines industrielles<\/strong>.<\/p>\n<\/li>\n<li class=\"\" data-start=\"2929\" data-end=\"3078\">\n<p class=\"\" data-start=\"2931\" data-end=\"3078\"><strong data-start=\"2931\" data-end=\"2968\">Transport de Mat\u00e9riaux Volumineux<\/strong>\u00a0: Utilis\u00e9 pour transporter des\u00a0<strong data-start=\"3000\" data-end=\"3018\">grumes de bois<\/strong>, des\u00a0<strong data-start=\"3024\" data-end=\"3043\">bobines d\u2019acier<\/strong>, des\u00a0<strong data-start=\"3049\" data-end=\"3058\">tubes<\/strong>, ou des\u00a0<strong data-start=\"3067\" data-end=\"3077\">c\u00e2bles<\/strong>.<\/p>\n<\/li>\n<li class=\"\" data-start=\"3080\" data-end=\"3229\">\n<p class=\"\" data-start=\"3082\" data-end=\"3229\"><strong data-start=\"3082\" data-end=\"3109\">Cargaisons Encombrantes<\/strong>\u00a0: Convient pour le\u00a0<strong data-start=\"3129\" data-end=\"3170\">transport de produits surdimensionn\u00e9s<\/strong>\u00a0qui n\u00e9cessitent un espace d\u00e9gag\u00e9 et sans parois lat\u00e9rales.<\/p>\n<\/li>\n<\/ul>","protected":false},"excerpt":{"rendered":"<p>Container Flat 40 Pieds Neuf \u2013 Transport Multimodal pour Marchandises Lourdes et Encombrantes \u2013 La Solution de Transport pour Vos<\/p>","protected":false},"featured_media":28108,"comment_status":"open","ping_status":"closed","template":"","meta":[],"product_brand":[],"product_cat":[32],"product_tag":[],"class_list":{"0":"post-28106","1":"product","2":"type-product","3":"status-publish","4":"has-post-thumbnail","6":"product_cat-containers-specifiques","8":"first","9":"instock","10":"taxable","11":"shipping-taxable","12":"purchasable","13":"product-type-simple"},"_links":{"self":[{"href":"https:\/\/kic-gmbh-containers.ch\/de\/wp-json\/wp\/v2\/product\/28106","targetHints":{"allow":["GET"]}}],"collection":[{"href":"https:\/\/kic-gmbh-containers.ch\/de\/wp-json\/wp\/v2\/product"}],"about":[{"href":"https:\/\/kic-gmbh-containers.ch\/de\/wp-json\/wp\/v2\/types\/product"}],"replies":[{"embeddable":true,"href":"https:\/\/kic-gmbh-containers.ch\/de\/wp-json\/wp\/v2\/comments?post=28106"}],"wp:featuredmedia":[{"embeddable":true,"href":"https:\/\/kic-gmbh-containers.ch\/de\/wp-json\/wp\/v2\/media\/28108"}],"wp:attachment":[{"href":"https:\/\/kic-gmbh-containers.ch\/de\/wp-json\/wp\/v2\/media?parent=28106"}],"wp:term":[{"taxonomy":"product_brand","embeddable":true,"href":"https:\/\/kic-gmbh-containers.ch\/de\/wp-json\/wp\/v2\/product_brand?post=28106"},{"taxonomy":"product_cat","embeddable":true,"href":"https:\/\/kic-gmbh-containers.ch\/de\/wp-json\/wp\/v2\/product_cat?post=28106"},{"taxonomy":"product_tag","embeddable":true,"href":"https:\/\/kic-gmbh-containers.ch\/de\/wp-json\/wp\/v2\/product_tag?post=28106"}],"curies":[{"name":"wp","href":"https:\/\/api.w.org\/{rel}","templated":true}]}}