{"id":28111,"date":"2026-02-27T01:42:53","date_gmt":"2026-02-27T01:42:53","guid":{"rendered":"https:\/\/es.robot-tonde-aspir.ch\/?post_type=product&amp;p=28111"},"modified":"2026-02-27T01:42:53","modified_gmt":"2026-02-27T01:42:53","slug":"container-flat-20-pieds-neuf","status":"publish","type":"product","link":"https:\/\/kic-gmbh-containers.ch\/de\/produkt\/container-flat-20-pieds-neuf\/","title":{"rendered":"Neuer 20-Fu\u00df-Flachcontainer"},"content":{"rendered":"<h1 class=\"\" data-start=\"81\" data-end=\"167\"><strong data-start=\"83\" data-end=\"167\">Container Flat 20 Pieds Neuf \u2013 Transport de Marchandises Lourdes et Encombrantes<\/strong><\/h1>\n<h2 class=\"\" data-start=\"169\" data-end=\"253\"><strong data-start=\"172\" data-end=\"253\">\u2013 La Solution Id\u00e9ale pour les Cargaisons Lourdes<\/strong><\/h2>\n<p class=\"\" data-start=\"255\" data-end=\"708\">Le\u00a0<strong data-start=\"258\" data-end=\"285\">Container Flat 20 pieds<\/strong>\u00a0est con\u00e7u pour le\u00a0<strong data-start=\"304\" data-end=\"346\">transport de marchandises encombrantes<\/strong>\u00a0et lourdes. Il est particuli\u00e8rement adapt\u00e9 pour les\u00a0<strong data-start=\"399\" data-end=\"412\">v\u00e9hicules<\/strong>, les\u00a0<strong data-start=\"418\" data-end=\"438\">engins agricoles<\/strong>, les\u00a0<strong data-start=\"444\" data-end=\"467\">machineries lourdes<\/strong>, et d\u2019autres\u00a0<strong data-start=\"481\" data-end=\"509\">produits surdimensionn\u00e9s<\/strong>\u00a0qui ne peuvent \u00eatre stock\u00e9s dans des conteneurs classiques. Gr\u00e2ce \u00e0 sa structure robuste et sa conception multifonctionnelle, il peut \u00eatre utilis\u00e9 pour un large \u00e9ventail de\u00a0<strong data-start=\"683\" data-end=\"707\">transport multimodal<\/strong>.<\/p>\n<h3 class=\"\" data-start=\"710\" data-end=\"772\"><strong data-start=\"714\" data-end=\"772\">Caract\u00e9ristiques Techniques du Container Flat 20 Pieds<\/strong><\/h3>\n<ul data-start=\"774\" data-end=\"1135\">\n<li class=\"\" data-start=\"774\" data-end=\"886\">\n<p class=\"\" data-start=\"776\" data-end=\"804\"><strong data-start=\"776\" data-end=\"802\">Dimensions Int\u00e9rieures<\/strong>\u00a0:<\/p>\n<ul data-start=\"807\" data-end=\"886\">\n<li class=\"\" data-start=\"807\" data-end=\"832\">\n<p class=\"\" data-start=\"809\" data-end=\"832\"><strong data-start=\"809\" data-end=\"821\">Longueur<\/strong>\u00a0: 5 960 mm<\/p>\n<\/li>\n<li class=\"\" data-start=\"835\" data-end=\"859\">\n<p class=\"\" data-start=\"837\" data-end=\"859\"><strong data-start=\"837\" data-end=\"848\">Largeur<\/strong>\u00a0: 2 400 mm<\/p>\n<\/li>\n<li class=\"\" data-start=\"862\" data-end=\"886\">\n<p class=\"\" data-start=\"864\" data-end=\"886\"><strong data-start=\"864\" data-end=\"875\">Hauteur<\/strong>\u00a0: 2 290 mm<\/p>\n<\/li>\n<\/ul>\n<\/li>\n<li class=\"\" data-start=\"888\" data-end=\"1000\">\n<p class=\"\" data-start=\"890\" data-end=\"918\"><strong data-start=\"890\" data-end=\"916\">Dimensions Ext\u00e9rieures<\/strong>\u00a0:<\/p>\n<ul data-start=\"921\" data-end=\"1000\">\n<li class=\"\" data-start=\"921\" data-end=\"946\">\n<p class=\"\" data-start=\"923\" data-end=\"946\"><strong data-start=\"923\" data-end=\"935\">Longueur<\/strong>\u00a0: 6 058 mm<\/p>\n<\/li>\n<li class=\"\" data-start=\"949\" data-end=\"973\">\n<p class=\"\" data-start=\"951\" data-end=\"973\"><strong data-start=\"951\" data-end=\"962\">Largeur<\/strong>\u00a0: 2 438 mm<\/p>\n<\/li>\n<li class=\"\" data-start=\"976\" data-end=\"1000\">\n<p class=\"\" data-start=\"978\" data-end=\"1000\"><strong data-start=\"978\" data-end=\"989\">Hauteur<\/strong>\u00a0: 2 591 mm<\/p>\n<\/li>\n<\/ul>\n<\/li>\n<li class=\"\" data-start=\"1002\" data-end=\"1031\">\n<p class=\"\" data-start=\"1004\" data-end=\"1031\"><strong data-start=\"1004\" data-end=\"1020\">Poids \u00e0 Vide<\/strong>\u00a0: 3 050 kg<\/p>\n<\/li>\n<li class=\"\" data-start=\"1032\" data-end=\"1072\">\n<p class=\"\" data-start=\"1034\" data-end=\"1072\"><strong data-start=\"1034\" data-end=\"1060\">Capacit\u00e9 de Chargement<\/strong>\u00a0: 23 500 kg<\/p>\n<\/li>\n<li class=\"\" data-start=\"1073\" data-end=\"1101\">\n<p class=\"\" data-start=\"1075\" data-end=\"1101\"><strong data-start=\"1075\" data-end=\"1089\">Poids Brut<\/strong>\u00a0: 30 480 kg<\/p>\n<\/li>\n<li class=\"\" data-start=\"1102\" data-end=\"1135\">\n<p class=\"\" data-start=\"1104\" data-end=\"1135\"><strong data-start=\"1104\" data-end=\"1125\">Volume Utilisable<\/strong>\u00a0: 17,5 m\u00b3<\/p>\n<\/li>\n<\/ul>\n<h3 class=\"\" data-start=\"1137\" data-end=\"1192\"><strong data-start=\"1141\" data-end=\"1192\">Les Diff\u00e9rents Types de Container Flat 20 Pieds<\/strong><\/h3>\n<ol data-start=\"1194\" data-end=\"1814\">\n<li class=\"\" data-start=\"1194\" data-end=\"1376\">\n<p class=\"\" data-start=\"1197\" data-end=\"1376\"><strong data-start=\"1197\" data-end=\"1224\">Container Flat Platform<\/strong>\u00a0: Plateforme simple, adapt\u00e9e aux cargaisons qui n\u2019ont pas besoin de parois lat\u00e9rales. Dispose de\u00a0<strong data-start=\"1322\" data-end=\"1346\">passages de fourches<\/strong>\u00a0pour une manipulation facile.<\/p>\n<\/li>\n<li class=\"\" data-start=\"1381\" data-end=\"1590\">\n<p class=\"\" data-start=\"1384\" data-end=\"1590\"><strong data-start=\"1384\" data-end=\"1412\">Container Flat Fix Hands<\/strong>\u00a0: Plateforme avec\u00a0<strong data-start=\"1431\" data-end=\"1449\">quatre poteaux<\/strong>\u00a0ou\u00a0<strong data-start=\"1453\" data-end=\"1474\">deux parois fixes<\/strong>\u00a0pour maintenir la cargaison en place, avec des\u00a0<strong data-start=\"1522\" data-end=\"1535\">coins ISO<\/strong>\u00a0pour assurer la multimodalit\u00e9 (route, rail, maritime).<\/p>\n<\/li>\n<li class=\"\" data-start=\"1595\" data-end=\"1814\">\n<p class=\"\" data-start=\"1598\" data-end=\"1814\"><strong data-start=\"1598\" data-end=\"1633\">Container Flat Rack Collapsible<\/strong>\u00a0: Plateforme avec\u00a0<strong data-start=\"1652\" data-end=\"1677\">deux parois amovibles<\/strong>, parfait pour\u00a0<strong data-start=\"1692\" data-end=\"1714\">gagner de l\u2019espace<\/strong>\u00a0lors du stockage de plusieurs containers flat. Pratique pour une\u00a0<strong data-start=\"1780\" data-end=\"1813\">gestion optimis\u00e9e de l\u2019espace<\/strong>.<\/p>\n<\/li>\n<\/ol>\n<h3 class=\"\" data-start=\"1816\" data-end=\"1860\"><strong data-start=\"1820\" data-end=\"1860\">Avantages du Container Flat 20 Pieds<\/strong><\/h3>\n<ol data-start=\"1862\" data-end=\"2756\">\n<li class=\"\" data-start=\"1862\" data-end=\"2053\">\n<p class=\"\" data-start=\"1865\" data-end=\"2053\"><strong data-start=\"1865\" data-end=\"1888\">R\u00e9sistance Maximale<\/strong>\u00a0: Fabriqu\u00e9 en\u00a0<strong data-start=\"1903\" data-end=\"1919\">acier Corten<\/strong>, il est\u00a0<strong data-start=\"1928\" data-end=\"1946\">tr\u00e8s r\u00e9sistant<\/strong>\u00a0aux intemp\u00e9ries et aux conditions de transport difficiles, garantissant une\u00a0<strong data-start=\"2023\" data-end=\"2052\">durabilit\u00e9 exceptionnelle<\/strong>.<\/p>\n<\/li>\n<li class=\"\" data-start=\"2055\" data-end=\"2259\">\n<p class=\"\" data-start=\"2058\" data-end=\"2259\"><strong data-start=\"2058\" data-end=\"2086\">Adaptabilit\u00e9 Multimodale<\/strong>\u00a0: Ce container peut \u00eatre utilis\u00e9 pour le\u00a0<strong data-start=\"2128\" data-end=\"2152\">transport multimodal<\/strong>\u00a0(route, rail, barge, maritime), offrant une\u00a0<strong data-start=\"2197\" data-end=\"2221\">flexibilit\u00e9 maximale<\/strong>\u00a0dans le choix des modes de transport.<\/p>\n<\/li>\n<li class=\"\" data-start=\"2261\" data-end=\"2516\">\n<p class=\"\" data-start=\"2264\" data-end=\"2516\"><strong data-start=\"2264\" data-end=\"2305\">Solution pour Cargaisons Encombrantes<\/strong>\u00a0: Id\u00e9al pour le transport de\u00a0<strong data-start=\"2335\" data-end=\"2348\">v\u00e9hicules<\/strong>,\u00a0<strong data-start=\"2350\" data-end=\"2368\">grumes de bois<\/strong>,\u00a0<strong data-start=\"2370\" data-end=\"2392\">engins de chantier<\/strong>,\u00a0<strong data-start=\"2394\" data-end=\"2415\">tourets de c\u00e2bles<\/strong>, et bien d\u2019autres objets encombrants qui ne peuvent pas \u00eatre stock\u00e9s dans des containers classiques.<\/p>\n<\/li>\n<li class=\"\" data-start=\"2518\" data-end=\"2756\">\n<p class=\"\" data-start=\"2521\" data-end=\"2756\"><strong data-start=\"2521\" data-end=\"2549\">Facilit\u00e9 de Manipulation<\/strong>\u00a0: Le container est con\u00e7u avec\u00a0<strong data-start=\"2580\" data-end=\"2604\">passages de fourches<\/strong>\u00a0et est compatible avec des \u00e9quipements de levage comme les\u00a0<strong data-start=\"2664\" data-end=\"2687\">chariots \u00e9l\u00e9vateurs<\/strong>\u00a0et les\u00a0<strong data-start=\"2695\" data-end=\"2704\">grues<\/strong>, permettant une manipulation efficace et s\u00e9curis\u00e9e.<\/p>\n<\/li>\n<\/ol>\n<h3 class=\"\" data-start=\"2758\" data-end=\"2805\"><strong data-start=\"2762\" data-end=\"2805\">Applications du Container Flat 20 Pieds<\/strong><\/h3>\n<ul data-start=\"2807\" data-end=\"3284\">\n<li class=\"\" data-start=\"2807\" data-end=\"2945\">\n<p class=\"\" data-start=\"2809\" data-end=\"2945\"><strong data-start=\"2809\" data-end=\"2838\">Transport d\u2019Engins Lourds<\/strong>\u00a0: Parfait pour les\u00a0<strong data-start=\"2858\" data-end=\"2878\">engins agricoles<\/strong>, les\u00a0<strong data-start=\"2884\" data-end=\"2910\">machines industrielles<\/strong>, ou encore les\u00a0<strong data-start=\"2926\" data-end=\"2944\">engins miniers<\/strong>.<\/p>\n<\/li>\n<li class=\"\" data-start=\"2949\" data-end=\"3131\">\n<p class=\"\" data-start=\"2951\" data-end=\"3131\"><strong data-start=\"2951\" data-end=\"2991\">Transport de Mat\u00e9riaux et Composants<\/strong>\u00a0: Utilis\u00e9 pour le transport de\u00a0<strong data-start=\"3023\" data-end=\"3041\">grumes de bois<\/strong>, de\u00a0<strong data-start=\"3046\" data-end=\"3065\">bobines d\u2019acier<\/strong>, de\u00a0<strong data-start=\"3070\" data-end=\"3079\">tubes<\/strong>, de\u00a0<strong data-start=\"3084\" data-end=\"3094\">c\u00e2bles<\/strong>, ou encore de\u00a0<strong data-start=\"3109\" data-end=\"3130\">cuves de stockage<\/strong>.<\/p>\n<\/li>\n<li class=\"\" data-start=\"3133\" data-end=\"3284\">\n<p class=\"\" data-start=\"3135\" data-end=\"3284\"><strong data-start=\"3135\" data-end=\"3166\">Cargaisons de Grande Taille<\/strong>\u00a0: Convient pour le transport de\u00a0<strong data-start=\"3199\" data-end=\"3228\">marchandises encombrantes<\/strong>\u00a0qui n\u00e9cessitent un espace d\u00e9gag\u00e9 sans parois lat\u00e9rales.<\/p>\n<\/li>\n<\/ul>","protected":false},"excerpt":{"rendered":"<p>Container Flat 20 Pieds Neuf \u2013 Transport de Marchandises Lourdes et Encombrantes \u2013 La Solution Id\u00e9ale pour les Cargaisons Lourdes<\/p>","protected":false},"featured_media":28112,"comment_status":"open","ping_status":"closed","template":"","meta":[],"product_brand":[],"product_cat":[32],"product_tag":[],"class_list":{"0":"post-28111","1":"product","2":"type-product","3":"status-publish","4":"has-post-thumbnail","6":"product_cat-containers-specifiques","8":"first","9":"instock","10":"taxable","11":"shipping-taxable","12":"purchasable","13":"product-type-simple"},"_links":{"self":[{"href":"https:\/\/kic-gmbh-containers.ch\/de\/wp-json\/wp\/v2\/product\/28111","targetHints":{"allow":["GET"]}}],"collection":[{"href":"https:\/\/kic-gmbh-containers.ch\/de\/wp-json\/wp\/v2\/product"}],"about":[{"href":"https:\/\/kic-gmbh-containers.ch\/de\/wp-json\/wp\/v2\/types\/product"}],"replies":[{"embeddable":true,"href":"https:\/\/kic-gmbh-containers.ch\/de\/wp-json\/wp\/v2\/comments?post=28111"}],"wp:featuredmedia":[{"embeddable":true,"href":"https:\/\/kic-gmbh-containers.ch\/de\/wp-json\/wp\/v2\/media\/28112"}],"wp:attachment":[{"href":"https:\/\/kic-gmbh-containers.ch\/de\/wp-json\/wp\/v2\/media?parent=28111"}],"wp:term":[{"taxonomy":"product_brand","embeddable":true,"href":"https:\/\/kic-gmbh-containers.ch\/de\/wp-json\/wp\/v2\/product_brand?post=28111"},{"taxonomy":"product_cat","embeddable":true,"href":"https:\/\/kic-gmbh-containers.ch\/de\/wp-json\/wp\/v2\/product_cat?post=28111"},{"taxonomy":"product_tag","embeddable":true,"href":"https:\/\/kic-gmbh-containers.ch\/de\/wp-json\/wp\/v2\/product_tag?post=28111"}],"curies":[{"name":"wp","href":"https:\/\/api.w.org\/{rel}","templated":true}]}}