{"id":28115,"date":"2026-02-27T01:49:36","date_gmt":"2026-02-27T01:49:36","guid":{"rendered":"https:\/\/es.robot-tonde-aspir.ch\/?post_type=product&amp;p=28115"},"modified":"2026-02-27T01:49:36","modified_gmt":"2026-02-27T01:49:36","slug":"container-20-pieds-open-side-neuf","status":"publish","type":"product","link":"https:\/\/kic-gmbh-containers.ch\/de\/produkt\/container-20-pieds-open-side-neuf\/","title":{"rendered":"Neuer 20-Fu\u00df-Container mit offener Seite"},"content":{"rendered":"<h1 class=\"\" data-start=\"92\" data-end=\"167\"><strong data-start=\"94\" data-end=\"167\">Container 20 Pieds Open Side Neuf \u2013 Stockage Facile et Acc\u00e8s Pratique<\/strong><\/h1>\n<h2 class=\"\" data-start=\"169\" data-end=\"252\"><strong data-start=\"172\" data-end=\"252\">\u2013 La Solution de Stockage S\u00fbre et Pratique<\/strong><\/h2>\n<p class=\"\" data-start=\"254\" data-end=\"663\">Le\u00a0<strong data-start=\"257\" data-end=\"294\">Container 20 Pieds Open Side Neuf<\/strong>\u00a0est une solution id\u00e9ale pour ceux qui cherchent \u00e0 stocker ou transporter des marchandises n\u00e9cessitant une\u00a0<strong data-start=\"401\" data-end=\"423\">ouverture lat\u00e9rale<\/strong>\u00a0pratique. Avec une\u00a0<strong data-start=\"443\" data-end=\"472\">structure en acier Corten<\/strong>\u00a0robuste et une\u00a0<strong data-start=\"488\" data-end=\"517\">ouverture lat\u00e9rale \u00e0 270\u00b0<\/strong>, ce conteneur est parfait pour le stockage de mat\u00e9riaux longs ou encombrants et pour les applications o\u00f9 un acc\u00e8s facile et rapide est essentiel.<\/p>\n<h3 class=\"\" data-start=\"665\" data-end=\"737\"><strong data-start=\"669\" data-end=\"737\">Caract\u00e9ristiques Techniques du Container 20 Pieds Open Side Neuf<\/strong><\/h3>\n<ul data-start=\"739\" data-end=\"1605\">\n<li class=\"\" data-start=\"739\" data-end=\"836\">\n<p class=\"\" data-start=\"741\" data-end=\"769\"><strong data-start=\"741\" data-end=\"767\">Dimensions Int\u00e9rieures<\/strong>\u00a0:<\/p>\n<ul data-start=\"772\" data-end=\"836\">\n<li class=\"\" data-start=\"772\" data-end=\"792\">\n<p class=\"\" data-start=\"774\" data-end=\"792\">Longueur : 5844 mm<\/p>\n<\/li>\n<li class=\"\" data-start=\"795\" data-end=\"814\">\n<p class=\"\" data-start=\"797\" data-end=\"814\">Largeur : 2350 mm<\/p>\n<\/li>\n<li class=\"\" data-start=\"817\" data-end=\"836\">\n<p class=\"\" data-start=\"819\" data-end=\"836\">Hauteur : 2495 mm<\/p>\n<\/li>\n<\/ul>\n<\/li>\n<li class=\"\" data-start=\"838\" data-end=\"935\">\n<p class=\"\" data-start=\"840\" data-end=\"868\"><strong data-start=\"840\" data-end=\"866\">Dimensions Ext\u00e9rieures<\/strong>\u00a0:<\/p>\n<ul data-start=\"871\" data-end=\"935\">\n<li class=\"\" data-start=\"871\" data-end=\"891\">\n<p class=\"\" data-start=\"873\" data-end=\"891\">Longueur : 6058 mm<\/p>\n<\/li>\n<li class=\"\" data-start=\"894\" data-end=\"913\">\n<p class=\"\" data-start=\"896\" data-end=\"913\">Largeur : 2438 mm<\/p>\n<\/li>\n<li class=\"\" data-start=\"916\" data-end=\"935\">\n<p class=\"\" data-start=\"918\" data-end=\"935\">Hauteur : 2591 mm<\/p>\n<\/li>\n<\/ul>\n<\/li>\n<li class=\"\" data-start=\"937\" data-end=\"1010\">\n<p class=\"\" data-start=\"939\" data-end=\"966\"><strong data-start=\"939\" data-end=\"964\">Dimensions des Portes<\/strong>\u00a0:<\/p>\n<ul data-start=\"969\" data-end=\"1010\">\n<li class=\"\" data-start=\"969\" data-end=\"988\">\n<p class=\"\" data-start=\"971\" data-end=\"988\">Largeur : 2114 mm<\/p>\n<\/li>\n<li class=\"\" data-start=\"991\" data-end=\"1010\">\n<p class=\"\" data-start=\"993\" data-end=\"1010\">Hauteur : 2474 mm<\/p>\n<\/li>\n<\/ul>\n<\/li>\n<li class=\"\" data-start=\"1012\" data-end=\"1058\">\n<p class=\"\" data-start=\"1014\" data-end=\"1058\"><strong data-start=\"1014\" data-end=\"1048\">Ouverture des Portes Lat\u00e9rales<\/strong>\u00a0: 5508 mm<\/p>\n<\/li>\n<li class=\"\" data-start=\"1060\" data-end=\"1213\">\n<p class=\"\" data-start=\"1062\" data-end=\"1213\"><strong data-start=\"1062\" data-end=\"1075\">Structure<\/strong>\u00a0:\u00a0<strong data-start=\"1078\" data-end=\"1107\">Corten enti\u00e8rement soud\u00e9e<\/strong>, assurant une\u00a0<strong data-start=\"1122\" data-end=\"1150\">long\u00e9vit\u00e9 exceptionnelle<\/strong>\u00a0et une r\u00e9sistance maximale aux conditions climatiques s\u00e9v\u00e8res.<\/p>\n<\/li>\n<li class=\"\" data-start=\"1215\" data-end=\"1406\">\n<p class=\"\" data-start=\"1217\" data-end=\"1231\"><strong data-start=\"1217\" data-end=\"1229\">Plancher<\/strong>\u00a0:<\/p>\n<ul data-start=\"1234\" data-end=\"1406\">\n<li class=\"\" data-start=\"1234\" data-end=\"1249\">\n<p class=\"\" data-start=\"1236\" data-end=\"1249\"><strong data-start=\"1236\" data-end=\"1249\">OSB 22 mm<\/strong><\/p>\n<\/li>\n<li class=\"\" data-start=\"1252\" data-end=\"1341\">\n<p class=\"\" data-start=\"1254\" data-end=\"1341\"><strong data-start=\"1254\" data-end=\"1283\">Contreplaqu\u00e9 Marine 21 mm<\/strong>\u00a0pour une\u00a0<strong data-start=\"1293\" data-end=\"1314\">r\u00e9sistance accrue<\/strong>\u00a0\u00e0 l\u2019humidit\u00e9 et \u00e0 l\u2019usure.<\/p>\n<\/li>\n<li class=\"\" data-start=\"1344\" data-end=\"1406\">\n<p class=\"\" data-start=\"1346\" data-end=\"1406\"><strong data-start=\"1346\" data-end=\"1366\">Sol acier 3+1 mm<\/strong>\u00a0pour une\u00a0<strong data-start=\"1376\" data-end=\"1405\">robustesse suppl\u00e9mentaire<\/strong>.<\/p>\n<\/li>\n<\/ul>\n<\/li>\n<li class=\"\" data-start=\"1408\" data-end=\"1524\">\n<p class=\"\" data-start=\"1410\" data-end=\"1524\"><strong data-start=\"1410\" data-end=\"1434\">Ouverture des Portes<\/strong>\u00a0:\u00a0<strong data-start=\"1437\" data-end=\"1445\">270\u00b0<\/strong>, permettant un\u00a0<strong data-start=\"1461\" data-end=\"1478\">acc\u00e8s complet<\/strong>\u00a0et facile pour le chargement et d\u00e9chargement.<\/p>\n<\/li>\n<li class=\"\" data-start=\"1526\" data-end=\"1548\">\n<p class=\"\" data-start=\"1528\" data-end=\"1548\"><strong data-start=\"1528\" data-end=\"1537\">Poids<\/strong>\u00a0: 3 400 kg<\/p>\n<\/li>\n<li class=\"\" data-start=\"1549\" data-end=\"1577\">\n<p class=\"\" data-start=\"1551\" data-end=\"1577\"><strong data-start=\"1551\" data-end=\"1565\">Charge Max<\/strong>\u00a0: 20 100 kg<\/p>\n<\/li>\n<li class=\"\" data-start=\"1578\" data-end=\"1605\">\n<p class=\"\" data-start=\"1580\" data-end=\"1605\"><strong data-start=\"1580\" data-end=\"1593\">Poids Max<\/strong>\u00a0: 24 600 kg<\/p>\n<\/li>\n<\/ul>\n<h3 class=\"\" data-start=\"1607\" data-end=\"1661\"><strong data-start=\"1611\" data-end=\"1661\">Avantages du Container 20 Pieds Open Side Neuf<\/strong><\/h3>\n<ul data-start=\"1663\" data-end=\"2753\">\n<li class=\"\" data-start=\"1663\" data-end=\"1882\">\n<p class=\"\" data-start=\"1665\" data-end=\"1882\"><strong data-start=\"1665\" data-end=\"1691\">Acc\u00e8s Lat\u00e9ral Pratique<\/strong>\u00a0: Avec l\u2019ouverture lat\u00e9rale \u00e0\u00a0<strong data-start=\"1722\" data-end=\"1730\">270\u00b0<\/strong>, ce conteneur facilite le\u00a0<strong data-start=\"1757\" data-end=\"1771\">chargement<\/strong>\u00a0et\u00a0<strong data-start=\"1775\" data-end=\"1791\">d\u00e9chargement<\/strong>\u00a0de marchandises longues et encombrantes, rendant l\u2019acc\u00e8s \u00e0 vos biens beaucoup plus simple.<\/p>\n<\/li>\n<li class=\"\" data-start=\"1884\" data-end=\"2124\">\n<p class=\"\" data-start=\"1886\" data-end=\"2124\"><strong data-start=\"1886\" data-end=\"1909\">S\u00e9curis\u00e9 et Robuste<\/strong>\u00a0: Fabriqu\u00e9 avec de l\u2019acier\u00a0<strong data-start=\"1937\" data-end=\"1947\">Corten<\/strong>\u00a0de haute qualit\u00e9, ce conteneur est extr\u00eamement r\u00e9sistant et durable, offrant une protection maximale contre les intemp\u00e9ries et garantissant la s\u00e9curit\u00e9 de vos produits stock\u00e9s.<\/p>\n<\/li>\n<li class=\"\" data-start=\"2126\" data-end=\"2308\">\n<p class=\"\" data-start=\"2128\" data-end=\"2308\"><strong data-start=\"2128\" data-end=\"2152\">Capacit\u00e9 de Stockage<\/strong>\u00a0: Le\u00a0<strong data-start=\"2158\" data-end=\"2190\">container 20 pieds open side<\/strong>\u00a0offre une capacit\u00e9 de\u00a0<strong data-start=\"2213\" data-end=\"2226\">20 100 kg<\/strong>, id\u00e9ale pour le transport et le stockage de marchandises lourdes et volumineuses.<\/p>\n<\/li>\n<li class=\"\" data-start=\"2310\" data-end=\"2527\">\n<p class=\"\" data-start=\"2312\" data-end=\"2527\"><strong data-start=\"2312\" data-end=\"2339\">Utilisation Polyvalente<\/strong>\u00a0: Ce conteneur est parfait pour une\u00a0<strong data-start=\"2376\" data-end=\"2403\">utilisation multimodale<\/strong>, que ce soit pour des besoins de\u00a0<strong data-start=\"2437\" data-end=\"2449\">stockage<\/strong>,\u00a0<strong data-start=\"2451\" data-end=\"2473\">transport maritime<\/strong>, ou m\u00eame pour l\u2019<strong data-start=\"2490\" data-end=\"2526\">am\u00e9nagement d\u2019espaces de travail<\/strong>.<\/p>\n<\/li>\n<li class=\"\" data-start=\"2529\" data-end=\"2753\">\n<p class=\"\" data-start=\"2531\" data-end=\"2753\"><strong data-start=\"2531\" data-end=\"2575\">Solution Id\u00e9ale pour les Mat\u00e9riaux Longs<\/strong>\u00a0: Gr\u00e2ce \u00e0 l\u2019ouverture lat\u00e9rale, il est parfaitement adapt\u00e9 au stockage et au transport de\u00a0<strong data-start=\"2666\" data-end=\"2685\">mat\u00e9riaux longs<\/strong>\u00a0comme des tuyaux, des planches, ou des \u00e9quipements de construction.<\/p>\n<\/li>\n<\/ul>\n<h3 class=\"\" data-start=\"2755\" data-end=\"2812\"><strong data-start=\"2759\" data-end=\"2812\">Applications\u00a0\u00a0<\/strong><\/h3>\n<ul data-start=\"2814\" data-end=\"3389\">\n<li class=\"\" data-start=\"2814\" data-end=\"2957\">\n<p class=\"\" data-start=\"2816\" data-end=\"2957\"><strong data-start=\"2816\" data-end=\"2853\">Transport de Marchandises Longues<\/strong>\u00a0: Id\u00e9al pour les produits n\u00e9cessitant un\u00a0<strong data-start=\"2895\" data-end=\"2911\">acc\u00e8s facile<\/strong>\u00a0et rapide lors du chargement et d\u00e9chargement.<\/p>\n<\/li>\n<li class=\"\" data-start=\"2961\" data-end=\"3109\">\n<p class=\"\" data-start=\"2963\" data-end=\"3109\"><strong data-start=\"2963\" data-end=\"2986\">Construction et BTP<\/strong>\u00a0: Parfait pour le\u00a0<strong data-start=\"3005\" data-end=\"3046\">stockage de mat\u00e9riaux de construction<\/strong>\u00a0sur les chantiers, offrant une solution pratique et s\u00e9curis\u00e9e.<\/p>\n<\/li>\n<li class=\"\" data-start=\"3111\" data-end=\"3257\">\n<p class=\"\" data-start=\"3113\" data-end=\"3257\"><strong data-start=\"3113\" data-end=\"3144\">Self-Stockage et Logistique<\/strong>\u00a0: Adapt\u00e9 pour un\u00a0<strong data-start=\"3162\" data-end=\"3210\">usage de stockage personnel ou professionnel<\/strong>, offrant une s\u00e9curit\u00e9 optimale pour vos biens.<\/p>\n<\/li>\n<li class=\"\" data-start=\"3259\" data-end=\"3389\">\n<p class=\"\" data-start=\"3261\" data-end=\"3389\"><strong data-start=\"3261\" data-end=\"3287\">Transports Multimodaux<\/strong>\u00a0: Le conteneur peut \u00eatre utilis\u00e9 pour des transports\u00a0<strong data-start=\"3341\" data-end=\"3354\">maritimes<\/strong>,\u00a0<strong data-start=\"3356\" data-end=\"3368\">routiers<\/strong>\u00a0ou\u00a0<strong data-start=\"3372\" data-end=\"3388\">ferroviaires<\/strong>.<\/p>\n<\/li>\n<\/ul>","protected":false},"excerpt":{"rendered":"<p>Container 20 Pieds Open Side Neuf \u2013 Stockage Facile et Acc\u00e8s Pratique \u2013 La Solution de Stockage S\u00fbre et Pratique<\/p>","protected":false},"featured_media":28119,"comment_status":"open","ping_status":"closed","template":"","meta":[],"product_brand":[],"product_cat":[32],"product_tag":[],"class_list":{"0":"post-28115","1":"product","2":"type-product","3":"status-publish","4":"has-post-thumbnail","6":"product_cat-containers-specifiques","8":"first","9":"instock","10":"taxable","11":"shipping-taxable","12":"purchasable","13":"product-type-simple"},"_links":{"self":[{"href":"https:\/\/kic-gmbh-containers.ch\/de\/wp-json\/wp\/v2\/product\/28115","targetHints":{"allow":["GET"]}}],"collection":[{"href":"https:\/\/kic-gmbh-containers.ch\/de\/wp-json\/wp\/v2\/product"}],"about":[{"href":"https:\/\/kic-gmbh-containers.ch\/de\/wp-json\/wp\/v2\/types\/product"}],"replies":[{"embeddable":true,"href":"https:\/\/kic-gmbh-containers.ch\/de\/wp-json\/wp\/v2\/comments?post=28115"}],"wp:featuredmedia":[{"embeddable":true,"href":"https:\/\/kic-gmbh-containers.ch\/de\/wp-json\/wp\/v2\/media\/28119"}],"wp:attachment":[{"href":"https:\/\/kic-gmbh-containers.ch\/de\/wp-json\/wp\/v2\/media?parent=28115"}],"wp:term":[{"taxonomy":"product_brand","embeddable":true,"href":"https:\/\/kic-gmbh-containers.ch\/de\/wp-json\/wp\/v2\/product_brand?post=28115"},{"taxonomy":"product_cat","embeddable":true,"href":"https:\/\/kic-gmbh-containers.ch\/de\/wp-json\/wp\/v2\/product_cat?post=28115"},{"taxonomy":"product_tag","embeddable":true,"href":"https:\/\/kic-gmbh-containers.ch\/de\/wp-json\/wp\/v2\/product_tag?post=28115"}],"curies":[{"name":"wp","href":"https:\/\/api.w.org\/{rel}","templated":true}]}}