{"id":28120,"date":"2026-02-27T01:56:23","date_gmt":"2026-02-27T01:56:23","guid":{"rendered":"https:\/\/es.robot-tonde-aspir.ch\/?post_type=product&amp;p=28120"},"modified":"2026-02-27T01:56:23","modified_gmt":"2026-02-27T01:56:23","slug":"container-20-pieds-open-side-double-portes-neuf-2","status":"publish","type":"product","link":"https:\/\/kic-gmbh-containers.ch\/de\/produkt\/container-20-pieds-open-side-double-portes-neuf-2\/","title":{"rendered":"Neuer 20-Fu\u00df-Container mit offener Seite und Doppelt\u00fcr"},"content":{"rendered":"<h1 class=\"\" data-start=\"106\" data-end=\"199\"><strong data-start=\"108\" data-end=\"199\">Container 20 Pieds Open Side Double Portes Neuf \u2013 Solution de Stockage Flexible et S\u00fbre<\/strong><\/h1>\n<h2 class=\"\" data-start=\"201\" data-end=\"284\"><strong data-start=\"204\" data-end=\"284\">\u00a0\u2013 Acc\u00e8s Facilit\u00e9 pour un Stockage S\u00e9curis\u00e9<\/strong><\/h2>\n<p class=\"\" data-start=\"286\" data-end=\"706\">D\u00e9couvrez notre\u00a0<strong data-start=\"302\" data-end=\"339\">Container 20 Pieds Open Side Neuf<\/strong>, une solution robuste et pratique pour le stockage et la manutention. Ce conteneur est \u00e9quip\u00e9 de\u00a0<strong data-start=\"437\" data-end=\"478\">portes lat\u00e9rales \u00e0 ouverture compl\u00e8te<\/strong>, offrant un acc\u00e8s facile et large \u00e0 l\u2019int\u00e9rieur, id\u00e9al pour le stockage de grandes quantit\u00e9s de produits. Gr\u00e2ce \u00e0 sa\u00a0<strong data-start=\"596\" data-end=\"625\">structure en acier Corten<\/strong>\u00a0et son\u00a0<strong data-start=\"633\" data-end=\"650\">cache cadenas<\/strong>, il garantit une s\u00e9curit\u00e9 optimale de vos marchandises.<\/p>\n<h3 class=\"\" data-start=\"708\" data-end=\"794\"><strong data-start=\"712\" data-end=\"794\">Caract\u00e9ristiques Techniques du Container 20 Pieds Open Side Double Portes Neuf<\/strong><\/h3>\n<ul data-start=\"795\" data-end=\"1793\">\n<li class=\"\" data-start=\"795\" data-end=\"892\">\n<p class=\"\" data-start=\"797\" data-end=\"825\"><strong data-start=\"797\" data-end=\"823\">Dimensions Int\u00e9rieures<\/strong>\u00a0:<\/p>\n<ul data-start=\"828\" data-end=\"892\">\n<li class=\"\" data-start=\"828\" data-end=\"848\">\n<p class=\"\" data-start=\"830\" data-end=\"848\">Longueur : 5858 mm<\/p>\n<\/li>\n<li class=\"\" data-start=\"851\" data-end=\"870\">\n<p class=\"\" data-start=\"853\" data-end=\"870\">Largeur : 2308 mm<\/p>\n<\/li>\n<li class=\"\" data-start=\"873\" data-end=\"892\">\n<p class=\"\" data-start=\"875\" data-end=\"892\">Hauteur : 2591 mm<\/p>\n<\/li>\n<\/ul>\n<\/li>\n<li class=\"\" data-start=\"894\" data-end=\"991\">\n<p class=\"\" data-start=\"896\" data-end=\"924\"><strong data-start=\"896\" data-end=\"922\">Dimensions Ext\u00e9rieures<\/strong>\u00a0:<\/p>\n<ul data-start=\"927\" data-end=\"991\">\n<li class=\"\" data-start=\"927\" data-end=\"947\">\n<p class=\"\" data-start=\"929\" data-end=\"947\">Longueur : 6058 mm<\/p>\n<\/li>\n<li class=\"\" data-start=\"950\" data-end=\"969\">\n<p class=\"\" data-start=\"952\" data-end=\"969\">Largeur : 2438 mm<\/p>\n<\/li>\n<li class=\"\" data-start=\"972\" data-end=\"991\">\n<p class=\"\" data-start=\"974\" data-end=\"991\">Hauteur : 2591 mm<\/p>\n<\/li>\n<\/ul>\n<\/li>\n<li class=\"\" data-start=\"993\" data-end=\"1066\">\n<p class=\"\" data-start=\"995\" data-end=\"1022\"><strong data-start=\"995\" data-end=\"1020\">Dimensions des Portes<\/strong>\u00a0:<\/p>\n<ul data-start=\"1025\" data-end=\"1066\">\n<li class=\"\" data-start=\"1025\" data-end=\"1044\">\n<p class=\"\" data-start=\"1027\" data-end=\"1044\">Largeur : 2340 mm<\/p>\n<\/li>\n<li class=\"\" data-start=\"1047\" data-end=\"1066\">\n<p class=\"\" data-start=\"1049\" data-end=\"1066\">Hauteur : 2280 mm<\/p>\n<\/li>\n<\/ul>\n<\/li>\n<li class=\"\" data-start=\"1068\" data-end=\"1208\">\n<p class=\"\" data-start=\"1070\" data-end=\"1208\"><strong data-start=\"1070\" data-end=\"1083\">Structure<\/strong>\u00a0: Acier\u00a0<strong data-start=\"1092\" data-end=\"1102\">CORTEN<\/strong>\u00a0enti\u00e8rement soud\u00e9, garantissant une grande r\u00e9sistance aux conditions climatiques et une long\u00e9vit\u00e9 accrue.<\/p>\n<\/li>\n<li class=\"\" data-start=\"1212\" data-end=\"1387\">\n<p class=\"\" data-start=\"1214\" data-end=\"1228\"><strong data-start=\"1214\" data-end=\"1226\">Plancher<\/strong>\u00a0:<\/p>\n<ul data-start=\"1231\" data-end=\"1387\">\n<li class=\"\" data-start=\"1231\" data-end=\"1384\">\n<p class=\"\" data-start=\"1233\" data-end=\"1384\"><strong data-start=\"1233\" data-end=\"1246\">OSB 22 mm<\/strong>, ou\u00a0<strong data-start=\"1251\" data-end=\"1280\">contreplaqu\u00e9 marine 21 mm<\/strong>, ou\u00a0<strong data-start=\"1285\" data-end=\"1305\">sol acier 3+1 mm<\/strong>, assurant une surface solide et r\u00e9sistante pour un stockage en toute s\u00e9curit\u00e9.<\/p>\n<\/li>\n<\/ul>\n<\/li>\n<li class=\"\" data-start=\"1388\" data-end=\"1544\">\n<p class=\"\" data-start=\"1390\" data-end=\"1544\"><strong data-start=\"1390\" data-end=\"1414\">Ouverture des Portes<\/strong>\u00a0:\u00a0<strong data-start=\"1417\" data-end=\"1425\">270\u00b0<\/strong>\u00a0pour une ouverture maximale, facilitant l\u2019acc\u00e8s aux marchandises et offrant une large zone de chargement\/d\u00e9chargement.<\/p>\n<\/li>\n<li class=\"\" data-start=\"1546\" data-end=\"1669\">\n<p class=\"\" data-start=\"1548\" data-end=\"1669\"><strong data-start=\"1548\" data-end=\"1557\">Poids<\/strong>\u00a0: 1 310 kg, pour une construction robuste tout en restant relativement l\u00e9ger pour une facilit\u00e9 de manipulation.<\/p>\n<\/li>\n<li class=\"\" data-start=\"1671\" data-end=\"1793\">\n<p class=\"\" data-start=\"1673\" data-end=\"1793\"><strong data-start=\"1673\" data-end=\"1692\">Passage Fourche<\/strong>\u00a0:\u00a0<strong data-start=\"1695\" data-end=\"1706\">2050 mm<\/strong>, id\u00e9al pour une manipulation avec chariots \u00e9l\u00e9vateurs ou autres \u00e9quipements de levage.<\/p>\n<\/li>\n<\/ul>\n<h3 class=\"\" data-start=\"1795\" data-end=\"1863\"><strong data-start=\"1799\" data-end=\"1863\">Avantages du Container 20 Pieds Open Side Double Portes Neuf<\/strong><\/h3>\n<ul data-start=\"1864\" data-end=\"2681\">\n<li class=\"\" data-start=\"1864\" data-end=\"2067\">\n<p class=\"\" data-start=\"1866\" data-end=\"2067\"><strong data-start=\"1866\" data-end=\"1891\">Acc\u00e8s Facile et Large<\/strong>\u00a0: Les\u00a0<strong data-start=\"1898\" data-end=\"1939\">portes lat\u00e9rales \u00e0 ouverture compl\u00e8te<\/strong>\u00a0permettent un acc\u00e8s large et ais\u00e9, facilitant la gestion des stocks, le d\u00e9chargement et le rechargement rapide de vos produits.<\/p>\n<\/li>\n<li class=\"\" data-start=\"2068\" data-end=\"2242\">\n<p class=\"\" data-start=\"2070\" data-end=\"2242\"><strong data-start=\"2070\" data-end=\"2091\">S\u00e9curit\u00e9 Maximale<\/strong>\u00a0: La\u00a0<strong data-start=\"2097\" data-end=\"2126\">structure en acier Corten<\/strong>\u00a0et le\u00a0<strong data-start=\"2133\" data-end=\"2150\">cache cadenas<\/strong>\u00a0offrent une\u00a0<strong data-start=\"2163\" data-end=\"2184\">s\u00e9curit\u00e9 optimale<\/strong>, prot\u00e9geant vos biens contre les intemp\u00e9ries et les vols.<\/p>\n<\/li>\n<li class=\"\" data-start=\"2243\" data-end=\"2461\">\n<p class=\"\" data-start=\"2245\" data-end=\"2461\"><strong data-start=\"2245\" data-end=\"2272\">Durabilit\u00e9 et Long\u00e9vit\u00e9<\/strong>\u00a0: Le\u00a0<strong data-start=\"2278\" data-end=\"2320\">plancher en OSB ou contreplaqu\u00e9 marine<\/strong>\u00a0et la construction\u00a0<strong data-start=\"2340\" data-end=\"2362\">enti\u00e8rement soud\u00e9e<\/strong>\u00a0assurent une\u00a0<strong data-start=\"2376\" data-end=\"2396\">long\u00e9vit\u00e9 accrue<\/strong>\u00a0du conteneur, m\u00eame dans des environnements de travail exigeants.<\/p>\n<\/li>\n<li class=\"\" data-start=\"2462\" data-end=\"2681\">\n<p class=\"\" data-start=\"2464\" data-end=\"2681\"><strong data-start=\"2464\" data-end=\"2493\">Polyvalence d\u2019Utilisation<\/strong>\u00a0: Parfait pour des\u00a0<strong data-start=\"2513\" data-end=\"2538\">applications diverses<\/strong>\u00a0telles que le stockage de marchandises, la construction, ou m\u00eame pour \u00eatre transform\u00e9 en\u00a0<strong data-start=\"2628\" data-end=\"2645\">bureau mobile<\/strong>\u00a0ou en espace de travail temporaire.<\/p>\n<\/li>\n<\/ul>\n<h3 class=\"\" data-start=\"2683\" data-end=\"2749\"><strong data-start=\"2687\" data-end=\"2749\">Applications du Container 20 Pieds Open Side Double Portes<\/strong><\/h3>\n<ul data-start=\"2750\" data-end=\"3254\">\n<li class=\"\" data-start=\"2750\" data-end=\"2893\">\n<p class=\"\" data-start=\"2752\" data-end=\"2893\"><strong data-start=\"2752\" data-end=\"2789\">Stockage Commercial et Industriel<\/strong>\u00a0: Id\u00e9al pour le stockage de produits de diff\u00e9rentes tailles et formes, gr\u00e2ce \u00e0 son large acc\u00e8s lat\u00e9ral.<\/p>\n<\/li>\n<li class=\"\" data-start=\"2894\" data-end=\"3073\">\n<p class=\"\" data-start=\"2896\" data-end=\"3073\"><strong data-start=\"2896\" data-end=\"2921\">Manutention Facilit\u00e9e<\/strong>\u00a0: Utilis\u00e9 pour les op\u00e9rations de chargement et de d\u00e9chargement dans les secteurs de la logistique, du commerce de d\u00e9tail, et m\u00eame dans la construction.<\/p>\n<\/li>\n<li class=\"\" data-start=\"3074\" data-end=\"3254\">\n<p class=\"\" data-start=\"3076\" data-end=\"3254\"><strong data-start=\"3076\" data-end=\"3109\">Transformation et Am\u00e9nagement<\/strong>\u00a0: Gr\u00e2ce \u00e0 son design flexible, ce container peut facilement \u00eatre am\u00e9nag\u00e9 en\u00a0<strong data-start=\"3186\" data-end=\"3207\">espace de travail<\/strong>,\u00a0<strong data-start=\"3209\" data-end=\"3230\">bureau temporaire<\/strong>, ou\u00a0<strong data-start=\"3235\" data-end=\"3253\">atelier mobile<\/strong>.<\/p>\n<\/li>\n<\/ul>","protected":false},"excerpt":{"rendered":"<p>Container 20 Pieds Open Side Double Portes Neuf \u2013 Solution de Stockage Flexible et S\u00fbre \u00a0\u2013 Acc\u00e8s Facilit\u00e9 pour un<\/p>","protected":false},"featured_media":28121,"comment_status":"open","ping_status":"closed","template":"","meta":[],"product_brand":[],"product_cat":[32],"product_tag":[],"class_list":{"0":"post-28120","1":"product","2":"type-product","3":"status-publish","4":"has-post-thumbnail","6":"product_cat-containers-specifiques","8":"first","9":"instock","10":"taxable","11":"shipping-taxable","12":"purchasable","13":"product-type-simple"},"_links":{"self":[{"href":"https:\/\/kic-gmbh-containers.ch\/de\/wp-json\/wp\/v2\/product\/28120","targetHints":{"allow":["GET"]}}],"collection":[{"href":"https:\/\/kic-gmbh-containers.ch\/de\/wp-json\/wp\/v2\/product"}],"about":[{"href":"https:\/\/kic-gmbh-containers.ch\/de\/wp-json\/wp\/v2\/types\/product"}],"replies":[{"embeddable":true,"href":"https:\/\/kic-gmbh-containers.ch\/de\/wp-json\/wp\/v2\/comments?post=28120"}],"wp:featuredmedia":[{"embeddable":true,"href":"https:\/\/kic-gmbh-containers.ch\/de\/wp-json\/wp\/v2\/media\/28121"}],"wp:attachment":[{"href":"https:\/\/kic-gmbh-containers.ch\/de\/wp-json\/wp\/v2\/media?parent=28120"}],"wp:term":[{"taxonomy":"product_brand","embeddable":true,"href":"https:\/\/kic-gmbh-containers.ch\/de\/wp-json\/wp\/v2\/product_brand?post=28120"},{"taxonomy":"product_cat","embeddable":true,"href":"https:\/\/kic-gmbh-containers.ch\/de\/wp-json\/wp\/v2\/product_cat?post=28120"},{"taxonomy":"product_tag","embeddable":true,"href":"https:\/\/kic-gmbh-containers.ch\/de\/wp-json\/wp\/v2\/product_tag?post=28120"}],"curies":[{"name":"wp","href":"https:\/\/api.w.org\/{rel}","templated":true}]}}