{"id":28122,"date":"2026-02-27T02:02:36","date_gmt":"2026-02-27T02:02:36","guid":{"rendered":"https:\/\/es.robot-tonde-aspir.ch\/?post_type=product&amp;p=28122"},"modified":"2026-02-27T02:02:36","modified_gmt":"2026-02-27T02:02:36","slug":"container-15-pieds-open-side-stockage-neuf","status":"publish","type":"product","link":"https:\/\/kic-gmbh-containers.ch\/de\/produkt\/container-15-pieds-open-side-stockage-neuf\/","title":{"rendered":"Neuer 15-Fu\u00df-Lagercontainer mit offener Seite"},"content":{"rendered":"<h1 class=\"\" data-start=\"91\" data-end=\"164\"><strong data-start=\"93\" data-end=\"164\">Container 15 Pieds Open Side Neuf \u2013 Stockage Pratique et Accessible<\/strong><\/h1>\n<h2 class=\"\" data-start=\"166\" data-end=\"248\"><strong data-start=\"169\" data-end=\"248\">\u2013 Id\u00e9al pour le Stockage et les Chantiers<\/strong><\/h2>\n<p class=\"\" data-start=\"250\" data-end=\"668\">Le\u00a0<strong data-start=\"253\" data-end=\"290\">Container 15 Pieds Open Side Neuf<\/strong>\u00a0est la solution id\u00e9ale pour le stockage temporaire ou pour les besoins sp\u00e9cifiques des chantiers et du\u00a0<strong data-start=\"394\" data-end=\"411\">self-stockage<\/strong>. Son\u00a0<strong data-start=\"417\" data-end=\"446\">ouverture lat\u00e9rale \u00e0 270\u00b0<\/strong>\u00a0permet un\u00a0<strong data-start=\"457\" data-end=\"473\">acc\u00e8s facile<\/strong>\u00a0aux biens stock\u00e9s, rendant le chargement et le d\u00e9chargement plus efficaces. Sa\u00a0<strong data-start=\"553\" data-end=\"582\">structure en acier Corten<\/strong>\u00a0et son\u00a0<strong data-start=\"590\" data-end=\"612\">plancher r\u00e9sistant<\/strong>\u00a0offrent une s\u00e9curit\u00e9 et une durabilit\u00e9 exceptionnelles.<\/p>\n<h3 class=\"\" data-start=\"670\" data-end=\"742\"><strong data-start=\"674\" data-end=\"742\">Caract\u00e9ristiques Techniques du Container 15 Pieds Open Side Neuf<\/strong><\/h3>\n<ul data-start=\"744\" data-end=\"1467\">\n<li class=\"\" data-start=\"744\" data-end=\"841\">\n<p class=\"\" data-start=\"746\" data-end=\"774\"><strong data-start=\"746\" data-end=\"772\">Dimensions Int\u00e9rieures<\/strong>\u00a0:<\/p>\n<ul data-start=\"777\" data-end=\"841\">\n<li class=\"\" data-start=\"777\" data-end=\"797\">\n<p class=\"\" data-start=\"779\" data-end=\"797\">Longueur : 4300 mm<\/p>\n<\/li>\n<li class=\"\" data-start=\"800\" data-end=\"819\">\n<p class=\"\" data-start=\"802\" data-end=\"819\">Largeur : 2308 mm<\/p>\n<\/li>\n<li class=\"\" data-start=\"822\" data-end=\"841\">\n<p class=\"\" data-start=\"824\" data-end=\"841\">Hauteur : 2361 mm<\/p>\n<\/li>\n<\/ul>\n<\/li>\n<li class=\"\" data-start=\"843\" data-end=\"940\">\n<p class=\"\" data-start=\"845\" data-end=\"873\"><strong data-start=\"845\" data-end=\"871\">Dimensions Ext\u00e9rieures<\/strong>\u00a0:<\/p>\n<ul data-start=\"876\" data-end=\"940\">\n<li class=\"\" data-start=\"876\" data-end=\"896\">\n<p class=\"\" data-start=\"878\" data-end=\"896\">Longueur : 4500 mm<\/p>\n<\/li>\n<li class=\"\" data-start=\"899\" data-end=\"918\">\n<p class=\"\" data-start=\"901\" data-end=\"918\">Largeur : 2438 mm<\/p>\n<\/li>\n<li class=\"\" data-start=\"921\" data-end=\"940\">\n<p class=\"\" data-start=\"923\" data-end=\"940\">Hauteur : 2591 mm<\/p>\n<\/li>\n<\/ul>\n<\/li>\n<li class=\"\" data-start=\"942\" data-end=\"1015\">\n<p class=\"\" data-start=\"944\" data-end=\"971\"><strong data-start=\"944\" data-end=\"969\">Dimensions des Portes<\/strong>\u00a0:<\/p>\n<ul data-start=\"974\" data-end=\"1015\">\n<li class=\"\" data-start=\"974\" data-end=\"993\">\n<p class=\"\" data-start=\"976\" data-end=\"993\">Largeur : 2340 mm<\/p>\n<\/li>\n<li class=\"\" data-start=\"996\" data-end=\"1015\">\n<p class=\"\" data-start=\"998\" data-end=\"1015\">Hauteur : 2280 mm<\/p>\n<\/li>\n<\/ul>\n<\/li>\n<li class=\"\" data-start=\"1017\" data-end=\"1113\">\n<p class=\"\" data-start=\"1019\" data-end=\"1113\"><strong data-start=\"1019\" data-end=\"1043\">Ouverture des Portes<\/strong>\u00a0: 270\u00b0, pour un\u00a0<strong data-start=\"1060\" data-end=\"1086\">acc\u00e8s facile et rapide<\/strong>\u00a0aux contenus du conteneur.<\/p>\n<\/li>\n<li class=\"\" data-start=\"1115\" data-end=\"1262\">\n<p class=\"\" data-start=\"1117\" data-end=\"1262\"><strong data-start=\"1117\" data-end=\"1130\">Structure<\/strong>\u00a0:\u00a0<strong data-start=\"1133\" data-end=\"1162\">Corten enti\u00e8rement soud\u00e9e<\/strong>, garantissant une\u00a0<strong data-start=\"1181\" data-end=\"1194\">long\u00e9vit\u00e9<\/strong>\u00a0et une\u00a0<strong data-start=\"1202\" data-end=\"1223\">r\u00e9sistance accrue<\/strong>\u00a0aux conditions climatiques difficiles.<\/p>\n<\/li>\n<li class=\"\" data-start=\"1264\" data-end=\"1445\">\n<p class=\"\" data-start=\"1266\" data-end=\"1280\"><strong data-start=\"1266\" data-end=\"1278\">Plancher<\/strong>\u00a0:<\/p>\n<ul data-start=\"1283\" data-end=\"1445\">\n<li class=\"\" data-start=\"1283\" data-end=\"1298\">\n<p class=\"\" data-start=\"1285\" data-end=\"1298\"><strong data-start=\"1285\" data-end=\"1298\">OSB 22 mm<\/strong><\/p>\n<\/li>\n<li class=\"\" data-start=\"1301\" data-end=\"1384\">\n<p class=\"\" data-start=\"1303\" data-end=\"1384\"><strong data-start=\"1303\" data-end=\"1332\">Contreplaqu\u00e9 Marine 21 mm<\/strong>\u00a0pour une\u00a0<strong data-start=\"1342\" data-end=\"1383\">protection optimale contre l\u2019humidit\u00e9<\/strong>.<\/p>\n<\/li>\n<li class=\"\" data-start=\"1387\" data-end=\"1445\">\n<p class=\"\" data-start=\"1389\" data-end=\"1445\"><strong data-start=\"1389\" data-end=\"1409\">Sol acier 3+1 mm<\/strong>\u00a0pour une robustesse suppl\u00e9mentaire.<\/p>\n<\/li>\n<\/ul>\n<\/li>\n<li class=\"\" data-start=\"1447\" data-end=\"1467\">\n<p class=\"\" data-start=\"1449\" data-end=\"1467\"><strong data-start=\"1449\" data-end=\"1458\">Poids<\/strong>\u00a0: 980 kg<\/p>\n<\/li>\n<\/ul>\n<h3 class=\"\" data-start=\"1469\" data-end=\"1523\"><strong data-start=\"1473\" data-end=\"1523\">Avantages du Container 15 Pieds Open Side Neuf<\/strong><\/h3>\n<ul data-start=\"1525\" data-end=\"2352\">\n<li class=\"\" data-start=\"1525\" data-end=\"1752\">\n<p class=\"\" data-start=\"1527\" data-end=\"1752\"><strong data-start=\"1527\" data-end=\"1572\">Acc\u00e8s Facile gr\u00e2ce \u00e0 l\u2019Ouverture Lat\u00e9rale<\/strong>\u00a0: Avec une ouverture lat\u00e9rale de\u00a0<strong data-start=\"1606\" data-end=\"1614\">270\u00b0<\/strong>, ce conteneur est particuli\u00e8rement adapt\u00e9 pour les chantiers, le\u00a0<strong data-start=\"1680\" data-end=\"1697\">self-stockage<\/strong>, et le\u00a0<strong data-start=\"1705\" data-end=\"1718\">transport<\/strong>\u00a0de mat\u00e9riaux volumineux ou longs.<\/p>\n<\/li>\n<li class=\"\" data-start=\"1754\" data-end=\"1946\">\n<p class=\"\" data-start=\"1756\" data-end=\"1946\"><strong data-start=\"1756\" data-end=\"1781\">S\u00e9curis\u00e9 et R\u00e9sistant<\/strong>\u00a0: La\u00a0<strong data-start=\"1787\" data-end=\"1816\">structure en acier Corten<\/strong>\u00a0et les portes verrouillables garantissent une\u00a0<strong data-start=\"1863\" data-end=\"1886\">protection maximale<\/strong>\u00a0des biens stock\u00e9s, m\u00eame dans des environnements difficiles.<\/p>\n<\/li>\n<li class=\"\" data-start=\"1948\" data-end=\"2154\">\n<p class=\"\" data-start=\"1950\" data-end=\"2154\"><strong data-start=\"1950\" data-end=\"1990\">Solution Flexible pour les Chantiers<\/strong>\u00a0: Gr\u00e2ce \u00e0 sa taille et \u00e0 son acc\u00e8s facile, ce conteneur est parfait pour les\u00a0<strong data-start=\"2068\" data-end=\"2097\">chantiers de construction<\/strong>\u00a0et le stockage temporaire d\u2019\u00e9quipements et de mat\u00e9riaux.<\/p>\n<\/li>\n<li class=\"\" data-start=\"2156\" data-end=\"2352\">\n<p class=\"\" data-start=\"2158\" data-end=\"2352\"><strong data-start=\"2158\" data-end=\"2185\">Utilisation Polyvalente<\/strong>\u00a0: Ce conteneur est id\u00e9al pour le\u00a0<strong data-start=\"2219\" data-end=\"2247\">stockage et le transport<\/strong>\u00a0de diverses marchandises, tout en permettant un acc\u00e8s rapide et simple gr\u00e2ce \u00e0 ses\u00a0<strong data-start=\"2331\" data-end=\"2351\">portes lat\u00e9rales<\/strong>.<\/p>\n<\/li>\n<\/ul>\n<h3 class=\"\" data-start=\"2354\" data-end=\"2411\"><strong data-start=\"2358\" data-end=\"2411\">Applications du Container 15 Pieds Open Side Neuf<\/strong><\/h3>\n<ul data-start=\"2413\" data-end=\"2998\">\n<li class=\"\" data-start=\"2413\" data-end=\"2551\">\n<p class=\"\" data-start=\"2415\" data-end=\"2551\"><strong data-start=\"2415\" data-end=\"2444\">Chantiers de Construction<\/strong>\u00a0: Id\u00e9al pour\u00a0<strong data-start=\"2458\" data-end=\"2483\">stocker des mat\u00e9riaux<\/strong>\u00a0sur le chantier, offrant un acc\u00e8s facile \u00e0 tous types de mat\u00e9riaux.<\/p>\n<\/li>\n<li class=\"\" data-start=\"2553\" data-end=\"2684\">\n<p class=\"\" data-start=\"2555\" data-end=\"2684\"><strong data-start=\"2555\" data-end=\"2572\">Self-Stockage<\/strong>\u00a0: Parfait pour les personnes cherchant \u00e0 stocker leurs biens \u00e0 un\u00a0<strong data-start=\"2639\" data-end=\"2654\">endroit s\u00fbr<\/strong>\u00a0et\u00a0<strong data-start=\"2658\" data-end=\"2683\">facilement accessible<\/strong>.<\/p>\n<\/li>\n<li class=\"\" data-start=\"2686\" data-end=\"2861\">\n<p class=\"\" data-start=\"2688\" data-end=\"2861\"><strong data-start=\"2688\" data-end=\"2734\">Transport de Mat\u00e9riaux Longs ou Volumineux<\/strong>\u00a0: Gr\u00e2ce \u00e0 l\u2019ouverture lat\u00e9rale, il est\u00a0<strong data-start=\"2774\" data-end=\"2821\">adapt\u00e9 au transport de marchandises longues<\/strong>, telles que des tuyaux ou des planches.<\/p>\n<\/li>\n<li class=\"\" data-start=\"2863\" data-end=\"2998\">\n<p class=\"\" data-start=\"2865\" data-end=\"2998\"><strong data-start=\"2865\" data-end=\"2888\">Stockage Temporaire<\/strong>\u00a0: Id\u00e9al pour les solutions de stockage\u00a0<strong data-start=\"2928\" data-end=\"2945\">\u00e0 court terme<\/strong>, avec une facilit\u00e9 d\u2019acc\u00e8s et un transport pratique.<\/p>\n<\/li>\n<\/ul>","protected":false},"excerpt":{"rendered":"<p>Container 15 Pieds Open Side Neuf \u2013 Stockage Pratique et Accessible \u2013 Id\u00e9al pour le Stockage et les Chantiers Le\u00a0Container<\/p>","protected":false},"featured_media":28123,"comment_status":"open","ping_status":"closed","template":"","meta":[],"product_brand":[],"product_cat":[32],"product_tag":[],"class_list":{"0":"post-28122","1":"product","2":"type-product","3":"status-publish","4":"has-post-thumbnail","6":"product_cat-containers-specifiques","8":"first","9":"instock","10":"taxable","11":"shipping-taxable","12":"purchasable","13":"product-type-simple"},"_links":{"self":[{"href":"https:\/\/kic-gmbh-containers.ch\/de\/wp-json\/wp\/v2\/product\/28122","targetHints":{"allow":["GET"]}}],"collection":[{"href":"https:\/\/kic-gmbh-containers.ch\/de\/wp-json\/wp\/v2\/product"}],"about":[{"href":"https:\/\/kic-gmbh-containers.ch\/de\/wp-json\/wp\/v2\/types\/product"}],"replies":[{"embeddable":true,"href":"https:\/\/kic-gmbh-containers.ch\/de\/wp-json\/wp\/v2\/comments?post=28122"}],"wp:featuredmedia":[{"embeddable":true,"href":"https:\/\/kic-gmbh-containers.ch\/de\/wp-json\/wp\/v2\/media\/28123"}],"wp:attachment":[{"href":"https:\/\/kic-gmbh-containers.ch\/de\/wp-json\/wp\/v2\/media?parent=28122"}],"wp:term":[{"taxonomy":"product_brand","embeddable":true,"href":"https:\/\/kic-gmbh-containers.ch\/de\/wp-json\/wp\/v2\/product_brand?post=28122"},{"taxonomy":"product_cat","embeddable":true,"href":"https:\/\/kic-gmbh-containers.ch\/de\/wp-json\/wp\/v2\/product_cat?post=28122"},{"taxonomy":"product_tag","embeddable":true,"href":"https:\/\/kic-gmbh-containers.ch\/de\/wp-json\/wp\/v2\/product_tag?post=28122"}],"curies":[{"name":"wp","href":"https:\/\/api.w.org\/{rel}","templated":true}]}}