{"id":28125,"date":"2026-02-27T12:27:38","date_gmt":"2026-02-27T12:27:38","guid":{"rendered":"https:\/\/es.robot-tonde-aspir.ch\/?post_type=product&#038;p=28125"},"modified":"2026-03-10T09:11:38","modified_gmt":"2026-03-10T09:11:38","slug":"container-20-pieds-dernier-voyage","status":"publish","type":"product","link":"https:\/\/kic-gmbh-containers.ch\/de\/produkt\/container-20-pieds-dernier-voyage\/","title":{"rendered":"20-Fu\u00df-Container, letzte Fahrt"},"content":{"rendered":"<h1 class=\"\" data-start=\"91\" data-end=\"179\"><strong data-start=\"93\" data-end=\"179\">Container 20 Pieds Dernier Voyage \u2013 Solution de Stockage Efficace \u00e0 Prix Abordable<\/strong><\/h1>\n<h2 class=\"\" data-start=\"181\" data-end=\"245\"><strong data-start=\"184\" data-end=\"245\">Container 20 Pieds Dernier Voyage : Fiabilit\u00e9 et \u00c9conomie<\/strong><\/h2>\n<p class=\"\" data-start=\"246\" data-end=\"727\">Le\u00a0<strong data-start=\"249\" data-end=\"286\">container 20 pieds dernier voyage<\/strong>\u00a0est une solution de stockage robuste et rentable pour divers besoins, que ce soit pour le transport ou le stockage d\u2019objets volumineux. Bien qu\u2019il ait travers\u00e9 de nombreux voyages maritimes, ce mod\u00e8le reste conforme aux normes de s\u00e9curit\u00e9, offrant une grande capacit\u00e9 de stockage tout en \u00e9tant certifi\u00e9\u00a0<strong data-start=\"590\" data-end=\"597\">CSC<\/strong>\u00a0(Container Safety Certificate). Ce container est id\u00e9al pour ceux qui recherchent une option \u00e9conomique sans sacrifier la qualit\u00e9.<\/p>\n<h3 class=\"\" data-start=\"729\" data-end=\"801\"><strong data-start=\"733\" data-end=\"801\">Caract\u00e9ristiques Techniques du Container 20 Pieds Dernier Voyage<\/strong><\/h3>\n<ul data-start=\"802\" data-end=\"1160\">\n<li class=\"\" data-start=\"802\" data-end=\"888\">\n<p class=\"\" data-start=\"804\" data-end=\"888\"><strong data-start=\"804\" data-end=\"830\">Dimensions ext\u00e9rieures<\/strong>\u00a0: 6,06 m (longueur) x 2,44 m (largeur) x 2,59 m (hauteur)<\/p>\n<\/li>\n<li class=\"\" data-start=\"889\" data-end=\"944\">\n<p class=\"\" data-start=\"891\" data-end=\"944\"><strong data-start=\"891\" data-end=\"917\">Dimensions int\u00e9rieures<\/strong>\u00a0: 5,90 m x 2,35 m x 2,39 m<\/p>\n<\/li>\n<li class=\"\" data-start=\"945\" data-end=\"971\">\n<p class=\"\" data-start=\"947\" data-end=\"971\"><strong data-start=\"947\" data-end=\"963\">Poids \u00e0 vide<\/strong>\u00a0: 2,2 T<\/p>\n<\/li>\n<li class=\"\" data-start=\"972\" data-end=\"1001\">\n<p class=\"\" data-start=\"974\" data-end=\"1001\"><strong data-start=\"974\" data-end=\"991\">Poids maximum<\/strong>\u00a0: 30,48 T<\/p>\n<\/li>\n<li class=\"\" data-start=\"1002\" data-end=\"1032\">\n<p class=\"\" data-start=\"1004\" data-end=\"1032\"><strong data-start=\"1004\" data-end=\"1023\">Charge maximale<\/strong>\u00a0: 26,4 T<\/p>\n<\/li>\n<li class=\"\" data-start=\"1033\" data-end=\"1066\">\n<p class=\"\" data-start=\"1035\" data-end=\"1066\"><strong data-start=\"1035\" data-end=\"1055\">Volume int\u00e9rieur<\/strong>\u00a0: 33,14 m\u00b3<\/p>\n<\/li>\n<li class=\"\" data-start=\"1067\" data-end=\"1102\">\n<p class=\"\" data-start=\"1069\" data-end=\"1102\"><strong data-start=\"1069\" data-end=\"1091\">Surface int\u00e9rieure<\/strong>\u00a0: 13,86 m\u00b2<\/p>\n<\/li>\n<li class=\"\" data-start=\"1103\" data-end=\"1160\">\n<p class=\"\" data-start=\"1105\" data-end=\"1160\"><strong data-start=\"1105\" data-end=\"1123\">Certificat CSC<\/strong>\u00a0: Oui, avec validit\u00e9 de navigabilit\u00e9<\/p>\n<\/li>\n<\/ul>\n<h3 class=\"\" data-start=\"1162\" data-end=\"1216\"><strong data-start=\"1166\" data-end=\"1216\">Avantages du Container 20 Pieds Dernier Voyage<\/strong><\/h3>\n<ul data-start=\"1217\" data-end=\"1811\">\n<li class=\"\" data-start=\"1217\" data-end=\"1363\">\n<p class=\"\" data-start=\"1219\" data-end=\"1363\"><strong data-start=\"1219\" data-end=\"1240\">Stockage s\u00e9curis\u00e9<\/strong>\u00a0: Gr\u00e2ce \u00e0 son certificat\u00a0<strong data-start=\"1266\" data-end=\"1273\">CSC<\/strong>, le container est certifi\u00e9 pour le transport et reste \u00e9tanche et structurellement solide.<\/p>\n<\/li>\n<li class=\"\" data-start=\"1364\" data-end=\"1545\">\n<p class=\"\" data-start=\"1366\" data-end=\"1545\"><strong data-start=\"1366\" data-end=\"1380\">Polyvalent<\/strong>\u00a0: Id\u00e9al pour le stockage d\u2019outils, de mat\u00e9riel de chantier, de produits agricoles ou pour des besoins personnels tels que le stockage de meubles ou d\u2019objets divers.<\/p>\n<\/li>\n<li class=\"\" data-start=\"1546\" data-end=\"1702\">\n<p class=\"\" data-start=\"1548\" data-end=\"1702\"><strong data-start=\"1548\" data-end=\"1567\">Co\u00fbt avantageux<\/strong>\u00a0: Offrant un excellent rapport qualit\u00e9-prix par rapport \u00e0 un container neuf, ce mod\u00e8le reste performant tout en \u00e9tant plus \u00e9conomique.<\/p>\n<\/li>\n<li class=\"\" data-start=\"1703\" data-end=\"1808\">\n<p class=\"\" data-start=\"1705\" data-end=\"1808\"><strong data-start=\"1705\" data-end=\"1730\">Facilit\u00e9 de transport<\/strong>\u00a0: Convient pour les livraisons multimodales (routier, maritime, ferroviaire).<\/p>\n<\/li>\n<\/ul>\n<h3 class=\"\" data-start=\"1812\" data-end=\"1857\"><strong data-start=\"1816\" data-end=\"1857\">Esth\u00e9tique et Conditions du Container<\/strong><\/h3>\n<p class=\"\" data-start=\"1858\" data-end=\"2235\">Bien que le container soit encore fonctionnel et structur\u00e9 pour un usage prolong\u00e9, il pr\u00e9sente des\u00a0<strong data-start=\"1957\" data-end=\"1975\">traces d\u2019usure<\/strong>\u00a0dues \u00e0 son usage en mer : marques de chocs, peinture ab\u00eem\u00e9e et traces de rouille. Ces imperfections n\u2019affectent pas la solidit\u00e9 ni la s\u00e9curit\u00e9 du container. Si un\u00a0<strong data-start=\"2139\" data-end=\"2154\">aspect neuf<\/strong>\u00a0est requis, il est recommand\u00e9 de privil\u00e9gier un container de\u00a0<strong data-start=\"2216\" data-end=\"2234\">premier voyage<\/strong>.<\/p>","protected":false},"excerpt":{"rendered":"<p>Container 20 Pieds Dernier Voyage \u2013 Solution de Stockage Efficace \u00e0 Prix Abordable Container 20 Pieds Dernier Voyage : Fiabilit\u00e9<\/p>","protected":false},"featured_media":28126,"comment_status":"open","ping_status":"closed","template":"","meta":[],"product_brand":[],"product_cat":[28],"product_tag":[],"class_list":{"0":"post-28125","1":"product","2":"type-product","3":"status-publish","4":"has-post-thumbnail","6":"product_cat-containers-doccasion","8":"first","9":"instock","10":"taxable","11":"shipping-taxable","12":"purchasable","13":"product-type-simple"},"_links":{"self":[{"href":"https:\/\/kic-gmbh-containers.ch\/de\/wp-json\/wp\/v2\/product\/28125","targetHints":{"allow":["GET"]}}],"collection":[{"href":"https:\/\/kic-gmbh-containers.ch\/de\/wp-json\/wp\/v2\/product"}],"about":[{"href":"https:\/\/kic-gmbh-containers.ch\/de\/wp-json\/wp\/v2\/types\/product"}],"replies":[{"embeddable":true,"href":"https:\/\/kic-gmbh-containers.ch\/de\/wp-json\/wp\/v2\/comments?post=28125"}],"wp:featuredmedia":[{"embeddable":true,"href":"https:\/\/kic-gmbh-containers.ch\/de\/wp-json\/wp\/v2\/media\/28126"}],"wp:attachment":[{"href":"https:\/\/kic-gmbh-containers.ch\/de\/wp-json\/wp\/v2\/media?parent=28125"}],"wp:term":[{"taxonomy":"product_brand","embeddable":true,"href":"https:\/\/kic-gmbh-containers.ch\/de\/wp-json\/wp\/v2\/product_brand?post=28125"},{"taxonomy":"product_cat","embeddable":true,"href":"https:\/\/kic-gmbh-containers.ch\/de\/wp-json\/wp\/v2\/product_cat?post=28125"},{"taxonomy":"product_tag","embeddable":true,"href":"https:\/\/kic-gmbh-containers.ch\/de\/wp-json\/wp\/v2\/product_tag?post=28125"}],"curies":[{"name":"wp","href":"https:\/\/api.w.org\/{rel}","templated":true}]}}