{"id":28127,"date":"2026-02-27T12:32:09","date_gmt":"2026-02-27T12:32:09","guid":{"rendered":"https:\/\/es.robot-tonde-aspir.ch\/?post_type=product&amp;p=28127"},"modified":"2026-02-27T12:32:09","modified_gmt":"2026-02-27T12:32:09","slug":"bureau-de-chantier-20%e2%80%b2-usure-normale","status":"publish","type":"product","link":"https:\/\/kic-gmbh-containers.ch\/de\/produkt\/bureau-de-chantier-20%e2%80%b2-usure-normale\/","title":{"rendered":"Baustellenb\u00fcro 20' - Normale Gebrauchsspuren"},"content":{"rendered":"<h2>D\u00e9couvrez le Bureau de Chantier 20\u2032 \u2013 Usure Normale<\/h2>\n<p>Le\u00a0<strong>container<\/strong>\u00a0<strong>Bureau de Chantier 20\u2032 \u2013 Usure Normale<\/strong>\u00a0est la solution id\u00e9ale pour organiser vos chantiers en toute simplicit\u00e9. Parfaitement con\u00e7u pour r\u00e9pondre aux besoins des professionnels, ce bureau mobile vous offre une zone de travail fonctionnelle et pratique, directement sur site. Gr\u00e2ce \u00e0 son format compact de 20 pieds, il s\u2019installe facilement et permet une gestion optimale de l\u2019espace.<\/p>\n<h3>Pourquoi choisir notre\u00a0<a href=\"https:\/\/gsc-containers.eu\/categorie-produit\/containers-doccasion\/\"><strong>container<\/strong><\/a>\u00a0<strong>Bureau de Chantier 20\u2032 \u2013 Usure Normale<\/strong>\u00a0?<\/h3>\n<p>Ce\u00a0<strong>bureau de chantier<\/strong>\u00a0a \u00e9t\u00e9 con\u00e7u pour r\u00e9sister aux conditions de travail difficiles, tout en conservant une usure normale qui t\u00e9moigne de sa robustesse. Ses atouts :<\/p>\n<ul>\n<li>Isolation thermique et acoustique pour un confort optimal.<\/li>\n<li>Am\u00e9nagement int\u00e9rieur pratique et ergonomique avec des espaces de rangement.<\/li>\n<li>Ventilation et \u00e9clairage int\u00e9gr\u00e9s pour une productivit\u00e9 maximale.<\/li>\n<li>Facilit\u00e9 de transport et de montage sur site.<\/li>\n<\/ul>\n<p>Il convient \u00e0 tout type de projet, qu\u2019il s\u2019agisse de chantiers temporaires ou \u00e0 long terme.<\/p>\n<h3>Une option \u00e9conomique et durable :\u00a0<strong>container<\/strong>\u00a0<strong>Bureau de Chantier 20\u2032 \u2013 Usure Normale<\/strong><\/h3>\n<p>En optant pour un\u00a0<strong>Bureau de Chantier 20\u2032 d\u2019usure normale<\/strong>, vous faites le choix d\u2019un produit durable, \u00e0 prix abordable. Nos bureaux sont soigneusement v\u00e9rifi\u00e9s pour garantir leur bon \u00e9tat, malgr\u00e9 des signes d\u2019usure l\u00e9g\u00e8re qui n\u2019affectent pas leur fonctionnalit\u00e9.<\/p>\n<h3>Optimisez vos chantiers d\u00e8s aujourd\u2019hui<\/h3>\n<p>Investissez dans un\u00a0<strong>Bureau de Chantier 20\u2032 \u2013 Usure Normale<\/strong>\u00a0pour am\u00e9liorer la gestion de vos \u00e9quipes et l\u2019efficacit\u00e9 de vos projets. Contactez-nous d\u00e8s aujourd\u2019hui pour obtenir plus d\u2019informations ou pour passer commande !<\/p>","protected":false},"excerpt":{"rendered":"<p>D\u00e9couvrez le Bureau de Chantier 20\u2032 \u2013 Usure Normale Le\u00a0container\u00a0Bureau de Chantier 20\u2032 \u2013 Usure Normale\u00a0est la solution id\u00e9ale pour<\/p>","protected":false},"featured_media":28129,"comment_status":"open","ping_status":"closed","template":"","meta":[],"product_brand":[],"product_cat":[28],"product_tag":[],"class_list":{"0":"post-28127","1":"product","2":"type-product","3":"status-publish","4":"has-post-thumbnail","6":"product_cat-containers-doccasion","8":"first","9":"instock","10":"taxable","11":"shipping-taxable","12":"purchasable","13":"product-type-simple"},"_links":{"self":[{"href":"https:\/\/kic-gmbh-containers.ch\/de\/wp-json\/wp\/v2\/product\/28127","targetHints":{"allow":["GET"]}}],"collection":[{"href":"https:\/\/kic-gmbh-containers.ch\/de\/wp-json\/wp\/v2\/product"}],"about":[{"href":"https:\/\/kic-gmbh-containers.ch\/de\/wp-json\/wp\/v2\/types\/product"}],"replies":[{"embeddable":true,"href":"https:\/\/kic-gmbh-containers.ch\/de\/wp-json\/wp\/v2\/comments?post=28127"}],"wp:featuredmedia":[{"embeddable":true,"href":"https:\/\/kic-gmbh-containers.ch\/de\/wp-json\/wp\/v2\/media\/28129"}],"wp:attachment":[{"href":"https:\/\/kic-gmbh-containers.ch\/de\/wp-json\/wp\/v2\/media?parent=28127"}],"wp:term":[{"taxonomy":"product_brand","embeddable":true,"href":"https:\/\/kic-gmbh-containers.ch\/de\/wp-json\/wp\/v2\/product_brand?post=28127"},{"taxonomy":"product_cat","embeddable":true,"href":"https:\/\/kic-gmbh-containers.ch\/de\/wp-json\/wp\/v2\/product_cat?post=28127"},{"taxonomy":"product_tag","embeddable":true,"href":"https:\/\/kic-gmbh-containers.ch\/de\/wp-json\/wp\/v2\/product_tag?post=28127"}],"curies":[{"name":"wp","href":"https:\/\/api.w.org\/{rel}","templated":true}]}}