{"id":28131,"date":"2026-02-27T12:37:13","date_gmt":"2026-02-27T12:37:13","guid":{"rendered":"https:\/\/es.robot-tonde-aspir.ch\/?post_type=product&#038;p=28131"},"modified":"2026-03-10T09:09:34","modified_gmt":"2026-03-10T09:09:34","slug":"container-15-pieds-occasion","status":"publish","type":"product","link":"https:\/\/kic-gmbh-containers.ch\/de\/produkt\/container-15-pieds-occasion\/","title":{"rendered":"Gebrauchter 15-Fu\u00df-Container"},"content":{"rendered":"<h1 class=\"\" data-start=\"85\" data-end=\"152\"><strong data-start=\"87\" data-end=\"152\">Container 15 Pieds Occasion \u2013 Robuste et Adapt\u00e9 \u00e0 Vos Besoins<\/strong><\/h1>\n<h2 class=\"\" data-start=\"154\" data-end=\"223\"><strong data-start=\"157\" data-end=\"223\">\u00a0 Une Solution Pratique et Durable<\/strong><\/h2>\n<p class=\"\" data-start=\"224\" data-end=\"547\">Le\u00a0<strong data-start=\"227\" data-end=\"258\">Container 15 Pieds Occasion<\/strong>\u00a0est con\u00e7u pour offrir une solution de stockage et de transport fiable, tout en \u00e9tant \u00e9conomique. Id\u00e9al pour une utilisation dans divers secteurs tels que le BTP, le stockage, ou la logistique, ce container compact et robuste est parfait pour des besoins de stockage \u00e0 faible encombrement.<\/p>\n<h3 class=\"\" data-start=\"549\" data-end=\"615\"><strong data-start=\"553\" data-end=\"615\">Caract\u00e9ristiques Techniques du Container 15 Pieds Occasion<\/strong><\/h3>\n<ul data-start=\"616\" data-end=\"1253\">\n<li class=\"\" data-start=\"616\" data-end=\"775\">\n<p class=\"\" data-start=\"618\" data-end=\"775\"><strong data-start=\"618\" data-end=\"631\">Structure<\/strong>\u00a0: Acier\u00a0<strong data-start=\"640\" data-end=\"650\">Corten<\/strong>\u00a0avec une \u00e9paisseur de 5 \u00e0 8 mm, offrant une r\u00e9sistance exceptionnelle aux conditions ext\u00e9rieures et une longue dur\u00e9e de vie.<\/p>\n<\/li>\n<li class=\"\" data-start=\"776\" data-end=\"909\">\n<p class=\"\" data-start=\"778\" data-end=\"909\"><strong data-start=\"778\" data-end=\"799\">Parois et plafond<\/strong>\u00a0: Acier profil\u00e9 \/ t\u00f4le ondul\u00e9e d\u2019\u00e9paisseur 2 \u00e0 3 mm, assurant une protection optimale contre les intemp\u00e9ries.<\/p>\n<\/li>\n<li class=\"\" data-start=\"910\" data-end=\"1013\">\n<p class=\"\" data-start=\"912\" data-end=\"1013\"><strong data-start=\"912\" data-end=\"925\">Coins ISO<\/strong>\u00a0: 4 coins ISO pour une manutention facile et une conformit\u00e9 aux normes internationales.<\/p>\n<\/li>\n<li class=\"\" data-start=\"1014\" data-end=\"1103\">\n<p class=\"\" data-start=\"1016\" data-end=\"1103\"><strong data-start=\"1016\" data-end=\"1050\">Cadre de porte et soubassement<\/strong>\u00a0:\u00a0<strong data-start=\"1053\" data-end=\"1065\">Corten A<\/strong>, garantissant solidit\u00e9 et r\u00e9sistance.<\/p>\n<\/li>\n<li class=\"\" data-start=\"1104\" data-end=\"1253\">\n<p class=\"\" data-start=\"1106\" data-end=\"1253\"><strong data-start=\"1106\" data-end=\"1113\">Sol<\/strong>\u00a0: Planche en bois trait\u00e9 anti-humidit\u00e9 de 21 mm d\u2019\u00e9paisseur, avec une hauteur de sol de 0,15 m pour faciliter l\u2019acc\u00e8s et \u00e9viter l\u2019humidit\u00e9.<\/p>\n<\/li>\n<\/ul>\n<h3 class=\"\" data-start=\"1255\" data-end=\"1304\"><strong data-start=\"1259\" data-end=\"1304\">Dimensions du Container 15 Pieds Occasion<\/strong><\/h3>\n<ul data-start=\"1305\" data-end=\"1506\">\n<li class=\"\" data-start=\"1305\" data-end=\"1405\">\n<p class=\"\" data-start=\"1307\" data-end=\"1335\"><strong data-start=\"1307\" data-end=\"1333\">Dimensions ext\u00e9rieures<\/strong>\u00a0:<\/p>\n<ul data-start=\"1338\" data-end=\"1405\">\n<li class=\"\" data-start=\"1338\" data-end=\"1359\">\n<p class=\"\" data-start=\"1340\" data-end=\"1359\">Longueur : 4 550 mm<\/p>\n<\/li>\n<li class=\"\" data-start=\"1362\" data-end=\"1382\">\n<p class=\"\" data-start=\"1364\" data-end=\"1382\">Largeur : 2 200 mm<\/p>\n<\/li>\n<li class=\"\" data-start=\"1385\" data-end=\"1405\">\n<p class=\"\" data-start=\"1387\" data-end=\"1405\">Hauteur : 2 260 mm<\/p>\n<\/li>\n<\/ul>\n<\/li>\n<li class=\"\" data-start=\"1406\" data-end=\"1506\">\n<p class=\"\" data-start=\"1408\" data-end=\"1436\"><strong data-start=\"1408\" data-end=\"1434\">Dimensions int\u00e9rieures<\/strong>\u00a0:<\/p>\n<ul data-start=\"1439\" data-end=\"1506\">\n<li class=\"\" data-start=\"1439\" data-end=\"1460\">\n<p class=\"\" data-start=\"1441\" data-end=\"1460\">Longueur : 4 387 mm<\/p>\n<\/li>\n<li class=\"\" data-start=\"1463\" data-end=\"1483\">\n<p class=\"\" data-start=\"1465\" data-end=\"1483\">Largeur : 2 106 mm<\/p>\n<\/li>\n<li class=\"\" data-start=\"1486\" data-end=\"1506\">\n<p class=\"\" data-start=\"1488\" data-end=\"1506\">Hauteur : 2 050 mm<\/p>\n<\/li>\n<\/ul>\n<\/li>\n<\/ul>\n<h3 class=\"\" data-start=\"1508\" data-end=\"1533\"><strong data-start=\"1512\" data-end=\"1533\">Poids et Capacit\u00e9<\/strong><\/h3>\n<ul data-start=\"1534\" data-end=\"1691\">\n<li class=\"\" data-start=\"1534\" data-end=\"1561\">\n<p class=\"\" data-start=\"1536\" data-end=\"1561\"><strong data-start=\"1536\" data-end=\"1552\">Poids \u00e0 vide<\/strong>\u00a0: 915 kg<\/p>\n<\/li>\n<li class=\"\" data-start=\"1562\" data-end=\"1591\">\n<p class=\"\" data-start=\"1564\" data-end=\"1591\"><strong data-start=\"1564\" data-end=\"1580\">Charge utile<\/strong>\u00a0: 5 000 kg<\/p>\n<\/li>\n<li class=\"\" data-start=\"1592\" data-end=\"1622\">\n<p class=\"\" data-start=\"1594\" data-end=\"1622\"><strong data-start=\"1594\" data-end=\"1611\">Poids maximum<\/strong>\u00a0: 5 915 kg<\/p>\n<\/li>\n<li class=\"\" data-start=\"1623\" data-end=\"1691\">\n<p class=\"\" data-start=\"1625\" data-end=\"1651\"><strong data-start=\"1625\" data-end=\"1649\">Capacit\u00e9 de stockage<\/strong>\u00a0:<\/p>\n<ul data-start=\"1654\" data-end=\"1691\">\n<li class=\"\" data-start=\"1654\" data-end=\"1670\">\n<p class=\"\" data-start=\"1656\" data-end=\"1670\">Surface : 9 m\u00b2<\/p>\n<\/li>\n<li class=\"\" data-start=\"1673\" data-end=\"1691\">\n<p class=\"\" data-start=\"1675\" data-end=\"1691\">Volume : 18.9 m\u00b3<\/p>\n<\/li>\n<\/ul>\n<\/li>\n<\/ul>\n<h3 class=\"\" data-start=\"1693\" data-end=\"1741\"><\/h3>\n<p class=\"\" data-start=\"2730\" data-end=\"2936\">","protected":false},"excerpt":{"rendered":"<p>Container 15 Pieds Occasion \u2013 Robuste et Adapt\u00e9 \u00e0 Vos Besoins \u00a0 Une Solution Pratique et Durable Le\u00a0Container 15 Pieds<\/p>","protected":false},"featured_media":28134,"comment_status":"open","ping_status":"closed","template":"","meta":[],"product_brand":[],"product_cat":[28],"product_tag":[],"class_list":{"0":"post-28131","1":"product","2":"type-product","3":"status-publish","4":"has-post-thumbnail","6":"product_cat-containers-doccasion","8":"first","9":"instock","10":"taxable","11":"shipping-taxable","12":"purchasable","13":"product-type-simple"},"_links":{"self":[{"href":"https:\/\/kic-gmbh-containers.ch\/de\/wp-json\/wp\/v2\/product\/28131","targetHints":{"allow":["GET"]}}],"collection":[{"href":"https:\/\/kic-gmbh-containers.ch\/de\/wp-json\/wp\/v2\/product"}],"about":[{"href":"https:\/\/kic-gmbh-containers.ch\/de\/wp-json\/wp\/v2\/types\/product"}],"replies":[{"embeddable":true,"href":"https:\/\/kic-gmbh-containers.ch\/de\/wp-json\/wp\/v2\/comments?post=28131"}],"wp:featuredmedia":[{"embeddable":true,"href":"https:\/\/kic-gmbh-containers.ch\/de\/wp-json\/wp\/v2\/media\/28134"}],"wp:attachment":[{"href":"https:\/\/kic-gmbh-containers.ch\/de\/wp-json\/wp\/v2\/media?parent=28131"}],"wp:term":[{"taxonomy":"product_brand","embeddable":true,"href":"https:\/\/kic-gmbh-containers.ch\/de\/wp-json\/wp\/v2\/product_brand?post=28131"},{"taxonomy":"product_cat","embeddable":true,"href":"https:\/\/kic-gmbh-containers.ch\/de\/wp-json\/wp\/v2\/product_cat?post=28131"},{"taxonomy":"product_tag","embeddable":true,"href":"https:\/\/kic-gmbh-containers.ch\/de\/wp-json\/wp\/v2\/product_tag?post=28131"}],"curies":[{"name":"wp","href":"https:\/\/api.w.org\/{rel}","templated":true}]}}