{"id":28135,"date":"2026-02-27T12:41:17","date_gmt":"2026-02-27T12:41:17","guid":{"rendered":"https:\/\/es.robot-tonde-aspir.ch\/?post_type=product&#038;p=28135"},"modified":"2026-03-10T09:14:03","modified_gmt":"2026-03-10T09:14:03","slug":"container-40-pieds-occasion-high-cube","status":"publish","type":"product","link":"https:\/\/kic-gmbh-containers.ch\/de\/produkt\/container-40-pieds-occasion-high-cube\/","title":{"rendered":"Gebrauchter 40-Fu\u00df-High-Cube-Container"},"content":{"rendered":"<h1 class=\"\" data-start=\"95\" data-end=\"186\"><strong data-start=\"97\" data-end=\"186\">Container 40 Pieds Occasion High Cube \u2013 Solution de Stockage Spacieuse et Polyvalente<\/strong><\/h1>\n<h2 class=\"\" data-start=\"188\" data-end=\"264\"><strong data-start=\"191\" data-end=\"264\">Container 40 Pieds High Cube d\u2019Occasion : Un Espace de Stockage Id\u00e9al<\/strong><\/h2>\n<p class=\"\" data-start=\"265\" data-end=\"727\">Le\u00a0<strong data-start=\"268\" data-end=\"309\">container 40 pieds occasion High Cube<\/strong>\u00a0est une solution de stockage polyvalente et spacieuse, parfaitement adapt\u00e9e pour une utilisation dans divers secteurs. Avec une hauteur suppl\u00e9mentaire de 30 cm par rapport aux containers standards, ce mod\u00e8le High Cube offre plus de volume pour tous vos besoins de stockage ou de transformation. Qu\u2019il soit utilis\u00e9 pour un chantier, des \u00e9v\u00e9nements, ou pour stocker des marchandises, ce container est robuste et fiable.<\/p>\n<p class=\"\" data-start=\"729\" data-end=\"999\">Il est \u00e9quip\u00e9 d\u2019une double porte verrouillable avec cr\u00e9mones pour assurer une s\u00e9curit\u00e9 optimale, et son design de conteneur High Cube maximise l\u2019espace int\u00e9rieur. Certifi\u00e9\u00a0<strong data-start=\"901\" data-end=\"939\">CSC (Container Safety Certificate)<\/strong>, il garantit une \u00e9tanch\u00e9it\u00e9 parfaite et est pr\u00eat \u00e0 voyager.<\/p>\n<h2 class=\"\" data-start=\"1001\" data-end=\"1076\"><strong data-start=\"1004\" data-end=\"1076\">Caract\u00e9ristiques Techniques\u00a0<\/strong><\/h2>\n<ul data-start=\"1077\" data-end=\"1581\">\n<li class=\"\" data-start=\"1077\" data-end=\"1170\">\n<p class=\"\" data-start=\"1079\" data-end=\"1170\"><strong data-start=\"1079\" data-end=\"1105\">Dimensions ext\u00e9rieures<\/strong>\u00a0: 12 192 mm (longueur) x 2 438 mm (largeur) x 2 890 mm (hauteur)<\/p>\n<\/li>\n<li class=\"\" data-start=\"1171\" data-end=\"1233\">\n<p class=\"\" data-start=\"1173\" data-end=\"1233\"><strong data-start=\"1173\" data-end=\"1199\">Dimensions int\u00e9rieures<\/strong>\u00a0: 12 029 mm x 2 350 mm x 2 690 mm<\/p>\n<\/li>\n<li class=\"\" data-start=\"1234\" data-end=\"1263\">\n<p class=\"\" data-start=\"1236\" data-end=\"1263\"><strong data-start=\"1236\" data-end=\"1252\">Poids \u00e0 vide<\/strong>\u00a0: 3 940 kg<\/p>\n<\/li>\n<li class=\"\" data-start=\"1264\" data-end=\"1294\">\n<p class=\"\" data-start=\"1266\" data-end=\"1294\"><strong data-start=\"1266\" data-end=\"1286\">Volume int\u00e9rieur<\/strong>\u00a0: 76 m\u00b3<\/p>\n<\/li>\n<li class=\"\" data-start=\"1295\" data-end=\"1345\">\n<p class=\"\" data-start=\"1297\" data-end=\"1345\"><strong data-start=\"1297\" data-end=\"1310\">Structure<\/strong>\u00a0: Acier CORTEN, enti\u00e8rement soud\u00e9e<\/p>\n<\/li>\n<li class=\"\" data-start=\"1346\" data-end=\"1387\">\n<p class=\"\" data-start=\"1348\" data-end=\"1387\"><strong data-start=\"1348\" data-end=\"1360\">Plancher<\/strong>\u00a0: Contreplaqu\u00e9 marin 28 mm<\/p>\n<\/li>\n<li class=\"\" data-start=\"1388\" data-end=\"1456\">\n<p class=\"\" data-start=\"1390\" data-end=\"1456\"><strong data-start=\"1390\" data-end=\"1400\">Portes<\/strong>\u00a0: Double porte avec cr\u00e9mones pour verrouillage s\u00e9curis\u00e9<\/p>\n<\/li>\n<li class=\"\" data-start=\"1457\" data-end=\"1525\">\n<p class=\"\" data-start=\"1459\" data-end=\"1525\"><strong data-start=\"1459\" data-end=\"1468\">Norme<\/strong>\u00a0: Certifi\u00e9 CSC pour garantir l\u2019\u00e9tanch\u00e9it\u00e9 et la s\u00e9curit\u00e9<\/p>\n<\/li>\n<li class=\"\" data-start=\"1526\" data-end=\"1581\">\n<p class=\"\" data-start=\"1528\" data-end=\"1581\"><strong data-start=\"1528\" data-end=\"1552\">Ouverture des portes<\/strong>\u00a0: 270\u00b0 pour un acc\u00e8s complet<\/p>\n<\/li>\n<\/ul>\n<h2 class=\"\" data-start=\"1583\" data-end=\"1649\"><strong data-start=\"1586\" data-end=\"1649\">Pourquoi Choisir le Container 40 Pieds Occasion High Cube ?<\/strong><\/h2>\n<p class=\"\" data-start=\"1650\" data-end=\"2230\">\u2714\u00a0<strong data-start=\"1652\" data-end=\"1678\">Hauteur suppl\u00e9mentaire<\/strong>\u00a0: Profitez de 30 cm suppl\u00e9mentaires pour un volume de stockage accru.<br data-start=\"1748\" data-end=\"1751\" \/>\u2714\u00a0<strong data-start=\"1753\" data-end=\"1777\">Solution multimodale<\/strong>\u00a0: Transportable par route, rail, barge et mer, offrant une flexibilit\u00e9 maximale.<br data-start=\"1858\" data-end=\"1861\" \/>\u2714\u00a0<strong data-start=\"1863\" data-end=\"1875\">S\u00e9curis\u00e9<\/strong>\u00a0: \u00c9quip\u00e9 de portes verrouillables avec cr\u00e9mones et cache cadenas pour une s\u00e9curit\u00e9 optimale.<br data-start=\"1968\" data-end=\"1971\" \/>\u2714\u00a0<strong data-start=\"1973\" data-end=\"1987\">Polyvalent<\/strong>\u00a0: Id\u00e9al pour des usages divers, tels que le stockage de mat\u00e9riel, am\u00e9nagement de bureaux, ou encore pour des projets agricoles ou \u00e9v\u00e9nementiels.<br data-start=\"2132\" data-end=\"2135\" \/>\u2714\u00a0<strong data-start=\"2137\" data-end=\"2153\">Certifi\u00e9 CSC<\/strong>\u00a0: Tous nos containers sont conformes aux normes de s\u00e9curit\u00e9 et d\u2019\u00e9tanch\u00e9it\u00e9.<\/p>\n<p class=\"\" data-start=\"2819\" data-end=\"3084\">","protected":false},"excerpt":{"rendered":"<p>Container 40 Pieds Occasion High Cube \u2013 Solution de Stockage Spacieuse et Polyvalente Container 40 Pieds High Cube d\u2019Occasion :<\/p>","protected":false},"featured_media":28138,"comment_status":"open","ping_status":"closed","template":"","meta":[],"product_brand":[],"product_cat":[28],"product_tag":[],"class_list":{"0":"post-28135","1":"product","2":"type-product","3":"status-publish","4":"has-post-thumbnail","6":"product_cat-containers-doccasion","8":"first","9":"instock","10":"taxable","11":"shipping-taxable","12":"purchasable","13":"product-type-simple"},"_links":{"self":[{"href":"https:\/\/kic-gmbh-containers.ch\/de\/wp-json\/wp\/v2\/product\/28135","targetHints":{"allow":["GET"]}}],"collection":[{"href":"https:\/\/kic-gmbh-containers.ch\/de\/wp-json\/wp\/v2\/product"}],"about":[{"href":"https:\/\/kic-gmbh-containers.ch\/de\/wp-json\/wp\/v2\/types\/product"}],"replies":[{"embeddable":true,"href":"https:\/\/kic-gmbh-containers.ch\/de\/wp-json\/wp\/v2\/comments?post=28135"}],"wp:featuredmedia":[{"embeddable":true,"href":"https:\/\/kic-gmbh-containers.ch\/de\/wp-json\/wp\/v2\/media\/28138"}],"wp:attachment":[{"href":"https:\/\/kic-gmbh-containers.ch\/de\/wp-json\/wp\/v2\/media?parent=28135"}],"wp:term":[{"taxonomy":"product_brand","embeddable":true,"href":"https:\/\/kic-gmbh-containers.ch\/de\/wp-json\/wp\/v2\/product_brand?post=28135"},{"taxonomy":"product_cat","embeddable":true,"href":"https:\/\/kic-gmbh-containers.ch\/de\/wp-json\/wp\/v2\/product_cat?post=28135"},{"taxonomy":"product_tag","embeddable":true,"href":"https:\/\/kic-gmbh-containers.ch\/de\/wp-json\/wp\/v2\/product_tag?post=28135"}],"curies":[{"name":"wp","href":"https:\/\/api.w.org\/{rel}","templated":true}]}}