{"id":28139,"date":"2026-02-27T12:48:30","date_gmt":"2026-02-27T12:48:30","guid":{"rendered":"https:\/\/es.robot-tonde-aspir.ch\/?post_type=product&#038;p=28139"},"modified":"2026-03-10T09:16:45","modified_gmt":"2026-03-10T09:16:45","slug":"container-20-pieds-high-cube-occasion","status":"publish","type":"product","link":"https:\/\/kic-gmbh-containers.ch\/de\/produkt\/container-20-pieds-high-cube-occasion\/","title":{"rendered":"Gebrauchter 20-Fu\u00df-High-Cube-Container"},"content":{"rendered":"<h2 class=\"\" data-start=\"184\" data-end=\"276\"><strong data-start=\"187\" data-end=\"276\">Container 20 Pieds High Cube Occasion : Une Option Id\u00e9ale pour le Stockage Volumineux<\/strong><\/h2>\n<p class=\"\" data-start=\"277\" data-end=\"699\">Le\u00a0<strong data-start=\"280\" data-end=\"321\">container 20 pieds High Cube occasion<\/strong>\u00a0est une solution de stockage id\u00e9ale pour ceux qui recherchent plus d\u2019espace vertical. Avec une hauteur accrue de 30 cm par rapport aux containers standard, ce mod\u00e8le offre un volume suppl\u00e9mentaire pour le stockage de vos biens. Fabriqu\u00e9 en\u00a0<strong data-start=\"562\" data-end=\"578\">acier CORTEN<\/strong>\u00a0et \u00e9quip\u00e9 d\u2019un plancher en\u00a0<strong data-start=\"606\" data-end=\"634\">contreplaqu\u00e9 marin 28 mm<\/strong>, il garantit une r\u00e9sistance optimale aux conditions ext\u00e9rieures.<\/p>\n<p class=\"\" data-start=\"701\" data-end=\"958\">Certifi\u00e9\u00a0<strong data-start=\"710\" data-end=\"717\">CSC<\/strong>\u00a0(Container Safety Certificate), ce container d\u2019occasion reste \u00e9tanche et structurellement solide, offrant une s\u00e9curit\u00e9 maximale pour vos biens. Il est \u00e9galement adapt\u00e9 \u00e0 un transport multimodal, qu\u2019il soit routier, ferroviaire, ou maritime.<\/p>\n<h2 class=\"\" data-start=\"960\" data-end=\"1035\"><strong data-start=\"963\" data-end=\"1035\">Caract\u00e9ristiques Techniques du Container 20 Pieds High Cube Occasion<\/strong><\/h2>\n<ul data-start=\"1036\" data-end=\"1651\">\n<li class=\"\" data-start=\"1036\" data-end=\"1128\">\n<p class=\"\" data-start=\"1038\" data-end=\"1128\"><strong data-start=\"1038\" data-end=\"1064\">Dimensions ext\u00e9rieures<\/strong>\u00a0: 6 058 mm (longueur) x 2 438 mm (largeur) x 2 890 mm (hauteur)<\/p>\n<\/li>\n<li class=\"\" data-start=\"1129\" data-end=\"1190\">\n<p class=\"\" data-start=\"1131\" data-end=\"1190\"><strong data-start=\"1131\" data-end=\"1157\">Dimensions int\u00e9rieures<\/strong>\u00a0: 5 890 mm x 2 350 mm x 2 690 mm<\/p>\n<\/li>\n<li class=\"\" data-start=\"1191\" data-end=\"1260\">\n<p class=\"\" data-start=\"1193\" data-end=\"1260\"><strong data-start=\"1193\" data-end=\"1218\">Dimensions des portes<\/strong>\u00a0: 2 340 mm (largeur) x 2 580 mm (hauteur)<\/p>\n<\/li>\n<li class=\"\" data-start=\"1261\" data-end=\"1290\">\n<p class=\"\" data-start=\"1263\" data-end=\"1290\"><strong data-start=\"1263\" data-end=\"1279\">Poids \u00e0 vide<\/strong>\u00a0: 2 340 kg<\/p>\n<\/li>\n<li class=\"\" data-start=\"1291\" data-end=\"1324\">\n<p class=\"\" data-start=\"1293\" data-end=\"1324\"><strong data-start=\"1293\" data-end=\"1312\">Charge maximale<\/strong>\u00a0: 28 250 kg<\/p>\n<\/li>\n<li class=\"\" data-start=\"1325\" data-end=\"1356\">\n<p class=\"\" data-start=\"1327\" data-end=\"1356\"><strong data-start=\"1327\" data-end=\"1344\">Poids maximum<\/strong>\u00a0: 30 590 kg<\/p>\n<\/li>\n<li class=\"\" data-start=\"1357\" data-end=\"1390\">\n<p class=\"\" data-start=\"1359\" data-end=\"1390\"><strong data-start=\"1359\" data-end=\"1379\">Volume int\u00e9rieur<\/strong>\u00a0: 37,77 m\u00b3<\/p>\n<\/li>\n<li class=\"\" data-start=\"1391\" data-end=\"1443\">\n<p class=\"\" data-start=\"1393\" data-end=\"1443\"><strong data-start=\"1393\" data-end=\"1406\">Structure<\/strong>\u00a0: Acier\u00a0<strong data-start=\"1415\" data-end=\"1425\">CORTEN<\/strong>\u00a0enti\u00e8rement soud\u00e9<\/p>\n<\/li>\n<li class=\"\" data-start=\"1444\" data-end=\"1490\">\n<p class=\"\" data-start=\"1446\" data-end=\"1490\"><strong data-start=\"1446\" data-end=\"1458\">Plancher<\/strong>\u00a0: Contreplaqu\u00e9\u00a0<strong data-start=\"1474\" data-end=\"1484\">MARINE<\/strong>\u00a028 mm<\/p>\n<\/li>\n<li class=\"\" data-start=\"1491\" data-end=\"1576\">\n<p class=\"\" data-start=\"1493\" data-end=\"1576\"><strong data-start=\"1493\" data-end=\"1503\">Portes<\/strong>\u00a0: Double porte robuste avec cr\u00e9mones verticales pour une s\u00e9curit\u00e9 accrue<\/p>\n<\/li>\n<li class=\"\" data-start=\"1577\" data-end=\"1651\">\n<p class=\"\" data-start=\"1579\" data-end=\"1651\"><strong data-start=\"1579\" data-end=\"1603\">Ouverture des portes<\/strong>\u00a0: \u00c0 270\u00b0, offrant un acc\u00e8s facile \u00e0 l\u2019int\u00e9rieur<\/p>\n<\/li>\n<\/ul>\n<p class=\"\" data-start=\"2871\" data-end=\"2975\">","protected":false},"excerpt":{"rendered":"<p>Container 20 Pieds High Cube Occasion : Une Option Id\u00e9ale pour le Stockage Volumineux Le\u00a0container 20 pieds High Cube occasion\u00a0est<\/p>","protected":false},"featured_media":28142,"comment_status":"open","ping_status":"closed","template":"","meta":[],"product_brand":[],"product_cat":[28],"product_tag":[],"class_list":{"0":"post-28139","1":"product","2":"type-product","3":"status-publish","4":"has-post-thumbnail","6":"product_cat-containers-doccasion","8":"first","9":"instock","10":"taxable","11":"shipping-taxable","12":"purchasable","13":"product-type-simple"},"_links":{"self":[{"href":"https:\/\/kic-gmbh-containers.ch\/de\/wp-json\/wp\/v2\/product\/28139","targetHints":{"allow":["GET"]}}],"collection":[{"href":"https:\/\/kic-gmbh-containers.ch\/de\/wp-json\/wp\/v2\/product"}],"about":[{"href":"https:\/\/kic-gmbh-containers.ch\/de\/wp-json\/wp\/v2\/types\/product"}],"replies":[{"embeddable":true,"href":"https:\/\/kic-gmbh-containers.ch\/de\/wp-json\/wp\/v2\/comments?post=28139"}],"wp:featuredmedia":[{"embeddable":true,"href":"https:\/\/kic-gmbh-containers.ch\/de\/wp-json\/wp\/v2\/media\/28142"}],"wp:attachment":[{"href":"https:\/\/kic-gmbh-containers.ch\/de\/wp-json\/wp\/v2\/media?parent=28139"}],"wp:term":[{"taxonomy":"product_brand","embeddable":true,"href":"https:\/\/kic-gmbh-containers.ch\/de\/wp-json\/wp\/v2\/product_brand?post=28139"},{"taxonomy":"product_cat","embeddable":true,"href":"https:\/\/kic-gmbh-containers.ch\/de\/wp-json\/wp\/v2\/product_cat?post=28139"},{"taxonomy":"product_tag","embeddable":true,"href":"https:\/\/kic-gmbh-containers.ch\/de\/wp-json\/wp\/v2\/product_tag?post=28139"}],"curies":[{"name":"wp","href":"https:\/\/api.w.org\/{rel}","templated":true}]}}