{"id":28145,"date":"2026-02-27T12:53:13","date_gmt":"2026-02-27T12:53:13","guid":{"rendered":"https:\/\/es.robot-tonde-aspir.ch\/?post_type=product&#038;p=28145"},"modified":"2026-03-10T09:15:08","modified_gmt":"2026-03-10T09:15:08","slug":"container-20-pieds-occasion-1er-voyage","status":"publish","type":"product","link":"https:\/\/kic-gmbh-containers.ch\/de\/produkt\/container-20-pieds-occasion-1er-voyage\/","title":{"rendered":"gebrauchter 20-Fu\u00df-Container, erste Reise"},"content":{"rendered":"<h1 class=\"\" data-start=\"96\" data-end=\"168\"><strong data-start=\"98\" data-end=\"168\">Container 20 Pieds Occasion 1er Voyage \u2013 Performance et Durabilit\u00e9<\/strong><\/h1>\n<h2 class=\"\" data-start=\"170\" data-end=\"250\"><strong data-start=\"173\" data-end=\"250\">Container 20 Pieds Occasion 1er Voyage : Une Solution Robuste et Flexible<\/strong><\/h2>\n<p class=\"\" data-start=\"251\" data-end=\"639\">Le\u00a0<strong data-start=\"254\" data-end=\"296\">gebrauchter 20-Fu\u00df-Container, erste Reise<\/strong>\u00a0combine durabilit\u00e9, performance et co\u00fbt avantageux. Ce mod\u00e8le, ayant effectu\u00e9 son premier voyage, est encore dans des conditions excellentes et pr\u00eat \u00e0 \u00eatre utilis\u00e9 pour diverses applications. Id\u00e9al pour le stockage, le transport ou tout autre besoin logistique, ce container est une solution flexible pour les particuliers et les entreprises.<\/p>\n<h3 class=\"\" data-start=\"641\" data-end=\"718\"><strong data-start=\"645\" data-end=\"718\">Caract\u00e9ristiques Techniques du Container 20 Pieds Occasion 1er Voyage<\/strong><\/h3>\n<ul data-start=\"719\" data-end=\"1251\">\n<li class=\"\" data-start=\"719\" data-end=\"811\">\n<p class=\"\" data-start=\"721\" data-end=\"811\"><strong data-start=\"721\" data-end=\"747\">Dimensions int\u00e9rieures<\/strong>\u00a0: 5 895 mm (longueur) x 2 350 mm (largeur) x 2 392 mm (hauteur)<\/p>\n<\/li>\n<li class=\"\" data-start=\"812\" data-end=\"873\">\n<p class=\"\" data-start=\"814\" data-end=\"873\"><strong data-start=\"814\" data-end=\"840\">Dimensions ext\u00e9rieures<\/strong>\u00a0: 6 058 mm x 2 438 mm x 2 591 mm<\/p>\n<\/li>\n<li class=\"\" data-start=\"874\" data-end=\"923\">\n<p class=\"\" data-start=\"876\" data-end=\"923\"><strong data-start=\"876\" data-end=\"901\">Dimensions des portes<\/strong>\u00a0: 2 340 mm x 2 280 mm<\/p>\n<\/li>\n<li class=\"\" data-start=\"924\" data-end=\"1050\">\n<p class=\"\" data-start=\"926\" data-end=\"1050\"><strong data-start=\"926\" data-end=\"939\">Structure<\/strong>\u00a0: Acier\u00a0<strong data-start=\"948\" data-end=\"958\">CORTEN<\/strong>\u00a0enti\u00e8rement soud\u00e9, offrant une r\u00e9sistance exceptionnelle aux intemp\u00e9ries et \u00e0 la corrosion.<\/p>\n<\/li>\n<li class=\"\" data-start=\"1051\" data-end=\"1155\">\n<p class=\"\" data-start=\"1053\" data-end=\"1155\"><strong data-start=\"1053\" data-end=\"1065\">Plancher<\/strong>\u00a0:\u00a0<strong data-start=\"1068\" data-end=\"1097\">Contreplaqu\u00e9 MARINE 28 mm<\/strong>, robuste et adapt\u00e9 aux conditions de stockage exigeantes.<\/p>\n<\/li>\n<li class=\"\" data-start=\"1156\" data-end=\"1251\">\n<p class=\"\" data-start=\"1158\" data-end=\"1251\"><strong data-start=\"1158\" data-end=\"1182\">Ouverture des portes<\/strong>\u00a0: 270\u00b0, avec 4 cr\u00e9mones verticales pour un acc\u00e8s facile et s\u00e9curis\u00e9.<\/p>\n<\/li>\n<\/ul>\n<h3 class=\"\" data-start=\"1253\" data-end=\"1289\"><strong data-start=\"1257\" data-end=\"1289\">Informations Compl\u00e9mentaires<\/strong><\/h3>\n<ul data-start=\"1290\" data-end=\"1434\">\n<li class=\"\" data-start=\"1290\" data-end=\"1323\">\n<p class=\"\" data-start=\"1292\" data-end=\"1323\"><strong data-start=\"1292\" data-end=\"1311\">Charge maximale<\/strong>\u00a0: 28 230 kg<\/p>\n<\/li>\n<li class=\"\" data-start=\"1324\" data-end=\"1353\">\n<p class=\"\" data-start=\"1326\" data-end=\"1353\"><strong data-start=\"1326\" data-end=\"1342\">Poids \u00e0 vide<\/strong>\u00a0: 2 250 kg<\/p>\n<\/li>\n<li class=\"\" data-start=\"1354\" data-end=\"1385\">\n<p class=\"\" data-start=\"1356\" data-end=\"1385\"><strong data-start=\"1356\" data-end=\"1373\">Poids maximum<\/strong>\u00a0: 30 480 kg<\/p>\n<\/li>\n<li class=\"\" data-start=\"1386\" data-end=\"1434\">\n<p class=\"\" data-start=\"1388\" data-end=\"1434\"><strong data-start=\"1388\" data-end=\"1410\">Passage de fourche<\/strong>\u00a0: 950 mm et\/ou 2 050 mm<\/p>\n<\/li>\n<\/ul>\n<h3 class=\"\" data-start=\"1436\" data-end=\"1495\"><\/h3>\n<h3 class=\"\" data-start=\"2595\" data-end=\"2657\"><\/h3>","protected":false},"excerpt":{"rendered":"<p>Container 20 Pieds Occasion 1er Voyage \u2013 Performance et Durabilit\u00e9 Container 20 Pieds Occasion 1er Voyage : Une Solution Robuste<\/p>","protected":false},"featured_media":28148,"comment_status":"open","ping_status":"closed","template":"","meta":[],"product_brand":[],"product_cat":[28],"product_tag":[],"class_list":{"0":"post-28145","1":"product","2":"type-product","3":"status-publish","4":"has-post-thumbnail","6":"product_cat-containers-doccasion","8":"first","9":"instock","10":"taxable","11":"shipping-taxable","12":"purchasable","13":"product-type-simple"},"_links":{"self":[{"href":"https:\/\/kic-gmbh-containers.ch\/de\/wp-json\/wp\/v2\/product\/28145","targetHints":{"allow":["GET"]}}],"collection":[{"href":"https:\/\/kic-gmbh-containers.ch\/de\/wp-json\/wp\/v2\/product"}],"about":[{"href":"https:\/\/kic-gmbh-containers.ch\/de\/wp-json\/wp\/v2\/types\/product"}],"replies":[{"embeddable":true,"href":"https:\/\/kic-gmbh-containers.ch\/de\/wp-json\/wp\/v2\/comments?post=28145"}],"wp:featuredmedia":[{"embeddable":true,"href":"https:\/\/kic-gmbh-containers.ch\/de\/wp-json\/wp\/v2\/media\/28148"}],"wp:attachment":[{"href":"https:\/\/kic-gmbh-containers.ch\/de\/wp-json\/wp\/v2\/media?parent=28145"}],"wp:term":[{"taxonomy":"product_brand","embeddable":true,"href":"https:\/\/kic-gmbh-containers.ch\/de\/wp-json\/wp\/v2\/product_brand?post=28145"},{"taxonomy":"product_cat","embeddable":true,"href":"https:\/\/kic-gmbh-containers.ch\/de\/wp-json\/wp\/v2\/product_cat?post=28145"},{"taxonomy":"product_tag","embeddable":true,"href":"https:\/\/kic-gmbh-containers.ch\/de\/wp-json\/wp\/v2\/product_tag?post=28145"}],"curies":[{"name":"wp","href":"https:\/\/api.w.org\/{rel}","templated":true}]}}