{"id":28154,"date":"2026-02-27T13:04:26","date_gmt":"2026-02-27T13:04:26","guid":{"rendered":"https:\/\/es.robot-tonde-aspir.ch\/?post_type=product&amp;p=28154"},"modified":"2026-02-27T13:04:26","modified_gmt":"2026-02-27T13:04:26","slug":"container-dry-40-pieds-1er-voyage","status":"publish","type":"product","link":"https:\/\/kic-gmbh-containers.ch\/de\/produkt\/container-dry-40-pieds-1er-voyage\/","title":{"rendered":"40-Fu\u00df-Trockencontainer, erste Fahrt"},"content":{"rendered":"<h1 class=\"\" data-start=\"95\" data-end=\"168\"><strong data-start=\"97\" data-end=\"168\">Container Dry 40 Pieds 1er Voyage \u2013 Solution Multimodale et Robuste<\/strong><\/h1>\n<h2 class=\"\" data-start=\"170\" data-end=\"236\"><strong data-start=\"173\" data-end=\"236\">Un Container 40 Pieds Neuf pour Votre Stockage et Transport<\/strong><\/h2>\n<p class=\"\" data-start=\"237\" data-end=\"550\">Le\u00a0<strong data-start=\"240\" data-end=\"277\">container Dry 40 pieds 1er voyage<\/strong>\u00a0est con\u00e7u pour r\u00e9pondre \u00e0 vos besoins de stockage et de transport en toute s\u00e9curit\u00e9. Fabriqu\u00e9 en\u00a0<strong data-start=\"375\" data-end=\"391\">acier CORTEN<\/strong>\u00a0soud\u00e9 et \u00e9quip\u00e9 d\u2019un plancher en contreplaqu\u00e9 marin 28 mm, il offre une durabilit\u00e9 exceptionnelle et une \u00e9tanch\u00e9it\u00e9 garantie, certifi\u00e9e par la plaque\u00a0<strong data-start=\"542\" data-end=\"549\">CSC<\/strong>.<\/p>\n<p class=\"\" data-start=\"552\" data-end=\"863\">Id\u00e9al pour des applications multimodales (route, rail, barge, et maritime), ce container 40 pieds est une solution parfaite pour le transport et le stockage de vos marchandises, avec une capacit\u00e9 de charge maximale de 26 460 kg. Sa conception robuste et son ouverture \u00e0 270\u00b0 facilitent l\u2019acc\u00e8s et le chargement.<\/p>\n<h2 class=\"\" data-start=\"865\" data-end=\"925\"><strong data-start=\"868\" data-end=\"925\">Caract\u00e9ristiques Techniques du Container Dry 40 Pieds<\/strong><\/h2>\n<ul data-start=\"926\" data-end=\"1473\">\n<li class=\"\" data-start=\"926\" data-end=\"1019\">\n<p class=\"\" data-start=\"928\" data-end=\"1019\"><strong data-start=\"928\" data-end=\"954\">Dimensions ext\u00e9rieures<\/strong>\u00a0: 12 192 mm (longueur) x 2 438 mm (largeur) x 2 591 mm (hauteur)<\/p>\n<\/li>\n<li class=\"\" data-start=\"1020\" data-end=\"1082\">\n<p class=\"\" data-start=\"1022\" data-end=\"1082\"><strong data-start=\"1022\" data-end=\"1048\">Dimensions int\u00e9rieures<\/strong>\u00a0: 12 029 mm x 2 350 mm x 2 398 mm<\/p>\n<\/li>\n<li class=\"\" data-start=\"1083\" data-end=\"1152\">\n<p class=\"\" data-start=\"1085\" data-end=\"1152\"><strong data-start=\"1085\" data-end=\"1110\">Dimensions des portes<\/strong>\u00a0: 2 340 mm (largeur) x 2 280 mm (hauteur)<\/p>\n<\/li>\n<li class=\"\" data-start=\"1153\" data-end=\"1182\">\n<p class=\"\" data-start=\"1155\" data-end=\"1182\"><strong data-start=\"1155\" data-end=\"1171\">Poids \u00e0 vide<\/strong>\u00a0: 3 590 kg<\/p>\n<\/li>\n<li class=\"\" data-start=\"1183\" data-end=\"1214\">\n<p class=\"\" data-start=\"1185\" data-end=\"1214\"><strong data-start=\"1185\" data-end=\"1202\">Poids maximum<\/strong>\u00a0: 30 480 kg<\/p>\n<\/li>\n<li class=\"\" data-start=\"1215\" data-end=\"1248\">\n<p class=\"\" data-start=\"1217\" data-end=\"1248\"><strong data-start=\"1217\" data-end=\"1236\">Charge maximale<\/strong>\u00a0: 26 460 kg<\/p>\n<\/li>\n<li class=\"\" data-start=\"1249\" data-end=\"1290\">\n<p class=\"\" data-start=\"1251\" data-end=\"1290\"><strong data-start=\"1251\" data-end=\"1263\">Plancher<\/strong>\u00a0: Contreplaqu\u00e9 marin 28 mm<\/p>\n<\/li>\n<li class=\"\" data-start=\"1291\" data-end=\"1340\">\n<p class=\"\" data-start=\"1293\" data-end=\"1340\"><strong data-start=\"1293\" data-end=\"1306\">Structure<\/strong>\u00a0: Acier CORTEN enti\u00e8rement soud\u00e9e<\/p>\n<\/li>\n<li class=\"\" data-start=\"1341\" data-end=\"1417\">\n<p class=\"\" data-start=\"1343\" data-end=\"1417\"><strong data-start=\"1343\" data-end=\"1357\">Fermetures<\/strong>\u00a0: 4 cr\u00e9mones verticales, double porte avec ouverture \u00e0 270\u00b0<\/p>\n<\/li>\n<li class=\"\" data-start=\"1418\" data-end=\"1473\">\n<p class=\"\" data-start=\"1420\" data-end=\"1473\"><strong data-start=\"1420\" data-end=\"1429\">Norme<\/strong>\u00a0: Conformit\u00e9 ISO Type 42G1 \u2013 ISO group 42GP<\/p>\n<\/li>\n<\/ul>\n<h2 class=\"\" data-start=\"1475\" data-end=\"1537\"><strong data-start=\"1478\" data-end=\"1537\">Pourquoi Choisir un Container Dry 40 Pieds 1er Voyage ?<\/strong><\/h2>\n<p class=\"\" data-start=\"1538\" data-end=\"2183\">\u2714\u00a0<strong data-start=\"1540\" data-end=\"1563\">S\u00e9curis\u00e9 et \u00e9tanche<\/strong>\u00a0: Certifi\u00e9 conforme \u00e0 la norme\u00a0<strong data-start=\"1595\" data-end=\"1602\">CSC<\/strong>, garantissant une \u00e9tanch\u00e9it\u00e9 parfaite et une s\u00e9curit\u00e9 optimale pour vos biens.<br data-start=\"1681\" data-end=\"1684\" \/>\u2714\u00a0<strong data-start=\"1686\" data-end=\"1710\">Solution multimodale<\/strong>\u00a0: Utilisable pour le transport par voie terrestre (route et rail), maritime, ou fluviale (barge).<br data-start=\"1808\" data-end=\"1811\" \/>\u2714\u00a0<strong data-start=\"1813\" data-end=\"1844\">Grande capacit\u00e9 de stockage<\/strong>\u00a0: Parfait pour le stockage de grandes quantit\u00e9s de marchandises avec une capacit\u00e9 de charge \u00e9lev\u00e9e.<br data-start=\"1944\" data-end=\"1947\" \/>\u2714\u00a0<strong data-start=\"1949\" data-end=\"1976\">Facilit\u00e9 de manutention<\/strong>\u00a0: Ouverture \u00e0 270\u00b0 pour un acc\u00e8s facile et une gestion efficace du stockage et du transport.<br data-start=\"2069\" data-end=\"2072\" \/>\u2714\u00a0<strong data-start=\"2074\" data-end=\"2105\">Empilable jusqu\u2019\u00e0 7 niveaux<\/strong>\u00a0: Permet une optimisation maximale de l\u2019espace pour le stockage en hauteur.<\/p>\n<h2 class=\"\" data-start=\"2185\" data-end=\"2251\"><strong data-start=\"2188\" data-end=\"2251\">Applications Possibles du Container\u00a0\u00a0<\/strong><\/h2>\n<ul data-start=\"2252\" data-end=\"2611\">\n<li class=\"\" data-start=\"2252\" data-end=\"2369\">\n<p class=\"\" data-start=\"2254\" data-end=\"2369\"><strong data-start=\"2254\" data-end=\"2278\">Transport multimodal<\/strong>\u00a0: Id\u00e9al pour les exp\u00e9ditions internationales par voie maritime, routi\u00e8re ou ferroviaire.<\/p>\n<\/li>\n<li class=\"\" data-start=\"2370\" data-end=\"2492\">\n<p class=\"\" data-start=\"2372\" data-end=\"2492\"><strong data-start=\"2372\" data-end=\"2393\">Stockage s\u00e9curis\u00e9<\/strong>\u00a0: Parfait pour l\u2019entreposage de grandes quantit\u00e9s de marchandises, d\u2019\u00e9quipements ou de mat\u00e9riel.<\/p>\n<\/li>\n<li class=\"\" data-start=\"2493\" data-end=\"2611\">\n<p class=\"\" data-start=\"2495\" data-end=\"2611\"><strong data-start=\"2495\" data-end=\"2522\">Transformation d\u2019espace<\/strong>\u00a0: Peut \u00eatre am\u00e9nag\u00e9 en bureau, atelier ou espace de vie, gr\u00e2ce \u00e0 sa structure robuste.<\/p>\n<\/li>\n<\/ul>","protected":false},"excerpt":{"rendered":"<p>Container Dry 40 Pieds 1er Voyage \u2013 Solution Multimodale et Robuste Un Container 40 Pieds Neuf pour Votre Stockage et<\/p>","protected":false},"featured_media":28158,"comment_status":"open","ping_status":"closed","template":"","meta":[],"product_brand":[],"product_cat":[28],"product_tag":[],"class_list":{"0":"post-28154","1":"product","2":"type-product","3":"status-publish","4":"has-post-thumbnail","6":"product_cat-containers-doccasion","8":"first","9":"instock","10":"taxable","11":"shipping-taxable","12":"purchasable","13":"product-type-simple"},"_links":{"self":[{"href":"https:\/\/kic-gmbh-containers.ch\/de\/wp-json\/wp\/v2\/product\/28154","targetHints":{"allow":["GET"]}}],"collection":[{"href":"https:\/\/kic-gmbh-containers.ch\/de\/wp-json\/wp\/v2\/product"}],"about":[{"href":"https:\/\/kic-gmbh-containers.ch\/de\/wp-json\/wp\/v2\/types\/product"}],"replies":[{"embeddable":true,"href":"https:\/\/kic-gmbh-containers.ch\/de\/wp-json\/wp\/v2\/comments?post=28154"}],"wp:featuredmedia":[{"embeddable":true,"href":"https:\/\/kic-gmbh-containers.ch\/de\/wp-json\/wp\/v2\/media\/28158"}],"wp:attachment":[{"href":"https:\/\/kic-gmbh-containers.ch\/de\/wp-json\/wp\/v2\/media?parent=28154"}],"wp:term":[{"taxonomy":"product_brand","embeddable":true,"href":"https:\/\/kic-gmbh-containers.ch\/de\/wp-json\/wp\/v2\/product_brand?post=28154"},{"taxonomy":"product_cat","embeddable":true,"href":"https:\/\/kic-gmbh-containers.ch\/de\/wp-json\/wp\/v2\/product_cat?post=28154"},{"taxonomy":"product_tag","embeddable":true,"href":"https:\/\/kic-gmbh-containers.ch\/de\/wp-json\/wp\/v2\/product_tag?post=28154"}],"curies":[{"name":"wp","href":"https:\/\/api.w.org\/{rel}","templated":true}]}}