{"id":28159,"date":"2026-02-27T13:13:10","date_gmt":"2026-02-27T13:13:10","guid":{"rendered":"https:\/\/es.robot-tonde-aspir.ch\/?post_type=product&#038;p=28159"},"modified":"2026-03-10T09:27:10","modified_gmt":"2026-03-10T09:27:10","slug":"container-high-cube-pallet-wide-40-pieds-occasion-classe-b","status":"publish","type":"product","link":"https:\/\/kic-gmbh-containers.ch\/de\/produkt\/container-high-cube-pallet-wide-40-pieds-occasion-classe-b\/","title":{"rendered":"Gebrauchter 40-Fu\u00df-High-Cube-Palettencontainer (Klasse B)"},"content":{"rendered":"<h1 class=\"\" data-start=\"110\" data-end=\"220\"><strong data-start=\"112\" data-end=\"220\">Container High Cube Pallet Wide 40 Pieds Occasion (Classe B) \u2013 Solution de Stockage Robuste et S\u00e9curis\u00e9e<\/strong><\/h1>\n<h2 class=\"\" data-start=\"222\" data-end=\"306\"><strong data-start=\"225\" data-end=\"306\">\u00a0\u2013 Capacit\u00e9 Maximale et S\u00e9curit\u00e9 Assur\u00e9e<\/strong><\/h2>\n<p class=\"\" data-start=\"308\" data-end=\"856\">Le\u00a0<strong data-start=\"311\" data-end=\"375\">Container High Cube Pallet Wide 40 Pieds Occasion (Classe B)<\/strong>\u00a0est une solution id\u00e9ale pour les besoins de stockage et de construction d\u2019entrep\u00f4ts ou de bases de vie. Avec sa\u00a0<strong data-start=\"488\" data-end=\"517\">structure en acier Corten<\/strong>, ce conteneur garantit une\u00a0<strong data-start=\"545\" data-end=\"566\">r\u00e9sistance accrue<\/strong>\u00a0face aux conditions climatiques s\u00e9v\u00e8res. Son plancher en\u00a0<strong data-start=\"624\" data-end=\"653\">contreplaqu\u00e9 marine 28 mm<\/strong>\u00a0assure une surface solide et durable pour le stockage de vos produits. Con\u00e7u pour r\u00e9pondre aux exigences de transport multimodal, ce container peut \u00eatre utilis\u00e9 sur\u00a0<strong data-start=\"819\" data-end=\"841\">route, rail, barge<\/strong>, et\u00a0<strong data-start=\"846\" data-end=\"855\">oc\u00e9an<\/strong>.<\/p>\n<h3 class=\"\" data-start=\"858\" data-end=\"957\"><strong data-start=\"862\" data-end=\"957\">Caract\u00e9ristiques Techniques du Container High Cube Pallet Wide 40 Pieds Occasion (Classe B)<\/strong><\/h3>\n<ul data-start=\"958\" data-end=\"1872\">\n<li class=\"\" data-start=\"958\" data-end=\"1059\">\n<p class=\"\" data-start=\"960\" data-end=\"988\"><strong data-start=\"960\" data-end=\"986\">Dimensions Int\u00e9rieures<\/strong>\u00a0:<\/p>\n<ul data-start=\"991\" data-end=\"1059\">\n<li class=\"\" data-start=\"991\" data-end=\"1013\">\n<p class=\"\" data-start=\"993\" data-end=\"1013\">Longueur : 12 029 mm<\/p>\n<\/li>\n<li class=\"\" data-start=\"1016\" data-end=\"1036\">\n<p class=\"\" data-start=\"1018\" data-end=\"1036\">Largeur : 2 350 mm<\/p>\n<\/li>\n<li class=\"\" data-start=\"1039\" data-end=\"1059\">\n<p class=\"\" data-start=\"1041\" data-end=\"1059\">Hauteur : 2 690 mm<\/p>\n<\/li>\n<\/ul>\n<\/li>\n<li class=\"\" data-start=\"1061\" data-end=\"1162\">\n<p class=\"\" data-start=\"1063\" data-end=\"1091\"><strong data-start=\"1063\" data-end=\"1089\">Dimensions Ext\u00e9rieures<\/strong>\u00a0:<\/p>\n<ul data-start=\"1094\" data-end=\"1162\">\n<li class=\"\" data-start=\"1094\" data-end=\"1116\">\n<p class=\"\" data-start=\"1096\" data-end=\"1116\">Longueur : 12 192 mm<\/p>\n<\/li>\n<li class=\"\" data-start=\"1119\" data-end=\"1139\">\n<p class=\"\" data-start=\"1121\" data-end=\"1139\">Largeur : 2 438 mm<\/p>\n<\/li>\n<li class=\"\" data-start=\"1142\" data-end=\"1162\">\n<p class=\"\" data-start=\"1144\" data-end=\"1162\">Hauteur : 2 890 mm<\/p>\n<\/li>\n<\/ul>\n<\/li>\n<li class=\"\" data-start=\"1164\" data-end=\"1239\">\n<p class=\"\" data-start=\"1166\" data-end=\"1193\"><strong data-start=\"1166\" data-end=\"1191\">Dimensions des Portes<\/strong>\u00a0:<\/p>\n<ul data-start=\"1196\" data-end=\"1239\">\n<li class=\"\" data-start=\"1196\" data-end=\"1216\">\n<p class=\"\" data-start=\"1198\" data-end=\"1216\">Largeur : 2 340 mm<\/p>\n<\/li>\n<li class=\"\" data-start=\"1219\" data-end=\"1239\">\n<p class=\"\" data-start=\"1221\" data-end=\"1239\">Hauteur : 2 580 mm<\/p>\n<\/li>\n<\/ul>\n<\/li>\n<li class=\"\" data-start=\"1241\" data-end=\"1393\">\n<p class=\"\" data-start=\"1243\" data-end=\"1393\"><strong data-start=\"1243\" data-end=\"1256\">Structure<\/strong>\u00a0: Acier\u00a0<strong data-start=\"1265\" data-end=\"1275\">Corten<\/strong>\u00a0enti\u00e8rement soud\u00e9, offrant une\u00a0<strong data-start=\"1307\" data-end=\"1330\">r\u00e9sistance optimale<\/strong>\u00a0et une\u00a0<strong data-start=\"1338\" data-end=\"1351\">long\u00e9vit\u00e9<\/strong>\u00a0prolong\u00e9e dans des conditions difficiles.<\/p>\n<\/li>\n<li class=\"\" data-start=\"1395\" data-end=\"1525\">\n<p class=\"\" data-start=\"1397\" data-end=\"1525\"><strong data-start=\"1397\" data-end=\"1409\">Plancher<\/strong>\u00a0: Contreplaqu\u00e9\u00a0<strong data-start=\"1425\" data-end=\"1441\">Marine 28 mm<\/strong>, con\u00e7u pour garantir une base stable et r\u00e9sistante \u00e0 l\u2019humidit\u00e9 et aux intemp\u00e9ries.<\/p>\n<\/li>\n<li class=\"\" data-start=\"1527\" data-end=\"1643\">\n<p class=\"\" data-start=\"1529\" data-end=\"1643\"><strong data-start=\"1529\" data-end=\"1553\">Ouverture des Portes<\/strong>\u00a0:\u00a0<strong data-start=\"1556\" data-end=\"1564\">270\u00b0<\/strong>\u00a0pour une facilit\u00e9 d\u2019acc\u00e8s maximale et une manipulation simplifi\u00e9e des charges.<\/p>\n<\/li>\n<li class=\"\" data-start=\"1645\" data-end=\"1784\">\n<p class=\"\" data-start=\"1647\" data-end=\"1784\"><strong data-start=\"1647\" data-end=\"1671\">Fermeture des Portes<\/strong>\u00a0:\u00a0<strong data-start=\"1674\" data-end=\"1699\">4 cr\u00e9mones verticales<\/strong>\u00a0assurent une\u00a0<strong data-start=\"1713\" data-end=\"1736\">\u00e9tanch\u00e9it\u00e9 parfaite<\/strong>\u00a0et une\u00a0<strong data-start=\"1744\" data-end=\"1766\">s\u00e9curit\u00e9 renforc\u00e9e<\/strong>\u00a0lors du stockage.<\/p>\n<\/li>\n<li class=\"\" data-start=\"1786\" data-end=\"1815\">\n<p class=\"\" data-start=\"1788\" data-end=\"1815\"><strong data-start=\"1788\" data-end=\"1804\">Poids \u00e0 Vide<\/strong>\u00a0: 3 940 kg<\/p>\n<\/li>\n<li class=\"\" data-start=\"1816\" data-end=\"1844\">\n<p class=\"\" data-start=\"1818\" data-end=\"1844\"><strong data-start=\"1818\" data-end=\"1832\">Charge Max<\/strong>\u00a0: 26 460 kg<\/p>\n<\/li>\n<li class=\"\" data-start=\"1845\" data-end=\"1872\">\n<p class=\"\" data-start=\"1847\" data-end=\"1872\"><strong data-start=\"1847\" data-end=\"1860\">Poids Max<\/strong>\u00a0: 30 480 kg<\/p>\n<\/li>\n<\/ul>\n<h3 class=\"\" data-start=\"1874\" data-end=\"1955\"><\/h3>","protected":false},"excerpt":{"rendered":"<p>Container High Cube Pallet Wide 40 Pieds Occasion (Classe B) \u2013 Solution de Stockage Robuste et S\u00e9curis\u00e9e \u00a0\u2013 Capacit\u00e9 Maximale<\/p>","protected":false},"featured_media":28162,"comment_status":"open","ping_status":"closed","template":"","meta":[],"product_brand":[],"product_cat":[28],"product_tag":[],"class_list":{"0":"post-28159","1":"product","2":"type-product","3":"status-publish","4":"has-post-thumbnail","6":"product_cat-containers-doccasion","8":"first","9":"instock","10":"taxable","11":"shipping-taxable","12":"purchasable","13":"product-type-simple"},"_links":{"self":[{"href":"https:\/\/kic-gmbh-containers.ch\/de\/wp-json\/wp\/v2\/product\/28159","targetHints":{"allow":["GET"]}}],"collection":[{"href":"https:\/\/kic-gmbh-containers.ch\/de\/wp-json\/wp\/v2\/product"}],"about":[{"href":"https:\/\/kic-gmbh-containers.ch\/de\/wp-json\/wp\/v2\/types\/product"}],"replies":[{"embeddable":true,"href":"https:\/\/kic-gmbh-containers.ch\/de\/wp-json\/wp\/v2\/comments?post=28159"}],"wp:featuredmedia":[{"embeddable":true,"href":"https:\/\/kic-gmbh-containers.ch\/de\/wp-json\/wp\/v2\/media\/28162"}],"wp:attachment":[{"href":"https:\/\/kic-gmbh-containers.ch\/de\/wp-json\/wp\/v2\/media?parent=28159"}],"wp:term":[{"taxonomy":"product_brand","embeddable":true,"href":"https:\/\/kic-gmbh-containers.ch\/de\/wp-json\/wp\/v2\/product_brand?post=28159"},{"taxonomy":"product_cat","embeddable":true,"href":"https:\/\/kic-gmbh-containers.ch\/de\/wp-json\/wp\/v2\/product_cat?post=28159"},{"taxonomy":"product_tag","embeddable":true,"href":"https:\/\/kic-gmbh-containers.ch\/de\/wp-json\/wp\/v2\/product_tag?post=28159"}],"curies":[{"name":"wp","href":"https:\/\/api.w.org\/{rel}","templated":true}]}}