{"id":28164,"date":"2026-02-27T13:18:04","date_gmt":"2026-02-27T13:18:04","guid":{"rendered":"https:\/\/es.robot-tonde-aspir.ch\/?post_type=product&#038;p=28164"},"modified":"2026-03-10T09:20:49","modified_gmt":"2026-03-10T09:20:49","slug":"container-45-pieds-high-cube-pallet-wide-45-pieds-occasion","status":"publish","type":"product","link":"https:\/\/kic-gmbh-containers.ch\/de\/produkt\/container-45-pieds-high-cube-pallet-wide-45-pieds-occasion\/","title":{"rendered":"Gebrauchter 45-Fu\u00df-High-Cube-Palettencontainer"},"content":{"rendered":"<h1 class=\"\" data-start=\"98\" data-end=\"198\"><strong data-start=\"100\" data-end=\"198\">Container 45 Pieds High Cube Occasion (Classe C) \u2013 Solution de Stockage Multimodale et Robuste<\/strong><\/h1>\n<h2 class=\"\" data-start=\"200\" data-end=\"295\"><strong data-start=\"203\" data-end=\"295\">\u2013 Fret Maritime, Stockage et Am\u00e9nagement Flexibles<\/strong><\/h2>\n<p class=\"\" data-start=\"297\" data-end=\"762\">Le\u00a0<strong data-start=\"300\" data-end=\"352\">Container 45 Pieds High Cube Occasion (Classe C)<\/strong>\u00a0est une solution id\u00e9ale pour le stockage, le transport et l\u2019am\u00e9nagement. Con\u00e7u pour r\u00e9sister \u00e0 des conditions climatiques vari\u00e9es, ce container est fabriqu\u00e9 en\u00a0<strong data-start=\"513\" data-end=\"529\">acier Corten<\/strong>, un mat\u00e9riau reconnu pour sa durabilit\u00e9. Son\u00a0<strong data-start=\"575\" data-end=\"619\">plancher en contreplaqu\u00e9 marine de 28 mm<\/strong>\u00a0assure une robustesse suppl\u00e9mentaire, et son design\u00a0<strong data-start=\"672\" data-end=\"685\">high cube<\/strong>\u00a0offre un volume de stockage accru, id\u00e9al pour les marchandises volumineuses.<\/p>\n<h3 class=\"\" data-start=\"764\" data-end=\"851\"><strong data-start=\"768\" data-end=\"851\">Caract\u00e9ristiques Techniques du Container 45 Pieds High Cube Occasion (Classe C)<\/strong><\/h3>\n<ul data-start=\"853\" data-end=\"1796\">\n<li class=\"\" data-start=\"853\" data-end=\"954\">\n<p class=\"\" data-start=\"855\" data-end=\"883\"><strong data-start=\"855\" data-end=\"881\">Dimensions Int\u00e9rieures<\/strong>\u00a0:<\/p>\n<ul data-start=\"886\" data-end=\"954\">\n<li class=\"\" data-start=\"886\" data-end=\"908\">\n<p class=\"\" data-start=\"888\" data-end=\"908\">Longueur : 13 557 mm<\/p>\n<\/li>\n<li class=\"\" data-start=\"911\" data-end=\"931\">\n<p class=\"\" data-start=\"913\" data-end=\"931\">Largeur : 2 414 mm<\/p>\n<\/li>\n<li class=\"\" data-start=\"934\" data-end=\"954\">\n<p class=\"\" data-start=\"936\" data-end=\"954\">Hauteur : 2 690 mm<\/p>\n<\/li>\n<\/ul>\n<\/li>\n<li class=\"\" data-start=\"956\" data-end=\"1057\">\n<p class=\"\" data-start=\"958\" data-end=\"986\"><strong data-start=\"958\" data-end=\"984\">Dimensions Ext\u00e9rieures<\/strong>\u00a0:<\/p>\n<ul data-start=\"989\" data-end=\"1057\">\n<li class=\"\" data-start=\"989\" data-end=\"1011\">\n<p class=\"\" data-start=\"991\" data-end=\"1011\">Longueur : 13 716 mm<\/p>\n<\/li>\n<li class=\"\" data-start=\"1014\" data-end=\"1034\">\n<p class=\"\" data-start=\"1016\" data-end=\"1034\">Largeur : 2 438 mm<\/p>\n<\/li>\n<li class=\"\" data-start=\"1037\" data-end=\"1057\">\n<p class=\"\" data-start=\"1039\" data-end=\"1057\">Hauteur : 2 896 mm<\/p>\n<\/li>\n<\/ul>\n<\/li>\n<li class=\"\" data-start=\"1059\" data-end=\"1134\">\n<p class=\"\" data-start=\"1061\" data-end=\"1088\"><strong data-start=\"1061\" data-end=\"1086\">Dimensions des Portes<\/strong>\u00a0:<\/p>\n<ul data-start=\"1091\" data-end=\"1134\">\n<li class=\"\" data-start=\"1091\" data-end=\"1111\">\n<p class=\"\" data-start=\"1093\" data-end=\"1111\">Largeur : 2 340 mm<\/p>\n<\/li>\n<li class=\"\" data-start=\"1114\" data-end=\"1134\">\n<p class=\"\" data-start=\"1116\" data-end=\"1134\">Hauteur : 2 580 mm<\/p>\n<\/li>\n<\/ul>\n<\/li>\n<li class=\"\" data-start=\"1136\" data-end=\"1297\">\n<p class=\"\" data-start=\"1138\" data-end=\"1297\"><strong data-start=\"1138\" data-end=\"1151\">Structure<\/strong>\u00a0: Acier\u00a0<strong data-start=\"1160\" data-end=\"1170\">Corten<\/strong>\u00a0enti\u00e8rement soud\u00e9, garantissant une\u00a0<strong data-start=\"1207\" data-end=\"1228\">r\u00e9sistance \u00e9lev\u00e9e<\/strong>\u00a0face aux conditions climatiques extr\u00eames et une long\u00e9vit\u00e9 prolong\u00e9e.<\/p>\n<\/li>\n<li class=\"\" data-start=\"1299\" data-end=\"1429\">\n<p class=\"\" data-start=\"1301\" data-end=\"1429\"><strong data-start=\"1301\" data-end=\"1313\">Plancher<\/strong>\u00a0:\u00a0<strong data-start=\"1316\" data-end=\"1345\">Contreplaqu\u00e9 Marine 28 mm<\/strong>, con\u00e7u pour une solidit\u00e9 maximale et pour r\u00e9sister \u00e0 l\u2019humidit\u00e9 et aux intemp\u00e9ries.<\/p>\n<\/li>\n<li class=\"\" data-start=\"1431\" data-end=\"1563\">\n<p class=\"\" data-start=\"1433\" data-end=\"1563\"><strong data-start=\"1433\" data-end=\"1457\">Ouverture des Portes<\/strong>\u00a0:\u00a0<strong data-start=\"1460\" data-end=\"1468\">270\u00b0<\/strong>\u00a0pour une accessibilit\u00e9 optimale, facilitant le chargement et le d\u00e9chargement des marchandises.<\/p>\n<\/li>\n<li class=\"\" data-start=\"1565\" data-end=\"1708\">\n<p class=\"\" data-start=\"1567\" data-end=\"1708\"><strong data-start=\"1567\" data-end=\"1591\">Fermeture des Portes<\/strong>\u00a0:\u00a0<strong data-start=\"1594\" data-end=\"1619\">4 cr\u00e9mones verticales<\/strong>, offrant une\u00a0<strong data-start=\"1633\" data-end=\"1659\">s\u00e9curisation renforc\u00e9e<\/strong>\u00a0et une\u00a0<strong data-start=\"1667\" data-end=\"1690\">\u00e9tanch\u00e9it\u00e9 parfaite<\/strong>\u00a0lors du stockage.<\/p>\n<\/li>\n<li class=\"\" data-start=\"1710\" data-end=\"1739\">\n<p class=\"\" data-start=\"1712\" data-end=\"1739\"><strong data-start=\"1712\" data-end=\"1728\">Poids \u00e0 Vide<\/strong>\u00a0: 4 820 kg<\/p>\n<\/li>\n<li class=\"\" data-start=\"1740\" data-end=\"1768\">\n<p class=\"\" data-start=\"1742\" data-end=\"1768\"><strong data-start=\"1742\" data-end=\"1756\">Charge Max<\/strong>\u00a0: 25 600 kg<\/p>\n<\/li>\n<li class=\"\" data-start=\"1769\" data-end=\"1796\">\n<p class=\"\" data-start=\"1771\" data-end=\"1796\"><strong data-start=\"1771\" data-end=\"1784\">Poids Max<\/strong> : 30 420 kg<\/p>\n<\/li>\n<\/ul>","protected":false},"excerpt":{"rendered":"<p>Container 45 Pieds High Cube Occasion (Classe C) \u2013 Solution de Stockage Multimodale et Robuste \u2013 Fret Maritime, Stockage et<\/p>","protected":false},"featured_media":28166,"comment_status":"open","ping_status":"closed","template":"","meta":[],"product_brand":[],"product_cat":[28],"product_tag":[],"class_list":{"0":"post-28164","1":"product","2":"type-product","3":"status-publish","4":"has-post-thumbnail","6":"product_cat-containers-doccasion","8":"first","9":"instock","10":"taxable","11":"shipping-taxable","12":"purchasable","13":"product-type-simple"},"_links":{"self":[{"href":"https:\/\/kic-gmbh-containers.ch\/de\/wp-json\/wp\/v2\/product\/28164","targetHints":{"allow":["GET"]}}],"collection":[{"href":"https:\/\/kic-gmbh-containers.ch\/de\/wp-json\/wp\/v2\/product"}],"about":[{"href":"https:\/\/kic-gmbh-containers.ch\/de\/wp-json\/wp\/v2\/types\/product"}],"replies":[{"embeddable":true,"href":"https:\/\/kic-gmbh-containers.ch\/de\/wp-json\/wp\/v2\/comments?post=28164"}],"wp:featuredmedia":[{"embeddable":true,"href":"https:\/\/kic-gmbh-containers.ch\/de\/wp-json\/wp\/v2\/media\/28166"}],"wp:attachment":[{"href":"https:\/\/kic-gmbh-containers.ch\/de\/wp-json\/wp\/v2\/media?parent=28164"}],"wp:term":[{"taxonomy":"product_brand","embeddable":true,"href":"https:\/\/kic-gmbh-containers.ch\/de\/wp-json\/wp\/v2\/product_brand?post=28164"},{"taxonomy":"product_cat","embeddable":true,"href":"https:\/\/kic-gmbh-containers.ch\/de\/wp-json\/wp\/v2\/product_cat?post=28164"},{"taxonomy":"product_tag","embeddable":true,"href":"https:\/\/kic-gmbh-containers.ch\/de\/wp-json\/wp\/v2\/product_tag?post=28164"}],"curies":[{"name":"wp","href":"https:\/\/api.w.org\/{rel}","templated":true}]}}