{"id":28168,"date":"2026-02-27T13:23:45","date_gmt":"2026-02-27T13:23:45","guid":{"rendered":"https:\/\/es.robot-tonde-aspir.ch\/?post_type=product&amp;p=28168"},"modified":"2026-02-27T13:23:45","modified_gmt":"2026-02-27T13:23:45","slug":"container-high-cube-pallet-wide-20-pieds-occasion-classe-c","status":"publish","type":"product","link":"https:\/\/kic-gmbh-containers.ch\/de\/produkt\/container-high-cube-pallet-wide-20-pieds-occasion-classe-c\/","title":{"rendered":"Gebrauchter 20-Fu\u00df-High-Cube-Palettencontainer (Klasse C)"},"content":{"rendered":"<h1 class=\"\" data-start=\"119\" data-end=\"230\"><strong data-start=\"121\" data-end=\"230\">Container High Cube Pallet Wide 20 Pieds Occasion (Classe C) \u2013 Solution Id\u00e9ale pour Transport et Stockage<\/strong><\/h1>\n<h2 class=\"\" data-start=\"232\" data-end=\"350\"><strong data-start=\"235\" data-end=\"350\">\u2013 Robuste, Polyvalent et Adapt\u00e9 \u00e0 Tous Vos Besoins<\/strong><\/h2>\n<p class=\"\" data-start=\"352\" data-end=\"899\">Le\u00a0<strong data-start=\"355\" data-end=\"419\">Container High Cube Pallet Wide 20 Pieds Occasion (Classe C)<\/strong>\u00a0est la solution id\u00e9ale pour le transport maritime et le stockage de marchandises. Avec sa structure en\u00a0<strong data-start=\"523\" data-end=\"539\">acier Corten<\/strong>, son plancher en\u00a0<strong data-start=\"557\" data-end=\"589\">contreplaqu\u00e9 marine de 28 mm<\/strong>, et ses dimensions adapt\u00e9es \u00e0 une plus grande capacit\u00e9 de stockage, il r\u00e9pond parfaitement aux exigences des professionnels. Ce mod\u00e8le est tr\u00e8s pris\u00e9 pour le\u00a0<strong data-start=\"748\" data-end=\"796\">transport de marchandises en grande quantit\u00e9<\/strong>, ainsi que pour l\u2019<strong data-start=\"815\" data-end=\"830\">am\u00e9nagement<\/strong>\u00a0et la\u00a0<strong data-start=\"837\" data-end=\"857\">personnalisation<\/strong>\u00a0de vos espaces de travail ou de stockage.<\/p>\n<h3 class=\"\" data-start=\"901\" data-end=\"1000\"><strong data-start=\"905\" data-end=\"1000\">Caract\u00e9ristiques Techniques du Container High Cube Pallet Wide 20 Pieds Occasion (Classe C)<\/strong><\/h3>\n<ul data-start=\"1002\" data-end=\"1891\">\n<li class=\"\" data-start=\"1002\" data-end=\"1102\">\n<p class=\"\" data-start=\"1004\" data-end=\"1032\"><strong data-start=\"1004\" data-end=\"1030\">Dimensions Int\u00e9rieures<\/strong>\u00a0:<\/p>\n<ul data-start=\"1035\" data-end=\"1102\">\n<li class=\"\" data-start=\"1035\" data-end=\"1056\">\n<p class=\"\" data-start=\"1037\" data-end=\"1056\">Longueur : 5 009 mm<\/p>\n<\/li>\n<li class=\"\" data-start=\"1059\" data-end=\"1079\">\n<p class=\"\" data-start=\"1061\" data-end=\"1079\">Largeur : 2 350 mm<\/p>\n<\/li>\n<li class=\"\" data-start=\"1082\" data-end=\"1102\">\n<p class=\"\" data-start=\"1084\" data-end=\"1102\">Hauteur : 2 690 mm<\/p>\n<\/li>\n<\/ul>\n<\/li>\n<li class=\"\" data-start=\"1104\" data-end=\"1204\">\n<p class=\"\" data-start=\"1106\" data-end=\"1134\"><strong data-start=\"1106\" data-end=\"1132\">Dimensions Ext\u00e9rieures<\/strong>\u00a0:<\/p>\n<ul data-start=\"1137\" data-end=\"1204\">\n<li class=\"\" data-start=\"1137\" data-end=\"1158\">\n<p class=\"\" data-start=\"1139\" data-end=\"1158\">Longueur : 6 058 mm<\/p>\n<\/li>\n<li class=\"\" data-start=\"1161\" data-end=\"1181\">\n<p class=\"\" data-start=\"1163\" data-end=\"1181\">Largeur : 2 438 mm<\/p>\n<\/li>\n<li class=\"\" data-start=\"1184\" data-end=\"1204\">\n<p class=\"\" data-start=\"1186\" data-end=\"1204\">Hauteur : 2 890 mm<\/p>\n<\/li>\n<\/ul>\n<\/li>\n<li class=\"\" data-start=\"1206\" data-end=\"1281\">\n<p class=\"\" data-start=\"1208\" data-end=\"1235\"><strong data-start=\"1208\" data-end=\"1233\">Dimensions des Portes<\/strong>\u00a0:<\/p>\n<ul data-start=\"1238\" data-end=\"1281\">\n<li class=\"\" data-start=\"1238\" data-end=\"1258\">\n<p class=\"\" data-start=\"1240\" data-end=\"1258\">Largeur : 2 340 mm<\/p>\n<\/li>\n<li class=\"\" data-start=\"1261\" data-end=\"1281\">\n<p class=\"\" data-start=\"1263\" data-end=\"1281\">Hauteur : 2 580 mm<\/p>\n<\/li>\n<\/ul>\n<\/li>\n<li class=\"\" data-start=\"1283\" data-end=\"1435\">\n<p class=\"\" data-start=\"1285\" data-end=\"1435\"><strong data-start=\"1285\" data-end=\"1298\">Structure<\/strong>\u00a0:\u00a0<strong data-start=\"1301\" data-end=\"1311\">Corten<\/strong>\u00a0enti\u00e8rement soud\u00e9, offrant une\u00a0<strong data-start=\"1343\" data-end=\"1357\">r\u00e9sistance<\/strong>\u00a0et une\u00a0<strong data-start=\"1365\" data-end=\"1386\">long\u00e9vit\u00e9 accrues<\/strong>\u00a0m\u00eame dans les environnements les plus exigeants.<\/p>\n<\/li>\n<li class=\"\" data-start=\"1437\" data-end=\"1563\">\n<p class=\"\" data-start=\"1439\" data-end=\"1563\"><strong data-start=\"1439\" data-end=\"1451\">Plancher<\/strong>\u00a0:\u00a0<strong data-start=\"1454\" data-end=\"1483\">Contreplaqu\u00e9 Marine 28 mm<\/strong>, con\u00e7u pour\u00a0<strong data-start=\"1496\" data-end=\"1535\">r\u00e9sister aux conditions climatiques<\/strong>\u00a0et aux\u00a0<strong data-start=\"1543\" data-end=\"1562\">charges lourdes<\/strong>.<\/p>\n<\/li>\n<li class=\"\" data-start=\"1565\" data-end=\"1677\">\n<p class=\"\" data-start=\"1567\" data-end=\"1677\"><strong data-start=\"1567\" data-end=\"1591\">Ouverture des Portes<\/strong>\u00a0:\u00a0<strong data-start=\"1594\" data-end=\"1602\">270\u00b0<\/strong>, permettant un acc\u00e8s\u00a0<strong data-start=\"1624\" data-end=\"1635\">complet<\/strong>\u00a0et\u00a0<strong data-start=\"1639\" data-end=\"1649\">facile<\/strong>\u00a0\u00e0 l\u2019int\u00e9rieur du conteneur.<\/p>\n<\/li>\n<li class=\"\" data-start=\"1679\" data-end=\"1803\">\n<p class=\"\" data-start=\"1681\" data-end=\"1803\"><strong data-start=\"1681\" data-end=\"1705\">Fermeture des Portes<\/strong>\u00a0:\u00a0<strong data-start=\"1708\" data-end=\"1733\">4 cr\u00e9mones verticales<\/strong>, assurant une\u00a0<strong data-start=\"1748\" data-end=\"1771\">s\u00e9curisation fiable<\/strong>\u00a0et une\u00a0<strong data-start=\"1779\" data-end=\"1793\">\u00e9tanch\u00e9it\u00e9<\/strong>\u00a0parfaite.<\/p>\n<\/li>\n<li class=\"\" data-start=\"1805\" data-end=\"1834\">\n<p class=\"\" data-start=\"1807\" data-end=\"1834\"><strong data-start=\"1807\" data-end=\"1823\">Poids \u00e0 Vide<\/strong>\u00a0: 2 340 kg<\/p>\n<\/li>\n<li class=\"\" data-start=\"1835\" data-end=\"1863\">\n<p class=\"\" data-start=\"1837\" data-end=\"1863\"><strong data-start=\"1837\" data-end=\"1851\">Charge Max<\/strong>\u00a0: 28 250 kg<\/p>\n<\/li>\n<li class=\"\" data-start=\"1864\" data-end=\"1891\">\n<p class=\"\" data-start=\"1866\" data-end=\"1891\"><strong data-start=\"1866\" data-end=\"1879\">Poids Max<\/strong>\u00a0: 30 480 kg<\/p>\n<\/li>\n<\/ul>\n<h3 class=\"\" data-start=\"1893\" data-end=\"1974\"><strong data-start=\"1897\" data-end=\"1974\">Avantages du Container High Cube Pallet Wide 20 Pieds Occasion (Classe C)<\/strong><\/h3>\n<ul data-start=\"1976\" data-end=\"3079\">\n<li class=\"\" data-start=\"1976\" data-end=\"2187\">\n<p class=\"\" data-start=\"1978\" data-end=\"2187\"><strong data-start=\"1978\" data-end=\"2011\">Capacit\u00e9 Maximale de Stockage<\/strong>\u00a0: Gr\u00e2ce \u00e0 sa\u00a0<strong data-start=\"2025\" data-end=\"2043\">largeur accrue<\/strong>, ce conteneur permet de stocker jusqu\u2019\u00e0\u00a0<strong data-start=\"2084\" data-end=\"2099\">33 palettes<\/strong>\u00a0(en configuration\u00a0<strong data-start=\"2118\" data-end=\"2126\">Euro<\/strong>), offrant ainsi un\u00a0<strong data-start=\"2146\" data-end=\"2166\">stockage optimal<\/strong>\u00a0de vos marchandises.<\/p>\n<\/li>\n<li class=\"\" data-start=\"2189\" data-end=\"2451\">\n<p class=\"\" data-start=\"2191\" data-end=\"2451\"><strong data-start=\"2191\" data-end=\"2215\">Solution Polyvalente<\/strong>\u00a0: Ce conteneur est adapt\u00e9 pour\u00a0<strong data-start=\"2247\" data-end=\"2274\">le transport multimodal<\/strong>\u00a0(route, rail, barge, et maritime) et est parfait pour les entreprises ayant des besoins de stockage flexibles ou souhaitant transporter des\u00a0<strong data-start=\"2415\" data-end=\"2450\">marchandises en grande quantit\u00e9<\/strong>.<\/p>\n<\/li>\n<li class=\"\" data-start=\"2453\" data-end=\"2625\">\n<p class=\"\" data-start=\"2455\" data-end=\"2625\"><strong data-start=\"2455\" data-end=\"2479\">Accessibilit\u00e9 Facile<\/strong>\u00a0: Les portes du conteneur s\u2019ouvrent \u00e0\u00a0<strong data-start=\"2518\" data-end=\"2526\">270\u00b0<\/strong>, permettant un\u00a0<strong data-start=\"2542\" data-end=\"2579\">chargement\/d\u00e9chargement simplifi\u00e9<\/strong>, m\u00eame pour des articles volumineux ou lourds.<\/p>\n<\/li>\n<li class=\"\" data-start=\"2627\" data-end=\"2841\">\n<p class=\"\" data-start=\"2629\" data-end=\"2841\"><strong data-start=\"2629\" data-end=\"2668\">Conforme aux Normes Internationales<\/strong>\u00a0: Tous nos conteneurs sont\u00a0<strong data-start=\"2696\" data-end=\"2744\">certifi\u00e9s CSC (Container Safety Certificate)<\/strong>, garantissant leur\u00a0<strong data-start=\"2764\" data-end=\"2778\">\u00e9tanch\u00e9it\u00e9<\/strong>\u00a0et leur conformit\u00e9 aux\u00a0<strong data-start=\"2802\" data-end=\"2840\">normes de s\u00e9curit\u00e9 internationales<\/strong>.<\/p>\n<\/li>\n<li class=\"\" data-start=\"2843\" data-end=\"3079\">\n<p class=\"\" data-start=\"2845\" data-end=\"3079\"><strong data-start=\"2845\" data-end=\"2888\">Id\u00e9al pour l\u2019Am\u00e9nagement et le Stockage<\/strong>\u00a0: Ce conteneur est particuli\u00e8rement adapt\u00e9 pour\u00a0<strong data-start=\"2937\" data-end=\"2975\">l\u2019am\u00e9nagement d\u2019espaces de travail<\/strong>,\u00a0<strong data-start=\"2977\" data-end=\"2992\">d\u2019entrep\u00f4ts<\/strong>, ou de\u00a0<strong data-start=\"3000\" data-end=\"3016\">bases de vie<\/strong>, gr\u00e2ce \u00e0 sa robustesse et sa\u00a0<strong data-start=\"3046\" data-end=\"3078\">facilit\u00e9 de personnalisation<\/strong>.<\/p>\n<\/li>\n<\/ul>\n<h3 class=\"\" data-start=\"3081\" data-end=\"3165\"><strong data-start=\"3085\" data-end=\"3165\">Applications du Container High Cube Pallet Wide 20 Pieds Occasion (Classe C)<\/strong><\/h3>\n<ul data-start=\"3167\" data-end=\"3904\">\n<li class=\"\" data-start=\"3167\" data-end=\"3369\">\n<p class=\"\" data-start=\"3169\" data-end=\"3369\"><strong data-start=\"3169\" data-end=\"3193\">Transport Multimodal<\/strong>\u00a0: Id\u00e9al pour le\u00a0<strong data-start=\"3210\" data-end=\"3232\">transport maritime<\/strong>,\u00a0<strong data-start=\"3234\" data-end=\"3247\">terrestre<\/strong>, et\u00a0<strong data-start=\"3252\" data-end=\"3267\">ferroviaire<\/strong>, ce conteneur r\u00e9pond aux besoins des entreprises effectuant des exp\u00e9ditions sur de longues distances.<\/p>\n<\/li>\n<li class=\"\" data-start=\"3371\" data-end=\"3521\">\n<p class=\"\" data-start=\"3373\" data-end=\"3521\"><strong data-start=\"3373\" data-end=\"3401\">Stockage de Marchandises<\/strong>\u00a0: Parfait pour le stockage de\u00a0<strong data-start=\"3432\" data-end=\"3449\">produits secs<\/strong>\u00a0tels que\u00a0<strong data-start=\"3459\" data-end=\"3469\">bo\u00eetes<\/strong>,\u00a0<strong data-start=\"3471\" data-end=\"3483\">palettes<\/strong>,\u00a0<strong data-start=\"3485\" data-end=\"3496\">cartons<\/strong>, et autres marchandises.<\/p>\n<\/li>\n<li class=\"\" data-start=\"3523\" data-end=\"3723\">\n<p class=\"\" data-start=\"3525\" data-end=\"3723\"><strong data-start=\"3525\" data-end=\"3561\">Am\u00e9nagement d\u2019Espaces de Travail<\/strong>\u00a0: Ce conteneur peut \u00eatre transform\u00e9 en\u00a0<strong data-start=\"3601\" data-end=\"3611\">bureau<\/strong>,\u00a0<strong data-start=\"3613\" data-end=\"3624\">atelier<\/strong>, ou\u00a0<strong data-start=\"3629\" data-end=\"3646\">espace de vie<\/strong>\u00a0temporaire gr\u00e2ce \u00e0 sa\u00a0<strong data-start=\"3669\" data-end=\"3689\">structure solide<\/strong>\u00a0et ses\u00a0<strong data-start=\"3697\" data-end=\"3722\">dimensions g\u00e9n\u00e9reuses<\/strong>.<\/p>\n<\/li>\n<li class=\"\" data-start=\"3725\" data-end=\"3904\">\n<p class=\"\" data-start=\"3727\" data-end=\"3904\"><strong data-start=\"3727\" data-end=\"3752\">Projets d\u2019Entreposage<\/strong>\u00a0: Utilis\u00e9 pour cr\u00e9er des\u00a0<strong data-start=\"3778\" data-end=\"3817\">espaces de stockage suppl\u00e9mentaires<\/strong>, ce mod\u00e8le est con\u00e7u pour r\u00e9sister aux intemp\u00e9ries et offrir un\u00a0<strong data-start=\"3882\" data-end=\"3903\">stockage s\u00e9curis\u00e9<\/strong>.<\/p>\n<\/li>\n<\/ul>","protected":false},"excerpt":{"rendered":"<p>Container High Cube Pallet Wide 20 Pieds Occasion (Classe C) \u2013 Solution Id\u00e9ale pour Transport et Stockage \u2013 Robuste, Polyvalent<\/p>","protected":false},"featured_media":28170,"comment_status":"open","ping_status":"closed","template":"","meta":[],"product_brand":[],"product_cat":[28],"product_tag":[],"class_list":{"0":"post-28168","1":"product","2":"type-product","3":"status-publish","4":"has-post-thumbnail","6":"product_cat-containers-doccasion","8":"first","9":"instock","10":"taxable","11":"shipping-taxable","12":"purchasable","13":"product-type-simple"},"_links":{"self":[{"href":"https:\/\/kic-gmbh-containers.ch\/de\/wp-json\/wp\/v2\/product\/28168","targetHints":{"allow":["GET"]}}],"collection":[{"href":"https:\/\/kic-gmbh-containers.ch\/de\/wp-json\/wp\/v2\/product"}],"about":[{"href":"https:\/\/kic-gmbh-containers.ch\/de\/wp-json\/wp\/v2\/types\/product"}],"replies":[{"embeddable":true,"href":"https:\/\/kic-gmbh-containers.ch\/de\/wp-json\/wp\/v2\/comments?post=28168"}],"wp:featuredmedia":[{"embeddable":true,"href":"https:\/\/kic-gmbh-containers.ch\/de\/wp-json\/wp\/v2\/media\/28170"}],"wp:attachment":[{"href":"https:\/\/kic-gmbh-containers.ch\/de\/wp-json\/wp\/v2\/media?parent=28168"}],"wp:term":[{"taxonomy":"product_brand","embeddable":true,"href":"https:\/\/kic-gmbh-containers.ch\/de\/wp-json\/wp\/v2\/product_brand?post=28168"},{"taxonomy":"product_cat","embeddable":true,"href":"https:\/\/kic-gmbh-containers.ch\/de\/wp-json\/wp\/v2\/product_cat?post=28168"},{"taxonomy":"product_tag","embeddable":true,"href":"https:\/\/kic-gmbh-containers.ch\/de\/wp-json\/wp\/v2\/product_tag?post=28168"}],"curies":[{"name":"wp","href":"https:\/\/api.w.org\/{rel}","templated":true}]}}