{"id":28172,"date":"2026-02-27T13:28:05","date_gmt":"2026-02-27T13:28:05","guid":{"rendered":"https:\/\/es.robot-tonde-aspir.ch\/?post_type=product&#038;p=28172"},"modified":"2026-03-10T09:21:27","modified_gmt":"2026-03-10T09:21:27","slug":"container-bleu-doccasion-20-pieds-dernier-voyage","status":"publish","type":"product","link":"https:\/\/kic-gmbh-containers.ch\/de\/produkt\/container-bleu-doccasion-20-pieds-dernier-voyage\/","title":{"rendered":"Gebrauchter blauer 20-Fu\u00df-Seecontainer, letzte Reise"},"content":{"rendered":"<h1 class=\"\" data-start=\"105\" data-end=\"189\"><strong data-start=\"107\" data-end=\"189\">Container Bleu Occasion 20 Pieds Dernier Voyage \u2013 Stockage Abordable et Fiable<\/strong><\/h1>\n<h2 class=\"\" data-start=\"191\" data-end=\"263\"><strong data-start=\"194\" data-end=\"263\">Container Bleu de 20 Pieds : Solution \u00c9conomique pour le Stockage<\/strong><\/h2>\n<p class=\"\" data-start=\"264\" data-end=\"737\">Le\u00a0<strong data-start=\"267\" data-end=\"320\">Gebrauchter blauer 20-Fu\u00df-Seecontainer, letzte Reise<\/strong>\u00a0est une option id\u00e9ale pour les entreprises et particuliers cherchant une solution de stockage \u00e0 un prix comp\u00e9titif. Certifi\u00e9\u00a0<strong data-start=\"446\" data-end=\"484\">CSC (Container Safety Certificate)<\/strong>, ce container est con\u00e7u pour r\u00e9sister aux intemp\u00e9ries et offrir une \u00e9tanch\u00e9it\u00e9 parfaite. Bien qu\u2019il pr\u00e9sente des marques d\u2019usure dues \u00e0 des ann\u00e9es de transport maritime, sa structure reste robuste et parfaitement fonctionnelle pour de multiples usages.<\/p>\n<p class=\"\" data-start=\"739\" data-end=\"940\">Les containers\u00a0<strong data-start=\"754\" data-end=\"772\">dernier voyage<\/strong>\u00a0sont parfaits pour des applications temporaires, que ce soit pour le stockage de marchandises, ou pour \u00eatre am\u00e9nag\u00e9s en bureaux, ateliers ou zones de stockage mobiles.<\/p>\n<h2 class=\"\" data-start=\"942\" data-end=\"1027\"><strong data-start=\"945\" data-end=\"1027\">Caract\u00e9ristiques Techniques du Container Bleu Occasion 20 Pieds Dernier Voyage<\/strong><\/h2>\n<ul data-start=\"1028\" data-end=\"1554\">\n<li class=\"\" data-start=\"1028\" data-end=\"1120\">\n<p class=\"\" data-start=\"1030\" data-end=\"1120\"><strong data-start=\"1030\" data-end=\"1056\">Dimensions ext\u00e9rieures<\/strong>\u00a0: 6 058 mm (longueur) x 2 438 mm (largeur) x 2 591 mm (hauteur)<\/p>\n<\/li>\n<li class=\"\" data-start=\"1121\" data-end=\"1182\">\n<p class=\"\" data-start=\"1123\" data-end=\"1182\"><strong data-start=\"1123\" data-end=\"1149\">Dimensions int\u00e9rieures<\/strong>\u00a0: 5 900 mm x 2 350 mm x 2 390 mm<\/p>\n<\/li>\n<li class=\"\" data-start=\"1183\" data-end=\"1212\">\n<p class=\"\" data-start=\"1185\" data-end=\"1212\"><strong data-start=\"1185\" data-end=\"1201\">Poids \u00e0 vide<\/strong>\u00a0: 2 200 kg<\/p>\n<\/li>\n<li class=\"\" data-start=\"1213\" data-end=\"1244\">\n<p class=\"\" data-start=\"1215\" data-end=\"1244\"><strong data-start=\"1215\" data-end=\"1232\">Poids maximum<\/strong>\u00a0: 30 480 kg<\/p>\n<\/li>\n<li class=\"\" data-start=\"1245\" data-end=\"1278\">\n<p class=\"\" data-start=\"1247\" data-end=\"1278\"><strong data-start=\"1247\" data-end=\"1266\">Charge maximale<\/strong>\u00a0: 26 400 kg<\/p>\n<\/li>\n<li class=\"\" data-start=\"1279\" data-end=\"1312\">\n<p class=\"\" data-start=\"1281\" data-end=\"1312\"><strong data-start=\"1281\" data-end=\"1301\">Volume int\u00e9rieur<\/strong>\u00a0: 33,14 m\u00b3<\/p>\n<\/li>\n<li class=\"\" data-start=\"1313\" data-end=\"1348\">\n<p class=\"\" data-start=\"1315\" data-end=\"1348\"><strong data-start=\"1315\" data-end=\"1337\">Surface int\u00e9rieure<\/strong>\u00a0: 13,86 m\u00b2<\/p>\n<\/li>\n<li class=\"\" data-start=\"1349\" data-end=\"1390\">\n<p class=\"\" data-start=\"1351\" data-end=\"1390\"><strong data-start=\"1351\" data-end=\"1363\">Plancher<\/strong>\u00a0: Contreplaqu\u00e9 marin 28 mm<\/p>\n<\/li>\n<li class=\"\" data-start=\"1391\" data-end=\"1440\">\n<p class=\"\" data-start=\"1393\" data-end=\"1440\"><strong data-start=\"1393\" data-end=\"1406\">Structure<\/strong>\u00a0: Acier CORTEN enti\u00e8rement soud\u00e9e<\/p>\n<\/li>\n<li class=\"\" data-start=\"1441\" data-end=\"1496\">\n<p class=\"\" data-start=\"1443\" data-end=\"1496\"><strong data-start=\"1443\" data-end=\"1453\">Portes<\/strong>\u00a0: Double porte verrouillable avec cr\u00e9mones<\/p>\n<\/li>\n<li class=\"\" data-start=\"1497\" data-end=\"1554\">\n<p class=\"\" data-start=\"1499\" data-end=\"1554\"><strong data-start=\"1499\" data-end=\"1508\">Norme<\/strong>\u00a0: Certifi\u00e9 CSC (Container Safety Certificate)<\/p>\n<\/li>\n<\/ul>\n<h2 class=\"\" data-start=\"1556\" data-end=\"1632\"><\/h2>","protected":false},"excerpt":{"rendered":"<p>Container Bleu Occasion 20 Pieds Dernier Voyage \u2013 Stockage Abordable et Fiable Container Bleu de 20 Pieds : Solution \u00c9conomique<\/p>","protected":false},"featured_media":28173,"comment_status":"open","ping_status":"closed","template":"","meta":[],"product_brand":[],"product_cat":[28],"product_tag":[],"class_list":{"0":"post-28172","1":"product","2":"type-product","3":"status-publish","4":"has-post-thumbnail","6":"product_cat-containers-doccasion","8":"first","9":"instock","10":"taxable","11":"shipping-taxable","12":"purchasable","13":"product-type-simple"},"_links":{"self":[{"href":"https:\/\/kic-gmbh-containers.ch\/de\/wp-json\/wp\/v2\/product\/28172","targetHints":{"allow":["GET"]}}],"collection":[{"href":"https:\/\/kic-gmbh-containers.ch\/de\/wp-json\/wp\/v2\/product"}],"about":[{"href":"https:\/\/kic-gmbh-containers.ch\/de\/wp-json\/wp\/v2\/types\/product"}],"replies":[{"embeddable":true,"href":"https:\/\/kic-gmbh-containers.ch\/de\/wp-json\/wp\/v2\/comments?post=28172"}],"wp:featuredmedia":[{"embeddable":true,"href":"https:\/\/kic-gmbh-containers.ch\/de\/wp-json\/wp\/v2\/media\/28173"}],"wp:attachment":[{"href":"https:\/\/kic-gmbh-containers.ch\/de\/wp-json\/wp\/v2\/media?parent=28172"}],"wp:term":[{"taxonomy":"product_brand","embeddable":true,"href":"https:\/\/kic-gmbh-containers.ch\/de\/wp-json\/wp\/v2\/product_brand?post=28172"},{"taxonomy":"product_cat","embeddable":true,"href":"https:\/\/kic-gmbh-containers.ch\/de\/wp-json\/wp\/v2\/product_cat?post=28172"},{"taxonomy":"product_tag","embeddable":true,"href":"https:\/\/kic-gmbh-containers.ch\/de\/wp-json\/wp\/v2\/product_tag?post=28172"}],"curies":[{"name":"wp","href":"https:\/\/api.w.org\/{rel}","templated":true}]}}