{"id":28174,"date":"2026-02-27T13:49:17","date_gmt":"2026-02-27T13:49:17","guid":{"rendered":"https:\/\/es.robot-tonde-aspir.ch\/?post_type=product&amp;p=28174"},"modified":"2026-02-27T13:49:17","modified_gmt":"2026-02-27T13:49:17","slug":"conteneur-40-pieds-avec-charpente-et-murs","status":"publish","type":"product","link":"https:\/\/kic-gmbh-containers.ch\/de\/produkt\/conteneur-40-pieds-avec-charpente-et-murs\/","title":{"rendered":"40-Fu\u00df-Container mit Rahmen und W\u00e4nden"},"content":{"rendered":"<div dir=\"auto\">Conteneur 20 pieds<\/div>\n<div dir=\"auto\">Avec CHARPENTE ET MURS<\/div>\n<div dir=\"auto\">ISOLATION<\/div>\n<div dir=\"auto\">\u00c9LECTRICIT\u00c9 ET LUMI\u00c8RES<\/div>\n<div dir=\"auto\">SOL<\/div>\n<div dir=\"auto\">FEN\u00caTRES ET PORTES<\/div>","protected":false},"excerpt":{"rendered":"<p>Conteneur 20 pieds Avec CHARPENTE ET MURS ISOLATION \u00c9LECTRICIT\u00c9 ET LUMI\u00c8RES SOL FEN\u00caTRES ET PORTES<\/p>","protected":false},"featured_media":28178,"comment_status":"open","ping_status":"closed","template":"","meta":[],"product_brand":[],"product_cat":[27],"product_tag":[],"class_list":{"0":"post-28174","1":"product","2":"type-product","3":"status-publish","4":"has-post-thumbnail","6":"product_cat-bungalows-et-containers-amenages","8":"first","9":"instock","10":"taxable","11":"shipping-taxable","12":"purchasable","13":"product-type-simple"},"_links":{"self":[{"href":"https:\/\/kic-gmbh-containers.ch\/de\/wp-json\/wp\/v2\/product\/28174","targetHints":{"allow":["GET"]}}],"collection":[{"href":"https:\/\/kic-gmbh-containers.ch\/de\/wp-json\/wp\/v2\/product"}],"about":[{"href":"https:\/\/kic-gmbh-containers.ch\/de\/wp-json\/wp\/v2\/types\/product"}],"replies":[{"embeddable":true,"href":"https:\/\/kic-gmbh-containers.ch\/de\/wp-json\/wp\/v2\/comments?post=28174"}],"wp:featuredmedia":[{"embeddable":true,"href":"https:\/\/kic-gmbh-containers.ch\/de\/wp-json\/wp\/v2\/media\/28178"}],"wp:attachment":[{"href":"https:\/\/kic-gmbh-containers.ch\/de\/wp-json\/wp\/v2\/media?parent=28174"}],"wp:term":[{"taxonomy":"product_brand","embeddable":true,"href":"https:\/\/kic-gmbh-containers.ch\/de\/wp-json\/wp\/v2\/product_brand?post=28174"},{"taxonomy":"product_cat","embeddable":true,"href":"https:\/\/kic-gmbh-containers.ch\/de\/wp-json\/wp\/v2\/product_cat?post=28174"},{"taxonomy":"product_tag","embeddable":true,"href":"https:\/\/kic-gmbh-containers.ch\/de\/wp-json\/wp\/v2\/product_tag?post=28174"}],"curies":[{"name":"wp","href":"https:\/\/api.w.org\/{rel}","templated":true}]}}