{"id":28180,"date":"2026-02-27T14:01:06","date_gmt":"2026-02-27T14:01:06","guid":{"rendered":"https:\/\/es.robot-tonde-aspir.ch\/?post_type=product&amp;p=28180"},"modified":"2026-02-27T14:01:06","modified_gmt":"2026-02-27T14:01:06","slug":"container-9-pieds-stockage-neuf","status":"publish","type":"product","link":"https:\/\/kic-gmbh-containers.ch\/de\/produkt\/container-9-pieds-stockage-neuf\/","title":{"rendered":"Neuer 9-Fu\u00df-Lagercontainer"},"content":{"rendered":"<div class=\"woocommerce-tabs wc-tabs-wrapper\">\n<div id=\"tab-description\" class=\"woocommerce-Tabs-panel woocommerce-Tabs-panel--description panel entry-content wc-tab\" role=\"tabpanel\" aria-labelledby=\"tab-title-description\">\n<h1 class=\"\" data-start=\"87\" data-end=\"179\"><strong data-start=\"89\" data-end=\"179\">Container 9 Pieds de Stockage Neuf \u2013 Solution Compacte pour Self-Stockage et Chantiers<\/strong><\/h1>\n<h2 class=\"\" data-start=\"181\" data-end=\"263\"><strong data-start=\"184\" data-end=\"263\">Container 9 Pieds Neuf \u2013 Id\u00e9al pour les Espaces Restreints et les Chantiers<\/strong><\/h2>\n<p class=\"\" data-start=\"265\" data-end=\"629\">Le\u00a0<strong data-start=\"268\" data-end=\"303\">Neuer 9-Fu\u00df-Lagercontainer<\/strong>, \u00e9galement appel\u00e9\u00a0<strong data-start=\"322\" data-end=\"338\">container 9\u2032<\/strong>, est la solution parfaite pour\u00a0<strong data-start=\"370\" data-end=\"404\">les activit\u00e9s de self-stockage<\/strong>\u00a0ou pour les\u00a0<strong data-start=\"417\" data-end=\"434\">chantiers BTP<\/strong>. Gr\u00e2ce \u00e0 sa taille compacte, il offre un\u00a0<strong data-start=\"476\" data-end=\"497\">stockage pratique<\/strong>\u00a0tout en \u00e9tant\u00a0<strong data-start=\"512\" data-end=\"536\">facile \u00e0 transporter<\/strong>\u00a0gr\u00e2ce \u00e0 sa largeur de seulement\u00a0<strong data-start=\"569\" data-end=\"584\">2,20 m\u00e8tres<\/strong>, adapt\u00e9e aux\u00a0<strong data-start=\"598\" data-end=\"628\">camions bennes utilitaires<\/strong>.<\/p>\n<h3 class=\"\" data-start=\"631\" data-end=\"687\"><strong data-start=\"635\" data-end=\"687\">Caract\u00e9ristiques Techniques du Container 9 Pieds<\/strong><\/h3>\n<ul data-start=\"689\" data-end=\"1186\">\n<li class=\"\" data-start=\"689\" data-end=\"798\">\n<p class=\"\" data-start=\"691\" data-end=\"719\"><strong data-start=\"691\" data-end=\"717\">Dimensions Int\u00e9rieures<\/strong>\u00a0:<\/p>\n<ul data-start=\"722\" data-end=\"798\">\n<li class=\"\" data-start=\"722\" data-end=\"746\">\n<p class=\"\" data-start=\"724\" data-end=\"746\"><strong data-start=\"724\" data-end=\"736\">Longueur<\/strong>\u00a0: 2570 mm<\/p>\n<\/li>\n<li class=\"\" data-start=\"749\" data-end=\"772\">\n<p class=\"\" data-start=\"751\" data-end=\"772\"><strong data-start=\"751\" data-end=\"762\">Largeur<\/strong>\u00a0: 2080 mm<\/p>\n<\/li>\n<li class=\"\" data-start=\"775\" data-end=\"798\">\n<p class=\"\" data-start=\"777\" data-end=\"798\"><strong data-start=\"777\" data-end=\"788\">Hauteur<\/strong>\u00a0: 2050 mm<\/p>\n<\/li>\n<\/ul>\n<\/li>\n<li class=\"\" data-start=\"800\" data-end=\"909\">\n<p class=\"\" data-start=\"802\" data-end=\"830\"><strong data-start=\"802\" data-end=\"828\">Dimensions Ext\u00e9rieures<\/strong>\u00a0:<\/p>\n<ul data-start=\"833\" data-end=\"909\">\n<li class=\"\" data-start=\"833\" data-end=\"857\">\n<p class=\"\" data-start=\"835\" data-end=\"857\"><strong data-start=\"835\" data-end=\"847\">Longueur<\/strong>\u00a0: 2750 mm<\/p>\n<\/li>\n<li class=\"\" data-start=\"860\" data-end=\"883\">\n<p class=\"\" data-start=\"862\" data-end=\"883\"><strong data-start=\"862\" data-end=\"873\">Largeur<\/strong>\u00a0: 2200 mm<\/p>\n<\/li>\n<li class=\"\" data-start=\"886\" data-end=\"909\">\n<p class=\"\" data-start=\"888\" data-end=\"909\"><strong data-start=\"888\" data-end=\"899\">Hauteur<\/strong>\u00a0: 2250 mm<\/p>\n<\/li>\n<\/ul>\n<\/li>\n<li class=\"\" data-start=\"911\" data-end=\"994\">\n<p class=\"\" data-start=\"913\" data-end=\"940\"><strong data-start=\"913\" data-end=\"938\">Dimensions des Portes<\/strong>\u00a0:<\/p>\n<ul data-start=\"943\" data-end=\"994\">\n<li class=\"\" data-start=\"943\" data-end=\"967\">\n<p class=\"\" data-start=\"945\" data-end=\"967\"><strong data-start=\"945\" data-end=\"956\">Largeur<\/strong>\u00a0: 2 340 mm<\/p>\n<\/li>\n<li class=\"\" data-start=\"970\" data-end=\"994\">\n<p class=\"\" data-start=\"972\" data-end=\"994\"><strong data-start=\"972\" data-end=\"983\">Hauteur<\/strong>\u00a0: 2 280 mm<\/p>\n<\/li>\n<\/ul>\n<\/li>\n<li class=\"\" data-start=\"996\" data-end=\"1043\">\n<p class=\"\" data-start=\"998\" data-end=\"1043\"><strong data-start=\"998\" data-end=\"1011\">Structure<\/strong>\u00a0:\u00a0<strong data-start=\"1014\" data-end=\"1024\">CORTEN<\/strong>\u00a0enti\u00e8rement soud\u00e9e<\/p>\n<\/li>\n<li class=\"\" data-start=\"1044\" data-end=\"1127\">\n<p class=\"\" data-start=\"1046\" data-end=\"1127\"><strong data-start=\"1046\" data-end=\"1058\">Plancher<\/strong>\u00a0:\u00a0<strong data-start=\"1061\" data-end=\"1074\">OSB 22 mm<\/strong>,\u00a0<strong data-start=\"1076\" data-end=\"1105\">Contreplaqu\u00e9 Marine 21 mm<\/strong>,\u00a0<strong data-start=\"1107\" data-end=\"1127\">Sol acier 3+1 mm<\/strong><\/p>\n<\/li>\n<li class=\"\" data-start=\"1128\" data-end=\"1186\">\n<p class=\"\" data-start=\"1130\" data-end=\"1186\"><strong data-start=\"1130\" data-end=\"1154\">Ouverture des Portes<\/strong>\u00a0:\u00a0<strong data-start=\"1157\" data-end=\"1165\">270\u00b0<\/strong>\u00a0pour un acc\u00e8s facile<\/p>\n<\/li>\n<\/ul>\n<h3 class=\"\" data-start=\"1188\" data-end=\"1224\"><strong data-start=\"1192\" data-end=\"1224\">Informations Compl\u00e9mentaires<\/strong><\/h3>\n<ul data-start=\"1226\" data-end=\"1284\">\n<li class=\"\" data-start=\"1226\" data-end=\"1253\">\n<p class=\"\" data-start=\"1228\" data-end=\"1253\"><strong data-start=\"1228\" data-end=\"1244\">Poids \u00e0 Vide<\/strong>\u00a0: 650 kg<\/p>\n<\/li>\n<li class=\"\" data-start=\"1254\" data-end=\"1284\">\n<p class=\"\" data-start=\"1256\" data-end=\"1284\"><strong data-start=\"1256\" data-end=\"1275\">Passage Fourche<\/strong>\u00a0: 950 mm<\/p>\n<\/li>\n<\/ul>\n<h3 class=\"\" data-start=\"1286\" data-end=\"1324\"><strong data-start=\"1290\" data-end=\"1324\">Avantages du Container 9 Pieds<\/strong><\/h3>\n<ol data-start=\"1326\" data-end=\"2120\">\n<li class=\"\" data-start=\"1326\" data-end=\"1558\">\n<p class=\"\" data-start=\"1329\" data-end=\"1558\"><strong data-start=\"1329\" data-end=\"1352\">Compact et Pratique<\/strong>\u00a0: Ce container est\u00a0<strong data-start=\"1372\" data-end=\"1406\">id\u00e9al pour les espaces r\u00e9duits<\/strong>, comme les chantiers ou les zones urbaines o\u00f9 l\u2019espace est limit\u00e9. Sa taille compacte le rend \u00e9galement adapt\u00e9 pour les\u00a0<strong data-start=\"1527\" data-end=\"1557\">activit\u00e9s de self-stockage<\/strong>.<\/p>\n<\/li>\n<li class=\"\" data-start=\"1560\" data-end=\"1739\">\n<p class=\"\" data-start=\"1563\" data-end=\"1739\"><strong data-start=\"1563\" data-end=\"1595\">Structure Robuste et Durable<\/strong>\u00a0: Fabriqu\u00e9 en\u00a0<strong data-start=\"1610\" data-end=\"1626\">acier Corten<\/strong>, ce container est con\u00e7u pour\u00a0<strong data-start=\"1656\" data-end=\"1684\">r\u00e9sister aux intemp\u00e9ries<\/strong>, aux chocs et aux conditions difficiles des chantiers.<\/p>\n<\/li>\n<li class=\"\" data-start=\"1741\" data-end=\"1937\">\n<p class=\"\" data-start=\"1744\" data-end=\"1937\"><strong data-start=\"1744\" data-end=\"1769\">Facilit\u00e9 de Transport<\/strong>\u00a0: Sa\u00a0<strong data-start=\"1775\" data-end=\"1801\">largeur de 2,20 m\u00e8tres<\/strong>\u00a0permet de le transporter facilement par\u00a0<strong data-start=\"1842\" data-end=\"1872\">camions bennes utilitaires<\/strong>, ce qui le rend\u00a0<strong data-start=\"1889\" data-end=\"1906\">tr\u00e8s flexible<\/strong>\u00a0dans ses options de livraison.<\/p>\n<\/li>\n<li class=\"\" data-start=\"1939\" data-end=\"2120\">\n<p class=\"\" data-start=\"1942\" data-end=\"2120\"><strong data-start=\"1942\" data-end=\"1966\">S\u00e9curis\u00e9 et Pratique<\/strong>\u00a0: Les portes robustes permettent une\u00a0<strong data-start=\"2004\" data-end=\"2033\">ouverture compl\u00e8te \u00e0 270\u00b0<\/strong>, offrant ainsi un\u00a0<strong data-start=\"2052\" data-end=\"2080\">acc\u00e8s rapide et pratique<\/strong>\u00a0\u00e0 vos mat\u00e9riaux et \u00e9quipements stock\u00e9s.<\/p>\n<\/li>\n<\/ol>\n<h3 class=\"\" data-start=\"2122\" data-end=\"2163\"><strong data-start=\"2126\" data-end=\"2163\">Applications du Container 9 Pieds<\/strong><\/h3>\n<ul data-start=\"2165\" data-end=\"2639\">\n<li class=\"\" data-start=\"2165\" data-end=\"2321\">\n<p class=\"\" data-start=\"2167\" data-end=\"2321\"><strong data-start=\"2167\" data-end=\"2196\">Chantiers de Construction<\/strong>\u00a0: Ce container est parfait pour le stockage temporaire d\u2019outils, mat\u00e9riaux et \u00e9quipements sur les chantiers de construction.<\/p>\n<\/li>\n<li class=\"\" data-start=\"2323\" data-end=\"2471\">\n<p class=\"\" data-start=\"2325\" data-end=\"2471\"><strong data-start=\"2325\" data-end=\"2342\">Self-Stockage<\/strong>\u00a0: Une option id\u00e9ale pour les particuliers ou les entreprises n\u00e9cessitant un\u00a0<strong data-start=\"2419\" data-end=\"2456\">espace de stockage suppl\u00e9mentaire<\/strong>\u00a0\u00e0 court terme.<\/p>\n<\/li>\n<li class=\"\" data-start=\"2473\" data-end=\"2639\">\n<p class=\"\" data-start=\"2475\" data-end=\"2639\"><strong data-start=\"2475\" data-end=\"2507\">Stockage de Petits Mat\u00e9riaux<\/strong>\u00a0: Gr\u00e2ce \u00e0 sa taille compacte, il peut \u00eatre utilis\u00e9 pour\u00a0<strong data-start=\"2564\" data-end=\"2601\">le stockage de petits \u00e9quipements<\/strong>, de pi\u00e8ces d\u00e9tach\u00e9es ou de mat\u00e9riaux.<\/p>\n<\/li>\n<\/ul>\n<h3 class=\"\" data-start=\"2641\" data-end=\"2665\"><\/h3>\n<\/div>\n<\/div>\n<section class=\"related products\">\n<h2>Produits similaires<\/h2>\n<\/section>","protected":false},"excerpt":{"rendered":"<p>Container 9 Pieds de Stockage Neuf \u2013 Solution Compacte pour Self-Stockage et Chantiers Container 9 Pieds Neuf \u2013 Id\u00e9al pour<\/p>","protected":false},"featured_media":28181,"comment_status":"open","ping_status":"closed","template":"","meta":[],"product_brand":[],"product_cat":[29],"product_tag":[],"class_list":{"0":"post-28180","1":"product","2":"type-product","3":"status-publish","4":"has-post-thumbnail","6":"product_cat-containers-de-stockage","8":"first","9":"instock","10":"taxable","11":"shipping-taxable","12":"purchasable","13":"product-type-simple"},"_links":{"self":[{"href":"https:\/\/kic-gmbh-containers.ch\/de\/wp-json\/wp\/v2\/product\/28180","targetHints":{"allow":["GET"]}}],"collection":[{"href":"https:\/\/kic-gmbh-containers.ch\/de\/wp-json\/wp\/v2\/product"}],"about":[{"href":"https:\/\/kic-gmbh-containers.ch\/de\/wp-json\/wp\/v2\/types\/product"}],"replies":[{"embeddable":true,"href":"https:\/\/kic-gmbh-containers.ch\/de\/wp-json\/wp\/v2\/comments?post=28180"}],"wp:featuredmedia":[{"embeddable":true,"href":"https:\/\/kic-gmbh-containers.ch\/de\/wp-json\/wp\/v2\/media\/28181"}],"wp:attachment":[{"href":"https:\/\/kic-gmbh-containers.ch\/de\/wp-json\/wp\/v2\/media?parent=28180"}],"wp:term":[{"taxonomy":"product_brand","embeddable":true,"href":"https:\/\/kic-gmbh-containers.ch\/de\/wp-json\/wp\/v2\/product_brand?post=28180"},{"taxonomy":"product_cat","embeddable":true,"href":"https:\/\/kic-gmbh-containers.ch\/de\/wp-json\/wp\/v2\/product_cat?post=28180"},{"taxonomy":"product_tag","embeddable":true,"href":"https:\/\/kic-gmbh-containers.ch\/de\/wp-json\/wp\/v2\/product_tag?post=28180"}],"curies":[{"name":"wp","href":"https:\/\/api.w.org\/{rel}","templated":true}]}}