{"id":28183,"date":"2026-02-27T14:10:24","date_gmt":"2026-02-27T14:10:24","guid":{"rendered":"https:\/\/es.robot-tonde-aspir.ch\/?post_type=product&amp;p=28183"},"modified":"2026-02-27T14:10:24","modified_gmt":"2026-02-27T14:10:24","slug":"container-8-pieds-neuf-de-stockage","status":"publish","type":"product","link":"https:\/\/kic-gmbh-containers.ch\/de\/produkt\/container-8-pieds-neuf-de-stockage\/","title":{"rendered":"Neuer 8-Fu\u00df-Lagercontainer"},"content":{"rendered":"<h1 class=\"\" data-start=\"88\" data-end=\"181\"><strong data-start=\"90\" data-end=\"181\">Container 8 Pieds de Stockage Neuf \u2013 Id\u00e9al pour les Espaces Restreints et les Chantiers<\/strong><\/h1>\n<h1 class=\"\" data-start=\"88\" data-end=\"181\"><strong data-start=\"186\" data-end=\"256\">\u00a0\u2013 Pratique, Compact et Facile \u00e0 Transporter<\/strong><\/h1>\n<p class=\"\" data-start=\"258\" data-end=\"640\">Le\u00a0<strong data-start=\"261\" data-end=\"296\">Container 8 pieds stockage neuf<\/strong>\u00a0est une solution id\u00e9ale pour\u00a0<strong data-start=\"326\" data-end=\"360\">les activit\u00e9s de self-stockage<\/strong>\u00a0et les\u00a0<strong data-start=\"368\" data-end=\"397\">chantiers de construction<\/strong>. Sa taille r\u00e9duite lui permet de s\u2019adapter \u00e0 des espaces restreints tout en offrant une capacit\u00e9 de stockage efficace et pratique. Il peut \u00eatre facilement transport\u00e9, y compris dans les\u00a0<strong data-start=\"584\" data-end=\"604\">benne de camions<\/strong>\u00a0ou via des\u00a0<strong data-start=\"616\" data-end=\"639\">chariots \u00e9l\u00e9vateurs<\/strong>.<\/p>\n<h3 class=\"\" data-start=\"642\" data-end=\"698\"><strong data-start=\"646\" data-end=\"698\">Caract\u00e9ristiques Techniques du Container 8 Pieds<\/strong><\/h3>\n<ul data-start=\"700\" data-end=\"1197\">\n<li class=\"\" data-start=\"700\" data-end=\"809\">\n<p class=\"\" data-start=\"702\" data-end=\"730\"><strong data-start=\"702\" data-end=\"728\">Dimensions Int\u00e9rieures<\/strong>\u00a0:<\/p>\n<ul data-start=\"733\" data-end=\"809\">\n<li class=\"\" data-start=\"733\" data-end=\"757\">\n<p class=\"\" data-start=\"735\" data-end=\"757\"><strong data-start=\"735\" data-end=\"747\">Longueur<\/strong>\u00a0: 2270 mm<\/p>\n<\/li>\n<li class=\"\" data-start=\"760\" data-end=\"783\">\n<p class=\"\" data-start=\"762\" data-end=\"783\"><strong data-start=\"762\" data-end=\"773\">Largeur<\/strong>\u00a0: 2090 mm<\/p>\n<\/li>\n<li class=\"\" data-start=\"786\" data-end=\"809\">\n<p class=\"\" data-start=\"788\" data-end=\"809\"><strong data-start=\"788\" data-end=\"799\">Hauteur<\/strong>\u00a0: 2065 mm<\/p>\n<\/li>\n<\/ul>\n<\/li>\n<li class=\"\" data-start=\"811\" data-end=\"920\">\n<p class=\"\" data-start=\"813\" data-end=\"841\"><strong data-start=\"813\" data-end=\"839\">Dimensions Ext\u00e9rieures<\/strong>\u00a0:<\/p>\n<ul data-start=\"844\" data-end=\"920\">\n<li class=\"\" data-start=\"844\" data-end=\"868\">\n<p class=\"\" data-start=\"846\" data-end=\"868\"><strong data-start=\"846\" data-end=\"858\">Longueur<\/strong>\u00a0: 2438 mm<\/p>\n<\/li>\n<li class=\"\" data-start=\"871\" data-end=\"894\">\n<p class=\"\" data-start=\"873\" data-end=\"894\"><strong data-start=\"873\" data-end=\"884\">Largeur<\/strong>\u00a0: 2200 mm<\/p>\n<\/li>\n<li class=\"\" data-start=\"897\" data-end=\"920\">\n<p class=\"\" data-start=\"899\" data-end=\"920\"><strong data-start=\"899\" data-end=\"910\">Hauteur<\/strong>\u00a0: 2250 mm<\/p>\n<\/li>\n<\/ul>\n<\/li>\n<li class=\"\" data-start=\"922\" data-end=\"1005\">\n<p class=\"\" data-start=\"924\" data-end=\"951\"><strong data-start=\"924\" data-end=\"949\">Dimensions des Portes<\/strong>\u00a0:<\/p>\n<ul data-start=\"954\" data-end=\"1005\">\n<li class=\"\" data-start=\"954\" data-end=\"978\">\n<p class=\"\" data-start=\"956\" data-end=\"978\"><strong data-start=\"956\" data-end=\"967\">Largeur<\/strong>\u00a0: 2 340 mm<\/p>\n<\/li>\n<li class=\"\" data-start=\"981\" data-end=\"1005\">\n<p class=\"\" data-start=\"983\" data-end=\"1005\"><strong data-start=\"983\" data-end=\"994\">Hauteur<\/strong>\u00a0: 2 280 mm<\/p>\n<\/li>\n<\/ul>\n<\/li>\n<li class=\"\" data-start=\"1007\" data-end=\"1054\">\n<p class=\"\" data-start=\"1009\" data-end=\"1054\"><strong data-start=\"1009\" data-end=\"1022\">Structure<\/strong>\u00a0:\u00a0<strong data-start=\"1025\" data-end=\"1035\">CORTEN<\/strong>\u00a0enti\u00e8rement soud\u00e9e<\/p>\n<\/li>\n<li class=\"\" data-start=\"1055\" data-end=\"1138\">\n<p class=\"\" data-start=\"1057\" data-end=\"1138\"><strong data-start=\"1057\" data-end=\"1069\">Plancher<\/strong>\u00a0:\u00a0<strong data-start=\"1072\" data-end=\"1085\">OSB 22 mm<\/strong>,\u00a0<strong data-start=\"1087\" data-end=\"1116\">Contreplaqu\u00e9 Marine 21 mm<\/strong>,\u00a0<strong data-start=\"1118\" data-end=\"1138\">Sol acier 3+1 mm<\/strong><\/p>\n<\/li>\n<li class=\"\" data-start=\"1139\" data-end=\"1197\">\n<p class=\"\" data-start=\"1141\" data-end=\"1197\"><strong data-start=\"1141\" data-end=\"1165\">Ouverture des Portes<\/strong>\u00a0:\u00a0<strong data-start=\"1168\" data-end=\"1176\">270\u00b0<\/strong>\u00a0pour un acc\u00e8s facile<\/p>\n<\/li>\n<\/ul>\n<h3 class=\"\" data-start=\"1199\" data-end=\"1235\"><strong data-start=\"1203\" data-end=\"1235\">Informations Compl\u00e9mentaires<\/strong><\/h3>\n<ul data-start=\"1237\" data-end=\"1350\">\n<li class=\"\" data-start=\"1237\" data-end=\"1264\">\n<p class=\"\" data-start=\"1239\" data-end=\"1264\"><strong data-start=\"1239\" data-end=\"1253\">Charge Max<\/strong>\u00a0: 2 785 kg<\/p>\n<\/li>\n<li class=\"\" data-start=\"1265\" data-end=\"1292\">\n<p class=\"\" data-start=\"1267\" data-end=\"1292\"><strong data-start=\"1267\" data-end=\"1283\">Poids \u00e0 Vide<\/strong>\u00a0: 630 kg<\/p>\n<\/li>\n<li class=\"\" data-start=\"1293\" data-end=\"1319\">\n<p class=\"\" data-start=\"1295\" data-end=\"1319\"><strong data-start=\"1295\" data-end=\"1308\">Poids Max<\/strong>\u00a0: 3 500 kg<\/p>\n<\/li>\n<li class=\"\" data-start=\"1320\" data-end=\"1350\">\n<p class=\"\" data-start=\"1322\" data-end=\"1350\"><strong data-start=\"1322\" data-end=\"1341\">Passage Fourche<\/strong>\u00a0: 950 mm<\/p>\n<\/li>\n<\/ul>\n<h3 class=\"\" data-start=\"1352\" data-end=\"1390\"><strong data-start=\"1356\" data-end=\"1390\">Avantages du Container 8 Pieds<\/strong><\/h3>\n<ol data-start=\"1392\" data-end=\"2169\">\n<li class=\"\" data-start=\"1392\" data-end=\"1584\">\n<p class=\"\" data-start=\"1395\" data-end=\"1584\"><strong data-start=\"1395\" data-end=\"1430\">Compact et Facile \u00e0 Transporter<\/strong>\u00a0: Gr\u00e2ce \u00e0 sa taille r\u00e9duite, il peut \u00eatre facilement transport\u00e9\u00a0<strong data-start=\"1495\" data-end=\"1523\">dans une benne de camion<\/strong>, ce qui est pratique pour les\u00a0<strong data-start=\"1554\" data-end=\"1583\">chantiers \u00e0 espace limit\u00e9<\/strong>.<\/p>\n<\/li>\n<li class=\"\" data-start=\"1586\" data-end=\"1773\">\n<p class=\"\" data-start=\"1589\" data-end=\"1773\"><strong data-start=\"1589\" data-end=\"1610\">Structure Robuste<\/strong>\u00a0: Fabriqu\u00e9 en\u00a0<strong data-start=\"1625\" data-end=\"1641\">acier Corten<\/strong>, ce container est con\u00e7u pour r\u00e9sister aux conditions ext\u00e9rieures, aux chocs et aux intemp\u00e9ries, garantissant une longue durabilit\u00e9.<\/p>\n<\/li>\n<li class=\"\" data-start=\"1775\" data-end=\"1950\">\n<p class=\"\" data-start=\"1778\" data-end=\"1950\"><strong data-start=\"1778\" data-end=\"1804\">Accessibilit\u00e9 Maximale<\/strong>\u00a0: L\u2019<strong data-start=\"1809\" data-end=\"1840\">ouverture des portes \u00e0 270\u00b0<\/strong>\u00a0permet un acc\u00e8s ais\u00e9 et rapide au contenu du container, ce qui facilite le\u00a0<strong data-start=\"1916\" data-end=\"1949\">chargement et le d\u00e9chargement<\/strong>.<\/p>\n<\/li>\n<li class=\"\" data-start=\"1952\" data-end=\"2169\">\n<p class=\"\" data-start=\"1955\" data-end=\"2169\"><strong data-start=\"1955\" data-end=\"1969\">Polyvalent<\/strong>\u00a0: Ce container est particuli\u00e8rement utile pour les\u00a0<strong data-start=\"2021\" data-end=\"2038\">chantiers BTP<\/strong>\u00a0ou comme\u00a0<strong data-start=\"2048\" data-end=\"2081\">espace de stockage temporaire<\/strong>. Il peut \u00e9galement \u00eatre utilis\u00e9 dans des environnements urbains o\u00f9 l\u2019espace est limit\u00e9.<\/p>\n<\/li>\n<\/ol>\n<h3 class=\"\" data-start=\"2171\" data-end=\"2212\"><strong data-start=\"2175\" data-end=\"2212\">Applications du Container 8 Pieds<\/strong><\/h3>\n<ul data-start=\"2214\" data-end=\"2709\">\n<li class=\"\" data-start=\"2214\" data-end=\"2372\">\n<p class=\"\" data-start=\"2216\" data-end=\"2372\"><strong data-start=\"2216\" data-end=\"2245\">Chantiers de Construction<\/strong>\u00a0: Id\u00e9al pour stocker des\u00a0<strong data-start=\"2271\" data-end=\"2281\">outils<\/strong>,\u00a0<strong data-start=\"2283\" data-end=\"2312\">mat\u00e9riaux de construction<\/strong>\u00a0et\u00a0<strong data-start=\"2316\" data-end=\"2343\">\u00e9quipements de chantier<\/strong>\u00a0dans des espaces restreints.<\/p>\n<\/li>\n<li class=\"\" data-start=\"2374\" data-end=\"2521\">\n<p class=\"\" data-start=\"2376\" data-end=\"2521\"><strong data-start=\"2376\" data-end=\"2393\">Self-Stockage<\/strong>\u00a0: Une excellente option pour ceux qui ont besoin d\u2019un espace de\u00a0<strong data-start=\"2458\" data-end=\"2481\">stockage temporaire<\/strong>\u00a0ou r\u00e9duit dans un environnement urbain.<\/p>\n<\/li>\n<li class=\"\" data-start=\"2523\" data-end=\"2709\">\n<p class=\"\" data-start=\"2525\" data-end=\"2709\"><strong data-start=\"2525\" data-end=\"2557\">Stockage de Petits Mat\u00e9riaux<\/strong>\u00a0:Il est parfait pour le stockage de petits \u00e9quipements, pi\u00e8ces d\u00e9tach\u00e9es ou marchandises dans des zones o\u00f9 la place est limit\u00e9e.<\/p>\n<\/li>\n<\/ul>","protected":false},"excerpt":{"rendered":"<p>Container 8 Pieds de Stockage Neuf \u2013 Id\u00e9al pour les Espaces Restreints et les Chantiers \u00a0\u2013 Pratique, Compact et Facile<\/p>","protected":false},"featured_media":28187,"comment_status":"open","ping_status":"closed","template":"","meta":[],"product_brand":[],"product_cat":[29],"product_tag":[],"class_list":{"0":"post-28183","1":"product","2":"type-product","3":"status-publish","4":"has-post-thumbnail","6":"product_cat-containers-de-stockage","8":"first","9":"instock","10":"taxable","11":"shipping-taxable","12":"purchasable","13":"product-type-simple"},"_links":{"self":[{"href":"https:\/\/kic-gmbh-containers.ch\/de\/wp-json\/wp\/v2\/product\/28183","targetHints":{"allow":["GET"]}}],"collection":[{"href":"https:\/\/kic-gmbh-containers.ch\/de\/wp-json\/wp\/v2\/product"}],"about":[{"href":"https:\/\/kic-gmbh-containers.ch\/de\/wp-json\/wp\/v2\/types\/product"}],"replies":[{"embeddable":true,"href":"https:\/\/kic-gmbh-containers.ch\/de\/wp-json\/wp\/v2\/comments?post=28183"}],"wp:featuredmedia":[{"embeddable":true,"href":"https:\/\/kic-gmbh-containers.ch\/de\/wp-json\/wp\/v2\/media\/28187"}],"wp:attachment":[{"href":"https:\/\/kic-gmbh-containers.ch\/de\/wp-json\/wp\/v2\/media?parent=28183"}],"wp:term":[{"taxonomy":"product_brand","embeddable":true,"href":"https:\/\/kic-gmbh-containers.ch\/de\/wp-json\/wp\/v2\/product_brand?post=28183"},{"taxonomy":"product_cat","embeddable":true,"href":"https:\/\/kic-gmbh-containers.ch\/de\/wp-json\/wp\/v2\/product_cat?post=28183"},{"taxonomy":"product_tag","embeddable":true,"href":"https:\/\/kic-gmbh-containers.ch\/de\/wp-json\/wp\/v2\/product_tag?post=28183"}],"curies":[{"name":"wp","href":"https:\/\/api.w.org\/{rel}","templated":true}]}}