{"id":28189,"date":"2026-02-27T14:17:18","date_gmt":"2026-02-27T14:17:18","guid":{"rendered":"https:\/\/es.robot-tonde-aspir.ch\/?post_type=product&amp;p=28189"},"modified":"2026-02-27T14:17:18","modified_gmt":"2026-02-27T14:17:18","slug":"container-6-pieds-stockage-neuf","status":"publish","type":"product","link":"https:\/\/kic-gmbh-containers.ch\/de\/produkt\/container-6-pieds-stockage-neuf\/","title":{"rendered":"Neuer 6-Fu\u00df-Lagercontainer"},"content":{"rendered":"<h1 class=\"\" data-start=\"90\" data-end=\"175\"><strong data-start=\"92\" data-end=\"175\">Container 6 Pieds Stockage Neuf \u2013 Compact, \u00c9tanche et Pratique pour le Stockage<\/strong><\/h1>\n<h2 class=\"\" data-start=\"177\" data-end=\"261\"><strong data-start=\"180\" data-end=\"261\">Container 6 Pieds Stockage Neuf \u2013 Id\u00e9al pour le Stockage S\u00e9curis\u00e9 et Pratique<\/strong><\/h2>\n<p class=\"\" data-start=\"263\" data-end=\"670\">Le\u00a0<strong data-start=\"266\" data-end=\"301\">Container 6 Pieds Stockage Neuf<\/strong>\u00a0de la marque\u00a0<strong data-start=\"315\" data-end=\"344\">British Geological Survey<\/strong>\u00a0est con\u00e7u pour offrir une solution de\u00a0<strong data-start=\"383\" data-end=\"403\">stockage compact<\/strong>,\u00a0<strong data-start=\"405\" data-end=\"417\">s\u00e9curis\u00e9<\/strong>\u00a0et\u00a0<strong data-start=\"421\" data-end=\"433\">pratique<\/strong>\u00a0pour les petites quantit\u00e9s de marchandises ou pour un\u00a0<strong data-start=\"488\" data-end=\"508\">usage temporaire<\/strong>. Son faible encombrement permet de l\u2019installer facilement dans des espaces restreints tout en offrant une\u00a0<strong data-start=\"615\" data-end=\"638\">protection optimale<\/strong>\u00a0contre les \u00e9l\u00e9ments ext\u00e9rieurs.<\/p>\n<h3 class=\"\" data-start=\"672\" data-end=\"742\"><strong data-start=\"676\" data-end=\"742\">Caract\u00e9ristiques Techniques du Container 6 Pieds Stockage Neuf<\/strong><\/h3>\n<ul data-start=\"744\" data-end=\"1594\">\n<li class=\"\" data-start=\"744\" data-end=\"841\">\n<p class=\"\" data-start=\"746\" data-end=\"774\"><strong data-start=\"746\" data-end=\"772\">Dimensions Int\u00e9rieures<\/strong>\u00a0:<\/p>\n<ul data-start=\"777\" data-end=\"841\">\n<li class=\"\" data-start=\"777\" data-end=\"797\">\n<p class=\"\" data-start=\"779\" data-end=\"797\">Longueur : 1800 mm<\/p>\n<\/li>\n<li class=\"\" data-start=\"800\" data-end=\"819\">\n<p class=\"\" data-start=\"802\" data-end=\"819\">Largeur : 1860 mm<\/p>\n<\/li>\n<li class=\"\" data-start=\"822\" data-end=\"841\">\n<p class=\"\" data-start=\"824\" data-end=\"841\">Hauteur : 1730 mm<\/p>\n<\/li>\n<\/ul>\n<\/li>\n<li class=\"\" data-start=\"843\" data-end=\"940\">\n<p class=\"\" data-start=\"845\" data-end=\"873\"><strong data-start=\"845\" data-end=\"871\">Dimensions Ext\u00e9rieures<\/strong>\u00a0:<\/p>\n<ul data-start=\"876\" data-end=\"940\">\n<li class=\"\" data-start=\"876\" data-end=\"896\">\n<p class=\"\" data-start=\"878\" data-end=\"896\">Longueur : 1980 mm<\/p>\n<\/li>\n<li class=\"\" data-start=\"899\" data-end=\"918\">\n<p class=\"\" data-start=\"901\" data-end=\"918\">Largeur : 1950 mm<\/p>\n<\/li>\n<li class=\"\" data-start=\"921\" data-end=\"940\">\n<p class=\"\" data-start=\"923\" data-end=\"940\">Hauteur : 1910 mm<\/p>\n<\/li>\n<\/ul>\n<\/li>\n<li class=\"\" data-start=\"942\" data-end=\"1017\">\n<p class=\"\" data-start=\"944\" data-end=\"971\"><strong data-start=\"944\" data-end=\"969\">Dimensions des Portes<\/strong>\u00a0:<\/p>\n<ul data-start=\"974\" data-end=\"1017\">\n<li class=\"\" data-start=\"974\" data-end=\"994\">\n<p class=\"\" data-start=\"976\" data-end=\"994\">Largeur : 1 800 mm<\/p>\n<\/li>\n<li class=\"\" data-start=\"997\" data-end=\"1017\">\n<p class=\"\" data-start=\"999\" data-end=\"1017\">Hauteur : 1 650 mm<\/p>\n<\/li>\n<\/ul>\n<\/li>\n<li class=\"\" data-start=\"1019\" data-end=\"1138\">\n<p class=\"\" data-start=\"1021\" data-end=\"1138\"><strong data-start=\"1021\" data-end=\"1034\">Structure<\/strong>\u00a0:\u00a0<strong data-start=\"1037\" data-end=\"1053\">Acier Corten<\/strong>, enti\u00e8rement soud\u00e9e, offrant une\u00a0<strong data-start=\"1087\" data-end=\"1101\">r\u00e9sistance<\/strong>\u00a0accrue aux intemp\u00e9ries et \u00e0 l\u2019usure.<\/p>\n<\/li>\n<li class=\"\" data-start=\"1140\" data-end=\"1356\">\n<p class=\"\" data-start=\"1142\" data-end=\"1157\"><strong data-start=\"1142\" data-end=\"1154\">Plancher<\/strong>\u00a0:<\/p>\n<ul data-start=\"1160\" data-end=\"1356\">\n<li class=\"\" data-start=\"1160\" data-end=\"1175\">\n<p class=\"\" data-start=\"1162\" data-end=\"1175\"><strong data-start=\"1162\" data-end=\"1175\">OSB 22 mm<\/strong><\/p>\n<\/li>\n<li class=\"\" data-start=\"1178\" data-end=\"1278\">\n<p class=\"\" data-start=\"1180\" data-end=\"1278\"><strong data-start=\"1180\" data-end=\"1209\">Contreplaqu\u00e9 Marine 21 mm<\/strong>\u00a0pour une\u00a0<strong data-start=\"1219\" data-end=\"1246\">r\u00e9sistance \u00e0 l\u2019humidit\u00e9<\/strong>\u00a0et une\u00a0<strong data-start=\"1254\" data-end=\"1268\">durabilit\u00e9<\/strong>\u00a0maximale.<\/p>\n<\/li>\n<li class=\"\" data-start=\"1281\" data-end=\"1356\">\n<p class=\"\" data-start=\"1283\" data-end=\"1356\"><strong data-start=\"1283\" data-end=\"1303\">Sol acier 3+1 mm<\/strong>\u00a0pour une\u00a0<strong data-start=\"1313\" data-end=\"1325\">solidit\u00e9<\/strong>\u00a0et une\u00a0<strong data-start=\"1333\" data-end=\"1355\">s\u00e9curit\u00e9 renforc\u00e9e<\/strong>.<\/p>\n<\/li>\n<\/ul>\n<\/li>\n<li class=\"\" data-start=\"1358\" data-end=\"1479\">\n<p class=\"\" data-start=\"1360\" data-end=\"1479\"><strong data-start=\"1360\" data-end=\"1384\">Ouverture des Portes<\/strong>\u00a0:\u00a0<strong data-start=\"1387\" data-end=\"1395\">270\u00b0<\/strong>, offrant un acc\u00e8s facile et pratique pour le\u00a0<strong data-start=\"1441\" data-end=\"1455\">chargement<\/strong>\u00a0et le\u00a0<strong data-start=\"1462\" data-end=\"1478\">d\u00e9chargement<\/strong>.<\/p>\n<\/li>\n<li class=\"\" data-start=\"1481\" data-end=\"1508\">\n<p class=\"\" data-start=\"1483\" data-end=\"1508\"><strong data-start=\"1483\" data-end=\"1499\">Poids \u00e0 Vide<\/strong>\u00a0: 570 kg<\/p>\n<\/li>\n<li class=\"\" data-start=\"1509\" data-end=\"1536\">\n<p class=\"\" data-start=\"1511\" data-end=\"1536\"><strong data-start=\"1511\" data-end=\"1525\">Charge Max<\/strong>\u00a0: 2 000 kg<\/p>\n<\/li>\n<li class=\"\" data-start=\"1537\" data-end=\"1563\">\n<p class=\"\" data-start=\"1539\" data-end=\"1563\"><strong data-start=\"1539\" data-end=\"1552\">Poids Max<\/strong>\u00a0: 2 050 kg<\/p>\n<\/li>\n<li class=\"\" data-start=\"1564\" data-end=\"1594\">\n<p class=\"\" data-start=\"1566\" data-end=\"1594\"><strong data-start=\"1566\" data-end=\"1585\">Passage Fourche<\/strong>\u00a0: 950 mm<\/p>\n<\/li>\n<\/ul>\n<h3 class=\"\" data-start=\"1596\" data-end=\"1648\"><strong data-start=\"1600\" data-end=\"1648\">Avantages du Container 6 Pieds Stockage Neuf<\/strong><\/h3>\n<ul data-start=\"1650\" data-end=\"2618\">\n<li class=\"\" data-start=\"1650\" data-end=\"1842\">\n<p class=\"\" data-start=\"1652\" data-end=\"1842\"><strong data-start=\"1652\" data-end=\"1685\">Compact et Facile \u00e0 Installer<\/strong>\u00a0: Ce conteneur de\u00a0<strong data-start=\"1704\" data-end=\"1715\">6 pieds<\/strong>\u00a0est id\u00e9al pour les espaces restreints et peut \u00eatre utilis\u00e9 dans des environnements o\u00f9 un conteneur standard serait trop grand.<\/p>\n<\/li>\n<li class=\"\" data-start=\"1844\" data-end=\"2068\">\n<p class=\"\" data-start=\"1846\" data-end=\"2068\"><strong data-start=\"1846\" data-end=\"1868\">Robuste et \u00c9tanche<\/strong>\u00a0: Gr\u00e2ce \u00e0 sa construction en\u00a0<strong data-start=\"1898\" data-end=\"1914\">acier Corten<\/strong>\u00a0et \u00e0 sa\u00a0<strong data-start=\"1923\" data-end=\"1943\">structure soud\u00e9e<\/strong>, le container est parfaitement \u00e9tanche \u00e0 l\u2019eau et \u00e0 l\u2019air, garantissant ainsi une\u00a0<strong data-start=\"2026\" data-end=\"2040\">protection<\/strong>\u00a0optimale des biens stock\u00e9s.<\/p>\n<\/li>\n<li class=\"\" data-start=\"2070\" data-end=\"2231\">\n<p class=\"\" data-start=\"2072\" data-end=\"2231\"><strong data-start=\"2072\" data-end=\"2096\">Accessibilit\u00e9 Facile<\/strong>\u00a0: L\u2019<strong data-start=\"2101\" data-end=\"2132\">ouverture des portes \u00e0 270\u00b0<\/strong>\u00a0permet un acc\u00e8s complet, facilitant ainsi les op\u00e9rations de\u00a0<strong data-start=\"2193\" data-end=\"2207\">chargement<\/strong>\u00a0et de\u00a0<strong data-start=\"2214\" data-end=\"2230\">d\u00e9chargement<\/strong>.<\/p>\n<\/li>\n<li class=\"\" data-start=\"2233\" data-end=\"2435\">\n<p class=\"\" data-start=\"2235\" data-end=\"2435\"><strong data-start=\"2235\" data-end=\"2261\">Manutention Simplifi\u00e9e<\/strong>\u00a0: \u00c9quip\u00e9 de\u00a0<strong data-start=\"2274\" data-end=\"2287\">coins ISO<\/strong>\u00a0et de\u00a0<strong data-start=\"2294\" data-end=\"2318\">passages de fourches<\/strong>, ce conteneur est facilement manipulable, ce qui permet une\u00a0<strong data-start=\"2379\" data-end=\"2403\">utilisation flexible<\/strong>\u00a0avec des \u00e9quipements de levage.<\/p>\n<\/li>\n<li class=\"\" data-start=\"2437\" data-end=\"2618\">\n<p class=\"\" data-start=\"2439\" data-end=\"2618\"><strong data-start=\"2439\" data-end=\"2460\">Certification CSC<\/strong>\u00a0: Ce container est \u00e9quip\u00e9 d\u2019une\u00a0<strong data-start=\"2493\" data-end=\"2514\">plaque CSC valide<\/strong>, garantissant qu\u2019il r\u00e9pond aux\u00a0<strong data-start=\"2546\" data-end=\"2568\">normes de s\u00e9curit\u00e9<\/strong>\u00a0internationales pour le\u00a0<strong data-start=\"2593\" data-end=\"2617\">transport multimodal<\/strong>.<\/p>\n<\/li>\n<\/ul>\n<h3 class=\"\" data-start=\"2620\" data-end=\"2675\"><strong data-start=\"2624\" data-end=\"2675\">Applications du Container 6 Pieds Stockage Neuf<\/strong><\/h3>\n<ul data-start=\"2677\" data-end=\"3246\">\n<li class=\"\" data-start=\"2677\" data-end=\"2846\">\n<p class=\"\" data-start=\"2679\" data-end=\"2846\"><strong data-start=\"2679\" data-end=\"2715\">Stockage de Petites Marchandises<\/strong>\u00a0: Id\u00e9al pour le\u00a0<strong data-start=\"2732\" data-end=\"2755\">stockage temporaire<\/strong>\u00a0ou de petites quantit\u00e9s de produits n\u00e9cessitant une\u00a0<strong data-start=\"2808\" data-end=\"2845\">protection contre les intemp\u00e9ries<\/strong>.<\/p>\n<\/li>\n<li class=\"\" data-start=\"2848\" data-end=\"3039\">\n<p class=\"\" data-start=\"2850\" data-end=\"3039\"><strong data-start=\"2850\" data-end=\"2893\">Utilisation dans les Espaces Restreints<\/strong>\u00a0: Gr\u00e2ce \u00e0 son\u00a0<strong data-start=\"2908\" data-end=\"2931\">encombrement r\u00e9duit<\/strong>, ce container est parfait pour des\u00a0<strong data-start=\"2967\" data-end=\"2996\">zones de stockage petites<\/strong>\u00a0ou des\u00a0<strong data-start=\"3004\" data-end=\"3038\">environnements \u00e0 espace limit\u00e9<\/strong>.<\/p>\n<\/li>\n<li class=\"\" data-start=\"3041\" data-end=\"3246\">\n<p class=\"\" data-start=\"3043\" data-end=\"3246\"><strong data-start=\"3043\" data-end=\"3067\">Solutions Modulaires<\/strong>\u00a0: Peut \u00eatre utilis\u00e9 comme\u00a0<strong data-start=\"3094\" data-end=\"3125\">unit\u00e9 de stockage modulaire<\/strong>, id\u00e9ale pour les\u00a0<strong data-start=\"3143\" data-end=\"3164\">sites de chantier<\/strong>,\u00a0<strong data-start=\"3166\" data-end=\"3186\">ateliers mobiles<\/strong>, ou m\u00eame comme\u00a0<strong data-start=\"3202\" data-end=\"3245\">espace de stockage de mat\u00e9riel sensible<\/strong>.<\/p>\n<\/li>\n<\/ul>","protected":false},"excerpt":{"rendered":"<p>Container 6 Pieds Stockage Neuf \u2013 Compact, \u00c9tanche et Pratique pour le Stockage Container 6 Pieds Stockage Neuf \u2013 Id\u00e9al<\/p>","protected":false},"featured_media":28192,"comment_status":"open","ping_status":"closed","template":"","meta":[],"product_brand":[],"product_cat":[29],"product_tag":[],"class_list":{"0":"post-28189","1":"product","2":"type-product","3":"status-publish","4":"has-post-thumbnail","6":"product_cat-containers-de-stockage","8":"first","9":"instock","10":"taxable","11":"shipping-taxable","12":"purchasable","13":"product-type-simple"},"_links":{"self":[{"href":"https:\/\/kic-gmbh-containers.ch\/de\/wp-json\/wp\/v2\/product\/28189","targetHints":{"allow":["GET"]}}],"collection":[{"href":"https:\/\/kic-gmbh-containers.ch\/de\/wp-json\/wp\/v2\/product"}],"about":[{"href":"https:\/\/kic-gmbh-containers.ch\/de\/wp-json\/wp\/v2\/types\/product"}],"replies":[{"embeddable":true,"href":"https:\/\/kic-gmbh-containers.ch\/de\/wp-json\/wp\/v2\/comments?post=28189"}],"wp:featuredmedia":[{"embeddable":true,"href":"https:\/\/kic-gmbh-containers.ch\/de\/wp-json\/wp\/v2\/media\/28192"}],"wp:attachment":[{"href":"https:\/\/kic-gmbh-containers.ch\/de\/wp-json\/wp\/v2\/media?parent=28189"}],"wp:term":[{"taxonomy":"product_brand","embeddable":true,"href":"https:\/\/kic-gmbh-containers.ch\/de\/wp-json\/wp\/v2\/product_brand?post=28189"},{"taxonomy":"product_cat","embeddable":true,"href":"https:\/\/kic-gmbh-containers.ch\/de\/wp-json\/wp\/v2\/product_cat?post=28189"},{"taxonomy":"product_tag","embeddable":true,"href":"https:\/\/kic-gmbh-containers.ch\/de\/wp-json\/wp\/v2\/product_tag?post=28189"}],"curies":[{"name":"wp","href":"https:\/\/api.w.org\/{rel}","templated":true}]}}