{"id":28193,"date":"2026-02-27T14:22:39","date_gmt":"2026-02-27T14:22:39","guid":{"rendered":"https:\/\/es.robot-tonde-aspir.ch\/?post_type=product&amp;p=28193"},"modified":"2026-02-27T14:22:39","modified_gmt":"2026-02-27T14:22:39","slug":"container-stockage-10-pieds","status":"publish","type":"product","link":"https:\/\/kic-gmbh-containers.ch\/de\/produkt\/container-stockage-10-pieds\/","title":{"rendered":"10-Fu\u00df-Lagercontainer"},"content":{"rendered":"<h1 class=\"\" data-start=\"89\" data-end=\"186\"><strong data-start=\"91\" data-end=\"186\">Container de Stockage 10 Pieds \u2013 Solution Pratique et Flexible pour Vos Besoins de Stockage<\/strong><\/h1>\n<p>&nbsp;<\/p>\n<h2 class=\"\" data-start=\"188\" data-end=\"262\"><strong data-start=\"191\" data-end=\"262\">\u00a0Compact et Adapt\u00e9 \u00e0 Divers Besoins<\/strong><\/h2>\n<p>&nbsp;<\/p>\n<p class=\"\" data-start=\"263\" data-end=\"592\">Le\u00a0<strong data-start=\"266\" data-end=\"300\">Container de Stockage 10 Pieds<\/strong>\u00a0est con\u00e7u pour offrir une solution de stockage robuste, flexible et facilement transportable. Id\u00e9al pour les besoins de stockage dans des espaces r\u00e9duits, il garantit une protection optimale contre l\u2019humidit\u00e9 et les intemp\u00e9ries, tout en \u00e9tant parfaitement adapt\u00e9 aux conditions de transport.<\/p>\n<h3 class=\"\" data-start=\"594\" data-end=\"663\"><strong data-start=\"598\" data-end=\"663\">Caract\u00e9ristiques Techniques\u00a0\u00a0<\/strong><\/h3>\n<ul data-start=\"664\" data-end=\"1277\">\n<li class=\"\" data-start=\"664\" data-end=\"827\">\n<p class=\"\" data-start=\"666\" data-end=\"827\"><strong data-start=\"666\" data-end=\"679\">Structure<\/strong>\u00a0: Acier de haute qualit\u00e9, avec\u00a0<strong data-start=\"711\" data-end=\"731\">plancher en bois<\/strong>\u00a0ou en acier gaufr\u00e9 selon votre demande, pour garantir la solidit\u00e9 et la long\u00e9vit\u00e9 du container.<\/p>\n<\/li>\n<li class=\"\" data-start=\"828\" data-end=\"987\">\n<p class=\"\" data-start=\"830\" data-end=\"987\"><strong data-start=\"830\" data-end=\"844\">Etanch\u00e9it\u00e9<\/strong>\u00a0: Container con\u00e7u pour \u00eatre\u00a0<strong data-start=\"873\" data-end=\"880\">sec<\/strong>\u00a0et\u00a0<strong data-start=\"884\" data-end=\"903\">\u00e9tanche \u00e0 l\u2019eau<\/strong>\u00a0(WWT), assurant une protection fiable contre l\u2019humidit\u00e9 et les infiltrations d\u2019eau.<\/p>\n<\/li>\n<li class=\"\" data-start=\"988\" data-end=\"1138\">\n<p class=\"\" data-start=\"990\" data-end=\"1138\"><strong data-start=\"990\" data-end=\"1003\">Ouverture<\/strong>\u00a0: Equip\u00e9 de\u00a0<strong data-start=\"1016\" data-end=\"1038\">2 portes ouvrables<\/strong>\u00a0pour un acc\u00e8s facile et pratique, avec une\u00a0<strong data-start=\"1082\" data-end=\"1108\">double porte \u00e0 demande<\/strong>\u00a0pour des besoins sp\u00e9cifiques.<\/p>\n<\/li>\n<li class=\"\" data-start=\"1139\" data-end=\"1277\">\n<p class=\"\" data-start=\"1141\" data-end=\"1277\"><strong data-start=\"1141\" data-end=\"1161\">Personnalisation<\/strong>\u00a0:\u00a0<strong data-start=\"1164\" data-end=\"1191\">Couleur RAL sur demande<\/strong>\u00a0pour s\u2019adapter \u00e0 vos pr\u00e9f\u00e9rences esth\u00e9tiques et aux exigences de votre environnement.<\/p>\n<\/li>\n<\/ul>\n<h3 class=\"\" data-start=\"1279\" data-end=\"1331\"><strong data-start=\"1283\" data-end=\"1331\">Dimensions du Container de Stockage 10 Pieds<\/strong><\/h3>\n<ul data-start=\"1332\" data-end=\"1521\">\n<li class=\"\" data-start=\"1332\" data-end=\"1426\">\n<p class=\"\" data-start=\"1334\" data-end=\"1362\"><strong data-start=\"1334\" data-end=\"1360\">Dimensions ext\u00e9rieures<\/strong>\u00a0:<\/p>\n<ul data-start=\"1365\" data-end=\"1426\">\n<li class=\"\" data-start=\"1365\" data-end=\"1384\">\n<p class=\"\" data-start=\"1367\" data-end=\"1384\">Longueur : 3,00 m<\/p>\n<\/li>\n<li class=\"\" data-start=\"1387\" data-end=\"1405\">\n<p class=\"\" data-start=\"1389\" data-end=\"1405\">Largeur : 2,44 m<\/p>\n<\/li>\n<li class=\"\" data-start=\"1408\" data-end=\"1426\">\n<p class=\"\" data-start=\"1410\" data-end=\"1426\">Hauteur : 2,59 m<\/p>\n<\/li>\n<\/ul>\n<\/li>\n<li class=\"\" data-start=\"1427\" data-end=\"1521\">\n<p class=\"\" data-start=\"1429\" data-end=\"1457\"><strong data-start=\"1429\" data-end=\"1455\">Dimensions int\u00e9rieures<\/strong>\u00a0:<\/p>\n<ul data-start=\"1460\" data-end=\"1521\">\n<li class=\"\" data-start=\"1460\" data-end=\"1479\">\n<p class=\"\" data-start=\"1462\" data-end=\"1479\">Longueur : 2,80 m<\/p>\n<\/li>\n<li class=\"\" data-start=\"1482\" data-end=\"1500\">\n<p class=\"\" data-start=\"1484\" data-end=\"1500\">Largeur : 2,33 m<\/p>\n<\/li>\n<li class=\"\" data-start=\"1503\" data-end=\"1521\">\n<p class=\"\" data-start=\"1505\" data-end=\"1521\">Hauteur : 2,37 m<\/p>\n<\/li>\n<\/ul>\n<\/li>\n<\/ul>\n<h3 class=\"\" data-start=\"1523\" data-end=\"1546\"><strong data-start=\"1527\" data-end=\"1546\">Poids et Volume<\/strong><\/h3>\n<ul data-start=\"1547\" data-end=\"1617\">\n<li class=\"\" data-start=\"1547\" data-end=\"1566\">\n<p class=\"\" data-start=\"1549\" data-end=\"1566\"><strong data-start=\"1549\" data-end=\"1557\">Tare<\/strong>\u00a0: 870 kg<\/p>\n<\/li>\n<li class=\"\" data-start=\"1567\" data-end=\"1596\">\n<p class=\"\" data-start=\"1569\" data-end=\"1596\"><strong data-start=\"1569\" data-end=\"1585\">Poids \u00e0 vide<\/strong>\u00a0: 7 000 kg<\/p>\n<\/li>\n<li class=\"\" data-start=\"1597\" data-end=\"1617\">\n<p class=\"\" data-start=\"1599\" data-end=\"1617\"><strong data-start=\"1599\" data-end=\"1609\">Volume<\/strong>\u00a0: 15 m\u00b3<\/p>\n<\/li>\n<\/ul>\n<h3 class=\"\" data-start=\"1619\" data-end=\"1670\"><strong data-start=\"1623\" data-end=\"1670\">Avantages du Container de Stockage 10 Pieds<\/strong><\/h3>\n<ul data-start=\"1671\" data-end=\"2245\">\n<li class=\"\" data-start=\"1671\" data-end=\"1757\">\n<p class=\"\" data-start=\"1673\" data-end=\"1757\"><strong data-start=\"1673\" data-end=\"1696\">Compact et flexible<\/strong>\u00a0: Facilement transportable et adapt\u00e9 aux espaces restreints.<\/p>\n<\/li>\n<li class=\"\" data-start=\"1758\" data-end=\"1917\">\n<p class=\"\" data-start=\"1760\" data-end=\"1917\"><strong data-start=\"1760\" data-end=\"1794\">Solution de stockage s\u00e9curis\u00e9e<\/strong>\u00a0: Parfait pour prot\u00e9ger vos marchandises des \u00e9l\u00e9ments ext\u00e9rieurs, tout en restant accessible gr\u00e2ce \u00e0 ses portes ouvrables.<\/p>\n<\/li>\n<li class=\"\" data-start=\"1918\" data-end=\"2073\">\n<p class=\"\" data-start=\"1920\" data-end=\"2073\"><strong data-start=\"1920\" data-end=\"1939\">Personnalisable<\/strong>\u00a0: Choisissez la couleur RAL qui correspond \u00e0 vos besoins et configurez-le avec une double porte pour des acc\u00e8s encore plus pratiques.<\/p>\n<\/li>\n<li class=\"\" data-start=\"2074\" data-end=\"2245\">\n<p class=\"\" data-start=\"2076\" data-end=\"2245\"><strong data-start=\"2076\" data-end=\"2096\">Plancher robuste<\/strong>\u00a0: Disponible avec un plancher en bois ou en acier gaufr\u00e9, avec une option \u00e9tanche aux liquides, pour r\u00e9pondre \u00e0 des besoins de stockage sp\u00e9cifiques.<\/p>\n<\/li>\n<\/ul>\n<h3 class=\"\" data-start=\"2247\" data-end=\"2301\"><strong data-start=\"2251\" data-end=\"2301\">Applications\u00a0\u00a0<\/strong><\/h3>\n<ul data-start=\"2302\" data-end=\"2685\">\n<li class=\"\" data-start=\"2302\" data-end=\"2397\">\n<p class=\"\" data-start=\"2304\" data-end=\"2397\"><strong data-start=\"2304\" data-end=\"2334\">Stockage de petits volumes<\/strong>\u00a0: Id\u00e9al pour des besoins de stockage dans des espaces r\u00e9duits.<\/p>\n<\/li>\n<li class=\"\" data-start=\"2398\" data-end=\"2510\">\n<p class=\"\" data-start=\"2400\" data-end=\"2510\"><strong data-start=\"2400\" data-end=\"2432\">Protection contre l\u2019humidit\u00e9<\/strong>\u00a0: Parfait pour le stockage de mat\u00e9riel ou de produits sensibles \u00e0 l\u2019humidit\u00e9.<\/p>\n<\/li>\n<li class=\"\" data-start=\"2511\" data-end=\"2685\">\n<p class=\"\" data-start=\"2513\" data-end=\"2685\"><strong data-start=\"2513\" data-end=\"2537\">Transports s\u00e9curis\u00e9s<\/strong>\u00a0: Gr\u00e2ce \u00e0 sa conception robuste et \u00e9tanche, il peut \u00eatre utilis\u00e9 pour le transport de biens sur divers moyens de transport (route,<\/p>\n<\/li>\n<\/ul>","protected":false},"excerpt":{"rendered":"<p>Container de Stockage 10 Pieds \u2013 Solution Pratique et Flexible pour Vos Besoins de Stockage &nbsp; \u00a0Compact et Adapt\u00e9 \u00e0<\/p>","protected":false},"featured_media":28194,"comment_status":"open","ping_status":"closed","template":"","meta":[],"product_brand":[],"product_cat":[29],"product_tag":[],"class_list":{"0":"post-28193","1":"product","2":"type-product","3":"status-publish","4":"has-post-thumbnail","6":"product_cat-containers-de-stockage","8":"first","9":"instock","10":"taxable","11":"shipping-taxable","12":"purchasable","13":"product-type-simple"},"_links":{"self":[{"href":"https:\/\/kic-gmbh-containers.ch\/de\/wp-json\/wp\/v2\/product\/28193","targetHints":{"allow":["GET"]}}],"collection":[{"href":"https:\/\/kic-gmbh-containers.ch\/de\/wp-json\/wp\/v2\/product"}],"about":[{"href":"https:\/\/kic-gmbh-containers.ch\/de\/wp-json\/wp\/v2\/types\/product"}],"replies":[{"embeddable":true,"href":"https:\/\/kic-gmbh-containers.ch\/de\/wp-json\/wp\/v2\/comments?post=28193"}],"wp:featuredmedia":[{"embeddable":true,"href":"https:\/\/kic-gmbh-containers.ch\/de\/wp-json\/wp\/v2\/media\/28194"}],"wp:attachment":[{"href":"https:\/\/kic-gmbh-containers.ch\/de\/wp-json\/wp\/v2\/media?parent=28193"}],"wp:term":[{"taxonomy":"product_brand","embeddable":true,"href":"https:\/\/kic-gmbh-containers.ch\/de\/wp-json\/wp\/v2\/product_brand?post=28193"},{"taxonomy":"product_cat","embeddable":true,"href":"https:\/\/kic-gmbh-containers.ch\/de\/wp-json\/wp\/v2\/product_cat?post=28193"},{"taxonomy":"product_tag","embeddable":true,"href":"https:\/\/kic-gmbh-containers.ch\/de\/wp-json\/wp\/v2\/product_tag?post=28193"}],"curies":[{"name":"wp","href":"https:\/\/api.w.org\/{rel}","templated":true}]}}