{"id":28196,"date":"2026-02-27T17:00:02","date_gmt":"2026-02-27T17:00:02","guid":{"rendered":"https:\/\/es.robot-tonde-aspir.ch\/?post_type=product&amp;p=28196"},"modified":"2026-02-27T17:00:02","modified_gmt":"2026-02-27T17:00:02","slug":"container-vitrine-33m2","status":"publish","type":"product","link":"https:\/\/kic-gmbh-containers.ch\/de\/produkt\/container-vitrine-33m2\/","title":{"rendered":"CONTAINER VITRINE 33M2"},"content":{"rendered":"<p>CONTAINER VITRINE 33m2 Dimensions : 6.6m x 5m x 3,5m (48m2) Nombre de chambres : 3 chambres, Isolation des murs &#8211; laine de roche (10 cm) Isolation du sol et du plafond &#8211; laine de roche (15 cm) Double vitrage Plafond \u00e0 joint vertical Murs int\u00e9rieurs : panneaux r\u00e9sistants \u00e0 l&rsquo;humidit\u00e9 ; boissons Emballage et \u00e9clairage Syst\u00e8me d&rsquo;eau et d&rsquo;\u00e9gouts Syst\u00e8me de ventilation ventilation m\u00e9canique dans les portes int\u00e9rieures de la salle de bain \u00c9clairage int\u00e9rieur : \u00e9clairage LED dans chaque pi\u00e8ce Climatisation avec fonction chauffage<\/p>","protected":false},"excerpt":{"rendered":"<p>CONTAINER VITRINE 33m2 Dimensions : 6.6m x 5m x 3,5m (48m2) Nombre de chambres : 3 chambres, Isolation des murs<\/p>","protected":false},"featured_media":28198,"comment_status":"open","ping_status":"closed","template":"","meta":[],"product_brand":[],"product_cat":[27],"product_tag":[],"class_list":{"0":"post-28196","1":"product","2":"type-product","3":"status-publish","4":"has-post-thumbnail","6":"product_cat-bungalows-et-containers-amenages","8":"first","9":"instock","10":"taxable","11":"shipping-taxable","12":"purchasable","13":"product-type-simple"},"_links":{"self":[{"href":"https:\/\/kic-gmbh-containers.ch\/de\/wp-json\/wp\/v2\/product\/28196","targetHints":{"allow":["GET"]}}],"collection":[{"href":"https:\/\/kic-gmbh-containers.ch\/de\/wp-json\/wp\/v2\/product"}],"about":[{"href":"https:\/\/kic-gmbh-containers.ch\/de\/wp-json\/wp\/v2\/types\/product"}],"replies":[{"embeddable":true,"href":"https:\/\/kic-gmbh-containers.ch\/de\/wp-json\/wp\/v2\/comments?post=28196"}],"wp:featuredmedia":[{"embeddable":true,"href":"https:\/\/kic-gmbh-containers.ch\/de\/wp-json\/wp\/v2\/media\/28198"}],"wp:attachment":[{"href":"https:\/\/kic-gmbh-containers.ch\/de\/wp-json\/wp\/v2\/media?parent=28196"}],"wp:term":[{"taxonomy":"product_brand","embeddable":true,"href":"https:\/\/kic-gmbh-containers.ch\/de\/wp-json\/wp\/v2\/product_brand?post=28196"},{"taxonomy":"product_cat","embeddable":true,"href":"https:\/\/kic-gmbh-containers.ch\/de\/wp-json\/wp\/v2\/product_cat?post=28196"},{"taxonomy":"product_tag","embeddable":true,"href":"https:\/\/kic-gmbh-containers.ch\/de\/wp-json\/wp\/v2\/product_tag?post=28196"}],"curies":[{"name":"wp","href":"https:\/\/api.w.org\/{rel}","templated":true}]}}