{"id":28366,"date":"2026-03-12T14:26:51","date_gmt":"2026-03-12T14:26:51","guid":{"rendered":"https:\/\/kic-gmbh-containers.ch\/?post_type=product&#038;p=28366"},"modified":"2026-03-12T14:26:51","modified_gmt":"2026-03-12T14:26:51","slug":"containers-habitable-t1-38m2","status":"publish","type":"product","link":"https:\/\/kic-gmbh-containers.ch\/de\/produkt\/containers-habitable-t1-38m2\/","title":{"rendered":"Bewohnbarer Container T1 38 m\u00b2"},"content":{"rendered":"<p>Bewohnbarer Container T1 38 m\u00b2<br \/>\nmeubl\u00e9s et \u00e9quip\u00e9 <\/p>","protected":false},"excerpt":{"rendered":"<p>Containers habitable T1 38m2 meubl\u00e9s et \u00e9quip\u00e9<\/p>","protected":false},"featured_media":28367,"comment_status":"open","ping_status":"closed","template":"","meta":[],"product_brand":[],"product_cat":[27],"product_tag":[],"class_list":{"0":"post-28366","1":"product","2":"type-product","3":"status-publish","4":"has-post-thumbnail","6":"product_cat-bungalows-et-containers-amenages","8":"first","9":"instock","10":"taxable","11":"shipping-taxable","12":"purchasable","13":"product-type-simple"},"_links":{"self":[{"href":"https:\/\/kic-gmbh-containers.ch\/de\/wp-json\/wp\/v2\/product\/28366","targetHints":{"allow":["GET"]}}],"collection":[{"href":"https:\/\/kic-gmbh-containers.ch\/de\/wp-json\/wp\/v2\/product"}],"about":[{"href":"https:\/\/kic-gmbh-containers.ch\/de\/wp-json\/wp\/v2\/types\/product"}],"replies":[{"embeddable":true,"href":"https:\/\/kic-gmbh-containers.ch\/de\/wp-json\/wp\/v2\/comments?post=28366"}],"wp:featuredmedia":[{"embeddable":true,"href":"https:\/\/kic-gmbh-containers.ch\/de\/wp-json\/wp\/v2\/media\/28367"}],"wp:attachment":[{"href":"https:\/\/kic-gmbh-containers.ch\/de\/wp-json\/wp\/v2\/media?parent=28366"}],"wp:term":[{"taxonomy":"product_brand","embeddable":true,"href":"https:\/\/kic-gmbh-containers.ch\/de\/wp-json\/wp\/v2\/product_brand?post=28366"},{"taxonomy":"product_cat","embeddable":true,"href":"https:\/\/kic-gmbh-containers.ch\/de\/wp-json\/wp\/v2\/product_cat?post=28366"},{"taxonomy":"product_tag","embeddable":true,"href":"https:\/\/kic-gmbh-containers.ch\/de\/wp-json\/wp\/v2\/product_tag?post=28366"}],"curies":[{"name":"wp","href":"https:\/\/api.w.org\/{rel}","templated":true}]}}