{"id":28383,"date":"2026-03-12T14:42:00","date_gmt":"2026-03-12T14:42:00","guid":{"rendered":"https:\/\/kic-gmbh-containers.ch\/?post_type=product&#038;p=28383"},"modified":"2026-03-12T14:42:00","modified_gmt":"2026-03-12T14:42:00","slug":"conteneur-de-bureau-20%e2%80%b2","status":"publish","type":"product","link":"https:\/\/kic-gmbh-containers.ch\/de\/produkt\/conteneur-de-bureau-20%e2%80%b2\/","title":{"rendered":"20-Fu\u00df-B\u00fcrocontainer"},"content":{"rendered":"<p>20-Fu\u00df-B\u00fcrocontainer<\/p>\n<p>Les meilleurs conteneurs de bureau ! Le Container de bureau 20\u2032 est l&rsquo;unit\u00e9 de 6 m la plus vendue de notre collection et il convient \u00e0 de multiples utilisations. D&rsquo;environ 12 m2, le conteneur fournit un espace isol\u00e9, chauff\u00e9 et bien \u00e9clair\u00e9 pour \u00eatre utilis\u00e9 comme salle de pause, bureau ou entrep\u00f4t pour une utilisation toute l&rsquo;ann\u00e9e. L&rsquo;\u00e9quipement standard comprend les lumi\u00e8res, la ventilation et l&rsquo;isolation de haute qualit\u00e9.<\/p>","protected":false},"excerpt":{"rendered":"<p>Conteneur de bureau 20\u2032 Les meilleurs conteneurs de bureau ! Le Container de bureau 20\u2032 est l&rsquo;unit\u00e9 de 6 m<\/p>","protected":false},"featured_media":28385,"comment_status":"open","ping_status":"closed","template":"","meta":[],"product_brand":[],"product_cat":[27],"product_tag":[],"class_list":{"0":"post-28383","1":"product","2":"type-product","3":"status-publish","4":"has-post-thumbnail","6":"product_cat-bungalows-et-containers-amenages","8":"first","9":"instock","10":"taxable","11":"shipping-taxable","12":"purchasable","13":"product-type-simple"},"_links":{"self":[{"href":"https:\/\/kic-gmbh-containers.ch\/de\/wp-json\/wp\/v2\/product\/28383","targetHints":{"allow":["GET"]}}],"collection":[{"href":"https:\/\/kic-gmbh-containers.ch\/de\/wp-json\/wp\/v2\/product"}],"about":[{"href":"https:\/\/kic-gmbh-containers.ch\/de\/wp-json\/wp\/v2\/types\/product"}],"replies":[{"embeddable":true,"href":"https:\/\/kic-gmbh-containers.ch\/de\/wp-json\/wp\/v2\/comments?post=28383"}],"wp:featuredmedia":[{"embeddable":true,"href":"https:\/\/kic-gmbh-containers.ch\/de\/wp-json\/wp\/v2\/media\/28385"}],"wp:attachment":[{"href":"https:\/\/kic-gmbh-containers.ch\/de\/wp-json\/wp\/v2\/media?parent=28383"}],"wp:term":[{"taxonomy":"product_brand","embeddable":true,"href":"https:\/\/kic-gmbh-containers.ch\/de\/wp-json\/wp\/v2\/product_brand?post=28383"},{"taxonomy":"product_cat","embeddable":true,"href":"https:\/\/kic-gmbh-containers.ch\/de\/wp-json\/wp\/v2\/product_cat?post=28383"},{"taxonomy":"product_tag","embeddable":true,"href":"https:\/\/kic-gmbh-containers.ch\/de\/wp-json\/wp\/v2\/product_tag?post=28383"}],"curies":[{"name":"wp","href":"https:\/\/api.w.org\/{rel}","templated":true}]}}