{"id":28405,"date":"2026-03-12T14:54:32","date_gmt":"2026-03-12T14:54:32","guid":{"rendered":"https:\/\/kic-gmbh-containers.ch\/?post_type=product&#038;p=28405"},"modified":"2026-03-12T14:54:32","modified_gmt":"2026-03-12T14:54:32","slug":"conteneur-bureau-20-pieds","status":"publish","type":"product","link":"https:\/\/kic-gmbh-containers.ch\/de\/produkt\/conteneur-bureau-20-pieds\/","title":{"rendered":"20-Fu\u00df-B\u00fcrocontainer"},"content":{"rendered":"<p>Conteneur 20 pieds<br \/>\nAvec CHARPENTE ET MURS<br \/>\n ISOLATION<br \/>\n \u00c9LECTRICIT\u00c9 ET LUMI\u00c8RES<br \/>\n SOL<br \/>\n FEN\u00caTRES ET PORTES<\/p>","protected":false},"excerpt":{"rendered":"<p>Conteneur 20 pieds Avec CHARPENTE ET MURS ISOLATION \u00c9LECTRICIT\u00c9 ET LUMI\u00c8RES SOL FEN\u00caTRES ET PORTES<\/p>","protected":false},"featured_media":28406,"comment_status":"open","ping_status":"closed","template":"","meta":[],"product_brand":[],"product_cat":[27],"product_tag":[],"class_list":{"0":"post-28405","1":"product","2":"type-product","3":"status-publish","4":"has-post-thumbnail","6":"product_cat-bungalows-et-containers-amenages","8":"first","9":"instock","10":"taxable","11":"shipping-taxable","12":"purchasable","13":"product-type-simple"},"_links":{"self":[{"href":"https:\/\/kic-gmbh-containers.ch\/de\/wp-json\/wp\/v2\/product\/28405","targetHints":{"allow":["GET"]}}],"collection":[{"href":"https:\/\/kic-gmbh-containers.ch\/de\/wp-json\/wp\/v2\/product"}],"about":[{"href":"https:\/\/kic-gmbh-containers.ch\/de\/wp-json\/wp\/v2\/types\/product"}],"replies":[{"embeddable":true,"href":"https:\/\/kic-gmbh-containers.ch\/de\/wp-json\/wp\/v2\/comments?post=28405"}],"wp:featuredmedia":[{"embeddable":true,"href":"https:\/\/kic-gmbh-containers.ch\/de\/wp-json\/wp\/v2\/media\/28406"}],"wp:attachment":[{"href":"https:\/\/kic-gmbh-containers.ch\/de\/wp-json\/wp\/v2\/media?parent=28405"}],"wp:term":[{"taxonomy":"product_brand","embeddable":true,"href":"https:\/\/kic-gmbh-containers.ch\/de\/wp-json\/wp\/v2\/product_brand?post=28405"},{"taxonomy":"product_cat","embeddable":true,"href":"https:\/\/kic-gmbh-containers.ch\/de\/wp-json\/wp\/v2\/product_cat?post=28405"},{"taxonomy":"product_tag","embeddable":true,"href":"https:\/\/kic-gmbh-containers.ch\/de\/wp-json\/wp\/v2\/product_tag?post=28405"}],"curies":[{"name":"wp","href":"https:\/\/api.w.org\/{rel}","templated":true}]}}